{"id":76961,"date":"2024-10-28T16:03:48","date_gmt":"2024-10-28T15:03:48","guid":{"rendered":"https:\/\/vog.com.tn\/?post_type=product&#038;p=76961"},"modified":"2025-10-08T23:26:37","modified_gmt":"2025-10-08T21:26:37","slug":"basket-femme-177505-vog","status":"publish","type":"product","link":"https:\/\/vog.com.tn\/?product=basket-femme-177505-vog","title":{"rendered":"Basket Femme \u2013 177505 \u2013 VOG"},"content":{"rendered":"<ul>\n<li>Mati\u00e8res : mesh respirant, similicuir<\/li>\n<li>Hauteur de semelle : 3 \u00e0 4 cm<\/li>\n<li>Baskets basses avec une semelle \u00e9paisse et robuste pour un confort optimal<\/li>\n<li>Accents contrastants : beige ou m\u00e9tallis\u00e9 argent\u00e9<\/li>\n<li>Design urbain et sportif<\/li>\n<li>Parfaites avec un jean pour un look d\u00e9contract\u00e9<\/li>\n<\/ul>\n","protected":false},"excerpt":{"rendered":"<p>Ces baskets basses allient style et confort, avec une tige en mesh respirant et des d\u00e9tails en similicuir. Dot\u00e9es d&rsquo;une semelle \u00e9paisse de 3 \u00e0 4 cm pour un excellent amorti, elles sont parfaites pour un usage quotidien. Disponibles en deux versions \u2013 avec des accents beiges pour un look neutre ou m\u00e9tallis\u00e9s argent\u00e9s pour une touche moderne \u2013 elles se marient facilement avec des tenues d\u00e9contract\u00e9es. Leur design urbain et sportif est id\u00e9al avec un jean, offrant un look \u00e0 la fois tendance et confortable.<\/p>\n","protected":false},"featured_media":76975,"template":"","meta":[],"product_brand":[],"product_cat":[97,96,137,360],"product_tag":[],"class_list":{"0":"post-76961","1":"product","2":"type-product","3":"status-publish","4":"has-post-thumbnail","6":"product_cat-chaussures-baskets-femme","7":"product_cat-chaussures-femme","8":"product_cat-mode-femme","9":"product_cat-nouvelle-collection","10":"pa_couleurs-beige","11":"pa_couleurs-blanc","12":"pa_pointure-105","13":"pa_pointure-106","14":"pa_pointure-107","15":"pa_pointure-108","16":"pa_pointure-109","17":"pa_pointure-110","20":"first","21":"outofstock","22":"taxable","23":"shipping-taxable","24":"product-type-variable"},"yoast_head":"<!-- This site is optimized with the Yoast SEO plugin v27.5 - https:\/\/yoast.com\/product\/yoast-seo-wordpress\/ -->\n<title>Basket Femme \u2013 177505 \u2013 VOG - Vog Tunisie<\/title>\n<meta name=\"robots\" content=\"index, follow, max-snippet:-1, max-image-preview:large, max-video-preview:-1\" \/>\n<link rel=\"canonical\" href=\"https:\/\/vog.com.tn\/?product=basket-femme-177505-vog\" \/>\n<meta property=\"og:locale\" content=\"fr_FR\" \/>\n<meta property=\"og:type\" content=\"article\" \/>\n<meta property=\"og:title\" content=\"Basket Femme \u2013 177505 \u2013 VOG - Vog Tunisie\" \/>\n<meta property=\"og:description\" content=\"Ces baskets basses allient style et confort, avec une tige en mesh respirant et des d\u00e9tails en similicuir. Dot\u00e9es d&#039;une semelle \u00e9paisse de 3 \u00e0 4 cm pour un excellent amorti, elles sont parfaites pour un usage quotidien. Disponibles en deux versions \u2013 avec des accents beiges pour un look neutre ou m\u00e9tallis\u00e9s argent\u00e9s pour une touche moderne \u2013 elles se marient facilement avec des tenues d\u00e9contract\u00e9es. Leur design urbain et sportif est id\u00e9al avec un jean, offrant un look \u00e0 la fois tendance et confortable.\" \/>\n<meta property=\"og:url\" content=\"https:\/\/vog.com.tn\/?product=basket-femme-177505-vog\" \/>\n<meta property=\"og:site_name\" content=\"Vog Tunisie\" \/>\n<meta property=\"article:modified_time\" content=\"2025-10-08T21:26:37+00:00\" \/>\n<meta property=\"og:image\" content=\"https:\/\/vog.com.tn\/wp-content\/uploads\/2024\/10\/177505-beige-2.png\" \/>\n\t<meta property=\"og:image:width\" content=\"572\" \/>\n\t<meta property=\"og:image:height\" content=\"800\" \/>\n\t<meta property=\"og:image:type\" content=\"image\/png\" \/>\n<meta name=\"twitter:card\" content=\"summary_large_image\" \/>\n<meta name=\"twitter:label1\" content=\"Dur\u00e9e de lecture estim\u00e9e\" \/>\n\t<meta name=\"twitter:data1\" content=\"1 minute\" \/>\n<script type=\"application\/ld+json\" class=\"yoast-schema-graph\">{\"@context\":\"https:\\\/\\\/schema.org\",\"@graph\":[{\"@type\":\"WebPage\",\"@id\":\"https:\\\/\\\/vog.com.tn\\\/?product=basket-femme-177505-vog\",\"url\":\"https:\\\/\\\/vog.com.tn\\\/?product=basket-femme-177505-vog\",\"name\":\"Basket Femme \u2013 177505 \u2013 VOG - Vog Tunisie\",\"isPartOf\":{\"@id\":\"https:\\\/\\\/vog.com.tn\\\/#website\"},\"primaryImageOfPage\":{\"@id\":\"https:\\\/\\\/vog.com.tn\\\/?product=basket-femme-177505-vog#primaryimage\"},\"image\":{\"@id\":\"https:\\\/\\\/vog.com.tn\\\/?product=basket-femme-177505-vog#primaryimage\"},\"thumbnailUrl\":\"https:\\\/\\\/vog.com.tn\\\/wp-content\\\/uploads\\\/2024\\\/10\\\/177505-beige-2.png\",\"datePublished\":\"2024-10-28T15:03:48+00:00\",\"dateModified\":\"2025-10-08T21:26:37+00:00\",\"breadcrumb\":{\"@id\":\"https:\\\/\\\/vog.com.tn\\\/?product=basket-femme-177505-vog#breadcrumb\"},\"inLanguage\":\"fr-FR\",\"potentialAction\":[{\"@type\":\"ReadAction\",\"target\":[\"https:\\\/\\\/vog.com.tn\\\/?product=basket-femme-177505-vog\"]}]},{\"@type\":\"ImageObject\",\"inLanguage\":\"fr-FR\",\"@id\":\"https:\\\/\\\/vog.com.tn\\\/?product=basket-femme-177505-vog#primaryimage\",\"url\":\"https:\\\/\\\/vog.com.tn\\\/wp-content\\\/uploads\\\/2024\\\/10\\\/177505-beige-2.png\",\"contentUrl\":\"https:\\\/\\\/vog.com.tn\\\/wp-content\\\/uploads\\\/2024\\\/10\\\/177505-beige-2.png\",\"width\":572,\"height\":800},{\"@type\":\"BreadcrumbList\",\"@id\":\"https:\\\/\\\/vog.com.tn\\\/?product=basket-femme-177505-vog#breadcrumb\",\"itemListElement\":[{\"@type\":\"ListItem\",\"position\":1,\"name\":\"Home\",\"item\":\"https:\\\/\\\/vog.com.tn\\\/\"},{\"@type\":\"ListItem\",\"position\":2,\"name\":\"Produits\",\"item\":\"https:\\\/\\\/vog.com.tn\\\/?page_id=8\"},{\"@type\":\"ListItem\",\"position\":3,\"name\":\"Basket Femme \u2013 177505 \u2013 VOG\"}]},{\"@type\":\"WebSite\",\"@id\":\"https:\\\/\\\/vog.com.tn\\\/#website\",\"url\":\"https:\\\/\\\/vog.com.tn\\\/\",\"name\":\"Vog Tunisie\",\"description\":\"Pr\u00eat-\u00e0-porter\",\"potentialAction\":[{\"@type\":\"SearchAction\",\"target\":{\"@type\":\"EntryPoint\",\"urlTemplate\":\"https:\\\/\\\/vog.com.tn\\\/?s={search_term_string}\"},\"query-input\":{\"@type\":\"PropertyValueSpecification\",\"valueRequired\":true,\"valueName\":\"search_term_string\"}}],\"inLanguage\":\"fr-FR\"}]}<\/script>\n<!-- \/ Yoast SEO plugin. -->","yoast_head_json":{"title":"Basket Femme \u2013 177505 \u2013 VOG - Vog Tunisie","robots":{"index":"index","follow":"follow","max-snippet":"max-snippet:-1","max-image-preview":"max-image-preview:large","max-video-preview":"max-video-preview:-1"},"canonical":"https:\/\/vog.com.tn\/?product=basket-femme-177505-vog","og_locale":"fr_FR","og_type":"article","og_title":"Basket Femme \u2013 177505 \u2013 VOG - Vog Tunisie","og_description":"Ces baskets basses allient style et confort, avec une tige en mesh respirant et des d\u00e9tails en similicuir. Dot\u00e9es d'une semelle \u00e9paisse de 3 \u00e0 4 cm pour un excellent amorti, elles sont parfaites pour un usage quotidien. Disponibles en deux versions \u2013 avec des accents beiges pour un look neutre ou m\u00e9tallis\u00e9s argent\u00e9s pour une touche moderne \u2013 elles se marient facilement avec des tenues d\u00e9contract\u00e9es. Leur design urbain et sportif est id\u00e9al avec un jean, offrant un look \u00e0 la fois tendance et confortable.","og_url":"https:\/\/vog.com.tn\/?product=basket-femme-177505-vog","og_site_name":"Vog Tunisie","article_modified_time":"2025-10-08T21:26:37+00:00","og_image":[{"width":572,"height":800,"url":"https:\/\/vog.com.tn\/wp-content\/uploads\/2024\/10\/177505-beige-2.png","type":"image\/png"}],"twitter_card":"summary_large_image","twitter_misc":{"Dur\u00e9e de lecture estim\u00e9e":"1 minute"},"schema":{"@context":"https:\/\/schema.org","@graph":[{"@type":"WebPage","@id":"https:\/\/vog.com.tn\/?product=basket-femme-177505-vog","url":"https:\/\/vog.com.tn\/?product=basket-femme-177505-vog","name":"Basket Femme \u2013 177505 \u2013 VOG - Vog Tunisie","isPartOf":{"@id":"https:\/\/vog.com.tn\/#website"},"primaryImageOfPage":{"@id":"https:\/\/vog.com.tn\/?product=basket-femme-177505-vog#primaryimage"},"image":{"@id":"https:\/\/vog.com.tn\/?product=basket-femme-177505-vog#primaryimage"},"thumbnailUrl":"https:\/\/vog.com.tn\/wp-content\/uploads\/2024\/10\/177505-beige-2.png","datePublished":"2024-10-28T15:03:48+00:00","dateModified":"2025-10-08T21:26:37+00:00","breadcrumb":{"@id":"https:\/\/vog.com.tn\/?product=basket-femme-177505-vog#breadcrumb"},"inLanguage":"fr-FR","potentialAction":[{"@type":"ReadAction","target":["https:\/\/vog.com.tn\/?product=basket-femme-177505-vog"]}]},{"@type":"ImageObject","inLanguage":"fr-FR","@id":"https:\/\/vog.com.tn\/?product=basket-femme-177505-vog#primaryimage","url":"https:\/\/vog.com.tn\/wp-content\/uploads\/2024\/10\/177505-beige-2.png","contentUrl":"https:\/\/vog.com.tn\/wp-content\/uploads\/2024\/10\/177505-beige-2.png","width":572,"height":800},{"@type":"BreadcrumbList","@id":"https:\/\/vog.com.tn\/?product=basket-femme-177505-vog#breadcrumb","itemListElement":[{"@type":"ListItem","position":1,"name":"Home","item":"https:\/\/vog.com.tn\/"},{"@type":"ListItem","position":2,"name":"Produits","item":"https:\/\/vog.com.tn\/?page_id=8"},{"@type":"ListItem","position":3,"name":"Basket Femme \u2013 177505 \u2013 VOG"}]},{"@type":"WebSite","@id":"https:\/\/vog.com.tn\/#website","url":"https:\/\/vog.com.tn\/","name":"Vog Tunisie","description":"Pr\u00eat-\u00e0-porter","potentialAction":[{"@type":"SearchAction","target":{"@type":"EntryPoint","urlTemplate":"https:\/\/vog.com.tn\/?s={search_term_string}"},"query-input":{"@type":"PropertyValueSpecification","valueRequired":true,"valueName":"search_term_string"}}],"inLanguage":"fr-FR"}]}},"_links":{"self":[{"href":"https:\/\/vog.com.tn\/index.php?rest_route=\/wp\/v2\/product\/76961","targetHints":{"allow":["GET"]}}],"collection":[{"href":"https:\/\/vog.com.tn\/index.php?rest_route=\/wp\/v2\/product"}],"about":[{"href":"https:\/\/vog.com.tn\/index.php?rest_route=\/wp\/v2\/types\/product"}],"wp:featuredmedia":[{"embeddable":true,"href":"https:\/\/vog.com.tn\/index.php?rest_route=\/wp\/v2\/media\/76975"}],"wp:attachment":[{"href":"https:\/\/vog.com.tn\/index.php?rest_route=%2Fwp%2Fv2%2Fmedia&parent=76961"}],"wp:term":[{"taxonomy":"product_brand","embeddable":true,"href":"https:\/\/vog.com.tn\/index.php?rest_route=%2Fwp%2Fv2%2Fproduct_brand&post=76961"},{"taxonomy":"product_cat","embeddable":true,"href":"https:\/\/vog.com.tn\/index.php?rest_route=%2Fwp%2Fv2%2Fproduct_cat&post=76961"},{"taxonomy":"product_tag","embeddable":true,"href":"https:\/\/vog.com.tn\/index.php?rest_route=%2Fwp%2Fv2%2Fproduct_tag&post=76961"}],"curies":[{"name":"wp","href":"https:\/\/api.w.org\/{rel}","templated":true}]}}