{"id":77058,"date":"2024-10-29T12:18:08","date_gmt":"2024-10-29T11:18:08","guid":{"rendered":"https:\/\/vog.com.tn\/?post_type=product&#038;p=77058"},"modified":"2026-04-27T12:12:20","modified_gmt":"2026-04-27T10:12:20","slug":"basket-femme-177516-vog","status":"publish","type":"product","link":"https:\/\/vog.com.tn\/?product=basket-femme-177516-vog","title":{"rendered":"basket Femme-177516-Vog"},"content":{"rendered":"<p>Baskets avec semelle de 2-3 cm. Disponibles en blanc kaki camel et gris, elles pr\u00e9sentent des bandes lat\u00e9rales blanches ou noir , des lacets \u00e9pais, et une semelle en gomme r\u00e9tro. Parfaites pour un style casual chic.<\/p>\n","protected":false},"excerpt":{"rendered":"<ul>\n<li><strong>Design :<\/strong>\u00a0Basses, style \u00e9pur\u00e9 et d\u00e9contract\u00e9.<\/li>\n<li><strong>Hauteur :<\/strong>\u00a0Mod\u00e8le bas, couvrant la cheville.<\/li>\n<li><strong>Hauteur de la semelle :<\/strong>\u00a0Environ 2 \u00e0 3 cm, offrant un confort optimal.<\/li>\n<li><strong>Couleurs :<\/strong><\/li>\n<li>kaki<\/li>\n<li>blanc<\/li>\n<li>camel<\/li>\n<li>gris<\/li>\n<li><strong>D\u00e9tails :<\/strong>\n<ul>\n<li>Bandes lat\u00e9rales blanches ou noir .<\/li>\n<li>Lacets blancs \u00e9pais.<\/li>\n<li>Semelle en gomme, style r\u00e9tro.<\/li>\n<\/ul>\n<\/li>\n<\/ul>\n","protected":false},"featured_media":77085,"template":"","meta":[],"product_brand":[],"product_cat":[97,96,137,360],"product_tag":[],"class_list":{"0":"post-77058","1":"product","2":"type-product","3":"status-publish","4":"has-post-thumbnail","6":"product_cat-chaussures-baskets-femme","7":"product_cat-chaussures-femme","8":"product_cat-mode-femme","9":"product_cat-nouvelle-collection","10":"pa_couleurs-blanc","11":"pa_couleurs-camel","12":"pa_couleurs-gris","13":"pa_couleurs-kaki","14":"pa_pointure-105","15":"pa_pointure-106","16":"pa_pointure-107","17":"pa_pointure-108","18":"pa_pointure-109","19":"pa_pointure-110","22":"first","23":"instock","24":"taxable","25":"shipping-taxable","26":"purchasable","27":"product-type-variable"},"yoast_head":"<!-- This site is optimized with the Yoast SEO plugin v27.5 - https:\/\/yoast.com\/product\/yoast-seo-wordpress\/ -->\n<title>basket Femme-177516-Vog - Vog Tunisie<\/title>\n<meta name=\"robots\" content=\"index, follow, max-snippet:-1, max-image-preview:large, max-video-preview:-1\" \/>\n<link rel=\"canonical\" href=\"https:\/\/vog.com.tn\/?product=basket-femme-177516-vog\" \/>\n<meta property=\"og:locale\" content=\"fr_FR\" \/>\n<meta property=\"og:type\" content=\"article\" \/>\n<meta property=\"og:title\" content=\"basket Femme-177516-Vog - Vog Tunisie\" \/>\n<meta property=\"og:description\" content=\"Design :\u00a0Basses, style \u00e9pur\u00e9 et d\u00e9contract\u00e9.  Hauteur :\u00a0Mod\u00e8le bas, couvrant la cheville.  Hauteur de la semelle :\u00a0Environ 2 \u00e0 3 cm, offrant un confort optimal.  Couleurs :  kaki  blanc  camel  gris  D\u00e9tails :   Bandes lat\u00e9rales blanches ou noir .  Lacets blancs \u00e9pais.  Semelle en gomme, style r\u00e9tro.\" \/>\n<meta property=\"og:url\" content=\"https:\/\/vog.com.tn\/?product=basket-femme-177516-vog\" \/>\n<meta property=\"og:site_name\" content=\"Vog Tunisie\" \/>\n<meta property=\"article:modified_time\" content=\"2026-04-27T10:12:20+00:00\" \/>\n<meta property=\"og:image\" content=\"https:\/\/vog.com.tn\/wp-content\/uploads\/2024\/10\/177516-blanc.png\" \/>\n\t<meta property=\"og:image:width\" content=\"572\" \/>\n\t<meta property=\"og:image:height\" content=\"800\" \/>\n\t<meta property=\"og:image:type\" content=\"image\/png\" \/>\n<meta name=\"twitter:card\" content=\"summary_large_image\" \/>\n<meta name=\"twitter:label1\" content=\"Dur\u00e9e de lecture estim\u00e9e\" \/>\n\t<meta name=\"twitter:data1\" content=\"1 minute\" \/>\n<script type=\"application\/ld+json\" class=\"yoast-schema-graph\">{\"@context\":\"https:\\\/\\\/schema.org\",\"@graph\":[{\"@type\":\"WebPage\",\"@id\":\"https:\\\/\\\/vog.com.tn\\\/?product=basket-femme-177516-vog\",\"url\":\"https:\\\/\\\/vog.com.tn\\\/?product=basket-femme-177516-vog\",\"name\":\"basket Femme-177516-Vog - Vog Tunisie\",\"isPartOf\":{\"@id\":\"https:\\\/\\\/vog.com.tn\\\/#website\"},\"primaryImageOfPage\":{\"@id\":\"https:\\\/\\\/vog.com.tn\\\/?product=basket-femme-177516-vog#primaryimage\"},\"image\":{\"@id\":\"https:\\\/\\\/vog.com.tn\\\/?product=basket-femme-177516-vog#primaryimage\"},\"thumbnailUrl\":\"https:\\\/\\\/vog.com.tn\\\/wp-content\\\/uploads\\\/2024\\\/10\\\/177516-blanc.png\",\"datePublished\":\"2024-10-29T11:18:08+00:00\",\"dateModified\":\"2026-04-27T10:12:20+00:00\",\"breadcrumb\":{\"@id\":\"https:\\\/\\\/vog.com.tn\\\/?product=basket-femme-177516-vog#breadcrumb\"},\"inLanguage\":\"fr-FR\",\"potentialAction\":[{\"@type\":\"ReadAction\",\"target\":[\"https:\\\/\\\/vog.com.tn\\\/?product=basket-femme-177516-vog\"]}]},{\"@type\":\"ImageObject\",\"inLanguage\":\"fr-FR\",\"@id\":\"https:\\\/\\\/vog.com.tn\\\/?product=basket-femme-177516-vog#primaryimage\",\"url\":\"https:\\\/\\\/vog.com.tn\\\/wp-content\\\/uploads\\\/2024\\\/10\\\/177516-blanc.png\",\"contentUrl\":\"https:\\\/\\\/vog.com.tn\\\/wp-content\\\/uploads\\\/2024\\\/10\\\/177516-blanc.png\",\"width\":572,\"height\":800},{\"@type\":\"BreadcrumbList\",\"@id\":\"https:\\\/\\\/vog.com.tn\\\/?product=basket-femme-177516-vog#breadcrumb\",\"itemListElement\":[{\"@type\":\"ListItem\",\"position\":1,\"name\":\"Home\",\"item\":\"https:\\\/\\\/vog.com.tn\\\/\"},{\"@type\":\"ListItem\",\"position\":2,\"name\":\"Produits\",\"item\":\"https:\\\/\\\/vog.com.tn\\\/?page_id=8\"},{\"@type\":\"ListItem\",\"position\":3,\"name\":\"basket Femme-177516-Vog\"}]},{\"@type\":\"WebSite\",\"@id\":\"https:\\\/\\\/vog.com.tn\\\/#website\",\"url\":\"https:\\\/\\\/vog.com.tn\\\/\",\"name\":\"Vog Tunisie\",\"description\":\"Pr\u00eat-\u00e0-porter\",\"potentialAction\":[{\"@type\":\"SearchAction\",\"target\":{\"@type\":\"EntryPoint\",\"urlTemplate\":\"https:\\\/\\\/vog.com.tn\\\/?s={search_term_string}\"},\"query-input\":{\"@type\":\"PropertyValueSpecification\",\"valueRequired\":true,\"valueName\":\"search_term_string\"}}],\"inLanguage\":\"fr-FR\"}]}<\/script>\n<!-- \/ Yoast SEO plugin. -->","yoast_head_json":{"title":"basket Femme-177516-Vog - Vog Tunisie","robots":{"index":"index","follow":"follow","max-snippet":"max-snippet:-1","max-image-preview":"max-image-preview:large","max-video-preview":"max-video-preview:-1"},"canonical":"https:\/\/vog.com.tn\/?product=basket-femme-177516-vog","og_locale":"fr_FR","og_type":"article","og_title":"basket Femme-177516-Vog - Vog Tunisie","og_description":"Design :\u00a0Basses, style \u00e9pur\u00e9 et d\u00e9contract\u00e9.  Hauteur :\u00a0Mod\u00e8le bas, couvrant la cheville.  Hauteur de la semelle :\u00a0Environ 2 \u00e0 3 cm, offrant un confort optimal.  Couleurs :  kaki  blanc  camel  gris  D\u00e9tails :   Bandes lat\u00e9rales blanches ou noir .  Lacets blancs \u00e9pais.  Semelle en gomme, style r\u00e9tro.","og_url":"https:\/\/vog.com.tn\/?product=basket-femme-177516-vog","og_site_name":"Vog Tunisie","article_modified_time":"2026-04-27T10:12:20+00:00","og_image":[{"width":572,"height":800,"url":"https:\/\/vog.com.tn\/wp-content\/uploads\/2024\/10\/177516-blanc.png","type":"image\/png"}],"twitter_card":"summary_large_image","twitter_misc":{"Dur\u00e9e de lecture estim\u00e9e":"1 minute"},"schema":{"@context":"https:\/\/schema.org","@graph":[{"@type":"WebPage","@id":"https:\/\/vog.com.tn\/?product=basket-femme-177516-vog","url":"https:\/\/vog.com.tn\/?product=basket-femme-177516-vog","name":"basket Femme-177516-Vog - Vog Tunisie","isPartOf":{"@id":"https:\/\/vog.com.tn\/#website"},"primaryImageOfPage":{"@id":"https:\/\/vog.com.tn\/?product=basket-femme-177516-vog#primaryimage"},"image":{"@id":"https:\/\/vog.com.tn\/?product=basket-femme-177516-vog#primaryimage"},"thumbnailUrl":"https:\/\/vog.com.tn\/wp-content\/uploads\/2024\/10\/177516-blanc.png","datePublished":"2024-10-29T11:18:08+00:00","dateModified":"2026-04-27T10:12:20+00:00","breadcrumb":{"@id":"https:\/\/vog.com.tn\/?product=basket-femme-177516-vog#breadcrumb"},"inLanguage":"fr-FR","potentialAction":[{"@type":"ReadAction","target":["https:\/\/vog.com.tn\/?product=basket-femme-177516-vog"]}]},{"@type":"ImageObject","inLanguage":"fr-FR","@id":"https:\/\/vog.com.tn\/?product=basket-femme-177516-vog#primaryimage","url":"https:\/\/vog.com.tn\/wp-content\/uploads\/2024\/10\/177516-blanc.png","contentUrl":"https:\/\/vog.com.tn\/wp-content\/uploads\/2024\/10\/177516-blanc.png","width":572,"height":800},{"@type":"BreadcrumbList","@id":"https:\/\/vog.com.tn\/?product=basket-femme-177516-vog#breadcrumb","itemListElement":[{"@type":"ListItem","position":1,"name":"Home","item":"https:\/\/vog.com.tn\/"},{"@type":"ListItem","position":2,"name":"Produits","item":"https:\/\/vog.com.tn\/?page_id=8"},{"@type":"ListItem","position":3,"name":"basket Femme-177516-Vog"}]},{"@type":"WebSite","@id":"https:\/\/vog.com.tn\/#website","url":"https:\/\/vog.com.tn\/","name":"Vog Tunisie","description":"Pr\u00eat-\u00e0-porter","potentialAction":[{"@type":"SearchAction","target":{"@type":"EntryPoint","urlTemplate":"https:\/\/vog.com.tn\/?s={search_term_string}"},"query-input":{"@type":"PropertyValueSpecification","valueRequired":true,"valueName":"search_term_string"}}],"inLanguage":"fr-FR"}]}},"_links":{"self":[{"href":"https:\/\/vog.com.tn\/index.php?rest_route=\/wp\/v2\/product\/77058","targetHints":{"allow":["GET"]}}],"collection":[{"href":"https:\/\/vog.com.tn\/index.php?rest_route=\/wp\/v2\/product"}],"about":[{"href":"https:\/\/vog.com.tn\/index.php?rest_route=\/wp\/v2\/types\/product"}],"wp:featuredmedia":[{"embeddable":true,"href":"https:\/\/vog.com.tn\/index.php?rest_route=\/wp\/v2\/media\/77085"}],"wp:attachment":[{"href":"https:\/\/vog.com.tn\/index.php?rest_route=%2Fwp%2Fv2%2Fmedia&parent=77058"}],"wp:term":[{"taxonomy":"product_brand","embeddable":true,"href":"https:\/\/vog.com.tn\/index.php?rest_route=%2Fwp%2Fv2%2Fproduct_brand&post=77058"},{"taxonomy":"product_cat","embeddable":true,"href":"https:\/\/vog.com.tn\/index.php?rest_route=%2Fwp%2Fv2%2Fproduct_cat&post=77058"},{"taxonomy":"product_tag","embeddable":true,"href":"https:\/\/vog.com.tn\/index.php?rest_route=%2Fwp%2Fv2%2Fproduct_tag&post=77058"}],"curies":[{"name":"wp","href":"https:\/\/api.w.org\/{rel}","templated":true}]}}