{"id":77151,"date":"2024-10-29T15:04:51","date_gmt":"2024-10-29T14:04:51","guid":{"rendered":"https:\/\/vog.com.tn\/?post_type=product&#038;p=77151"},"modified":"2026-04-27T12:12:22","modified_gmt":"2026-04-27T10:12:22","slug":"basket-femme-177519-vog","status":"publish","type":"product","link":"https:\/\/vog.com.tn\/?product=basket-femme-177519-vog","title":{"rendered":"Basket femme-177519-Vog"},"content":{"rendered":"<p>Ces baskets sont disponibles dans des coloris polyvalents, notamment beige-bronze, beige avec des accents l\u00e9opard, noir-beige classique, blanc \u00e9l\u00e9gant avec des accents argent\u00e9s et enti\u00e8rement noir. Chaque palette de couleurs est soigneusement con\u00e7ue pour ajouter une touche d&rsquo;\u00e9l\u00e9gance, ce qui rend ces baskets basses adapt\u00e9es aux tenues d\u00e9contract\u00e9es et tendance.<\/p>\n","protected":false},"excerpt":{"rendered":"<div class=\"woocommerce-product-details__short-description\">\n<div class=\"woocommerce-product-details__short-description\">\n<p>Vente en ligne baskets pour femme.<\/p>\n<ul>\n<li>Baskets modernes et confortables avec une semelle \u00e9paisse.<\/li>\n<li>Mati\u00e8re textile l\u00e9g\u00e8re et respirante.<\/li>\n<li>Fermeture \u00e0 lacets pour un ajustement parfait.<\/li>\n<li>Design polyvalent adapt\u00e9 \u00e0 tous les styles.<\/li>\n<li>Livraison \u00e0 domicile : 8 TND.<\/li>\n<li>D\u00e9lai de livraison : 2 \u00e0 3 jours.<\/li>\n<li>\u00c9change possible : Vous ne payez que les frais de livraison pour le second colis.<\/li>\n<li>D\u00e9lai d\u2019\u00e9change : Maximum 1 jour.<\/li>\n<\/ul>\n<\/div>\n<div data-product_id=\"89558\" data-threshold_min=\"30\" data-threshold_max=\"100\" data-total=\"18\"><\/div>\n<\/div>\n<div data-product_id=\"89613\" data-threshold_min=\"30\" data-threshold_max=\"100\" data-total=\"6\"><\/div>\n<p>&nbsp;<\/p>\n<p>&nbsp;<\/p>\n<p>&nbsp;<\/p>\n","protected":false},"featured_media":77191,"template":"","meta":[],"product_brand":[],"product_cat":[97,96,137,360],"product_tag":[],"class_list":{"0":"post-77151","1":"product","2":"type-product","3":"status-publish","4":"has-post-thumbnail","6":"product_cat-chaussures-baskets-femme","7":"product_cat-chaussures-femme","8":"product_cat-mode-femme","9":"product_cat-nouvelle-collection","10":"pa_couleurs-b-noir","11":"pa_couleurs-b-silver","12":"pa_couleurs-bronze","13":"pa_couleurs-leopard","14":"pa_couleurs-noir","15":"pa_pointure-105","16":"pa_pointure-106","17":"pa_pointure-107","18":"pa_pointure-108","19":"pa_pointure-109","20":"pa_pointure-110","23":"first","24":"instock","25":"taxable","26":"shipping-taxable","27":"purchasable","28":"product-type-variable"},"yoast_head":"<!-- This site is optimized with the Yoast SEO plugin v27.5 - https:\/\/yoast.com\/product\/yoast-seo-wordpress\/ -->\n<title>Basket femme-177519-Vog - Vog Tunisie<\/title>\n<meta name=\"robots\" content=\"index, follow, max-snippet:-1, max-image-preview:large, max-video-preview:-1\" \/>\n<link rel=\"canonical\" href=\"https:\/\/vog.com.tn\/?product=basket-femme-177519-vog\" \/>\n<meta property=\"og:locale\" content=\"fr_FR\" \/>\n<meta property=\"og:type\" content=\"article\" \/>\n<meta property=\"og:title\" content=\"Basket femme-177519-Vog - Vog Tunisie\" \/>\n<meta property=\"og:description\" content=\"Vente en ligne baskets pour femme.   Baskets modernes et confortables avec une semelle \u00e9paisse.  Mati\u00e8re textile l\u00e9g\u00e8re et respirante.  Fermeture \u00e0 lacets pour un ajustement parfait.  Design polyvalent adapt\u00e9 \u00e0 tous les styles.  Livraison \u00e0 domicile : 8 TND.  D\u00e9lai de livraison : 2 \u00e0 3 jours.  \u00c9change possible : Vous ne payez que les frais de livraison pour le second colis.  D\u00e9lai d\u2019\u00e9change : Maximum 1 jour.      &nbsp;  &nbsp;  &nbsp;\" \/>\n<meta property=\"og:url\" content=\"https:\/\/vog.com.tn\/?product=basket-femme-177519-vog\" \/>\n<meta property=\"og:site_name\" content=\"Vog Tunisie\" \/>\n<meta property=\"article:modified_time\" content=\"2026-04-27T10:12:22+00:00\" \/>\n<meta property=\"og:image\" content=\"https:\/\/vog.com.tn\/wp-content\/uploads\/2024\/10\/177519-b.noir_.png\" \/>\n\t<meta property=\"og:image:width\" content=\"572\" \/>\n\t<meta property=\"og:image:height\" content=\"800\" \/>\n\t<meta property=\"og:image:type\" content=\"image\/png\" \/>\n<meta name=\"twitter:card\" content=\"summary_large_image\" \/>\n<meta name=\"twitter:label1\" content=\"Dur\u00e9e de lecture estim\u00e9e\" \/>\n\t<meta name=\"twitter:data1\" content=\"1 minute\" \/>\n<script type=\"application\/ld+json\" class=\"yoast-schema-graph\">{\"@context\":\"https:\\\/\\\/schema.org\",\"@graph\":[{\"@type\":\"WebPage\",\"@id\":\"https:\\\/\\\/vog.com.tn\\\/?product=basket-femme-177519-vog\",\"url\":\"https:\\\/\\\/vog.com.tn\\\/?product=basket-femme-177519-vog\",\"name\":\"Basket femme-177519-Vog - Vog Tunisie\",\"isPartOf\":{\"@id\":\"https:\\\/\\\/vog.com.tn\\\/#website\"},\"primaryImageOfPage\":{\"@id\":\"https:\\\/\\\/vog.com.tn\\\/?product=basket-femme-177519-vog#primaryimage\"},\"image\":{\"@id\":\"https:\\\/\\\/vog.com.tn\\\/?product=basket-femme-177519-vog#primaryimage\"},\"thumbnailUrl\":\"https:\\\/\\\/vog.com.tn\\\/wp-content\\\/uploads\\\/2024\\\/10\\\/177519-b.noir_.png\",\"datePublished\":\"2024-10-29T14:04:51+00:00\",\"dateModified\":\"2026-04-27T10:12:22+00:00\",\"breadcrumb\":{\"@id\":\"https:\\\/\\\/vog.com.tn\\\/?product=basket-femme-177519-vog#breadcrumb\"},\"inLanguage\":\"fr-FR\",\"potentialAction\":[{\"@type\":\"ReadAction\",\"target\":[\"https:\\\/\\\/vog.com.tn\\\/?product=basket-femme-177519-vog\"]}]},{\"@type\":\"ImageObject\",\"inLanguage\":\"fr-FR\",\"@id\":\"https:\\\/\\\/vog.com.tn\\\/?product=basket-femme-177519-vog#primaryimage\",\"url\":\"https:\\\/\\\/vog.com.tn\\\/wp-content\\\/uploads\\\/2024\\\/10\\\/177519-b.noir_.png\",\"contentUrl\":\"https:\\\/\\\/vog.com.tn\\\/wp-content\\\/uploads\\\/2024\\\/10\\\/177519-b.noir_.png\",\"width\":572,\"height\":800},{\"@type\":\"BreadcrumbList\",\"@id\":\"https:\\\/\\\/vog.com.tn\\\/?product=basket-femme-177519-vog#breadcrumb\",\"itemListElement\":[{\"@type\":\"ListItem\",\"position\":1,\"name\":\"Home\",\"item\":\"https:\\\/\\\/vog.com.tn\\\/\"},{\"@type\":\"ListItem\",\"position\":2,\"name\":\"Produits\",\"item\":\"https:\\\/\\\/vog.com.tn\\\/?page_id=8\"},{\"@type\":\"ListItem\",\"position\":3,\"name\":\"Basket femme-177519-Vog\"}]},{\"@type\":\"WebSite\",\"@id\":\"https:\\\/\\\/vog.com.tn\\\/#website\",\"url\":\"https:\\\/\\\/vog.com.tn\\\/\",\"name\":\"Vog Tunisie\",\"description\":\"Pr\u00eat-\u00e0-porter\",\"potentialAction\":[{\"@type\":\"SearchAction\",\"target\":{\"@type\":\"EntryPoint\",\"urlTemplate\":\"https:\\\/\\\/vog.com.tn\\\/?s={search_term_string}\"},\"query-input\":{\"@type\":\"PropertyValueSpecification\",\"valueRequired\":true,\"valueName\":\"search_term_string\"}}],\"inLanguage\":\"fr-FR\"}]}<\/script>\n<!-- \/ Yoast SEO plugin. -->","yoast_head_json":{"title":"Basket femme-177519-Vog - Vog Tunisie","robots":{"index":"index","follow":"follow","max-snippet":"max-snippet:-1","max-image-preview":"max-image-preview:large","max-video-preview":"max-video-preview:-1"},"canonical":"https:\/\/vog.com.tn\/?product=basket-femme-177519-vog","og_locale":"fr_FR","og_type":"article","og_title":"Basket femme-177519-Vog - Vog Tunisie","og_description":"Vente en ligne baskets pour femme.   Baskets modernes et confortables avec une semelle \u00e9paisse.  Mati\u00e8re textile l\u00e9g\u00e8re et respirante.  Fermeture \u00e0 lacets pour un ajustement parfait.  Design polyvalent adapt\u00e9 \u00e0 tous les styles.  Livraison \u00e0 domicile : 8 TND.  D\u00e9lai de livraison : 2 \u00e0 3 jours.  \u00c9change possible : Vous ne payez que les frais de livraison pour le second colis.  D\u00e9lai d\u2019\u00e9change : Maximum 1 jour.      &nbsp;  &nbsp;  &nbsp;","og_url":"https:\/\/vog.com.tn\/?product=basket-femme-177519-vog","og_site_name":"Vog Tunisie","article_modified_time":"2026-04-27T10:12:22+00:00","og_image":[{"width":572,"height":800,"url":"https:\/\/vog.com.tn\/wp-content\/uploads\/2024\/10\/177519-b.noir_.png","type":"image\/png"}],"twitter_card":"summary_large_image","twitter_misc":{"Dur\u00e9e de lecture estim\u00e9e":"1 minute"},"schema":{"@context":"https:\/\/schema.org","@graph":[{"@type":"WebPage","@id":"https:\/\/vog.com.tn\/?product=basket-femme-177519-vog","url":"https:\/\/vog.com.tn\/?product=basket-femme-177519-vog","name":"Basket femme-177519-Vog - Vog Tunisie","isPartOf":{"@id":"https:\/\/vog.com.tn\/#website"},"primaryImageOfPage":{"@id":"https:\/\/vog.com.tn\/?product=basket-femme-177519-vog#primaryimage"},"image":{"@id":"https:\/\/vog.com.tn\/?product=basket-femme-177519-vog#primaryimage"},"thumbnailUrl":"https:\/\/vog.com.tn\/wp-content\/uploads\/2024\/10\/177519-b.noir_.png","datePublished":"2024-10-29T14:04:51+00:00","dateModified":"2026-04-27T10:12:22+00:00","breadcrumb":{"@id":"https:\/\/vog.com.tn\/?product=basket-femme-177519-vog#breadcrumb"},"inLanguage":"fr-FR","potentialAction":[{"@type":"ReadAction","target":["https:\/\/vog.com.tn\/?product=basket-femme-177519-vog"]}]},{"@type":"ImageObject","inLanguage":"fr-FR","@id":"https:\/\/vog.com.tn\/?product=basket-femme-177519-vog#primaryimage","url":"https:\/\/vog.com.tn\/wp-content\/uploads\/2024\/10\/177519-b.noir_.png","contentUrl":"https:\/\/vog.com.tn\/wp-content\/uploads\/2024\/10\/177519-b.noir_.png","width":572,"height":800},{"@type":"BreadcrumbList","@id":"https:\/\/vog.com.tn\/?product=basket-femme-177519-vog#breadcrumb","itemListElement":[{"@type":"ListItem","position":1,"name":"Home","item":"https:\/\/vog.com.tn\/"},{"@type":"ListItem","position":2,"name":"Produits","item":"https:\/\/vog.com.tn\/?page_id=8"},{"@type":"ListItem","position":3,"name":"Basket femme-177519-Vog"}]},{"@type":"WebSite","@id":"https:\/\/vog.com.tn\/#website","url":"https:\/\/vog.com.tn\/","name":"Vog Tunisie","description":"Pr\u00eat-\u00e0-porter","potentialAction":[{"@type":"SearchAction","target":{"@type":"EntryPoint","urlTemplate":"https:\/\/vog.com.tn\/?s={search_term_string}"},"query-input":{"@type":"PropertyValueSpecification","valueRequired":true,"valueName":"search_term_string"}}],"inLanguage":"fr-FR"}]}},"_links":{"self":[{"href":"https:\/\/vog.com.tn\/index.php?rest_route=\/wp\/v2\/product\/77151","targetHints":{"allow":["GET"]}}],"collection":[{"href":"https:\/\/vog.com.tn\/index.php?rest_route=\/wp\/v2\/product"}],"about":[{"href":"https:\/\/vog.com.tn\/index.php?rest_route=\/wp\/v2\/types\/product"}],"wp:featuredmedia":[{"embeddable":true,"href":"https:\/\/vog.com.tn\/index.php?rest_route=\/wp\/v2\/media\/77191"}],"wp:attachment":[{"href":"https:\/\/vog.com.tn\/index.php?rest_route=%2Fwp%2Fv2%2Fmedia&parent=77151"}],"wp:term":[{"taxonomy":"product_brand","embeddable":true,"href":"https:\/\/vog.com.tn\/index.php?rest_route=%2Fwp%2Fv2%2Fproduct_brand&post=77151"},{"taxonomy":"product_cat","embeddable":true,"href":"https:\/\/vog.com.tn\/index.php?rest_route=%2Fwp%2Fv2%2Fproduct_cat&post=77151"},{"taxonomy":"product_tag","embeddable":true,"href":"https:\/\/vog.com.tn\/index.php?rest_route=%2Fwp%2Fv2%2Fproduct_tag&post=77151"}],"curies":[{"name":"wp","href":"https:\/\/api.w.org\/{rel}","templated":true}]}}