{"id":77234,"date":"2024-10-29T16:48:03","date_gmt":"2024-10-29T15:48:03","guid":{"rendered":"https:\/\/vog.com.tn\/?post_type=product&#038;p=77234"},"modified":"2025-09-19T12:00:02","modified_gmt":"2025-09-19T10:00:02","slug":"mocassin-femme-177402-vog","status":"publish","type":"product","link":"https:\/\/vog.com.tn\/?product=mocassin-femme-177402-vog","title":{"rendered":"mocassin femme-177402-Vog"},"content":{"rendered":"<p>Ces mocassins sont disponibles en beige et noir, avec une finition en daim perfor\u00e9, un bout rond et une d\u00e9coration en m\u00e9tal avec cl\u00e9 et pompon. Fabriqu\u00e9s \u00e0 partir de mati\u00e8res synth\u00e9tiques, ils sont dot\u00e9s d&rsquo;une semelle renforc\u00e9e et coussin\u00e9e pour plus de confort et d&rsquo;un talon bas, parfait pour un usage quotidien.<\/p>\n","protected":false},"excerpt":{"rendered":"<p>Couleurs disponibles : Beige et noir<br \/>\nMati\u00e8re : Finition en daim perfor\u00e9<br \/>\nD\u00e9tails de conception : Bout rond, d\u00e9coration en forme de cl\u00e9 et de pompon m\u00e9tallique sur la tige<br \/>\nCaract\u00e9ristiques de confort : Semelle renforc\u00e9e et coussin\u00e9e<br \/>\nComposition du mat\u00e9riau : Tige, semelles int\u00e9rieures et ext\u00e9rieures synth\u00e9tiques<br \/>\nTalon : Talon bas, id\u00e9al pour un confort quotidien et un port prolong\u00e9<\/p>\n","protected":false},"featured_media":77249,"template":"","meta":[],"product_brand":[],"product_cat":[96,128,137,360],"product_tag":[],"class_list":{"0":"post-77234","1":"product","2":"type-product","3":"status-publish","4":"has-post-thumbnail","6":"product_cat-chaussures-femme","7":"product_cat-mocassins-ballerines-femme","8":"product_cat-mode-femme","9":"product_cat-nouvelle-collection","10":"pa_couleurs-beige","11":"pa_couleurs-noir","12":"pa_pointure-105","13":"pa_pointure-106","14":"pa_pointure-107","15":"pa_pointure-108","16":"pa_pointure-109","17":"pa_pointure-110","20":"first","21":"instock","22":"taxable","23":"shipping-taxable","24":"purchasable","25":"product-type-variable"},"yoast_head":"<!-- This site is optimized with the Yoast SEO plugin v27.5 - https:\/\/yoast.com\/product\/yoast-seo-wordpress\/ -->\n<title>mocassin femme-177402-Vog - Vog Tunisie<\/title>\n<meta name=\"robots\" content=\"index, follow, max-snippet:-1, max-image-preview:large, max-video-preview:-1\" \/>\n<link rel=\"canonical\" href=\"https:\/\/vog.com.tn\/?product=mocassin-femme-177402-vog\" \/>\n<meta property=\"og:locale\" content=\"fr_FR\" \/>\n<meta property=\"og:type\" content=\"article\" \/>\n<meta property=\"og:title\" content=\"mocassin femme-177402-Vog - Vog Tunisie\" \/>\n<meta property=\"og:description\" content=\"Couleurs disponibles : Beige et noir Mati\u00e8re : Finition en daim perfor\u00e9 D\u00e9tails de conception : Bout rond, d\u00e9coration en forme de cl\u00e9 et de pompon m\u00e9tallique sur la tige Caract\u00e9ristiques de confort : Semelle renforc\u00e9e et coussin\u00e9e Composition du mat\u00e9riau : Tige, semelles int\u00e9rieures et ext\u00e9rieures synth\u00e9tiques Talon : Talon bas, id\u00e9al pour un confort quotidien et un port prolong\u00e9\" \/>\n<meta property=\"og:url\" content=\"https:\/\/vog.com.tn\/?product=mocassin-femme-177402-vog\" \/>\n<meta property=\"og:site_name\" content=\"Vog Tunisie\" \/>\n<meta property=\"article:modified_time\" content=\"2025-09-19T10:00:02+00:00\" \/>\n<meta property=\"og:image\" content=\"https:\/\/vog.com.tn\/wp-content\/uploads\/2024\/10\/177402-beige.png\" \/>\n\t<meta property=\"og:image:width\" content=\"572\" \/>\n\t<meta property=\"og:image:height\" content=\"800\" \/>\n\t<meta property=\"og:image:type\" content=\"image\/png\" \/>\n<meta name=\"twitter:card\" content=\"summary_large_image\" \/>\n<meta name=\"twitter:label1\" content=\"Dur\u00e9e de lecture estim\u00e9e\" \/>\n\t<meta name=\"twitter:data1\" content=\"1 minute\" \/>\n<script type=\"application\/ld+json\" class=\"yoast-schema-graph\">{\"@context\":\"https:\\\/\\\/schema.org\",\"@graph\":[{\"@type\":\"WebPage\",\"@id\":\"https:\\\/\\\/vog.com.tn\\\/?product=mocassin-femme-177402-vog\",\"url\":\"https:\\\/\\\/vog.com.tn\\\/?product=mocassin-femme-177402-vog\",\"name\":\"mocassin femme-177402-Vog - Vog Tunisie\",\"isPartOf\":{\"@id\":\"https:\\\/\\\/vog.com.tn\\\/#website\"},\"primaryImageOfPage\":{\"@id\":\"https:\\\/\\\/vog.com.tn\\\/?product=mocassin-femme-177402-vog#primaryimage\"},\"image\":{\"@id\":\"https:\\\/\\\/vog.com.tn\\\/?product=mocassin-femme-177402-vog#primaryimage\"},\"thumbnailUrl\":\"https:\\\/\\\/vog.com.tn\\\/wp-content\\\/uploads\\\/2024\\\/10\\\/177402-beige.png\",\"datePublished\":\"2024-10-29T15:48:03+00:00\",\"dateModified\":\"2025-09-19T10:00:02+00:00\",\"breadcrumb\":{\"@id\":\"https:\\\/\\\/vog.com.tn\\\/?product=mocassin-femme-177402-vog#breadcrumb\"},\"inLanguage\":\"fr-FR\",\"potentialAction\":[{\"@type\":\"ReadAction\",\"target\":[\"https:\\\/\\\/vog.com.tn\\\/?product=mocassin-femme-177402-vog\"]}]},{\"@type\":\"ImageObject\",\"inLanguage\":\"fr-FR\",\"@id\":\"https:\\\/\\\/vog.com.tn\\\/?product=mocassin-femme-177402-vog#primaryimage\",\"url\":\"https:\\\/\\\/vog.com.tn\\\/wp-content\\\/uploads\\\/2024\\\/10\\\/177402-beige.png\",\"contentUrl\":\"https:\\\/\\\/vog.com.tn\\\/wp-content\\\/uploads\\\/2024\\\/10\\\/177402-beige.png\",\"width\":572,\"height\":800},{\"@type\":\"BreadcrumbList\",\"@id\":\"https:\\\/\\\/vog.com.tn\\\/?product=mocassin-femme-177402-vog#breadcrumb\",\"itemListElement\":[{\"@type\":\"ListItem\",\"position\":1,\"name\":\"Home\",\"item\":\"https:\\\/\\\/vog.com.tn\\\/\"},{\"@type\":\"ListItem\",\"position\":2,\"name\":\"Produits\",\"item\":\"https:\\\/\\\/vog.com.tn\\\/?page_id=8\"},{\"@type\":\"ListItem\",\"position\":3,\"name\":\"mocassin femme-177402-Vog\"}]},{\"@type\":\"WebSite\",\"@id\":\"https:\\\/\\\/vog.com.tn\\\/#website\",\"url\":\"https:\\\/\\\/vog.com.tn\\\/\",\"name\":\"Vog Tunisie\",\"description\":\"Pr\u00eat-\u00e0-porter\",\"potentialAction\":[{\"@type\":\"SearchAction\",\"target\":{\"@type\":\"EntryPoint\",\"urlTemplate\":\"https:\\\/\\\/vog.com.tn\\\/?s={search_term_string}\"},\"query-input\":{\"@type\":\"PropertyValueSpecification\",\"valueRequired\":true,\"valueName\":\"search_term_string\"}}],\"inLanguage\":\"fr-FR\"}]}<\/script>\n<!-- \/ Yoast SEO plugin. -->","yoast_head_json":{"title":"mocassin femme-177402-Vog - Vog Tunisie","robots":{"index":"index","follow":"follow","max-snippet":"max-snippet:-1","max-image-preview":"max-image-preview:large","max-video-preview":"max-video-preview:-1"},"canonical":"https:\/\/vog.com.tn\/?product=mocassin-femme-177402-vog","og_locale":"fr_FR","og_type":"article","og_title":"mocassin femme-177402-Vog - Vog Tunisie","og_description":"Couleurs disponibles : Beige et noir Mati\u00e8re : Finition en daim perfor\u00e9 D\u00e9tails de conception : Bout rond, d\u00e9coration en forme de cl\u00e9 et de pompon m\u00e9tallique sur la tige Caract\u00e9ristiques de confort : Semelle renforc\u00e9e et coussin\u00e9e Composition du mat\u00e9riau : Tige, semelles int\u00e9rieures et ext\u00e9rieures synth\u00e9tiques Talon : Talon bas, id\u00e9al pour un confort quotidien et un port prolong\u00e9","og_url":"https:\/\/vog.com.tn\/?product=mocassin-femme-177402-vog","og_site_name":"Vog Tunisie","article_modified_time":"2025-09-19T10:00:02+00:00","og_image":[{"width":572,"height":800,"url":"https:\/\/vog.com.tn\/wp-content\/uploads\/2024\/10\/177402-beige.png","type":"image\/png"}],"twitter_card":"summary_large_image","twitter_misc":{"Dur\u00e9e de lecture estim\u00e9e":"1 minute"},"schema":{"@context":"https:\/\/schema.org","@graph":[{"@type":"WebPage","@id":"https:\/\/vog.com.tn\/?product=mocassin-femme-177402-vog","url":"https:\/\/vog.com.tn\/?product=mocassin-femme-177402-vog","name":"mocassin femme-177402-Vog - Vog Tunisie","isPartOf":{"@id":"https:\/\/vog.com.tn\/#website"},"primaryImageOfPage":{"@id":"https:\/\/vog.com.tn\/?product=mocassin-femme-177402-vog#primaryimage"},"image":{"@id":"https:\/\/vog.com.tn\/?product=mocassin-femme-177402-vog#primaryimage"},"thumbnailUrl":"https:\/\/vog.com.tn\/wp-content\/uploads\/2024\/10\/177402-beige.png","datePublished":"2024-10-29T15:48:03+00:00","dateModified":"2025-09-19T10:00:02+00:00","breadcrumb":{"@id":"https:\/\/vog.com.tn\/?product=mocassin-femme-177402-vog#breadcrumb"},"inLanguage":"fr-FR","potentialAction":[{"@type":"ReadAction","target":["https:\/\/vog.com.tn\/?product=mocassin-femme-177402-vog"]}]},{"@type":"ImageObject","inLanguage":"fr-FR","@id":"https:\/\/vog.com.tn\/?product=mocassin-femme-177402-vog#primaryimage","url":"https:\/\/vog.com.tn\/wp-content\/uploads\/2024\/10\/177402-beige.png","contentUrl":"https:\/\/vog.com.tn\/wp-content\/uploads\/2024\/10\/177402-beige.png","width":572,"height":800},{"@type":"BreadcrumbList","@id":"https:\/\/vog.com.tn\/?product=mocassin-femme-177402-vog#breadcrumb","itemListElement":[{"@type":"ListItem","position":1,"name":"Home","item":"https:\/\/vog.com.tn\/"},{"@type":"ListItem","position":2,"name":"Produits","item":"https:\/\/vog.com.tn\/?page_id=8"},{"@type":"ListItem","position":3,"name":"mocassin femme-177402-Vog"}]},{"@type":"WebSite","@id":"https:\/\/vog.com.tn\/#website","url":"https:\/\/vog.com.tn\/","name":"Vog Tunisie","description":"Pr\u00eat-\u00e0-porter","potentialAction":[{"@type":"SearchAction","target":{"@type":"EntryPoint","urlTemplate":"https:\/\/vog.com.tn\/?s={search_term_string}"},"query-input":{"@type":"PropertyValueSpecification","valueRequired":true,"valueName":"search_term_string"}}],"inLanguage":"fr-FR"}]}},"_links":{"self":[{"href":"https:\/\/vog.com.tn\/index.php?rest_route=\/wp\/v2\/product\/77234","targetHints":{"allow":["GET"]}}],"collection":[{"href":"https:\/\/vog.com.tn\/index.php?rest_route=\/wp\/v2\/product"}],"about":[{"href":"https:\/\/vog.com.tn\/index.php?rest_route=\/wp\/v2\/types\/product"}],"wp:featuredmedia":[{"embeddable":true,"href":"https:\/\/vog.com.tn\/index.php?rest_route=\/wp\/v2\/media\/77249"}],"wp:attachment":[{"href":"https:\/\/vog.com.tn\/index.php?rest_route=%2Fwp%2Fv2%2Fmedia&parent=77234"}],"wp:term":[{"taxonomy":"product_brand","embeddable":true,"href":"https:\/\/vog.com.tn\/index.php?rest_route=%2Fwp%2Fv2%2Fproduct_brand&post=77234"},{"taxonomy":"product_cat","embeddable":true,"href":"https:\/\/vog.com.tn\/index.php?rest_route=%2Fwp%2Fv2%2Fproduct_cat&post=77234"},{"taxonomy":"product_tag","embeddable":true,"href":"https:\/\/vog.com.tn\/index.php?rest_route=%2Fwp%2Fv2%2Fproduct_tag&post=77234"}],"curies":[{"name":"wp","href":"https:\/\/api.w.org\/{rel}","templated":true}]}}