{"id":77369,"date":"2024-10-30T11:57:54","date_gmt":"2024-10-30T10:57:54","guid":{"rendered":"https:\/\/vog.com.tn\/?post_type=product&#038;p=77369"},"modified":"2026-02-11T10:44:11","modified_gmt":"2026-02-11T09:44:11","slug":"mocassin-femme-177407-vog","status":"publish","type":"product","link":"https:\/\/vog.com.tn\/?product=mocassin-femme-177407-vog","title":{"rendered":"mocassin femme-177407-vog"},"content":{"rendered":"<div class=\"flex max-w-full flex-col flex-grow\">\n<div class=\"min-h-8 text-message flex w-full flex-col items-end gap-2 whitespace-normal break-words [.text-message+&amp;]:mt-5\" dir=\"auto\" data-message-author-role=\"assistant\" data-message-id=\"275612c4-4739-4cae-9228-f487721059f7\" data-message-model-slug=\"gpt-4o\">\n<div class=\"flex w-full flex-col gap-1 empty:hidden first:pt-[3px]\">\n<div class=\"markdown prose w-full break-words dark:prose-invert light\">\n<p>Ces mocassins en daim, orn\u00e9s d&rsquo;une cha\u00eene d\u00e9corative sur le dessus, offrent un style \u00e0 la fois \u00e9l\u00e9gant et d\u00e9contract\u00e9. Disponibles en beige, bleu ciel et noir, ils s&rsquo;adaptent facilement \u00e0 diverses tenues, tout en garantissant un confort optimal gr\u00e2ce \u00e0 leur semelle int\u00e9rieure rembourr\u00e9e et leur semelle ext\u00e9rieure en caoutchouc antid\u00e9rapante. Parfaits pour un look casual chic, ils se portent aussi bien avec des jeans qu&rsquo;avec des pantalons ajust\u00e9s ou des jupes.<\/p>\n<\/div>\n<\/div>\n<\/div>\n<\/div>\n<div class=\"mb-2 flex gap-3 empty:hidden -ml-2\">\n<div class=\"items-center justify-start rounded-xl p-1 flex\">\n<div class=\"flex items-center\">\n<div class=\"flex\"><\/div>\n<div class=\"flex items-center pb-0\"><\/div>\n<\/div>\n<\/div>\n<\/div>\n","protected":false},"excerpt":{"rendered":"<ul>\n<li><strong>Mat\u00e9riau<\/strong> : Daim<\/li>\n<li><strong>Couleurs disponibles<\/strong> :\n<ul>\n<li>Beige avec semelle claire<\/li>\n<li>Ciel avec semelle claire<\/li>\n<li>Noir avec semelle noire<\/li>\n<\/ul>\n<\/li>\n<li><strong>Semelle<\/strong> : \u00c9paisse et antid\u00e9rapante<\/li>\n<li><strong>Style<\/strong> : D\u00e9contract\u00e9 et moderne<\/li>\n<li><strong>D\u00e9tail d\u00e9coratif<\/strong> : Cha\u00eene m\u00e9tallique sur le dessus pour une touche \u00e9l\u00e9gante<\/li>\n<li><strong>Confort<\/strong> : Con\u00e7u pour \u00eatre confortable et chic<\/li>\n<\/ul>\n","protected":false},"featured_media":77393,"template":"","meta":[],"product_brand":[],"product_cat":[96,128,137,360],"product_tag":[],"class_list":{"0":"post-77369","1":"product","2":"type-product","3":"status-publish","4":"has-post-thumbnail","6":"product_cat-chaussures-femme","7":"product_cat-mocassins-ballerines-femme","8":"product_cat-mode-femme","9":"product_cat-nouvelle-collection","10":"pa_couleurs-beige","11":"pa_couleurs-ciel-2","12":"pa_couleurs-noir","13":"pa_pointure-105","14":"pa_pointure-106","15":"pa_pointure-107","16":"pa_pointure-108","17":"pa_pointure-109","18":"pa_pointure-110","21":"first","22":"instock","23":"sale","24":"taxable","25":"shipping-taxable","26":"purchasable","27":"product-type-variable"},"yoast_head":"<!-- This site is optimized with the Yoast SEO plugin v27.5 - https:\/\/yoast.com\/product\/yoast-seo-wordpress\/ -->\n<title>mocassin femme-177407-vog - Vog Tunisie<\/title>\n<meta name=\"robots\" content=\"index, follow, max-snippet:-1, max-image-preview:large, max-video-preview:-1\" \/>\n<link rel=\"canonical\" href=\"https:\/\/vog.com.tn\/?product=mocassin-femme-177407-vog\" \/>\n<meta property=\"og:locale\" content=\"fr_FR\" \/>\n<meta property=\"og:type\" content=\"article\" \/>\n<meta property=\"og:title\" content=\"mocassin femme-177407-vog - Vog Tunisie\" \/>\n<meta property=\"og:description\" content=\"Mat\u00e9riau : Daim  Couleurs disponibles :   Beige avec semelle claire  Ciel avec semelle claire  Noir avec semelle noire    Semelle : \u00c9paisse et antid\u00e9rapante  Style : D\u00e9contract\u00e9 et moderne  D\u00e9tail d\u00e9coratif : Cha\u00eene m\u00e9tallique sur le dessus pour une touche \u00e9l\u00e9gante  Confort : Con\u00e7u pour \u00eatre confortable et chic\" \/>\n<meta property=\"og:url\" content=\"https:\/\/vog.com.tn\/?product=mocassin-femme-177407-vog\" \/>\n<meta property=\"og:site_name\" content=\"Vog Tunisie\" \/>\n<meta property=\"article:modified_time\" content=\"2026-02-11T09:44:11+00:00\" \/>\n<meta property=\"og:image\" content=\"https:\/\/vog.com.tn\/wp-content\/uploads\/2024\/10\/177407-ciel.png\" \/>\n\t<meta property=\"og:image:width\" content=\"572\" \/>\n\t<meta property=\"og:image:height\" content=\"800\" \/>\n\t<meta property=\"og:image:type\" content=\"image\/png\" \/>\n<meta name=\"twitter:card\" content=\"summary_large_image\" \/>\n<meta name=\"twitter:label1\" content=\"Dur\u00e9e de lecture estim\u00e9e\" \/>\n\t<meta name=\"twitter:data1\" content=\"1 minute\" \/>\n<script type=\"application\/ld+json\" class=\"yoast-schema-graph\">{\"@context\":\"https:\\\/\\\/schema.org\",\"@graph\":[{\"@type\":\"WebPage\",\"@id\":\"https:\\\/\\\/vog.com.tn\\\/?product=mocassin-femme-177407-vog\",\"url\":\"https:\\\/\\\/vog.com.tn\\\/?product=mocassin-femme-177407-vog\",\"name\":\"mocassin femme-177407-vog - Vog Tunisie\",\"isPartOf\":{\"@id\":\"https:\\\/\\\/vog.com.tn\\\/#website\"},\"primaryImageOfPage\":{\"@id\":\"https:\\\/\\\/vog.com.tn\\\/?product=mocassin-femme-177407-vog#primaryimage\"},\"image\":{\"@id\":\"https:\\\/\\\/vog.com.tn\\\/?product=mocassin-femme-177407-vog#primaryimage\"},\"thumbnailUrl\":\"https:\\\/\\\/vog.com.tn\\\/wp-content\\\/uploads\\\/2024\\\/10\\\/177407-ciel.png\",\"datePublished\":\"2024-10-30T10:57:54+00:00\",\"dateModified\":\"2026-02-11T09:44:11+00:00\",\"breadcrumb\":{\"@id\":\"https:\\\/\\\/vog.com.tn\\\/?product=mocassin-femme-177407-vog#breadcrumb\"},\"inLanguage\":\"fr-FR\",\"potentialAction\":[{\"@type\":\"ReadAction\",\"target\":[\"https:\\\/\\\/vog.com.tn\\\/?product=mocassin-femme-177407-vog\"]}]},{\"@type\":\"ImageObject\",\"inLanguage\":\"fr-FR\",\"@id\":\"https:\\\/\\\/vog.com.tn\\\/?product=mocassin-femme-177407-vog#primaryimage\",\"url\":\"https:\\\/\\\/vog.com.tn\\\/wp-content\\\/uploads\\\/2024\\\/10\\\/177407-ciel.png\",\"contentUrl\":\"https:\\\/\\\/vog.com.tn\\\/wp-content\\\/uploads\\\/2024\\\/10\\\/177407-ciel.png\",\"width\":572,\"height\":800},{\"@type\":\"BreadcrumbList\",\"@id\":\"https:\\\/\\\/vog.com.tn\\\/?product=mocassin-femme-177407-vog#breadcrumb\",\"itemListElement\":[{\"@type\":\"ListItem\",\"position\":1,\"name\":\"Home\",\"item\":\"https:\\\/\\\/vog.com.tn\\\/\"},{\"@type\":\"ListItem\",\"position\":2,\"name\":\"Produits\",\"item\":\"https:\\\/\\\/vog.com.tn\\\/?page_id=8\"},{\"@type\":\"ListItem\",\"position\":3,\"name\":\"mocassin femme-177407-vog\"}]},{\"@type\":\"WebSite\",\"@id\":\"https:\\\/\\\/vog.com.tn\\\/#website\",\"url\":\"https:\\\/\\\/vog.com.tn\\\/\",\"name\":\"Vog Tunisie\",\"description\":\"Pr\u00eat-\u00e0-porter\",\"potentialAction\":[{\"@type\":\"SearchAction\",\"target\":{\"@type\":\"EntryPoint\",\"urlTemplate\":\"https:\\\/\\\/vog.com.tn\\\/?s={search_term_string}\"},\"query-input\":{\"@type\":\"PropertyValueSpecification\",\"valueRequired\":true,\"valueName\":\"search_term_string\"}}],\"inLanguage\":\"fr-FR\"}]}<\/script>\n<!-- \/ Yoast SEO plugin. -->","yoast_head_json":{"title":"mocassin femme-177407-vog - Vog Tunisie","robots":{"index":"index","follow":"follow","max-snippet":"max-snippet:-1","max-image-preview":"max-image-preview:large","max-video-preview":"max-video-preview:-1"},"canonical":"https:\/\/vog.com.tn\/?product=mocassin-femme-177407-vog","og_locale":"fr_FR","og_type":"article","og_title":"mocassin femme-177407-vog - Vog Tunisie","og_description":"Mat\u00e9riau : Daim  Couleurs disponibles :   Beige avec semelle claire  Ciel avec semelle claire  Noir avec semelle noire    Semelle : \u00c9paisse et antid\u00e9rapante  Style : D\u00e9contract\u00e9 et moderne  D\u00e9tail d\u00e9coratif : Cha\u00eene m\u00e9tallique sur le dessus pour une touche \u00e9l\u00e9gante  Confort : Con\u00e7u pour \u00eatre confortable et chic","og_url":"https:\/\/vog.com.tn\/?product=mocassin-femme-177407-vog","og_site_name":"Vog Tunisie","article_modified_time":"2026-02-11T09:44:11+00:00","og_image":[{"width":572,"height":800,"url":"https:\/\/vog.com.tn\/wp-content\/uploads\/2024\/10\/177407-ciel.png","type":"image\/png"}],"twitter_card":"summary_large_image","twitter_misc":{"Dur\u00e9e de lecture estim\u00e9e":"1 minute"},"schema":{"@context":"https:\/\/schema.org","@graph":[{"@type":"WebPage","@id":"https:\/\/vog.com.tn\/?product=mocassin-femme-177407-vog","url":"https:\/\/vog.com.tn\/?product=mocassin-femme-177407-vog","name":"mocassin femme-177407-vog - Vog Tunisie","isPartOf":{"@id":"https:\/\/vog.com.tn\/#website"},"primaryImageOfPage":{"@id":"https:\/\/vog.com.tn\/?product=mocassin-femme-177407-vog#primaryimage"},"image":{"@id":"https:\/\/vog.com.tn\/?product=mocassin-femme-177407-vog#primaryimage"},"thumbnailUrl":"https:\/\/vog.com.tn\/wp-content\/uploads\/2024\/10\/177407-ciel.png","datePublished":"2024-10-30T10:57:54+00:00","dateModified":"2026-02-11T09:44:11+00:00","breadcrumb":{"@id":"https:\/\/vog.com.tn\/?product=mocassin-femme-177407-vog#breadcrumb"},"inLanguage":"fr-FR","potentialAction":[{"@type":"ReadAction","target":["https:\/\/vog.com.tn\/?product=mocassin-femme-177407-vog"]}]},{"@type":"ImageObject","inLanguage":"fr-FR","@id":"https:\/\/vog.com.tn\/?product=mocassin-femme-177407-vog#primaryimage","url":"https:\/\/vog.com.tn\/wp-content\/uploads\/2024\/10\/177407-ciel.png","contentUrl":"https:\/\/vog.com.tn\/wp-content\/uploads\/2024\/10\/177407-ciel.png","width":572,"height":800},{"@type":"BreadcrumbList","@id":"https:\/\/vog.com.tn\/?product=mocassin-femme-177407-vog#breadcrumb","itemListElement":[{"@type":"ListItem","position":1,"name":"Home","item":"https:\/\/vog.com.tn\/"},{"@type":"ListItem","position":2,"name":"Produits","item":"https:\/\/vog.com.tn\/?page_id=8"},{"@type":"ListItem","position":3,"name":"mocassin femme-177407-vog"}]},{"@type":"WebSite","@id":"https:\/\/vog.com.tn\/#website","url":"https:\/\/vog.com.tn\/","name":"Vog Tunisie","description":"Pr\u00eat-\u00e0-porter","potentialAction":[{"@type":"SearchAction","target":{"@type":"EntryPoint","urlTemplate":"https:\/\/vog.com.tn\/?s={search_term_string}"},"query-input":{"@type":"PropertyValueSpecification","valueRequired":true,"valueName":"search_term_string"}}],"inLanguage":"fr-FR"}]}},"_links":{"self":[{"href":"https:\/\/vog.com.tn\/index.php?rest_route=\/wp\/v2\/product\/77369","targetHints":{"allow":["GET"]}}],"collection":[{"href":"https:\/\/vog.com.tn\/index.php?rest_route=\/wp\/v2\/product"}],"about":[{"href":"https:\/\/vog.com.tn\/index.php?rest_route=\/wp\/v2\/types\/product"}],"wp:featuredmedia":[{"embeddable":true,"href":"https:\/\/vog.com.tn\/index.php?rest_route=\/wp\/v2\/media\/77393"}],"wp:attachment":[{"href":"https:\/\/vog.com.tn\/index.php?rest_route=%2Fwp%2Fv2%2Fmedia&parent=77369"}],"wp:term":[{"taxonomy":"product_brand","embeddable":true,"href":"https:\/\/vog.com.tn\/index.php?rest_route=%2Fwp%2Fv2%2Fproduct_brand&post=77369"},{"taxonomy":"product_cat","embeddable":true,"href":"https:\/\/vog.com.tn\/index.php?rest_route=%2Fwp%2Fv2%2Fproduct_cat&post=77369"},{"taxonomy":"product_tag","embeddable":true,"href":"https:\/\/vog.com.tn\/index.php?rest_route=%2Fwp%2Fv2%2Fproduct_tag&post=77369"}],"curies":[{"name":"wp","href":"https:\/\/api.w.org\/{rel}","templated":true}]}}