{"id":78613,"date":"2024-11-25T16:45:44","date_gmt":"2024-11-25T15:45:44","guid":{"rendered":"https:\/\/vog.com.tn\/?post_type=product&#038;p=78613"},"modified":"2025-02-21T10:28:59","modified_gmt":"2025-02-21T09:28:59","slug":"ensemble-femme-300701-vog","status":"publish","type":"product","link":"https:\/\/vog.com.tn\/?product=ensemble-femme-300701-vog","title":{"rendered":"Ensemble Femme-300701-Vog"},"content":{"rendered":"<p>VOG met en vente en ligne ensemble Femme en Tunisie. Des ensembles confortable pour femme\u00a0tendances pour accueillir la nouvelle saison d\u2019hiver ! Notre s\u00e9lection comprend des ensembles \u00e9l\u00e9gants.<\/p>\n","protected":false},"excerpt":{"rendered":"<div class=\"flex max-w-full flex-col flex-grow\">\n<div class=\"min-h-8 text-message flex w-full flex-col items-end gap-2 whitespace-normal break-words [.text-message+&amp;]:mt-5\" dir=\"auto\" data-message-author-role=\"assistant\" data-message-id=\"22701687-568f-4161-8d77-f5a4da712dec\" data-message-model-slug=\"gpt-4o\">\n<div class=\"flex w-full flex-col gap-1 empty:hidden first:pt-[3px]\">\n<div class=\"markdown prose w-full break-words dark:prose-invert light\">\n<h4 class=\"vente-lgn-dsc\">Vente en ligne ensemble pour femme.<\/h4>\n<ul>\n<li>Ensemble deux pi\u00e8ces : haut et pantalon.<\/li>\n<li>Haut ample \u00e0 manches longues.<\/li>\n<li>Design ray\u00e9 horizontal au bas du haut et des manches.<\/li>\n<li>Col rond classique.<\/li>\n<li>Pantalon droit et fluide.<\/li>\n<li>Style d\u00e9contract\u00e9 et chic.<\/li>\n<li>Mati\u00e8re confortable adapt\u00e9e \u00e0 un usage quotidien<\/li>\n<li>Livraison \u00e0 domicile : 8 TND<\/li>\n<li>D\u00e9lai de livraison : 2 \u00e0 3 jours<\/li>\n<li>\u00c9change possible : Vous ne payez que les frais de livraison pour le second colis.<\/li>\n<li>D\u00e9lai d\u2019\u00e9change : Maximum 1 jour.<\/li>\n<\/ul>\n<\/div>\n<\/div>\n<\/div>\n<\/div>\n<div class=\"mb-2 flex gap-3 empty:hidden -ml-2\">\n<div class=\"items-center justify-start rounded-xl p-1 flex\"><\/div>\n<\/div>\n","protected":false},"featured_media":78633,"template":"","meta":[],"product_brand":[],"product_cat":[239,137,360,71],"product_tag":[],"class_list":{"0":"post-78613","1":"product","2":"type-product","3":"status-publish","4":"has-post-thumbnail","6":"product_cat-ensembles","7":"product_cat-mode-femme","8":"product_cat-nouvelle-collection","9":"product_cat-vetements-femme","10":"pa_couleurs-beige","11":"pa_couleurs-gris","12":"pa_couleurs-noir","13":"pa_couleurs-taupe","14":"pa_taille-tu","17":"first","18":"outofstock","19":"taxable","20":"shipping-taxable","21":"product-type-variable"},"yoast_head":"<!-- This site is optimized with the Yoast SEO plugin v27.5 - https:\/\/yoast.com\/product\/yoast-seo-wordpress\/ -->\n<title>Ensemble Femme-300701-Vog - Vog Tunisie<\/title>\n<meta name=\"robots\" content=\"index, follow, max-snippet:-1, max-image-preview:large, max-video-preview:-1\" \/>\n<link rel=\"canonical\" href=\"https:\/\/vog.com.tn\/?product=ensemble-femme-300701-vog\" \/>\n<meta property=\"og:locale\" content=\"fr_FR\" \/>\n<meta property=\"og:type\" content=\"article\" \/>\n<meta property=\"og:title\" content=\"Ensemble Femme-300701-Vog - Vog Tunisie\" \/>\n<meta property=\"og:description\" content=\"Vente en ligne ensemble pour femme.   Ensemble deux pi\u00e8ces : haut et pantalon.  Haut ample \u00e0 manches longues.  Design ray\u00e9 horizontal au bas du haut et des manches.  Col rond classique.  Pantalon droit et fluide.  Style d\u00e9contract\u00e9 et chic.  Mati\u00e8re confortable adapt\u00e9e \u00e0 un usage quotidien  Livraison \u00e0 domicile : 8 TND  D\u00e9lai de livraison : 2 \u00e0 3 jours  \u00c9change possible : Vous ne payez que les frais de livraison pour le second colis.  D\u00e9lai d\u2019\u00e9change : Maximum 1 jour.\" \/>\n<meta property=\"og:url\" content=\"https:\/\/vog.com.tn\/?product=ensemble-femme-300701-vog\" \/>\n<meta property=\"og:site_name\" content=\"Vog Tunisie\" \/>\n<meta property=\"article:modified_time\" content=\"2025-02-21T09:28:59+00:00\" \/>\n<meta property=\"og:image\" content=\"https:\/\/vog.com.tn\/wp-content\/uploads\/2024\/11\/300701-noir-vog-2.png\" \/>\n\t<meta property=\"og:image:width\" content=\"572\" \/>\n\t<meta property=\"og:image:height\" content=\"800\" \/>\n\t<meta property=\"og:image:type\" content=\"image\/png\" \/>\n<meta name=\"twitter:card\" content=\"summary_large_image\" \/>\n<meta name=\"twitter:label1\" content=\"Dur\u00e9e de lecture estim\u00e9e\" \/>\n\t<meta name=\"twitter:data1\" content=\"1 minute\" \/>\n<script type=\"application\/ld+json\" class=\"yoast-schema-graph\">{\"@context\":\"https:\\\/\\\/schema.org\",\"@graph\":[{\"@type\":\"WebPage\",\"@id\":\"https:\\\/\\\/vog.com.tn\\\/?product=ensemble-femme-300701-vog\",\"url\":\"https:\\\/\\\/vog.com.tn\\\/?product=ensemble-femme-300701-vog\",\"name\":\"Ensemble Femme-300701-Vog - Vog Tunisie\",\"isPartOf\":{\"@id\":\"https:\\\/\\\/vog.com.tn\\\/#website\"},\"primaryImageOfPage\":{\"@id\":\"https:\\\/\\\/vog.com.tn\\\/?product=ensemble-femme-300701-vog#primaryimage\"},\"image\":{\"@id\":\"https:\\\/\\\/vog.com.tn\\\/?product=ensemble-femme-300701-vog#primaryimage\"},\"thumbnailUrl\":\"https:\\\/\\\/vog.com.tn\\\/wp-content\\\/uploads\\\/2024\\\/11\\\/300701-noir-vog-2.png\",\"datePublished\":\"2024-11-25T15:45:44+00:00\",\"dateModified\":\"2025-02-21T09:28:59+00:00\",\"breadcrumb\":{\"@id\":\"https:\\\/\\\/vog.com.tn\\\/?product=ensemble-femme-300701-vog#breadcrumb\"},\"inLanguage\":\"fr-FR\",\"potentialAction\":[{\"@type\":\"ReadAction\",\"target\":[\"https:\\\/\\\/vog.com.tn\\\/?product=ensemble-femme-300701-vog\"]}]},{\"@type\":\"ImageObject\",\"inLanguage\":\"fr-FR\",\"@id\":\"https:\\\/\\\/vog.com.tn\\\/?product=ensemble-femme-300701-vog#primaryimage\",\"url\":\"https:\\\/\\\/vog.com.tn\\\/wp-content\\\/uploads\\\/2024\\\/11\\\/300701-noir-vog-2.png\",\"contentUrl\":\"https:\\\/\\\/vog.com.tn\\\/wp-content\\\/uploads\\\/2024\\\/11\\\/300701-noir-vog-2.png\",\"width\":572,\"height\":800},{\"@type\":\"BreadcrumbList\",\"@id\":\"https:\\\/\\\/vog.com.tn\\\/?product=ensemble-femme-300701-vog#breadcrumb\",\"itemListElement\":[{\"@type\":\"ListItem\",\"position\":1,\"name\":\"Home\",\"item\":\"https:\\\/\\\/vog.com.tn\\\/\"},{\"@type\":\"ListItem\",\"position\":2,\"name\":\"Produits\",\"item\":\"https:\\\/\\\/vog.com.tn\\\/?page_id=8\"},{\"@type\":\"ListItem\",\"position\":3,\"name\":\"Ensemble Femme-300701-Vog\"}]},{\"@type\":\"WebSite\",\"@id\":\"https:\\\/\\\/vog.com.tn\\\/#website\",\"url\":\"https:\\\/\\\/vog.com.tn\\\/\",\"name\":\"Vog Tunisie\",\"description\":\"Pr\u00eat-\u00e0-porter\",\"potentialAction\":[{\"@type\":\"SearchAction\",\"target\":{\"@type\":\"EntryPoint\",\"urlTemplate\":\"https:\\\/\\\/vog.com.tn\\\/?s={search_term_string}\"},\"query-input\":{\"@type\":\"PropertyValueSpecification\",\"valueRequired\":true,\"valueName\":\"search_term_string\"}}],\"inLanguage\":\"fr-FR\"}]}<\/script>\n<!-- \/ Yoast SEO plugin. -->","yoast_head_json":{"title":"Ensemble Femme-300701-Vog - Vog Tunisie","robots":{"index":"index","follow":"follow","max-snippet":"max-snippet:-1","max-image-preview":"max-image-preview:large","max-video-preview":"max-video-preview:-1"},"canonical":"https:\/\/vog.com.tn\/?product=ensemble-femme-300701-vog","og_locale":"fr_FR","og_type":"article","og_title":"Ensemble Femme-300701-Vog - Vog Tunisie","og_description":"Vente en ligne ensemble pour femme.   Ensemble deux pi\u00e8ces : haut et pantalon.  Haut ample \u00e0 manches longues.  Design ray\u00e9 horizontal au bas du haut et des manches.  Col rond classique.  Pantalon droit et fluide.  Style d\u00e9contract\u00e9 et chic.  Mati\u00e8re confortable adapt\u00e9e \u00e0 un usage quotidien  Livraison \u00e0 domicile : 8 TND  D\u00e9lai de livraison : 2 \u00e0 3 jours  \u00c9change possible : Vous ne payez que les frais de livraison pour le second colis.  D\u00e9lai d\u2019\u00e9change : Maximum 1 jour.","og_url":"https:\/\/vog.com.tn\/?product=ensemble-femme-300701-vog","og_site_name":"Vog Tunisie","article_modified_time":"2025-02-21T09:28:59+00:00","og_image":[{"width":572,"height":800,"url":"https:\/\/vog.com.tn\/wp-content\/uploads\/2024\/11\/300701-noir-vog-2.png","type":"image\/png"}],"twitter_card":"summary_large_image","twitter_misc":{"Dur\u00e9e de lecture estim\u00e9e":"1 minute"},"schema":{"@context":"https:\/\/schema.org","@graph":[{"@type":"WebPage","@id":"https:\/\/vog.com.tn\/?product=ensemble-femme-300701-vog","url":"https:\/\/vog.com.tn\/?product=ensemble-femme-300701-vog","name":"Ensemble Femme-300701-Vog - Vog Tunisie","isPartOf":{"@id":"https:\/\/vog.com.tn\/#website"},"primaryImageOfPage":{"@id":"https:\/\/vog.com.tn\/?product=ensemble-femme-300701-vog#primaryimage"},"image":{"@id":"https:\/\/vog.com.tn\/?product=ensemble-femme-300701-vog#primaryimage"},"thumbnailUrl":"https:\/\/vog.com.tn\/wp-content\/uploads\/2024\/11\/300701-noir-vog-2.png","datePublished":"2024-11-25T15:45:44+00:00","dateModified":"2025-02-21T09:28:59+00:00","breadcrumb":{"@id":"https:\/\/vog.com.tn\/?product=ensemble-femme-300701-vog#breadcrumb"},"inLanguage":"fr-FR","potentialAction":[{"@type":"ReadAction","target":["https:\/\/vog.com.tn\/?product=ensemble-femme-300701-vog"]}]},{"@type":"ImageObject","inLanguage":"fr-FR","@id":"https:\/\/vog.com.tn\/?product=ensemble-femme-300701-vog#primaryimage","url":"https:\/\/vog.com.tn\/wp-content\/uploads\/2024\/11\/300701-noir-vog-2.png","contentUrl":"https:\/\/vog.com.tn\/wp-content\/uploads\/2024\/11\/300701-noir-vog-2.png","width":572,"height":800},{"@type":"BreadcrumbList","@id":"https:\/\/vog.com.tn\/?product=ensemble-femme-300701-vog#breadcrumb","itemListElement":[{"@type":"ListItem","position":1,"name":"Home","item":"https:\/\/vog.com.tn\/"},{"@type":"ListItem","position":2,"name":"Produits","item":"https:\/\/vog.com.tn\/?page_id=8"},{"@type":"ListItem","position":3,"name":"Ensemble Femme-300701-Vog"}]},{"@type":"WebSite","@id":"https:\/\/vog.com.tn\/#website","url":"https:\/\/vog.com.tn\/","name":"Vog Tunisie","description":"Pr\u00eat-\u00e0-porter","potentialAction":[{"@type":"SearchAction","target":{"@type":"EntryPoint","urlTemplate":"https:\/\/vog.com.tn\/?s={search_term_string}"},"query-input":{"@type":"PropertyValueSpecification","valueRequired":true,"valueName":"search_term_string"}}],"inLanguage":"fr-FR"}]}},"_links":{"self":[{"href":"https:\/\/vog.com.tn\/index.php?rest_route=\/wp\/v2\/product\/78613","targetHints":{"allow":["GET"]}}],"collection":[{"href":"https:\/\/vog.com.tn\/index.php?rest_route=\/wp\/v2\/product"}],"about":[{"href":"https:\/\/vog.com.tn\/index.php?rest_route=\/wp\/v2\/types\/product"}],"wp:featuredmedia":[{"embeddable":true,"href":"https:\/\/vog.com.tn\/index.php?rest_route=\/wp\/v2\/media\/78633"}],"wp:attachment":[{"href":"https:\/\/vog.com.tn\/index.php?rest_route=%2Fwp%2Fv2%2Fmedia&parent=78613"}],"wp:term":[{"taxonomy":"product_brand","embeddable":true,"href":"https:\/\/vog.com.tn\/index.php?rest_route=%2Fwp%2Fv2%2Fproduct_brand&post=78613"},{"taxonomy":"product_cat","embeddable":true,"href":"https:\/\/vog.com.tn\/index.php?rest_route=%2Fwp%2Fv2%2Fproduct_cat&post=78613"},{"taxonomy":"product_tag","embeddable":true,"href":"https:\/\/vog.com.tn\/index.php?rest_route=%2Fwp%2Fv2%2Fproduct_tag&post=78613"}],"curies":[{"name":"wp","href":"https:\/\/api.w.org\/{rel}","templated":true}]}}