{"id":78618,"date":"2024-11-26T09:50:58","date_gmt":"2024-11-26T08:50:58","guid":{"rendered":"https:\/\/vog.com.tn\/?post_type=product&#038;p=78618"},"modified":"2025-04-02T12:57:17","modified_gmt":"2025-04-02T10:57:17","slug":"gilet-femme-300172-vog","status":"publish","type":"product","link":"https:\/\/vog.com.tn\/?product=gilet-femme-300172-vog","title":{"rendered":"Gilet Femme-300172-VOG"},"content":{"rendered":"<p>Vog met en vente en ligne des gilets femme en Tunisie. Adoptez un style \u00e9l\u00e9gant et confortable pour affronter les saisons froides. Avec leurs broderies raffin\u00e9es et leur coupe ouverte, nos gilets ajoutent une touche tendance \u00e0 vos tenues d\u2019automne et d\u2019hiver. Pratiques et modernes, ils sont parfaits pour rester au chaud tout en restant chic. Faites du gilet l\u2019accessoire incontournable de votre garde-robe cette saison !<\/p>\n","protected":false},"excerpt":{"rendered":"<p>Vente en ligne gilet pour femme.<\/p>\n<p>\u2022 Gilet sans manches en tissu doux.<br \/>\n\u2022 Bordures en fausse fourrure.<br \/>\n\u2022 D\u00e9tails brod\u00e9s au motif floral.<br \/>\n\u2022 Coupe ouverte, sans fermeture.<br \/>\n\u2022 Livraison \u00e0 domicile : 8 TND.<br \/>\n\u2022 D\u00e9lai de livraison : 2 \u00e0 3 jours.<br \/>\n\u2022 \u00c9change possible : Vous ne payez que les frais de livraison pour le second colis.<br \/>\n\u2022 D\u00e9lai d\u2019\u00e9change : Maximum 1 jour.<\/p>\n","protected":false},"featured_media":78632,"template":"","meta":[],"product_brand":[],"product_cat":[397,137,360,71],"product_tag":[],"class_list":{"0":"post-78618","1":"product","2":"type-product","3":"status-publish","4":"has-post-thumbnail","6":"product_cat-gilet","7":"product_cat-mode-femme","8":"product_cat-nouvelle-collection","9":"product_cat-vetements-femme","10":"pa_couleurs-beige","11":"pa_couleurs-camel","12":"pa_taille-large","13":"pa_taille-moyenne","14":"pa_taille-small","17":"first","18":"outofstock","19":"taxable","20":"shipping-taxable","21":"product-type-variable"},"yoast_head":"<!-- This site is optimized with the Yoast SEO plugin v27.5 - https:\/\/yoast.com\/product\/yoast-seo-wordpress\/ -->\n<title>Gilet Femme-300172-VOG - Vog Tunisie<\/title>\n<meta name=\"robots\" content=\"index, follow, max-snippet:-1, max-image-preview:large, max-video-preview:-1\" \/>\n<link rel=\"canonical\" href=\"https:\/\/vog.com.tn\/?product=gilet-femme-300172-vog\" \/>\n<meta property=\"og:locale\" content=\"fr_FR\" \/>\n<meta property=\"og:type\" content=\"article\" \/>\n<meta property=\"og:title\" content=\"Gilet Femme-300172-VOG - Vog Tunisie\" \/>\n<meta property=\"og:description\" content=\"Vente en ligne gilet pour femme.  \u2022 Gilet sans manches en tissu doux. \u2022 Bordures en fausse fourrure. \u2022 D\u00e9tails brod\u00e9s au motif floral. \u2022 Coupe ouverte, sans fermeture. \u2022 Livraison \u00e0 domicile : 8 TND. \u2022 D\u00e9lai de livraison : 2 \u00e0 3 jours. \u2022 \u00c9change possible : Vous ne payez que les frais de livraison pour le second colis. \u2022 D\u00e9lai d\u2019\u00e9change : Maximum 1 jour.\" \/>\n<meta property=\"og:url\" content=\"https:\/\/vog.com.tn\/?product=gilet-femme-300172-vog\" \/>\n<meta property=\"og:site_name\" content=\"Vog Tunisie\" \/>\n<meta property=\"article:modified_time\" content=\"2025-04-02T10:57:17+00:00\" \/>\n<meta property=\"og:image\" content=\"https:\/\/vog.com.tn\/wp-content\/uploads\/2024\/11\/300172-camel-vog-.png\" \/>\n\t<meta property=\"og:image:width\" content=\"572\" \/>\n\t<meta property=\"og:image:height\" content=\"800\" \/>\n\t<meta property=\"og:image:type\" content=\"image\/png\" \/>\n<meta name=\"twitter:card\" content=\"summary_large_image\" \/>\n<meta name=\"twitter:label1\" content=\"Dur\u00e9e de lecture estim\u00e9e\" \/>\n\t<meta name=\"twitter:data1\" content=\"1 minute\" \/>\n<script type=\"application\/ld+json\" class=\"yoast-schema-graph\">{\"@context\":\"https:\\\/\\\/schema.org\",\"@graph\":[{\"@type\":\"WebPage\",\"@id\":\"https:\\\/\\\/vog.com.tn\\\/?product=gilet-femme-300172-vog\",\"url\":\"https:\\\/\\\/vog.com.tn\\\/?product=gilet-femme-300172-vog\",\"name\":\"Gilet Femme-300172-VOG - Vog Tunisie\",\"isPartOf\":{\"@id\":\"https:\\\/\\\/vog.com.tn\\\/#website\"},\"primaryImageOfPage\":{\"@id\":\"https:\\\/\\\/vog.com.tn\\\/?product=gilet-femme-300172-vog#primaryimage\"},\"image\":{\"@id\":\"https:\\\/\\\/vog.com.tn\\\/?product=gilet-femme-300172-vog#primaryimage\"},\"thumbnailUrl\":\"https:\\\/\\\/vog.com.tn\\\/wp-content\\\/uploads\\\/2024\\\/11\\\/300172-camel-vog-.png\",\"datePublished\":\"2024-11-26T08:50:58+00:00\",\"dateModified\":\"2025-04-02T10:57:17+00:00\",\"breadcrumb\":{\"@id\":\"https:\\\/\\\/vog.com.tn\\\/?product=gilet-femme-300172-vog#breadcrumb\"},\"inLanguage\":\"fr-FR\",\"potentialAction\":[{\"@type\":\"ReadAction\",\"target\":[\"https:\\\/\\\/vog.com.tn\\\/?product=gilet-femme-300172-vog\"]}]},{\"@type\":\"ImageObject\",\"inLanguage\":\"fr-FR\",\"@id\":\"https:\\\/\\\/vog.com.tn\\\/?product=gilet-femme-300172-vog#primaryimage\",\"url\":\"https:\\\/\\\/vog.com.tn\\\/wp-content\\\/uploads\\\/2024\\\/11\\\/300172-camel-vog-.png\",\"contentUrl\":\"https:\\\/\\\/vog.com.tn\\\/wp-content\\\/uploads\\\/2024\\\/11\\\/300172-camel-vog-.png\",\"width\":572,\"height\":800},{\"@type\":\"BreadcrumbList\",\"@id\":\"https:\\\/\\\/vog.com.tn\\\/?product=gilet-femme-300172-vog#breadcrumb\",\"itemListElement\":[{\"@type\":\"ListItem\",\"position\":1,\"name\":\"Home\",\"item\":\"https:\\\/\\\/vog.com.tn\\\/\"},{\"@type\":\"ListItem\",\"position\":2,\"name\":\"Produits\",\"item\":\"https:\\\/\\\/vog.com.tn\\\/?page_id=8\"},{\"@type\":\"ListItem\",\"position\":3,\"name\":\"Gilet Femme-300172-VOG\"}]},{\"@type\":\"WebSite\",\"@id\":\"https:\\\/\\\/vog.com.tn\\\/#website\",\"url\":\"https:\\\/\\\/vog.com.tn\\\/\",\"name\":\"Vog Tunisie\",\"description\":\"Pr\u00eat-\u00e0-porter\",\"potentialAction\":[{\"@type\":\"SearchAction\",\"target\":{\"@type\":\"EntryPoint\",\"urlTemplate\":\"https:\\\/\\\/vog.com.tn\\\/?s={search_term_string}\"},\"query-input\":{\"@type\":\"PropertyValueSpecification\",\"valueRequired\":true,\"valueName\":\"search_term_string\"}}],\"inLanguage\":\"fr-FR\"}]}<\/script>\n<!-- \/ Yoast SEO plugin. -->","yoast_head_json":{"title":"Gilet Femme-300172-VOG - Vog Tunisie","robots":{"index":"index","follow":"follow","max-snippet":"max-snippet:-1","max-image-preview":"max-image-preview:large","max-video-preview":"max-video-preview:-1"},"canonical":"https:\/\/vog.com.tn\/?product=gilet-femme-300172-vog","og_locale":"fr_FR","og_type":"article","og_title":"Gilet Femme-300172-VOG - Vog Tunisie","og_description":"Vente en ligne gilet pour femme.  \u2022 Gilet sans manches en tissu doux. \u2022 Bordures en fausse fourrure. \u2022 D\u00e9tails brod\u00e9s au motif floral. \u2022 Coupe ouverte, sans fermeture. \u2022 Livraison \u00e0 domicile : 8 TND. \u2022 D\u00e9lai de livraison : 2 \u00e0 3 jours. \u2022 \u00c9change possible : Vous ne payez que les frais de livraison pour le second colis. \u2022 D\u00e9lai d\u2019\u00e9change : Maximum 1 jour.","og_url":"https:\/\/vog.com.tn\/?product=gilet-femme-300172-vog","og_site_name":"Vog Tunisie","article_modified_time":"2025-04-02T10:57:17+00:00","og_image":[{"width":572,"height":800,"url":"https:\/\/vog.com.tn\/wp-content\/uploads\/2024\/11\/300172-camel-vog-.png","type":"image\/png"}],"twitter_card":"summary_large_image","twitter_misc":{"Dur\u00e9e de lecture estim\u00e9e":"1 minute"},"schema":{"@context":"https:\/\/schema.org","@graph":[{"@type":"WebPage","@id":"https:\/\/vog.com.tn\/?product=gilet-femme-300172-vog","url":"https:\/\/vog.com.tn\/?product=gilet-femme-300172-vog","name":"Gilet Femme-300172-VOG - Vog Tunisie","isPartOf":{"@id":"https:\/\/vog.com.tn\/#website"},"primaryImageOfPage":{"@id":"https:\/\/vog.com.tn\/?product=gilet-femme-300172-vog#primaryimage"},"image":{"@id":"https:\/\/vog.com.tn\/?product=gilet-femme-300172-vog#primaryimage"},"thumbnailUrl":"https:\/\/vog.com.tn\/wp-content\/uploads\/2024\/11\/300172-camel-vog-.png","datePublished":"2024-11-26T08:50:58+00:00","dateModified":"2025-04-02T10:57:17+00:00","breadcrumb":{"@id":"https:\/\/vog.com.tn\/?product=gilet-femme-300172-vog#breadcrumb"},"inLanguage":"fr-FR","potentialAction":[{"@type":"ReadAction","target":["https:\/\/vog.com.tn\/?product=gilet-femme-300172-vog"]}]},{"@type":"ImageObject","inLanguage":"fr-FR","@id":"https:\/\/vog.com.tn\/?product=gilet-femme-300172-vog#primaryimage","url":"https:\/\/vog.com.tn\/wp-content\/uploads\/2024\/11\/300172-camel-vog-.png","contentUrl":"https:\/\/vog.com.tn\/wp-content\/uploads\/2024\/11\/300172-camel-vog-.png","width":572,"height":800},{"@type":"BreadcrumbList","@id":"https:\/\/vog.com.tn\/?product=gilet-femme-300172-vog#breadcrumb","itemListElement":[{"@type":"ListItem","position":1,"name":"Home","item":"https:\/\/vog.com.tn\/"},{"@type":"ListItem","position":2,"name":"Produits","item":"https:\/\/vog.com.tn\/?page_id=8"},{"@type":"ListItem","position":3,"name":"Gilet Femme-300172-VOG"}]},{"@type":"WebSite","@id":"https:\/\/vog.com.tn\/#website","url":"https:\/\/vog.com.tn\/","name":"Vog Tunisie","description":"Pr\u00eat-\u00e0-porter","potentialAction":[{"@type":"SearchAction","target":{"@type":"EntryPoint","urlTemplate":"https:\/\/vog.com.tn\/?s={search_term_string}"},"query-input":{"@type":"PropertyValueSpecification","valueRequired":true,"valueName":"search_term_string"}}],"inLanguage":"fr-FR"}]}},"_links":{"self":[{"href":"https:\/\/vog.com.tn\/index.php?rest_route=\/wp\/v2\/product\/78618","targetHints":{"allow":["GET"]}}],"collection":[{"href":"https:\/\/vog.com.tn\/index.php?rest_route=\/wp\/v2\/product"}],"about":[{"href":"https:\/\/vog.com.tn\/index.php?rest_route=\/wp\/v2\/types\/product"}],"wp:featuredmedia":[{"embeddable":true,"href":"https:\/\/vog.com.tn\/index.php?rest_route=\/wp\/v2\/media\/78632"}],"wp:attachment":[{"href":"https:\/\/vog.com.tn\/index.php?rest_route=%2Fwp%2Fv2%2Fmedia&parent=78618"}],"wp:term":[{"taxonomy":"product_brand","embeddable":true,"href":"https:\/\/vog.com.tn\/index.php?rest_route=%2Fwp%2Fv2%2Fproduct_brand&post=78618"},{"taxonomy":"product_cat","embeddable":true,"href":"https:\/\/vog.com.tn\/index.php?rest_route=%2Fwp%2Fv2%2Fproduct_cat&post=78618"},{"taxonomy":"product_tag","embeddable":true,"href":"https:\/\/vog.com.tn\/index.php?rest_route=%2Fwp%2Fv2%2Fproduct_tag&post=78618"}],"curies":[{"name":"wp","href":"https:\/\/api.w.org\/{rel}","templated":true}]}}