{"id":78700,"date":"2024-11-26T10:04:54","date_gmt":"2024-11-26T09:04:54","guid":{"rendered":"https:\/\/vog.com.tn\/?post_type=product&#038;p=78700"},"modified":"2026-04-04T12:12:02","modified_gmt":"2026-04-04T10:12:02","slug":"robe-femme-300805-vog","status":"publish","type":"product","link":"https:\/\/vog.com.tn\/?product=robe-femme-300805-vog","title":{"rendered":"Robe Femme \u2013 300805\u2013 VOG"},"content":{"rendered":"<p>Vog met en vente en ligne Robe en Tunisie. Qu\u2019il s\u2019agisse de mod\u00e8les portefeuille ou ajust\u00e9s , nous vous proposons tous les styles, couleurs et imprim\u00e9s pour<strong>\u00a0les robes<\/strong>\u00a0de la saison. Que vous cherchiez une robe chemise classique pour le travail ou une robe en maille pour \u00eatre \u00e0 l\u2019aise le week-end, trouvez la robe id\u00e9ale pour chaque occasion dans notre nouvelle collection.<\/p>\n","protected":false},"excerpt":{"rendered":"<p><strong>Vente en ligne robe pour femme<\/strong>.<\/p>\n<ul>\n<li>Robe longue.<\/li>\n<li>Col en U \u00e9l\u00e9gant.<\/li>\n<li>Manches longues ajust\u00e9es.<\/li>\n<li>Coupe cintr\u00e9e .<\/li>\n<li>Tissu c\u00f4tel\u00e9 offrant texture et confort.<\/li>\n<li>Style chic et polyvalent, adapt\u00e9 \u00e0 diff\u00e9rentes occasions.<\/li>\n<li>Livraison \u00e0 domicile : 8 TND<\/li>\n<li>D\u00e9lai de livraison : 2 \u00e0 3 jours<\/li>\n<li>\u00c9change possible : Vous ne payez que les frais de livraison pour le second colis.<\/li>\n<li>D\u00e9lai d\u2019\u00e9change : Maximum 1 jour.<\/li>\n<\/ul>\n","protected":false},"featured_media":112782,"template":"","meta":[],"product_brand":[],"product_cat":[137,360,281,44,71],"product_tag":[],"class_list":{"0":"post-78700","1":"product","2":"type-product","3":"status-publish","4":"has-post-thumbnail","6":"product_cat-mode-femme","7":"product_cat-nouvelle-collection","8":"product_cat-robe-robe-dhiver","9":"product_cat-robes-femme","10":"product_cat-vetements-femme","11":"pa_couleurs-beige","12":"pa_couleurs-camel","13":"pa_couleurs-noir","14":"pa_couleurs-taupe","15":"pa_couleurs-vert","16":"pa_taille-tu","19":"first","20":"outofstock","21":"taxable","22":"shipping-taxable","23":"product-type-variable"},"yoast_head":"<!-- This site is optimized with the Yoast SEO plugin v27.5 - https:\/\/yoast.com\/product\/yoast-seo-wordpress\/ -->\n<title>Robe Femme \u2013 300805\u2013 VOG - Vog Tunisie<\/title>\n<meta name=\"robots\" content=\"index, follow, max-snippet:-1, max-image-preview:large, max-video-preview:-1\" \/>\n<link rel=\"canonical\" href=\"https:\/\/vog.com.tn\/?product=robe-femme-300805-vog\" \/>\n<meta property=\"og:locale\" content=\"fr_FR\" \/>\n<meta property=\"og:type\" content=\"article\" \/>\n<meta property=\"og:title\" content=\"Robe Femme \u2013 300805\u2013 VOG - Vog Tunisie\" \/>\n<meta property=\"og:description\" content=\"Vente en ligne robe pour femme.   Robe longue.  Col en U \u00e9l\u00e9gant.  Manches longues ajust\u00e9es.  Coupe cintr\u00e9e .  Tissu c\u00f4tel\u00e9 offrant texture et confort.  Style chic et polyvalent, adapt\u00e9 \u00e0 diff\u00e9rentes occasions.  Livraison \u00e0 domicile : 8 TND  D\u00e9lai de livraison : 2 \u00e0 3 jours  \u00c9change possible : Vous ne payez que les frais de livraison pour le second colis.  D\u00e9lai d\u2019\u00e9change : Maximum 1 jour.\" \/>\n<meta property=\"og:url\" content=\"https:\/\/vog.com.tn\/?product=robe-femme-300805-vog\" \/>\n<meta property=\"og:site_name\" content=\"Vog Tunisie\" \/>\n<meta property=\"article:modified_time\" content=\"2026-04-04T10:12:02+00:00\" \/>\n<meta property=\"og:image\" content=\"https:\/\/vog.com.tn\/wp-content\/uploads\/2024\/11\/300805-noir-vog.png\" \/>\n\t<meta property=\"og:image:width\" content=\"572\" \/>\n\t<meta property=\"og:image:height\" content=\"800\" \/>\n\t<meta property=\"og:image:type\" content=\"image\/png\" \/>\n<meta name=\"twitter:card\" content=\"summary_large_image\" \/>\n<meta name=\"twitter:label1\" content=\"Dur\u00e9e de lecture estim\u00e9e\" \/>\n\t<meta name=\"twitter:data1\" content=\"1 minute\" \/>\n<script type=\"application\/ld+json\" class=\"yoast-schema-graph\">{\"@context\":\"https:\\\/\\\/schema.org\",\"@graph\":[{\"@type\":\"WebPage\",\"@id\":\"https:\\\/\\\/vog.com.tn\\\/?product=robe-femme-300805-vog\",\"url\":\"https:\\\/\\\/vog.com.tn\\\/?product=robe-femme-300805-vog\",\"name\":\"Robe Femme \u2013 300805\u2013 VOG - Vog Tunisie\",\"isPartOf\":{\"@id\":\"https:\\\/\\\/vog.com.tn\\\/#website\"},\"primaryImageOfPage\":{\"@id\":\"https:\\\/\\\/vog.com.tn\\\/?product=robe-femme-300805-vog#primaryimage\"},\"image\":{\"@id\":\"https:\\\/\\\/vog.com.tn\\\/?product=robe-femme-300805-vog#primaryimage\"},\"thumbnailUrl\":\"https:\\\/\\\/vog.com.tn\\\/wp-content\\\/uploads\\\/2024\\\/11\\\/300805-noir-vog.png\",\"datePublished\":\"2024-11-26T09:04:54+00:00\",\"dateModified\":\"2026-04-04T10:12:02+00:00\",\"breadcrumb\":{\"@id\":\"https:\\\/\\\/vog.com.tn\\\/?product=robe-femme-300805-vog#breadcrumb\"},\"inLanguage\":\"fr-FR\",\"potentialAction\":[{\"@type\":\"ReadAction\",\"target\":[\"https:\\\/\\\/vog.com.tn\\\/?product=robe-femme-300805-vog\"]}]},{\"@type\":\"ImageObject\",\"inLanguage\":\"fr-FR\",\"@id\":\"https:\\\/\\\/vog.com.tn\\\/?product=robe-femme-300805-vog#primaryimage\",\"url\":\"https:\\\/\\\/vog.com.tn\\\/wp-content\\\/uploads\\\/2024\\\/11\\\/300805-noir-vog.png\",\"contentUrl\":\"https:\\\/\\\/vog.com.tn\\\/wp-content\\\/uploads\\\/2024\\\/11\\\/300805-noir-vog.png\",\"width\":572,\"height\":800},{\"@type\":\"BreadcrumbList\",\"@id\":\"https:\\\/\\\/vog.com.tn\\\/?product=robe-femme-300805-vog#breadcrumb\",\"itemListElement\":[{\"@type\":\"ListItem\",\"position\":1,\"name\":\"Home\",\"item\":\"https:\\\/\\\/vog.com.tn\\\/\"},{\"@type\":\"ListItem\",\"position\":2,\"name\":\"Produits\",\"item\":\"https:\\\/\\\/vog.com.tn\\\/?page_id=8\"},{\"@type\":\"ListItem\",\"position\":3,\"name\":\"Robe Femme \u2013 300805\u2013 VOG\"}]},{\"@type\":\"WebSite\",\"@id\":\"https:\\\/\\\/vog.com.tn\\\/#website\",\"url\":\"https:\\\/\\\/vog.com.tn\\\/\",\"name\":\"Vog Tunisie\",\"description\":\"Pr\u00eat-\u00e0-porter\",\"potentialAction\":[{\"@type\":\"SearchAction\",\"target\":{\"@type\":\"EntryPoint\",\"urlTemplate\":\"https:\\\/\\\/vog.com.tn\\\/?s={search_term_string}\"},\"query-input\":{\"@type\":\"PropertyValueSpecification\",\"valueRequired\":true,\"valueName\":\"search_term_string\"}}],\"inLanguage\":\"fr-FR\"}]}<\/script>\n<!-- \/ Yoast SEO plugin. -->","yoast_head_json":{"title":"Robe Femme \u2013 300805\u2013 VOG - Vog Tunisie","robots":{"index":"index","follow":"follow","max-snippet":"max-snippet:-1","max-image-preview":"max-image-preview:large","max-video-preview":"max-video-preview:-1"},"canonical":"https:\/\/vog.com.tn\/?product=robe-femme-300805-vog","og_locale":"fr_FR","og_type":"article","og_title":"Robe Femme \u2013 300805\u2013 VOG - Vog Tunisie","og_description":"Vente en ligne robe pour femme.   Robe longue.  Col en U \u00e9l\u00e9gant.  Manches longues ajust\u00e9es.  Coupe cintr\u00e9e .  Tissu c\u00f4tel\u00e9 offrant texture et confort.  Style chic et polyvalent, adapt\u00e9 \u00e0 diff\u00e9rentes occasions.  Livraison \u00e0 domicile : 8 TND  D\u00e9lai de livraison : 2 \u00e0 3 jours  \u00c9change possible : Vous ne payez que les frais de livraison pour le second colis.  D\u00e9lai d\u2019\u00e9change : Maximum 1 jour.","og_url":"https:\/\/vog.com.tn\/?product=robe-femme-300805-vog","og_site_name":"Vog Tunisie","article_modified_time":"2026-04-04T10:12:02+00:00","og_image":[{"width":572,"height":800,"url":"https:\/\/vog.com.tn\/wp-content\/uploads\/2024\/11\/300805-noir-vog.png","type":"image\/png"}],"twitter_card":"summary_large_image","twitter_misc":{"Dur\u00e9e de lecture estim\u00e9e":"1 minute"},"schema":{"@context":"https:\/\/schema.org","@graph":[{"@type":"WebPage","@id":"https:\/\/vog.com.tn\/?product=robe-femme-300805-vog","url":"https:\/\/vog.com.tn\/?product=robe-femme-300805-vog","name":"Robe Femme \u2013 300805\u2013 VOG - Vog Tunisie","isPartOf":{"@id":"https:\/\/vog.com.tn\/#website"},"primaryImageOfPage":{"@id":"https:\/\/vog.com.tn\/?product=robe-femme-300805-vog#primaryimage"},"image":{"@id":"https:\/\/vog.com.tn\/?product=robe-femme-300805-vog#primaryimage"},"thumbnailUrl":"https:\/\/vog.com.tn\/wp-content\/uploads\/2024\/11\/300805-noir-vog.png","datePublished":"2024-11-26T09:04:54+00:00","dateModified":"2026-04-04T10:12:02+00:00","breadcrumb":{"@id":"https:\/\/vog.com.tn\/?product=robe-femme-300805-vog#breadcrumb"},"inLanguage":"fr-FR","potentialAction":[{"@type":"ReadAction","target":["https:\/\/vog.com.tn\/?product=robe-femme-300805-vog"]}]},{"@type":"ImageObject","inLanguage":"fr-FR","@id":"https:\/\/vog.com.tn\/?product=robe-femme-300805-vog#primaryimage","url":"https:\/\/vog.com.tn\/wp-content\/uploads\/2024\/11\/300805-noir-vog.png","contentUrl":"https:\/\/vog.com.tn\/wp-content\/uploads\/2024\/11\/300805-noir-vog.png","width":572,"height":800},{"@type":"BreadcrumbList","@id":"https:\/\/vog.com.tn\/?product=robe-femme-300805-vog#breadcrumb","itemListElement":[{"@type":"ListItem","position":1,"name":"Home","item":"https:\/\/vog.com.tn\/"},{"@type":"ListItem","position":2,"name":"Produits","item":"https:\/\/vog.com.tn\/?page_id=8"},{"@type":"ListItem","position":3,"name":"Robe Femme \u2013 300805\u2013 VOG"}]},{"@type":"WebSite","@id":"https:\/\/vog.com.tn\/#website","url":"https:\/\/vog.com.tn\/","name":"Vog Tunisie","description":"Pr\u00eat-\u00e0-porter","potentialAction":[{"@type":"SearchAction","target":{"@type":"EntryPoint","urlTemplate":"https:\/\/vog.com.tn\/?s={search_term_string}"},"query-input":{"@type":"PropertyValueSpecification","valueRequired":true,"valueName":"search_term_string"}}],"inLanguage":"fr-FR"}]}},"_links":{"self":[{"href":"https:\/\/vog.com.tn\/index.php?rest_route=\/wp\/v2\/product\/78700","targetHints":{"allow":["GET"]}}],"collection":[{"href":"https:\/\/vog.com.tn\/index.php?rest_route=\/wp\/v2\/product"}],"about":[{"href":"https:\/\/vog.com.tn\/index.php?rest_route=\/wp\/v2\/types\/product"}],"wp:featuredmedia":[{"embeddable":true,"href":"https:\/\/vog.com.tn\/index.php?rest_route=\/wp\/v2\/media\/112782"}],"wp:attachment":[{"href":"https:\/\/vog.com.tn\/index.php?rest_route=%2Fwp%2Fv2%2Fmedia&parent=78700"}],"wp:term":[{"taxonomy":"product_brand","embeddable":true,"href":"https:\/\/vog.com.tn\/index.php?rest_route=%2Fwp%2Fv2%2Fproduct_brand&post=78700"},{"taxonomy":"product_cat","embeddable":true,"href":"https:\/\/vog.com.tn\/index.php?rest_route=%2Fwp%2Fv2%2Fproduct_cat&post=78700"},{"taxonomy":"product_tag","embeddable":true,"href":"https:\/\/vog.com.tn\/index.php?rest_route=%2Fwp%2Fv2%2Fproduct_tag&post=78700"}],"curies":[{"name":"wp","href":"https:\/\/api.w.org\/{rel}","templated":true}]}}