{"id":78794,"date":"2024-11-26T11:25:12","date_gmt":"2024-11-26T10:25:12","guid":{"rendered":"https:\/\/vog.com.tn\/?post_type=product&#038;p=78794"},"modified":"2026-03-17T11:12:10","modified_gmt":"2026-03-17T10:12:10","slug":"ensemble-survetement-femme-300955-vog","status":"publish","type":"product","link":"https:\/\/vog.com.tn\/?product=ensemble-survetement-femme-300955-vog","title":{"rendered":"Ensemble Surv\u00eatement Femme-300955-Vog"},"content":{"rendered":"<p>Vog met en vente en ligne surv\u00eatement en Tunisie.Ensemble de surv\u00eatements 2 pi\u00e8ces pour femmes comprenant capuche \u00e0 manches longues et un pantalon de surv\u00eatement \u00e0 cordon de serrage, couleur unie classique et design de base, simple mais unique, il est facile \u00e0 associer avec des talons hauts, des chaussures de sport, etc<\/p>\n","protected":false},"excerpt":{"rendered":"<div class=\"woocommerce-product-details__short-description\">\n<div class=\"woocommerce-product-details__short-description\">\n<h4 class=\"vente-lgn-dsc\">Vente en ligne ensemble de surv\u00eatement pour femme.<\/h4>\n<ul>\n<li>Ensemble Surv\u00eatement deux pi\u00e8ces pour femme.<\/li>\n<li>Pull col rond avec capuche et 2 poches .<\/li>\n<li>Pantalon jogging avec 2 poches .<\/li>\n<li>Manches longue.<\/li>\n<li>Composition : 95% coton et 5% \u00e9lasthanne.<\/li>\n<li>Livraison \u00e0 domicile : 8 TND.<\/li>\n<li>D\u00e9lai de livraison : 2 \u00e0 3 jours.<\/li>\n<li>\u00c9change possible : Vous ne payez que les frais de livraison pour le second colis.<\/li>\n<li>D\u00e9lai d\u2019\u00e9change : Maximum 1 jour.\n<div class=\"woocommerce-product-details__short-description\"><\/div>\n<div data-product_id=\"78700\" data-threshold_min=\"30\" data-threshold_max=\"100\" data-total=\"5\"><\/div>\n<\/li>\n<\/ul>\n<\/div>\n<\/div>\n","protected":false},"featured_media":112944,"template":"","meta":[],"product_brand":[],"product_cat":[239,442,137,360,71],"product_tag":[],"class_list":{"0":"post-78794","1":"product","2":"type-product","3":"status-publish","4":"has-post-thumbnail","6":"product_cat-ensembles","7":"product_cat-ensembles-dhiver","8":"product_cat-mode-femme","9":"product_cat-nouvelle-collection","10":"product_cat-vetements-femme","11":"pa_couleurs-ecru","12":"pa_couleurs-noir","13":"pa_couleurs-rose","14":"pa_taille-large","15":"pa_taille-moyenne","16":"pa_taille-small","19":"first","20":"outofstock","21":"taxable","22":"shipping-taxable","23":"product-type-variable"},"yoast_head":"<!-- This site is optimized with the Yoast SEO plugin v27.5 - https:\/\/yoast.com\/product\/yoast-seo-wordpress\/ -->\n<title>Ensemble Surv\u00eatement Femme-300955-Vog - Vog Tunisie<\/title>\n<meta name=\"robots\" content=\"index, follow, max-snippet:-1, max-image-preview:large, max-video-preview:-1\" \/>\n<link rel=\"canonical\" href=\"https:\/\/vog.com.tn\/?product=ensemble-survetement-femme-300955-vog\" \/>\n<meta property=\"og:locale\" content=\"fr_FR\" \/>\n<meta property=\"og:type\" content=\"article\" \/>\n<meta property=\"og:title\" content=\"Ensemble Surv\u00eatement Femme-300955-Vog - Vog Tunisie\" \/>\n<meta property=\"og:description\" content=\"Vente en ligne ensemble de surv\u00eatement pour femme.   Ensemble Surv\u00eatement deux pi\u00e8ces pour femme.  Pull col rond avec capuche et 2 poches .  Pantalon jogging avec 2 poches .  Manches longue.  Composition : 95% coton et 5% \u00e9lasthanne.  Livraison \u00e0 domicile : 8 TND.  D\u00e9lai de livraison : 2 \u00e0 3 jours.  \u00c9change possible : Vous ne payez que les frais de livraison pour le second colis.  D\u00e9lai d\u2019\u00e9change : Maximum 1 jour.\" \/>\n<meta property=\"og:url\" content=\"https:\/\/vog.com.tn\/?product=ensemble-survetement-femme-300955-vog\" \/>\n<meta property=\"og:site_name\" content=\"Vog Tunisie\" \/>\n<meta property=\"article:modified_time\" content=\"2026-03-17T10:12:10+00:00\" \/>\n<meta property=\"og:image\" content=\"https:\/\/vog.com.tn\/wp-content\/uploads\/2024\/11\/300955-NOIR-vog.png\" \/>\n\t<meta property=\"og:image:width\" content=\"572\" \/>\n\t<meta property=\"og:image:height\" content=\"800\" \/>\n\t<meta property=\"og:image:type\" content=\"image\/png\" \/>\n<meta name=\"twitter:card\" content=\"summary_large_image\" \/>\n<meta name=\"twitter:label1\" content=\"Dur\u00e9e de lecture estim\u00e9e\" \/>\n\t<meta name=\"twitter:data1\" content=\"1 minute\" \/>\n<script type=\"application\/ld+json\" class=\"yoast-schema-graph\">{\"@context\":\"https:\\\/\\\/schema.org\",\"@graph\":[{\"@type\":\"WebPage\",\"@id\":\"https:\\\/\\\/vog.com.tn\\\/?product=ensemble-survetement-femme-300955-vog\",\"url\":\"https:\\\/\\\/vog.com.tn\\\/?product=ensemble-survetement-femme-300955-vog\",\"name\":\"Ensemble Surv\u00eatement Femme-300955-Vog - Vog Tunisie\",\"isPartOf\":{\"@id\":\"https:\\\/\\\/vog.com.tn\\\/#website\"},\"primaryImageOfPage\":{\"@id\":\"https:\\\/\\\/vog.com.tn\\\/?product=ensemble-survetement-femme-300955-vog#primaryimage\"},\"image\":{\"@id\":\"https:\\\/\\\/vog.com.tn\\\/?product=ensemble-survetement-femme-300955-vog#primaryimage\"},\"thumbnailUrl\":\"https:\\\/\\\/vog.com.tn\\\/wp-content\\\/uploads\\\/2024\\\/11\\\/300955-NOIR-vog.png\",\"datePublished\":\"2024-11-26T10:25:12+00:00\",\"dateModified\":\"2026-03-17T10:12:10+00:00\",\"breadcrumb\":{\"@id\":\"https:\\\/\\\/vog.com.tn\\\/?product=ensemble-survetement-femme-300955-vog#breadcrumb\"},\"inLanguage\":\"fr-FR\",\"potentialAction\":[{\"@type\":\"ReadAction\",\"target\":[\"https:\\\/\\\/vog.com.tn\\\/?product=ensemble-survetement-femme-300955-vog\"]}]},{\"@type\":\"ImageObject\",\"inLanguage\":\"fr-FR\",\"@id\":\"https:\\\/\\\/vog.com.tn\\\/?product=ensemble-survetement-femme-300955-vog#primaryimage\",\"url\":\"https:\\\/\\\/vog.com.tn\\\/wp-content\\\/uploads\\\/2024\\\/11\\\/300955-NOIR-vog.png\",\"contentUrl\":\"https:\\\/\\\/vog.com.tn\\\/wp-content\\\/uploads\\\/2024\\\/11\\\/300955-NOIR-vog.png\",\"width\":572,\"height\":800},{\"@type\":\"BreadcrumbList\",\"@id\":\"https:\\\/\\\/vog.com.tn\\\/?product=ensemble-survetement-femme-300955-vog#breadcrumb\",\"itemListElement\":[{\"@type\":\"ListItem\",\"position\":1,\"name\":\"Home\",\"item\":\"https:\\\/\\\/vog.com.tn\\\/\"},{\"@type\":\"ListItem\",\"position\":2,\"name\":\"Produits\",\"item\":\"https:\\\/\\\/vog.com.tn\\\/?page_id=8\"},{\"@type\":\"ListItem\",\"position\":3,\"name\":\"Ensemble Surv\u00eatement Femme-300955-Vog\"}]},{\"@type\":\"WebSite\",\"@id\":\"https:\\\/\\\/vog.com.tn\\\/#website\",\"url\":\"https:\\\/\\\/vog.com.tn\\\/\",\"name\":\"Vog Tunisie\",\"description\":\"Pr\u00eat-\u00e0-porter\",\"potentialAction\":[{\"@type\":\"SearchAction\",\"target\":{\"@type\":\"EntryPoint\",\"urlTemplate\":\"https:\\\/\\\/vog.com.tn\\\/?s={search_term_string}\"},\"query-input\":{\"@type\":\"PropertyValueSpecification\",\"valueRequired\":true,\"valueName\":\"search_term_string\"}}],\"inLanguage\":\"fr-FR\"}]}<\/script>\n<!-- \/ Yoast SEO plugin. -->","yoast_head_json":{"title":"Ensemble Surv\u00eatement Femme-300955-Vog - Vog Tunisie","robots":{"index":"index","follow":"follow","max-snippet":"max-snippet:-1","max-image-preview":"max-image-preview:large","max-video-preview":"max-video-preview:-1"},"canonical":"https:\/\/vog.com.tn\/?product=ensemble-survetement-femme-300955-vog","og_locale":"fr_FR","og_type":"article","og_title":"Ensemble Surv\u00eatement Femme-300955-Vog - Vog Tunisie","og_description":"Vente en ligne ensemble de surv\u00eatement pour femme.   Ensemble Surv\u00eatement deux pi\u00e8ces pour femme.  Pull col rond avec capuche et 2 poches .  Pantalon jogging avec 2 poches .  Manches longue.  Composition : 95% coton et 5% \u00e9lasthanne.  Livraison \u00e0 domicile : 8 TND.  D\u00e9lai de livraison : 2 \u00e0 3 jours.  \u00c9change possible : Vous ne payez que les frais de livraison pour le second colis.  D\u00e9lai d\u2019\u00e9change : Maximum 1 jour.","og_url":"https:\/\/vog.com.tn\/?product=ensemble-survetement-femme-300955-vog","og_site_name":"Vog Tunisie","article_modified_time":"2026-03-17T10:12:10+00:00","og_image":[{"width":572,"height":800,"url":"https:\/\/vog.com.tn\/wp-content\/uploads\/2024\/11\/300955-NOIR-vog.png","type":"image\/png"}],"twitter_card":"summary_large_image","twitter_misc":{"Dur\u00e9e de lecture estim\u00e9e":"1 minute"},"schema":{"@context":"https:\/\/schema.org","@graph":[{"@type":"WebPage","@id":"https:\/\/vog.com.tn\/?product=ensemble-survetement-femme-300955-vog","url":"https:\/\/vog.com.tn\/?product=ensemble-survetement-femme-300955-vog","name":"Ensemble Surv\u00eatement Femme-300955-Vog - Vog Tunisie","isPartOf":{"@id":"https:\/\/vog.com.tn\/#website"},"primaryImageOfPage":{"@id":"https:\/\/vog.com.tn\/?product=ensemble-survetement-femme-300955-vog#primaryimage"},"image":{"@id":"https:\/\/vog.com.tn\/?product=ensemble-survetement-femme-300955-vog#primaryimage"},"thumbnailUrl":"https:\/\/vog.com.tn\/wp-content\/uploads\/2024\/11\/300955-NOIR-vog.png","datePublished":"2024-11-26T10:25:12+00:00","dateModified":"2026-03-17T10:12:10+00:00","breadcrumb":{"@id":"https:\/\/vog.com.tn\/?product=ensemble-survetement-femme-300955-vog#breadcrumb"},"inLanguage":"fr-FR","potentialAction":[{"@type":"ReadAction","target":["https:\/\/vog.com.tn\/?product=ensemble-survetement-femme-300955-vog"]}]},{"@type":"ImageObject","inLanguage":"fr-FR","@id":"https:\/\/vog.com.tn\/?product=ensemble-survetement-femme-300955-vog#primaryimage","url":"https:\/\/vog.com.tn\/wp-content\/uploads\/2024\/11\/300955-NOIR-vog.png","contentUrl":"https:\/\/vog.com.tn\/wp-content\/uploads\/2024\/11\/300955-NOIR-vog.png","width":572,"height":800},{"@type":"BreadcrumbList","@id":"https:\/\/vog.com.tn\/?product=ensemble-survetement-femme-300955-vog#breadcrumb","itemListElement":[{"@type":"ListItem","position":1,"name":"Home","item":"https:\/\/vog.com.tn\/"},{"@type":"ListItem","position":2,"name":"Produits","item":"https:\/\/vog.com.tn\/?page_id=8"},{"@type":"ListItem","position":3,"name":"Ensemble Surv\u00eatement Femme-300955-Vog"}]},{"@type":"WebSite","@id":"https:\/\/vog.com.tn\/#website","url":"https:\/\/vog.com.tn\/","name":"Vog Tunisie","description":"Pr\u00eat-\u00e0-porter","potentialAction":[{"@type":"SearchAction","target":{"@type":"EntryPoint","urlTemplate":"https:\/\/vog.com.tn\/?s={search_term_string}"},"query-input":{"@type":"PropertyValueSpecification","valueRequired":true,"valueName":"search_term_string"}}],"inLanguage":"fr-FR"}]}},"_links":{"self":[{"href":"https:\/\/vog.com.tn\/index.php?rest_route=\/wp\/v2\/product\/78794","targetHints":{"allow":["GET"]}}],"collection":[{"href":"https:\/\/vog.com.tn\/index.php?rest_route=\/wp\/v2\/product"}],"about":[{"href":"https:\/\/vog.com.tn\/index.php?rest_route=\/wp\/v2\/types\/product"}],"wp:featuredmedia":[{"embeddable":true,"href":"https:\/\/vog.com.tn\/index.php?rest_route=\/wp\/v2\/media\/112944"}],"wp:attachment":[{"href":"https:\/\/vog.com.tn\/index.php?rest_route=%2Fwp%2Fv2%2Fmedia&parent=78794"}],"wp:term":[{"taxonomy":"product_brand","embeddable":true,"href":"https:\/\/vog.com.tn\/index.php?rest_route=%2Fwp%2Fv2%2Fproduct_brand&post=78794"},{"taxonomy":"product_cat","embeddable":true,"href":"https:\/\/vog.com.tn\/index.php?rest_route=%2Fwp%2Fv2%2Fproduct_cat&post=78794"},{"taxonomy":"product_tag","embeddable":true,"href":"https:\/\/vog.com.tn\/index.php?rest_route=%2Fwp%2Fv2%2Fproduct_tag&post=78794"}],"curies":[{"name":"wp","href":"https:\/\/api.w.org\/{rel}","templated":true}]}}