{"id":80077,"date":"2024-12-01T10:42:36","date_gmt":"2024-12-01T09:42:36","guid":{"rendered":"https:\/\/vog.com.tn\/?post_type=product&#038;p=80077"},"modified":"2026-03-11T11:12:50","modified_gmt":"2026-03-11T10:12:50","slug":"manteau-long-femme-300302-vog","status":"publish","type":"product","link":"https:\/\/vog.com.tn\/?product=manteau-long-femme-300302-vog","title":{"rendered":"Manteau Long Femme-300302-VOG"},"content":{"rendered":"<p>Vog met en vente en ligne Manteaux longs en Tunisie. Les manteaux sont des pi\u00e8ces phares pour l\u2019hiver. Notre s\u00e9lection de manteaux pour femmes offre tout ce dont vous avez besoin : des anoraks confortables aux manteaux de laine \u00e9l\u00e9gants. Vous trouverez \u00e9galement une vari\u00e9t\u00e9 de manteaux de fourrure, de parka, en cuir, cachemires . On craque pour ces manteaux polyvalents qui rehaussent la simplicit\u00e9 d\u2019un jean et temp\u00e8rent l\u2019extr\u00eame f\u00e9minit\u00e9 d\u2019une robe<\/p>\n","protected":false},"excerpt":{"rendered":"<p>Vente en ligne manteaux pour femme.<\/p>\n<ul>\n<li>Manteau long avec col et manches bord\u00e9s de fourrure volumineuse.<\/li>\n<li>Design textur\u00e9 offrant un effet luxueux et confortable.<\/li>\n<li>Coupe ample et structur\u00e9e, parfaite pour affronter l\u2019hiver avec \u00e9l\u00e9gance.<\/li>\n<li>Convient \u00e0 des occasions formelles ou d\u00e9contract\u00e9es.<\/li>\n<li><strong>Livraison \u00e0 domicile<\/strong>\u00a0: 8 TND<\/li>\n<li><strong>D\u00e9lai de livraison<\/strong>\u00a0: 2 \u00e0 3 jours<\/li>\n<li><strong>\u00c9change possible<\/strong>\u00a0: Vous ne payez que les frais de livraison pour le second colis.<\/li>\n<li><strong>D\u00e9lai d\u2019\u00e9change<\/strong>\u00a0: Maximum 1 jour.<\/li>\n<\/ul>\n","protected":false},"featured_media":104991,"template":"","meta":[],"product_brand":[],"product_cat":[48,137,360,71],"product_tag":[],"class_list":{"0":"post-80077","1":"product","2":"type-product","3":"status-publish","4":"has-post-thumbnail","6":"product_cat-manteaux-femme","7":"product_cat-mode-femme","8":"product_cat-nouvelle-collection","9":"product_cat-vetements-femme","10":"pa_couleurs-taupe","11":"pa_taille-xxl","12":"pa_taille-3xl","13":"pa_taille-large","14":"pa_taille-moyenne","15":"pa_taille-small","16":"pa_taille-xl","19":"first","20":"outofstock","21":"taxable","22":"shipping-taxable","23":"product-type-variable"},"yoast_head":"<!-- This site is optimized with the Yoast SEO plugin v27.5 - https:\/\/yoast.com\/product\/yoast-seo-wordpress\/ -->\n<title>Manteau Long Femme-300302-VOG - Vog Tunisie<\/title>\n<meta name=\"robots\" content=\"index, follow, max-snippet:-1, max-image-preview:large, max-video-preview:-1\" \/>\n<link rel=\"canonical\" href=\"https:\/\/vog.com.tn\/?product=manteau-long-femme-300302-vog\" \/>\n<meta property=\"og:locale\" content=\"fr_FR\" \/>\n<meta property=\"og:type\" content=\"article\" \/>\n<meta property=\"og:title\" content=\"Manteau Long Femme-300302-VOG - Vog Tunisie\" \/>\n<meta property=\"og:description\" content=\"Vente en ligne manteaux pour femme.   Manteau long avec col et manches bord\u00e9s de fourrure volumineuse.  Design textur\u00e9 offrant un effet luxueux et confortable.  Coupe ample et structur\u00e9e, parfaite pour affronter l\u2019hiver avec \u00e9l\u00e9gance.  Convient \u00e0 des occasions formelles ou d\u00e9contract\u00e9es.  Livraison \u00e0 domicile\u00a0: 8 TND  D\u00e9lai de livraison\u00a0: 2 \u00e0 3 jours  \u00c9change possible\u00a0: Vous ne payez que les frais de livraison pour le second colis.  D\u00e9lai d\u2019\u00e9change\u00a0: Maximum 1 jour.\" \/>\n<meta property=\"og:url\" content=\"https:\/\/vog.com.tn\/?product=manteau-long-femme-300302-vog\" \/>\n<meta property=\"og:site_name\" content=\"Vog Tunisie\" \/>\n<meta property=\"article:modified_time\" content=\"2026-03-11T10:12:50+00:00\" \/>\n<meta property=\"og:image\" content=\"https:\/\/vog.com.tn\/wp-content\/uploads\/2024\/12\/300302-taupe-vog-1.jpg\" \/>\n\t<meta property=\"og:image:width\" content=\"572\" \/>\n\t<meta property=\"og:image:height\" content=\"800\" \/>\n\t<meta property=\"og:image:type\" content=\"image\/jpeg\" \/>\n<meta name=\"twitter:card\" content=\"summary_large_image\" \/>\n<meta name=\"twitter:label1\" content=\"Dur\u00e9e de lecture estim\u00e9e\" \/>\n\t<meta name=\"twitter:data1\" content=\"1 minute\" \/>\n<script type=\"application\/ld+json\" class=\"yoast-schema-graph\">{\"@context\":\"https:\\\/\\\/schema.org\",\"@graph\":[{\"@type\":\"WebPage\",\"@id\":\"https:\\\/\\\/vog.com.tn\\\/?product=manteau-long-femme-300302-vog\",\"url\":\"https:\\\/\\\/vog.com.tn\\\/?product=manteau-long-femme-300302-vog\",\"name\":\"Manteau Long Femme-300302-VOG - Vog Tunisie\",\"isPartOf\":{\"@id\":\"https:\\\/\\\/vog.com.tn\\\/#website\"},\"primaryImageOfPage\":{\"@id\":\"https:\\\/\\\/vog.com.tn\\\/?product=manteau-long-femme-300302-vog#primaryimage\"},\"image\":{\"@id\":\"https:\\\/\\\/vog.com.tn\\\/?product=manteau-long-femme-300302-vog#primaryimage\"},\"thumbnailUrl\":\"https:\\\/\\\/vog.com.tn\\\/wp-content\\\/uploads\\\/2024\\\/12\\\/300302-taupe-vog-1.jpg\",\"datePublished\":\"2024-12-01T09:42:36+00:00\",\"dateModified\":\"2026-03-11T10:12:50+00:00\",\"breadcrumb\":{\"@id\":\"https:\\\/\\\/vog.com.tn\\\/?product=manteau-long-femme-300302-vog#breadcrumb\"},\"inLanguage\":\"fr-FR\",\"potentialAction\":[{\"@type\":\"ReadAction\",\"target\":[\"https:\\\/\\\/vog.com.tn\\\/?product=manteau-long-femme-300302-vog\"]}]},{\"@type\":\"ImageObject\",\"inLanguage\":\"fr-FR\",\"@id\":\"https:\\\/\\\/vog.com.tn\\\/?product=manteau-long-femme-300302-vog#primaryimage\",\"url\":\"https:\\\/\\\/vog.com.tn\\\/wp-content\\\/uploads\\\/2024\\\/12\\\/300302-taupe-vog-1.jpg\",\"contentUrl\":\"https:\\\/\\\/vog.com.tn\\\/wp-content\\\/uploads\\\/2024\\\/12\\\/300302-taupe-vog-1.jpg\",\"width\":572,\"height\":800},{\"@type\":\"BreadcrumbList\",\"@id\":\"https:\\\/\\\/vog.com.tn\\\/?product=manteau-long-femme-300302-vog#breadcrumb\",\"itemListElement\":[{\"@type\":\"ListItem\",\"position\":1,\"name\":\"Home\",\"item\":\"https:\\\/\\\/vog.com.tn\\\/\"},{\"@type\":\"ListItem\",\"position\":2,\"name\":\"Produits\",\"item\":\"https:\\\/\\\/vog.com.tn\\\/?page_id=8\"},{\"@type\":\"ListItem\",\"position\":3,\"name\":\"Manteau Long Femme-300302-VOG\"}]},{\"@type\":\"WebSite\",\"@id\":\"https:\\\/\\\/vog.com.tn\\\/#website\",\"url\":\"https:\\\/\\\/vog.com.tn\\\/\",\"name\":\"Vog Tunisie\",\"description\":\"Pr\u00eat-\u00e0-porter\",\"potentialAction\":[{\"@type\":\"SearchAction\",\"target\":{\"@type\":\"EntryPoint\",\"urlTemplate\":\"https:\\\/\\\/vog.com.tn\\\/?s={search_term_string}\"},\"query-input\":{\"@type\":\"PropertyValueSpecification\",\"valueRequired\":true,\"valueName\":\"search_term_string\"}}],\"inLanguage\":\"fr-FR\"}]}<\/script>\n<!-- \/ Yoast SEO plugin. -->","yoast_head_json":{"title":"Manteau Long Femme-300302-VOG - Vog Tunisie","robots":{"index":"index","follow":"follow","max-snippet":"max-snippet:-1","max-image-preview":"max-image-preview:large","max-video-preview":"max-video-preview:-1"},"canonical":"https:\/\/vog.com.tn\/?product=manteau-long-femme-300302-vog","og_locale":"fr_FR","og_type":"article","og_title":"Manteau Long Femme-300302-VOG - Vog Tunisie","og_description":"Vente en ligne manteaux pour femme.   Manteau long avec col et manches bord\u00e9s de fourrure volumineuse.  Design textur\u00e9 offrant un effet luxueux et confortable.  Coupe ample et structur\u00e9e, parfaite pour affronter l\u2019hiver avec \u00e9l\u00e9gance.  Convient \u00e0 des occasions formelles ou d\u00e9contract\u00e9es.  Livraison \u00e0 domicile\u00a0: 8 TND  D\u00e9lai de livraison\u00a0: 2 \u00e0 3 jours  \u00c9change possible\u00a0: Vous ne payez que les frais de livraison pour le second colis.  D\u00e9lai d\u2019\u00e9change\u00a0: Maximum 1 jour.","og_url":"https:\/\/vog.com.tn\/?product=manteau-long-femme-300302-vog","og_site_name":"Vog Tunisie","article_modified_time":"2026-03-11T10:12:50+00:00","og_image":[{"width":572,"height":800,"url":"https:\/\/vog.com.tn\/wp-content\/uploads\/2024\/12\/300302-taupe-vog-1.jpg","type":"image\/jpeg"}],"twitter_card":"summary_large_image","twitter_misc":{"Dur\u00e9e de lecture estim\u00e9e":"1 minute"},"schema":{"@context":"https:\/\/schema.org","@graph":[{"@type":"WebPage","@id":"https:\/\/vog.com.tn\/?product=manteau-long-femme-300302-vog","url":"https:\/\/vog.com.tn\/?product=manteau-long-femme-300302-vog","name":"Manteau Long Femme-300302-VOG - Vog Tunisie","isPartOf":{"@id":"https:\/\/vog.com.tn\/#website"},"primaryImageOfPage":{"@id":"https:\/\/vog.com.tn\/?product=manteau-long-femme-300302-vog#primaryimage"},"image":{"@id":"https:\/\/vog.com.tn\/?product=manteau-long-femme-300302-vog#primaryimage"},"thumbnailUrl":"https:\/\/vog.com.tn\/wp-content\/uploads\/2024\/12\/300302-taupe-vog-1.jpg","datePublished":"2024-12-01T09:42:36+00:00","dateModified":"2026-03-11T10:12:50+00:00","breadcrumb":{"@id":"https:\/\/vog.com.tn\/?product=manteau-long-femme-300302-vog#breadcrumb"},"inLanguage":"fr-FR","potentialAction":[{"@type":"ReadAction","target":["https:\/\/vog.com.tn\/?product=manteau-long-femme-300302-vog"]}]},{"@type":"ImageObject","inLanguage":"fr-FR","@id":"https:\/\/vog.com.tn\/?product=manteau-long-femme-300302-vog#primaryimage","url":"https:\/\/vog.com.tn\/wp-content\/uploads\/2024\/12\/300302-taupe-vog-1.jpg","contentUrl":"https:\/\/vog.com.tn\/wp-content\/uploads\/2024\/12\/300302-taupe-vog-1.jpg","width":572,"height":800},{"@type":"BreadcrumbList","@id":"https:\/\/vog.com.tn\/?product=manteau-long-femme-300302-vog#breadcrumb","itemListElement":[{"@type":"ListItem","position":1,"name":"Home","item":"https:\/\/vog.com.tn\/"},{"@type":"ListItem","position":2,"name":"Produits","item":"https:\/\/vog.com.tn\/?page_id=8"},{"@type":"ListItem","position":3,"name":"Manteau Long Femme-300302-VOG"}]},{"@type":"WebSite","@id":"https:\/\/vog.com.tn\/#website","url":"https:\/\/vog.com.tn\/","name":"Vog Tunisie","description":"Pr\u00eat-\u00e0-porter","potentialAction":[{"@type":"SearchAction","target":{"@type":"EntryPoint","urlTemplate":"https:\/\/vog.com.tn\/?s={search_term_string}"},"query-input":{"@type":"PropertyValueSpecification","valueRequired":true,"valueName":"search_term_string"}}],"inLanguage":"fr-FR"}]}},"_links":{"self":[{"href":"https:\/\/vog.com.tn\/index.php?rest_route=\/wp\/v2\/product\/80077","targetHints":{"allow":["GET"]}}],"collection":[{"href":"https:\/\/vog.com.tn\/index.php?rest_route=\/wp\/v2\/product"}],"about":[{"href":"https:\/\/vog.com.tn\/index.php?rest_route=\/wp\/v2\/types\/product"}],"wp:featuredmedia":[{"embeddable":true,"href":"https:\/\/vog.com.tn\/index.php?rest_route=\/wp\/v2\/media\/104991"}],"wp:attachment":[{"href":"https:\/\/vog.com.tn\/index.php?rest_route=%2Fwp%2Fv2%2Fmedia&parent=80077"}],"wp:term":[{"taxonomy":"product_brand","embeddable":true,"href":"https:\/\/vog.com.tn\/index.php?rest_route=%2Fwp%2Fv2%2Fproduct_brand&post=80077"},{"taxonomy":"product_cat","embeddable":true,"href":"https:\/\/vog.com.tn\/index.php?rest_route=%2Fwp%2Fv2%2Fproduct_cat&post=80077"},{"taxonomy":"product_tag","embeddable":true,"href":"https:\/\/vog.com.tn\/index.php?rest_route=%2Fwp%2Fv2%2Fproduct_tag&post=80077"}],"curies":[{"name":"wp","href":"https:\/\/api.w.org\/{rel}","templated":true}]}}