{"id":81682,"date":"2024-12-04T12:51:10","date_gmt":"2024-12-04T11:51:10","guid":{"rendered":"https:\/\/vog.com.tn\/?post_type=product&#038;p=81682"},"modified":"2026-02-21T13:57:55","modified_gmt":"2026-02-21T12:57:55","slug":"mules-femme-simili-daim-303373-vog","status":"publish","type":"product","link":"https:\/\/vog.com.tn\/?product=mules-femme-simili-daim-303373-vog","title":{"rendered":"Mules Femme-Simili Daim-303373-VOG"},"content":{"rendered":"<p>Vog met en ligne une s\u00e9lection exclusive de mules d\u2019hiver pour femme en Tunisie. Parfaites pour affronter la saison froide avec style, ces mules allient confort et \u00e9l\u00e9gance. Gr\u00e2ce \u00e0 leur doublure chaude et leurs designs modernes, elles s\u2019adaptent \u00e0 toutes vos envies mode.<\/p>\n","protected":false},"excerpt":{"rendered":"<p>Vente en ligne mules pour femme.<\/p>\n<ul>\n<li>mules daim.<\/li>\n<li>Int\u00e9rieur l\u00e9g\u00e8rement fourr\u00e9 pour plus de confort.<\/li>\n<li>Mod\u00e8le \u00e0 bout rond.<\/li>\n<li>Livraison \u00e0 domicile : 8 TND.<\/li>\n<li>D\u00e9lai de livraison : 2 \u00e0 3 jours.<\/li>\n<li>\u00c9change possible : Vous ne payez que les frais de livraison pour le second colis.<\/li>\n<li>D\u00e9lai d\u2019\u00e9change : Maximum 1 jour<\/li>\n<\/ul>\n","protected":false},"featured_media":104826,"comment_status":"open","ping_status":"closed","template":"","meta":[],"product_brand":[],"product_cat":[96,137,130,360],"product_tag":[],"class_list":{"0":"post-81682","1":"product","2":"type-product","3":"status-publish","4":"has-post-thumbnail","6":"product_cat-chaussures-femme","7":"product_cat-mode-femme","8":"product_cat-mules-femme","9":"product_cat-nouvelle-collection","10":"pa_couleurs-beige","11":"pa_couleurs-noir","12":"pa_couleurs-taupe","13":"pa_pointure-105","14":"pa_pointure-106","15":"pa_pointure-107","16":"pa_pointure-108","17":"pa_pointure-109","18":"pa_pointure-110","21":"first","22":"instock","23":"sale","24":"taxable","25":"shipping-taxable","26":"purchasable","27":"product-type-variable"},"yoast_head":"<!-- This site is optimized with the Yoast SEO plugin v27.3 - https:\/\/yoast.com\/product\/yoast-seo-wordpress\/ -->\n<title>Mules Femme-Simili Daim-303373-VOG - Vog Tunisie<\/title>\n<meta name=\"robots\" content=\"index, follow, max-snippet:-1, max-image-preview:large, max-video-preview:-1\" \/>\n<link rel=\"canonical\" href=\"https:\/\/vog.com.tn\/?product=mules-femme-simili-daim-303373-vog\" \/>\n<meta property=\"og:locale\" content=\"fr_FR\" \/>\n<meta property=\"og:type\" content=\"article\" \/>\n<meta property=\"og:title\" content=\"Mules Femme-Simili Daim-303373-VOG - Vog Tunisie\" \/>\n<meta property=\"og:description\" content=\"Vente en ligne mules pour femme.   mules daim.  Int\u00e9rieur l\u00e9g\u00e8rement fourr\u00e9 pour plus de confort.  Mod\u00e8le \u00e0 bout rond.  Livraison \u00e0 domicile : 8 TND.  D\u00e9lai de livraison : 2 \u00e0 3 jours.  \u00c9change possible : Vous ne payez que les frais de livraison pour le second colis.  D\u00e9lai d\u2019\u00e9change : Maximum 1 jour\" \/>\n<meta property=\"og:url\" content=\"https:\/\/vog.com.tn\/?product=mules-femme-simili-daim-303373-vog\" \/>\n<meta property=\"og:site_name\" content=\"Vog Tunisie\" \/>\n<meta property=\"article:modified_time\" content=\"2026-02-21T12:57:55+00:00\" \/>\n<meta property=\"og:image\" content=\"https:\/\/vog.com.tn\/wp-content\/uploads\/2024\/12\/303373-beige-vog3-1.png\" \/>\n\t<meta property=\"og:image:width\" content=\"572\" \/>\n\t<meta property=\"og:image:height\" content=\"800\" \/>\n\t<meta property=\"og:image:type\" content=\"image\/png\" \/>\n<meta name=\"twitter:card\" content=\"summary_large_image\" \/>\n<meta name=\"twitter:label1\" content=\"Dur\u00e9e de lecture estim\u00e9e\" \/>\n\t<meta name=\"twitter:data1\" content=\"1 minute\" \/>\n<script type=\"application\/ld+json\" class=\"yoast-schema-graph\">{\"@context\":\"https:\\\/\\\/schema.org\",\"@graph\":[{\"@type\":\"WebPage\",\"@id\":\"https:\\\/\\\/vog.com.tn\\\/?product=mules-femme-simili-daim-303373-vog\",\"url\":\"https:\\\/\\\/vog.com.tn\\\/?product=mules-femme-simili-daim-303373-vog\",\"name\":\"Mules Femme-Simili Daim-303373-VOG - Vog Tunisie\",\"isPartOf\":{\"@id\":\"https:\\\/\\\/vog.com.tn\\\/#website\"},\"primaryImageOfPage\":{\"@id\":\"https:\\\/\\\/vog.com.tn\\\/?product=mules-femme-simili-daim-303373-vog#primaryimage\"},\"image\":{\"@id\":\"https:\\\/\\\/vog.com.tn\\\/?product=mules-femme-simili-daim-303373-vog#primaryimage\"},\"thumbnailUrl\":\"https:\\\/\\\/vog.com.tn\\\/wp-content\\\/uploads\\\/2024\\\/12\\\/303373-beige-vog3-1.png\",\"datePublished\":\"2024-12-04T11:51:10+00:00\",\"dateModified\":\"2026-02-21T12:57:55+00:00\",\"breadcrumb\":{\"@id\":\"https:\\\/\\\/vog.com.tn\\\/?product=mules-femme-simili-daim-303373-vog#breadcrumb\"},\"inLanguage\":\"fr-FR\",\"potentialAction\":[{\"@type\":\"ReadAction\",\"target\":[\"https:\\\/\\\/vog.com.tn\\\/?product=mules-femme-simili-daim-303373-vog\"]}]},{\"@type\":\"ImageObject\",\"inLanguage\":\"fr-FR\",\"@id\":\"https:\\\/\\\/vog.com.tn\\\/?product=mules-femme-simili-daim-303373-vog#primaryimage\",\"url\":\"https:\\\/\\\/vog.com.tn\\\/wp-content\\\/uploads\\\/2024\\\/12\\\/303373-beige-vog3-1.png\",\"contentUrl\":\"https:\\\/\\\/vog.com.tn\\\/wp-content\\\/uploads\\\/2024\\\/12\\\/303373-beige-vog3-1.png\",\"width\":572,\"height\":800},{\"@type\":\"BreadcrumbList\",\"@id\":\"https:\\\/\\\/vog.com.tn\\\/?product=mules-femme-simili-daim-303373-vog#breadcrumb\",\"itemListElement\":[{\"@type\":\"ListItem\",\"position\":1,\"name\":\"Home\",\"item\":\"https:\\\/\\\/vog.com.tn\\\/\"},{\"@type\":\"ListItem\",\"position\":2,\"name\":\"Produits\",\"item\":\"https:\\\/\\\/vog.com.tn\\\/?page_id=8\"},{\"@type\":\"ListItem\",\"position\":3,\"name\":\"Mules Femme-Simili Daim-303373-VOG\"}]},{\"@type\":\"WebSite\",\"@id\":\"https:\\\/\\\/vog.com.tn\\\/#website\",\"url\":\"https:\\\/\\\/vog.com.tn\\\/\",\"name\":\"Vog Tunisie\",\"description\":\"Pr\u00eat-\u00e0-porter\",\"potentialAction\":[{\"@type\":\"SearchAction\",\"target\":{\"@type\":\"EntryPoint\",\"urlTemplate\":\"https:\\\/\\\/vog.com.tn\\\/?s={search_term_string}\"},\"query-input\":{\"@type\":\"PropertyValueSpecification\",\"valueRequired\":true,\"valueName\":\"search_term_string\"}}],\"inLanguage\":\"fr-FR\"}]}<\/script>\n<!-- \/ Yoast SEO plugin. -->","yoast_head_json":{"title":"Mules Femme-Simili Daim-303373-VOG - Vog Tunisie","robots":{"index":"index","follow":"follow","max-snippet":"max-snippet:-1","max-image-preview":"max-image-preview:large","max-video-preview":"max-video-preview:-1"},"canonical":"https:\/\/vog.com.tn\/?product=mules-femme-simili-daim-303373-vog","og_locale":"fr_FR","og_type":"article","og_title":"Mules Femme-Simili Daim-303373-VOG - Vog Tunisie","og_description":"Vente en ligne mules pour femme.   mules daim.  Int\u00e9rieur l\u00e9g\u00e8rement fourr\u00e9 pour plus de confort.  Mod\u00e8le \u00e0 bout rond.  Livraison \u00e0 domicile : 8 TND.  D\u00e9lai de livraison : 2 \u00e0 3 jours.  \u00c9change possible : Vous ne payez que les frais de livraison pour le second colis.  D\u00e9lai d\u2019\u00e9change : Maximum 1 jour","og_url":"https:\/\/vog.com.tn\/?product=mules-femme-simili-daim-303373-vog","og_site_name":"Vog Tunisie","article_modified_time":"2026-02-21T12:57:55+00:00","og_image":[{"width":572,"height":800,"url":"https:\/\/vog.com.tn\/wp-content\/uploads\/2024\/12\/303373-beige-vog3-1.png","type":"image\/png"}],"twitter_card":"summary_large_image","twitter_misc":{"Dur\u00e9e de lecture estim\u00e9e":"1 minute"},"schema":{"@context":"https:\/\/schema.org","@graph":[{"@type":"WebPage","@id":"https:\/\/vog.com.tn\/?product=mules-femme-simili-daim-303373-vog","url":"https:\/\/vog.com.tn\/?product=mules-femme-simili-daim-303373-vog","name":"Mules Femme-Simili Daim-303373-VOG - Vog Tunisie","isPartOf":{"@id":"https:\/\/vog.com.tn\/#website"},"primaryImageOfPage":{"@id":"https:\/\/vog.com.tn\/?product=mules-femme-simili-daim-303373-vog#primaryimage"},"image":{"@id":"https:\/\/vog.com.tn\/?product=mules-femme-simili-daim-303373-vog#primaryimage"},"thumbnailUrl":"https:\/\/vog.com.tn\/wp-content\/uploads\/2024\/12\/303373-beige-vog3-1.png","datePublished":"2024-12-04T11:51:10+00:00","dateModified":"2026-02-21T12:57:55+00:00","breadcrumb":{"@id":"https:\/\/vog.com.tn\/?product=mules-femme-simili-daim-303373-vog#breadcrumb"},"inLanguage":"fr-FR","potentialAction":[{"@type":"ReadAction","target":["https:\/\/vog.com.tn\/?product=mules-femme-simili-daim-303373-vog"]}]},{"@type":"ImageObject","inLanguage":"fr-FR","@id":"https:\/\/vog.com.tn\/?product=mules-femme-simili-daim-303373-vog#primaryimage","url":"https:\/\/vog.com.tn\/wp-content\/uploads\/2024\/12\/303373-beige-vog3-1.png","contentUrl":"https:\/\/vog.com.tn\/wp-content\/uploads\/2024\/12\/303373-beige-vog3-1.png","width":572,"height":800},{"@type":"BreadcrumbList","@id":"https:\/\/vog.com.tn\/?product=mules-femme-simili-daim-303373-vog#breadcrumb","itemListElement":[{"@type":"ListItem","position":1,"name":"Home","item":"https:\/\/vog.com.tn\/"},{"@type":"ListItem","position":2,"name":"Produits","item":"https:\/\/vog.com.tn\/?page_id=8"},{"@type":"ListItem","position":3,"name":"Mules Femme-Simili Daim-303373-VOG"}]},{"@type":"WebSite","@id":"https:\/\/vog.com.tn\/#website","url":"https:\/\/vog.com.tn\/","name":"Vog Tunisie","description":"Pr\u00eat-\u00e0-porter","potentialAction":[{"@type":"SearchAction","target":{"@type":"EntryPoint","urlTemplate":"https:\/\/vog.com.tn\/?s={search_term_string}"},"query-input":{"@type":"PropertyValueSpecification","valueRequired":true,"valueName":"search_term_string"}}],"inLanguage":"fr-FR"}]}},"_links":{"self":[{"href":"https:\/\/vog.com.tn\/index.php?rest_route=\/wp\/v2\/product\/81682","targetHints":{"allow":["GET"]}}],"collection":[{"href":"https:\/\/vog.com.tn\/index.php?rest_route=\/wp\/v2\/product"}],"about":[{"href":"https:\/\/vog.com.tn\/index.php?rest_route=\/wp\/v2\/types\/product"}],"replies":[{"embeddable":true,"href":"https:\/\/vog.com.tn\/index.php?rest_route=%2Fwp%2Fv2%2Fcomments&post=81682"}],"wp:featuredmedia":[{"embeddable":true,"href":"https:\/\/vog.com.tn\/index.php?rest_route=\/wp\/v2\/media\/104826"}],"wp:attachment":[{"href":"https:\/\/vog.com.tn\/index.php?rest_route=%2Fwp%2Fv2%2Fmedia&parent=81682"}],"wp:term":[{"taxonomy":"product_brand","embeddable":true,"href":"https:\/\/vog.com.tn\/index.php?rest_route=%2Fwp%2Fv2%2Fproduct_brand&post=81682"},{"taxonomy":"product_cat","embeddable":true,"href":"https:\/\/vog.com.tn\/index.php?rest_route=%2Fwp%2Fv2%2Fproduct_cat&post=81682"},{"taxonomy":"product_tag","embeddable":true,"href":"https:\/\/vog.com.tn\/index.php?rest_route=%2Fwp%2Fv2%2Fproduct_tag&post=81682"}],"curies":[{"name":"wp","href":"https:\/\/api.w.org\/{rel}","templated":true}]}}