{"id":83400,"date":"2024-12-16T12:50:08","date_gmt":"2024-12-16T11:50:08","guid":{"rendered":"https:\/\/vog.com.tn\/?post_type=product&#038;p=83400"},"modified":"2025-11-19T10:05:35","modified_gmt":"2025-11-19T09:05:35","slug":"veste-court-effet-fourrure-femme-300405-vog","status":"publish","type":"product","link":"https:\/\/vog.com.tn\/?product=veste-court-effet-fourrure-femme-300405-vog","title":{"rendered":"Veste Court Effet Fourrure Femme-300405-VOG"},"content":{"rendered":"<p>Vog met en vente en ligne veste sans manche\u00a0 en Tunisie. Les manteaux sont des pi\u00e8ces phares pour l\u2019hiver. Notre s\u00e9lection de veste pour femmes offre tout ce dont vous avez besoin : des anoraks confortables aux veste de laine \u00e9l\u00e9gants. Vous trouverez \u00e9galement une vari\u00e9t\u00e9 de veste de fourrure, de parka, en cuir, cachemires. On craque pour ces veste polyvalents qui rehaussent la simplicit\u00e9 d\u2019un jean et temp\u00e8rent l\u2019extr\u00eame f\u00e9minit\u00e9 d\u2019une robe.<\/p>\n","protected":false},"excerpt":{"rendered":"<p>Vente en ligne veste\u00a0 pour femme.<\/p>\n<p>Type : veste avec col \u00e0 revers.<br \/>\nManches : manche longe .<br \/>\nD\u00e9tail : Tissu effet fourrure.<br \/>\nStyle : \u00c9l\u00e9gant et moderne, parfait pour les journ\u00e9es froides.<br \/>\nLivraison \u00e0 domicile : 8 TND<br \/>\nD\u00e9lai de livraison : 2 \u00e0 3 jours<br \/>\n\u00c9change possible : Vous ne payez que les frais de livraison pour le second colis.<br \/>\nD\u00e9lai d\u2019\u00e9change : Maximum 1 jour.<\/p>\n","protected":false},"featured_media":104793,"template":"","meta":[],"product_brand":[],"product_cat":[137,360,46],"product_tag":[],"class_list":{"0":"post-83400","1":"product","2":"type-product","3":"status-publish","4":"has-post-thumbnail","6":"product_cat-mode-femme","7":"product_cat-nouvelle-collection","8":"product_cat-vestes-blousons","9":"pa_couleurs-leopard","10":"pa_taille-large","11":"pa_taille-moyenne","12":"pa_taille-small","15":"first","16":"outofstock","17":"taxable","18":"shipping-taxable","19":"product-type-variable"},"yoast_head":"<!-- This site is optimized with the Yoast SEO plugin v27.5 - https:\/\/yoast.com\/product\/yoast-seo-wordpress\/ -->\n<title>Veste Court Effet Fourrure Femme-300405-VOG - Vog Tunisie<\/title>\n<meta name=\"robots\" content=\"index, follow, max-snippet:-1, max-image-preview:large, max-video-preview:-1\" \/>\n<link rel=\"canonical\" href=\"https:\/\/vog.com.tn\/?product=veste-court-effet-fourrure-femme-300405-vog\" \/>\n<meta property=\"og:locale\" content=\"fr_FR\" \/>\n<meta property=\"og:type\" content=\"article\" \/>\n<meta property=\"og:title\" content=\"Veste Court Effet Fourrure Femme-300405-VOG - Vog Tunisie\" \/>\n<meta property=\"og:description\" content=\"Vente en ligne veste\u00a0 pour femme.  Type : veste avec col \u00e0 revers. Manches : manche longe . D\u00e9tail : Tissu effet fourrure. Style : \u00c9l\u00e9gant et moderne, parfait pour les journ\u00e9es froides. Livraison \u00e0 domicile : 8 TND D\u00e9lai de livraison : 2 \u00e0 3 jours \u00c9change possible : Vous ne payez que les frais de livraison pour le second colis. D\u00e9lai d\u2019\u00e9change : Maximum 1 jour.\" \/>\n<meta property=\"og:url\" content=\"https:\/\/vog.com.tn\/?product=veste-court-effet-fourrure-femme-300405-vog\" \/>\n<meta property=\"og:site_name\" content=\"Vog Tunisie\" \/>\n<meta property=\"article:modified_time\" content=\"2025-11-19T09:05:35+00:00\" \/>\n<meta property=\"og:image\" content=\"https:\/\/vog.com.tn\/wp-content\/uploads\/2024\/12\/300405-leopard-vog-1.png\" \/>\n\t<meta property=\"og:image:width\" content=\"572\" \/>\n\t<meta property=\"og:image:height\" content=\"800\" \/>\n\t<meta property=\"og:image:type\" content=\"image\/png\" \/>\n<meta name=\"twitter:card\" content=\"summary_large_image\" \/>\n<meta name=\"twitter:label1\" content=\"Dur\u00e9e de lecture estim\u00e9e\" \/>\n\t<meta name=\"twitter:data1\" content=\"1 minute\" \/>\n<script type=\"application\/ld+json\" class=\"yoast-schema-graph\">{\"@context\":\"https:\\\/\\\/schema.org\",\"@graph\":[{\"@type\":\"WebPage\",\"@id\":\"https:\\\/\\\/vog.com.tn\\\/?product=veste-court-effet-fourrure-femme-300405-vog\",\"url\":\"https:\\\/\\\/vog.com.tn\\\/?product=veste-court-effet-fourrure-femme-300405-vog\",\"name\":\"Veste Court Effet Fourrure Femme-300405-VOG - Vog Tunisie\",\"isPartOf\":{\"@id\":\"https:\\\/\\\/vog.com.tn\\\/#website\"},\"primaryImageOfPage\":{\"@id\":\"https:\\\/\\\/vog.com.tn\\\/?product=veste-court-effet-fourrure-femme-300405-vog#primaryimage\"},\"image\":{\"@id\":\"https:\\\/\\\/vog.com.tn\\\/?product=veste-court-effet-fourrure-femme-300405-vog#primaryimage\"},\"thumbnailUrl\":\"https:\\\/\\\/vog.com.tn\\\/wp-content\\\/uploads\\\/2024\\\/12\\\/300405-leopard-vog-2-1.png\",\"datePublished\":\"2024-12-16T11:50:08+00:00\",\"dateModified\":\"2025-11-19T09:05:35+00:00\",\"breadcrumb\":{\"@id\":\"https:\\\/\\\/vog.com.tn\\\/?product=veste-court-effet-fourrure-femme-300405-vog#breadcrumb\"},\"inLanguage\":\"fr-FR\",\"potentialAction\":[{\"@type\":\"ReadAction\",\"target\":[\"https:\\\/\\\/vog.com.tn\\\/?product=veste-court-effet-fourrure-femme-300405-vog\"]}]},{\"@type\":\"ImageObject\",\"inLanguage\":\"fr-FR\",\"@id\":\"https:\\\/\\\/vog.com.tn\\\/?product=veste-court-effet-fourrure-femme-300405-vog#primaryimage\",\"url\":\"https:\\\/\\\/vog.com.tn\\\/wp-content\\\/uploads\\\/2024\\\/12\\\/300405-leopard-vog-2-1.png\",\"contentUrl\":\"https:\\\/\\\/vog.com.tn\\\/wp-content\\\/uploads\\\/2024\\\/12\\\/300405-leopard-vog-2-1.png\",\"width\":572,\"height\":800},{\"@type\":\"BreadcrumbList\",\"@id\":\"https:\\\/\\\/vog.com.tn\\\/?product=veste-court-effet-fourrure-femme-300405-vog#breadcrumb\",\"itemListElement\":[{\"@type\":\"ListItem\",\"position\":1,\"name\":\"Home\",\"item\":\"https:\\\/\\\/vog.com.tn\\\/\"},{\"@type\":\"ListItem\",\"position\":2,\"name\":\"Produits\",\"item\":\"https:\\\/\\\/vog.com.tn\\\/?page_id=8\"},{\"@type\":\"ListItem\",\"position\":3,\"name\":\"Veste Court Effet Fourrure Femme-300405-VOG\"}]},{\"@type\":\"WebSite\",\"@id\":\"https:\\\/\\\/vog.com.tn\\\/#website\",\"url\":\"https:\\\/\\\/vog.com.tn\\\/\",\"name\":\"Vog Tunisie\",\"description\":\"Pr\u00eat-\u00e0-porter\",\"potentialAction\":[{\"@type\":\"SearchAction\",\"target\":{\"@type\":\"EntryPoint\",\"urlTemplate\":\"https:\\\/\\\/vog.com.tn\\\/?s={search_term_string}\"},\"query-input\":{\"@type\":\"PropertyValueSpecification\",\"valueRequired\":true,\"valueName\":\"search_term_string\"}}],\"inLanguage\":\"fr-FR\"}]}<\/script>\n<!-- \/ Yoast SEO plugin. -->","yoast_head_json":{"title":"Veste Court Effet Fourrure Femme-300405-VOG - Vog Tunisie","robots":{"index":"index","follow":"follow","max-snippet":"max-snippet:-1","max-image-preview":"max-image-preview:large","max-video-preview":"max-video-preview:-1"},"canonical":"https:\/\/vog.com.tn\/?product=veste-court-effet-fourrure-femme-300405-vog","og_locale":"fr_FR","og_type":"article","og_title":"Veste Court Effet Fourrure Femme-300405-VOG - Vog Tunisie","og_description":"Vente en ligne veste\u00a0 pour femme.  Type : veste avec col \u00e0 revers. Manches : manche longe . D\u00e9tail : Tissu effet fourrure. Style : \u00c9l\u00e9gant et moderne, parfait pour les journ\u00e9es froides. Livraison \u00e0 domicile : 8 TND D\u00e9lai de livraison : 2 \u00e0 3 jours \u00c9change possible : Vous ne payez que les frais de livraison pour le second colis. D\u00e9lai d\u2019\u00e9change : Maximum 1 jour.","og_url":"https:\/\/vog.com.tn\/?product=veste-court-effet-fourrure-femme-300405-vog","og_site_name":"Vog Tunisie","article_modified_time":"2025-11-19T09:05:35+00:00","og_image":[{"width":572,"height":800,"url":"https:\/\/vog.com.tn\/wp-content\/uploads\/2024\/12\/300405-leopard-vog-1.png","type":"image\/png"}],"twitter_card":"summary_large_image","twitter_misc":{"Dur\u00e9e de lecture estim\u00e9e":"1 minute"},"schema":{"@context":"https:\/\/schema.org","@graph":[{"@type":"WebPage","@id":"https:\/\/vog.com.tn\/?product=veste-court-effet-fourrure-femme-300405-vog","url":"https:\/\/vog.com.tn\/?product=veste-court-effet-fourrure-femme-300405-vog","name":"Veste Court Effet Fourrure Femme-300405-VOG - Vog Tunisie","isPartOf":{"@id":"https:\/\/vog.com.tn\/#website"},"primaryImageOfPage":{"@id":"https:\/\/vog.com.tn\/?product=veste-court-effet-fourrure-femme-300405-vog#primaryimage"},"image":{"@id":"https:\/\/vog.com.tn\/?product=veste-court-effet-fourrure-femme-300405-vog#primaryimage"},"thumbnailUrl":"https:\/\/vog.com.tn\/wp-content\/uploads\/2024\/12\/300405-leopard-vog-2-1.png","datePublished":"2024-12-16T11:50:08+00:00","dateModified":"2025-11-19T09:05:35+00:00","breadcrumb":{"@id":"https:\/\/vog.com.tn\/?product=veste-court-effet-fourrure-femme-300405-vog#breadcrumb"},"inLanguage":"fr-FR","potentialAction":[{"@type":"ReadAction","target":["https:\/\/vog.com.tn\/?product=veste-court-effet-fourrure-femme-300405-vog"]}]},{"@type":"ImageObject","inLanguage":"fr-FR","@id":"https:\/\/vog.com.tn\/?product=veste-court-effet-fourrure-femme-300405-vog#primaryimage","url":"https:\/\/vog.com.tn\/wp-content\/uploads\/2024\/12\/300405-leopard-vog-2-1.png","contentUrl":"https:\/\/vog.com.tn\/wp-content\/uploads\/2024\/12\/300405-leopard-vog-2-1.png","width":572,"height":800},{"@type":"BreadcrumbList","@id":"https:\/\/vog.com.tn\/?product=veste-court-effet-fourrure-femme-300405-vog#breadcrumb","itemListElement":[{"@type":"ListItem","position":1,"name":"Home","item":"https:\/\/vog.com.tn\/"},{"@type":"ListItem","position":2,"name":"Produits","item":"https:\/\/vog.com.tn\/?page_id=8"},{"@type":"ListItem","position":3,"name":"Veste Court Effet Fourrure Femme-300405-VOG"}]},{"@type":"WebSite","@id":"https:\/\/vog.com.tn\/#website","url":"https:\/\/vog.com.tn\/","name":"Vog Tunisie","description":"Pr\u00eat-\u00e0-porter","potentialAction":[{"@type":"SearchAction","target":{"@type":"EntryPoint","urlTemplate":"https:\/\/vog.com.tn\/?s={search_term_string}"},"query-input":{"@type":"PropertyValueSpecification","valueRequired":true,"valueName":"search_term_string"}}],"inLanguage":"fr-FR"}]}},"_links":{"self":[{"href":"https:\/\/vog.com.tn\/index.php?rest_route=\/wp\/v2\/product\/83400","targetHints":{"allow":["GET"]}}],"collection":[{"href":"https:\/\/vog.com.tn\/index.php?rest_route=\/wp\/v2\/product"}],"about":[{"href":"https:\/\/vog.com.tn\/index.php?rest_route=\/wp\/v2\/types\/product"}],"wp:featuredmedia":[{"embeddable":true,"href":"https:\/\/vog.com.tn\/index.php?rest_route=\/wp\/v2\/media\/104793"}],"wp:attachment":[{"href":"https:\/\/vog.com.tn\/index.php?rest_route=%2Fwp%2Fv2%2Fmedia&parent=83400"}],"wp:term":[{"taxonomy":"product_brand","embeddable":true,"href":"https:\/\/vog.com.tn\/index.php?rest_route=%2Fwp%2Fv2%2Fproduct_brand&post=83400"},{"taxonomy":"product_cat","embeddable":true,"href":"https:\/\/vog.com.tn\/index.php?rest_route=%2Fwp%2Fv2%2Fproduct_cat&post=83400"},{"taxonomy":"product_tag","embeddable":true,"href":"https:\/\/vog.com.tn\/index.php?rest_route=%2Fwp%2Fv2%2Fproduct_tag&post=83400"}],"curies":[{"name":"wp","href":"https:\/\/api.w.org\/{rel}","templated":true}]}}