{"id":83407,"date":"2024-12-16T12:59:09","date_gmt":"2024-12-16T11:59:09","guid":{"rendered":"https:\/\/vog.com.tn\/?post_type=product&#038;p=83407"},"modified":"2026-01-09T08:34:30","modified_gmt":"2026-01-09T07:34:30","slug":"veste-simili-daim-femme-300500-vog","status":"publish","type":"product","link":"https:\/\/vog.com.tn\/?product=veste-simili-daim-femme-300500-vog","title":{"rendered":"Veste femme-300500-VOG"},"content":{"rendered":"<p>Vog met en vente en ligne veste en Tunisie. Les vestes sont des pi\u00e8ces phares pour l\u2019hiver. Notre s\u00e9lection de veste pour femmes offre tout ce dont vous avez besoin : des anoraks confortables aux veste de laine \u00e9l\u00e9gants. Vous trouverez \u00e9galement une vari\u00e9t\u00e9 de manteaux de fourrure, de parka, en cuir, cachemires<br \/>\nOn craque pour ces manteaux polyvalents qui rehaussent la simplicit\u00e9 d\u2019un jean et temp\u00e8rent l\u2019extr\u00eame f\u00e9minit\u00e9 d\u2019une robe.<\/p>\n","protected":false},"excerpt":{"rendered":"<p>Vente en ligne Veste pour femme.<\/p>\n<ul>\n<li>\u00a0Veste doublure en fourrure synth\u00e9tique blanc<\/li>\n<li>Fermeture \u00e9clair diagonale argent\u00e9e<\/li>\n<li>\u00a0Large col en fourrure blanc<\/li>\n<li>Poignets doubl\u00e9s en fourrure synth\u00e9tique<\/li>\n<li>\u00a0Ceinture ajustable \u00e0 la taille<\/li>\n<li>Poches zipp\u00e9es sur le devant<\/li>\n<li>Oversize et confortable<\/li>\n<li>Tenue d\u2019hiver chic et d\u00e9contract\u00e9e<\/li>\n<li>Livraison \u00e0 domicile : 8 TND<\/li>\n<li>D\u00e9lai de livraison : 2 \u00e0 3 jours<\/li>\n<li>\u00c9change possible : Vous ne payez que les frais de livraison pour le second colis.<\/li>\n<li>D\u00e9lai d\u2019\u00e9change : Maximum 1 jour<\/li>\n<\/ul>\n","protected":false},"featured_media":106702,"template":"","meta":[],"product_brand":[],"product_cat":[137,360,46],"product_tag":[],"class_list":{"0":"post-83407","1":"product","2":"type-product","3":"status-publish","4":"has-post-thumbnail","6":"product_cat-mode-femme","7":"product_cat-nouvelle-collection","8":"product_cat-vestes-blousons","9":"pa_couleurs-blanc","10":"pa_taille-m-l","11":"pa_taille-s-m","14":"first","15":"outofstock","16":"taxable","17":"shipping-taxable","18":"product-type-variable"},"yoast_head":"<!-- This site is optimized with the Yoast SEO plugin v27.5 - https:\/\/yoast.com\/product\/yoast-seo-wordpress\/ -->\n<title>Veste femme-300500-VOG - Vog Tunisie<\/title>\n<meta name=\"robots\" content=\"index, follow, max-snippet:-1, max-image-preview:large, max-video-preview:-1\" \/>\n<link rel=\"canonical\" href=\"https:\/\/vog.com.tn\/?product=veste-simili-daim-femme-300500-vog\" \/>\n<meta property=\"og:locale\" content=\"fr_FR\" \/>\n<meta property=\"og:type\" content=\"article\" \/>\n<meta property=\"og:title\" content=\"Veste femme-300500-VOG - Vog Tunisie\" \/>\n<meta property=\"og:description\" content=\"Vente en ligne Veste pour femme.   \u00a0Veste doublure en fourrure synth\u00e9tique blanc  Fermeture \u00e9clair diagonale argent\u00e9e  \u00a0Large col en fourrure blanc  Poignets doubl\u00e9s en fourrure synth\u00e9tique  \u00a0Ceinture ajustable \u00e0 la taille  Poches zipp\u00e9es sur le devant  Oversize et confortable  Tenue d\u2019hiver chic et d\u00e9contract\u00e9e  Livraison \u00e0 domicile : 8 TND  D\u00e9lai de livraison : 2 \u00e0 3 jours  \u00c9change possible : Vous ne payez que les frais de livraison pour le second colis.  D\u00e9lai d\u2019\u00e9change : Maximum 1 jour\" \/>\n<meta property=\"og:url\" content=\"https:\/\/vog.com.tn\/?product=veste-simili-daim-femme-300500-vog\" \/>\n<meta property=\"og:site_name\" content=\"Vog Tunisie\" \/>\n<meta property=\"article:modified_time\" content=\"2026-01-09T07:34:30+00:00\" \/>\n<meta property=\"og:image\" content=\"https:\/\/vog.com.tn\/wp-content\/uploads\/2024\/12\/300500-blanc-vog-2-1.png\" \/>\n\t<meta property=\"og:image:width\" content=\"572\" \/>\n\t<meta property=\"og:image:height\" content=\"800\" \/>\n\t<meta property=\"og:image:type\" content=\"image\/png\" \/>\n<meta name=\"twitter:card\" content=\"summary_large_image\" \/>\n<meta name=\"twitter:label1\" content=\"Dur\u00e9e de lecture estim\u00e9e\" \/>\n\t<meta name=\"twitter:data1\" content=\"1 minute\" \/>\n<script type=\"application\/ld+json\" class=\"yoast-schema-graph\">{\"@context\":\"https:\\\/\\\/schema.org\",\"@graph\":[{\"@type\":\"WebPage\",\"@id\":\"https:\\\/\\\/vog.com.tn\\\/?product=veste-simili-daim-femme-300500-vog\",\"url\":\"https:\\\/\\\/vog.com.tn\\\/?product=veste-simili-daim-femme-300500-vog\",\"name\":\"Veste femme-300500-VOG - Vog Tunisie\",\"isPartOf\":{\"@id\":\"https:\\\/\\\/vog.com.tn\\\/#website\"},\"primaryImageOfPage\":{\"@id\":\"https:\\\/\\\/vog.com.tn\\\/?product=veste-simili-daim-femme-300500-vog#primaryimage\"},\"image\":{\"@id\":\"https:\\\/\\\/vog.com.tn\\\/?product=veste-simili-daim-femme-300500-vog#primaryimage\"},\"thumbnailUrl\":\"https:\\\/\\\/vog.com.tn\\\/wp-content\\\/uploads\\\/2024\\\/12\\\/300500-blanc-vog-2-1.png\",\"datePublished\":\"2024-12-16T11:59:09+00:00\",\"dateModified\":\"2026-01-09T07:34:30+00:00\",\"breadcrumb\":{\"@id\":\"https:\\\/\\\/vog.com.tn\\\/?product=veste-simili-daim-femme-300500-vog#breadcrumb\"},\"inLanguage\":\"fr-FR\",\"potentialAction\":[{\"@type\":\"ReadAction\",\"target\":[\"https:\\\/\\\/vog.com.tn\\\/?product=veste-simili-daim-femme-300500-vog\"]}]},{\"@type\":\"ImageObject\",\"inLanguage\":\"fr-FR\",\"@id\":\"https:\\\/\\\/vog.com.tn\\\/?product=veste-simili-daim-femme-300500-vog#primaryimage\",\"url\":\"https:\\\/\\\/vog.com.tn\\\/wp-content\\\/uploads\\\/2024\\\/12\\\/300500-blanc-vog-2-1.png\",\"contentUrl\":\"https:\\\/\\\/vog.com.tn\\\/wp-content\\\/uploads\\\/2024\\\/12\\\/300500-blanc-vog-2-1.png\",\"width\":572,\"height\":800},{\"@type\":\"BreadcrumbList\",\"@id\":\"https:\\\/\\\/vog.com.tn\\\/?product=veste-simili-daim-femme-300500-vog#breadcrumb\",\"itemListElement\":[{\"@type\":\"ListItem\",\"position\":1,\"name\":\"Home\",\"item\":\"https:\\\/\\\/vog.com.tn\\\/\"},{\"@type\":\"ListItem\",\"position\":2,\"name\":\"Produits\",\"item\":\"https:\\\/\\\/vog.com.tn\\\/?page_id=8\"},{\"@type\":\"ListItem\",\"position\":3,\"name\":\"Veste femme-300500-VOG\"}]},{\"@type\":\"WebSite\",\"@id\":\"https:\\\/\\\/vog.com.tn\\\/#website\",\"url\":\"https:\\\/\\\/vog.com.tn\\\/\",\"name\":\"Vog Tunisie\",\"description\":\"Pr\u00eat-\u00e0-porter\",\"potentialAction\":[{\"@type\":\"SearchAction\",\"target\":{\"@type\":\"EntryPoint\",\"urlTemplate\":\"https:\\\/\\\/vog.com.tn\\\/?s={search_term_string}\"},\"query-input\":{\"@type\":\"PropertyValueSpecification\",\"valueRequired\":true,\"valueName\":\"search_term_string\"}}],\"inLanguage\":\"fr-FR\"}]}<\/script>\n<!-- \/ Yoast SEO plugin. -->","yoast_head_json":{"title":"Veste femme-300500-VOG - Vog Tunisie","robots":{"index":"index","follow":"follow","max-snippet":"max-snippet:-1","max-image-preview":"max-image-preview:large","max-video-preview":"max-video-preview:-1"},"canonical":"https:\/\/vog.com.tn\/?product=veste-simili-daim-femme-300500-vog","og_locale":"fr_FR","og_type":"article","og_title":"Veste femme-300500-VOG - Vog Tunisie","og_description":"Vente en ligne Veste pour femme.   \u00a0Veste doublure en fourrure synth\u00e9tique blanc  Fermeture \u00e9clair diagonale argent\u00e9e  \u00a0Large col en fourrure blanc  Poignets doubl\u00e9s en fourrure synth\u00e9tique  \u00a0Ceinture ajustable \u00e0 la taille  Poches zipp\u00e9es sur le devant  Oversize et confortable  Tenue d\u2019hiver chic et d\u00e9contract\u00e9e  Livraison \u00e0 domicile : 8 TND  D\u00e9lai de livraison : 2 \u00e0 3 jours  \u00c9change possible : Vous ne payez que les frais de livraison pour le second colis.  D\u00e9lai d\u2019\u00e9change : Maximum 1 jour","og_url":"https:\/\/vog.com.tn\/?product=veste-simili-daim-femme-300500-vog","og_site_name":"Vog Tunisie","article_modified_time":"2026-01-09T07:34:30+00:00","og_image":[{"width":572,"height":800,"url":"https:\/\/vog.com.tn\/wp-content\/uploads\/2024\/12\/300500-blanc-vog-2-1.png","type":"image\/png"}],"twitter_card":"summary_large_image","twitter_misc":{"Dur\u00e9e de lecture estim\u00e9e":"1 minute"},"schema":{"@context":"https:\/\/schema.org","@graph":[{"@type":"WebPage","@id":"https:\/\/vog.com.tn\/?product=veste-simili-daim-femme-300500-vog","url":"https:\/\/vog.com.tn\/?product=veste-simili-daim-femme-300500-vog","name":"Veste femme-300500-VOG - Vog Tunisie","isPartOf":{"@id":"https:\/\/vog.com.tn\/#website"},"primaryImageOfPage":{"@id":"https:\/\/vog.com.tn\/?product=veste-simili-daim-femme-300500-vog#primaryimage"},"image":{"@id":"https:\/\/vog.com.tn\/?product=veste-simili-daim-femme-300500-vog#primaryimage"},"thumbnailUrl":"https:\/\/vog.com.tn\/wp-content\/uploads\/2024\/12\/300500-blanc-vog-2-1.png","datePublished":"2024-12-16T11:59:09+00:00","dateModified":"2026-01-09T07:34:30+00:00","breadcrumb":{"@id":"https:\/\/vog.com.tn\/?product=veste-simili-daim-femme-300500-vog#breadcrumb"},"inLanguage":"fr-FR","potentialAction":[{"@type":"ReadAction","target":["https:\/\/vog.com.tn\/?product=veste-simili-daim-femme-300500-vog"]}]},{"@type":"ImageObject","inLanguage":"fr-FR","@id":"https:\/\/vog.com.tn\/?product=veste-simili-daim-femme-300500-vog#primaryimage","url":"https:\/\/vog.com.tn\/wp-content\/uploads\/2024\/12\/300500-blanc-vog-2-1.png","contentUrl":"https:\/\/vog.com.tn\/wp-content\/uploads\/2024\/12\/300500-blanc-vog-2-1.png","width":572,"height":800},{"@type":"BreadcrumbList","@id":"https:\/\/vog.com.tn\/?product=veste-simili-daim-femme-300500-vog#breadcrumb","itemListElement":[{"@type":"ListItem","position":1,"name":"Home","item":"https:\/\/vog.com.tn\/"},{"@type":"ListItem","position":2,"name":"Produits","item":"https:\/\/vog.com.tn\/?page_id=8"},{"@type":"ListItem","position":3,"name":"Veste femme-300500-VOG"}]},{"@type":"WebSite","@id":"https:\/\/vog.com.tn\/#website","url":"https:\/\/vog.com.tn\/","name":"Vog Tunisie","description":"Pr\u00eat-\u00e0-porter","potentialAction":[{"@type":"SearchAction","target":{"@type":"EntryPoint","urlTemplate":"https:\/\/vog.com.tn\/?s={search_term_string}"},"query-input":{"@type":"PropertyValueSpecification","valueRequired":true,"valueName":"search_term_string"}}],"inLanguage":"fr-FR"}]}},"_links":{"self":[{"href":"https:\/\/vog.com.tn\/index.php?rest_route=\/wp\/v2\/product\/83407","targetHints":{"allow":["GET"]}}],"collection":[{"href":"https:\/\/vog.com.tn\/index.php?rest_route=\/wp\/v2\/product"}],"about":[{"href":"https:\/\/vog.com.tn\/index.php?rest_route=\/wp\/v2\/types\/product"}],"wp:featuredmedia":[{"embeddable":true,"href":"https:\/\/vog.com.tn\/index.php?rest_route=\/wp\/v2\/media\/106702"}],"wp:attachment":[{"href":"https:\/\/vog.com.tn\/index.php?rest_route=%2Fwp%2Fv2%2Fmedia&parent=83407"}],"wp:term":[{"taxonomy":"product_brand","embeddable":true,"href":"https:\/\/vog.com.tn\/index.php?rest_route=%2Fwp%2Fv2%2Fproduct_brand&post=83407"},{"taxonomy":"product_cat","embeddable":true,"href":"https:\/\/vog.com.tn\/index.php?rest_route=%2Fwp%2Fv2%2Fproduct_cat&post=83407"},{"taxonomy":"product_tag","embeddable":true,"href":"https:\/\/vog.com.tn\/index.php?rest_route=%2Fwp%2Fv2%2Fproduct_tag&post=83407"}],"curies":[{"name":"wp","href":"https:\/\/api.w.org\/{rel}","templated":true}]}}