{"id":83665,"date":"2024-12-18T16:49:11","date_gmt":"2024-12-18T15:49:11","guid":{"rendered":"https:\/\/vog.com.tn\/?post_type=product&#038;p=83665"},"modified":"2026-04-09T12:12:13","modified_gmt":"2026-04-09T10:12:13","slug":"veste-femme-300043-vog","status":"publish","type":"product","link":"https:\/\/vog.com.tn\/?product=veste-femme-300043-vog","title":{"rendered":"Veste femme-300043-VOG"},"content":{"rendered":"<p>Vog met en vente en ligne veste en Tunisie. Les vestes sont des pi\u00e8ces phares pour l\u2019hiver. Notre s\u00e9lection de veste pour femmes offre tout ce dont vous avez besoin : des anoraks confortables aux veste de laine \u00e9l\u00e9gants. Vous trouverez \u00e9galement une vari\u00e9t\u00e9 de veste de fourrure, de parka, en cuir, cachemires<br \/>\nOn craque pour ces veste polyvalents qui rehaussent la simplicit\u00e9 d\u2019un jean et temp\u00e8rent l\u2019extr\u00eame f\u00e9minit\u00e9 d\u2019une robe.<\/p>\n","protected":false},"excerpt":{"rendered":"<p>Vente en ligne Veste pour femme.<\/p>\n<ul>\n<li><strong>Type de veste :<\/strong> Doudoune courte et matelass\u00e9e.<\/li>\n<li><strong>Couleur : <\/strong>Couleur\u00a0uni avec d\u00e9tails en denim bleu clair.<\/li>\n<li><strong>Style :<\/strong> Urbain et tendance, effet bi-mati\u00e8re (noir + denim).<\/li>\n<li><strong>Col :<\/strong> Col montant pour une meilleure protection contre le froid.<\/li>\n<li><strong>Poignets :<\/strong> Finitions en denim avec boutons-pression apparents.<\/li>\n<li><strong>Fermeture :<\/strong> Boutons-pression argent\u00e9s sur le devant.<\/li>\n<li><strong>Coupe :<\/strong> Oversize et courte pour un style d\u00e9contract\u00e9 et moderne.<\/li>\n<li>Livraison \u00e0 domicile : 8 TND<\/li>\n<li>D\u00e9lai de livraison : 2 \u00e0 3 jours<\/li>\n<li>\u00c9change possible : Vous ne payez que les frais de livraison pour le second colis.<\/li>\n<li>D\u00e9lai d\u2019\u00e9change : Maximum 1 jour\n<div class=\"woocommerce-product-details__short-description\">\n<div class=\"woocommerce-product-details__short-description\">\n<div class=\"woocommerce-product-details__short-description\"><\/div>\n<div data-product_id=\"83112\" data-threshold_min=\"30\" data-threshold_max=\"100\" data-total=\"6\"><\/div>\n<\/div>\n<div data-product_id=\"83227\" data-threshold_min=\"30\" data-threshold_max=\"100\" data-total=\"8\"><\/div>\n<\/div>\n<div data-product_id=\"83276\" data-threshold_min=\"30\" data-threshold_max=\"100\" data-total=\"6\"><\/div>\n<\/li>\n<\/ul>\n","protected":false},"featured_media":102956,"template":"","meta":[],"product_brand":[],"product_cat":[317,137,360,46],"product_tag":[],"class_list":{"0":"post-83665","1":"product","2":"type-product","3":"status-publish","4":"has-post-thumbnail","6":"product_cat-veste-et-blousons","7":"product_cat-mode-femme","8":"product_cat-nouvelle-collection","9":"product_cat-vestes-blousons","10":"pa_couleurs-beige","11":"pa_couleurs-choco","12":"pa_couleurs-noir","13":"pa_taille-large","14":"pa_taille-moyenne","15":"pa_taille-small","18":"first","19":"instock","20":"sale","21":"taxable","22":"shipping-taxable","23":"purchasable","24":"product-type-variable"},"yoast_head":"<!-- This site is optimized with the Yoast SEO plugin v27.5 - https:\/\/yoast.com\/product\/yoast-seo-wordpress\/ -->\n<title>Veste femme-300043-VOG - Vog Tunisie<\/title>\n<meta name=\"robots\" content=\"index, follow, max-snippet:-1, max-image-preview:large, max-video-preview:-1\" \/>\n<link rel=\"canonical\" href=\"https:\/\/vog.com.tn\/?product=veste-femme-300043-vog\" \/>\n<meta property=\"og:locale\" content=\"fr_FR\" \/>\n<meta property=\"og:type\" content=\"article\" \/>\n<meta property=\"og:title\" content=\"Veste femme-300043-VOG - Vog Tunisie\" \/>\n<meta property=\"og:description\" content=\"Vente en ligne Veste pour femme.   Type de veste : Doudoune courte et matelass\u00e9e.  Couleur : Couleur\u00a0uni avec d\u00e9tails en denim bleu clair.  Style : Urbain et tendance, effet bi-mati\u00e8re (noir + denim).  Col : Col montant pour une meilleure protection contre le froid.  Poignets : Finitions en denim avec boutons-pression apparents.  Fermeture : Boutons-pression argent\u00e9s sur le devant.  Coupe : Oversize et courte pour un style d\u00e9contract\u00e9 et moderne.  Livraison \u00e0 domicile : 8 TND  D\u00e9lai de livraison : 2 \u00e0 3 jours  \u00c9change possible : Vous ne payez que les frais de livraison pour le second colis.  D\u00e9lai d\u2019\u00e9change : Maximum 1 jour\" \/>\n<meta property=\"og:url\" content=\"https:\/\/vog.com.tn\/?product=veste-femme-300043-vog\" \/>\n<meta property=\"og:site_name\" content=\"Vog Tunisie\" \/>\n<meta property=\"article:modified_time\" content=\"2026-04-09T10:12:13+00:00\" \/>\n<meta property=\"og:image\" content=\"https:\/\/vog.com.tn\/wp-content\/uploads\/2025\/01\/300043-noir-Vog.jpg\" \/>\n\t<meta property=\"og:image:width\" content=\"572\" \/>\n\t<meta property=\"og:image:height\" content=\"800\" \/>\n\t<meta property=\"og:image:type\" content=\"image\/jpeg\" \/>\n<meta name=\"twitter:card\" content=\"summary_large_image\" \/>\n<meta name=\"twitter:label1\" content=\"Dur\u00e9e de lecture estim\u00e9e\" \/>\n\t<meta name=\"twitter:data1\" content=\"1 minute\" \/>\n<script type=\"application\/ld+json\" class=\"yoast-schema-graph\">{\"@context\":\"https:\\\/\\\/schema.org\",\"@graph\":[{\"@type\":\"WebPage\",\"@id\":\"https:\\\/\\\/vog.com.tn\\\/?product=veste-femme-300043-vog\",\"url\":\"https:\\\/\\\/vog.com.tn\\\/?product=veste-femme-300043-vog\",\"name\":\"Veste femme-300043-VOG - Vog Tunisie\",\"isPartOf\":{\"@id\":\"https:\\\/\\\/vog.com.tn\\\/#website\"},\"primaryImageOfPage\":{\"@id\":\"https:\\\/\\\/vog.com.tn\\\/?product=veste-femme-300043-vog#primaryimage\"},\"image\":{\"@id\":\"https:\\\/\\\/vog.com.tn\\\/?product=veste-femme-300043-vog#primaryimage\"},\"thumbnailUrl\":\"https:\\\/\\\/vog.com.tn\\\/wp-content\\\/uploads\\\/2025\\\/01\\\/300043-noir-Vog.jpg\",\"datePublished\":\"2024-12-18T15:49:11+00:00\",\"dateModified\":\"2026-04-09T10:12:13+00:00\",\"breadcrumb\":{\"@id\":\"https:\\\/\\\/vog.com.tn\\\/?product=veste-femme-300043-vog#breadcrumb\"},\"inLanguage\":\"fr-FR\",\"potentialAction\":[{\"@type\":\"ReadAction\",\"target\":[\"https:\\\/\\\/vog.com.tn\\\/?product=veste-femme-300043-vog\"]}]},{\"@type\":\"ImageObject\",\"inLanguage\":\"fr-FR\",\"@id\":\"https:\\\/\\\/vog.com.tn\\\/?product=veste-femme-300043-vog#primaryimage\",\"url\":\"https:\\\/\\\/vog.com.tn\\\/wp-content\\\/uploads\\\/2025\\\/01\\\/300043-noir-Vog.jpg\",\"contentUrl\":\"https:\\\/\\\/vog.com.tn\\\/wp-content\\\/uploads\\\/2025\\\/01\\\/300043-noir-Vog.jpg\",\"width\":572,\"height\":800},{\"@type\":\"BreadcrumbList\",\"@id\":\"https:\\\/\\\/vog.com.tn\\\/?product=veste-femme-300043-vog#breadcrumb\",\"itemListElement\":[{\"@type\":\"ListItem\",\"position\":1,\"name\":\"Home\",\"item\":\"https:\\\/\\\/vog.com.tn\\\/\"},{\"@type\":\"ListItem\",\"position\":2,\"name\":\"Produits\",\"item\":\"https:\\\/\\\/vog.com.tn\\\/?page_id=8\"},{\"@type\":\"ListItem\",\"position\":3,\"name\":\"Veste femme-300043-VOG\"}]},{\"@type\":\"WebSite\",\"@id\":\"https:\\\/\\\/vog.com.tn\\\/#website\",\"url\":\"https:\\\/\\\/vog.com.tn\\\/\",\"name\":\"Vog Tunisie\",\"description\":\"Pr\u00eat-\u00e0-porter\",\"potentialAction\":[{\"@type\":\"SearchAction\",\"target\":{\"@type\":\"EntryPoint\",\"urlTemplate\":\"https:\\\/\\\/vog.com.tn\\\/?s={search_term_string}\"},\"query-input\":{\"@type\":\"PropertyValueSpecification\",\"valueRequired\":true,\"valueName\":\"search_term_string\"}}],\"inLanguage\":\"fr-FR\"}]}<\/script>\n<!-- \/ Yoast SEO plugin. -->","yoast_head_json":{"title":"Veste femme-300043-VOG - Vog Tunisie","robots":{"index":"index","follow":"follow","max-snippet":"max-snippet:-1","max-image-preview":"max-image-preview:large","max-video-preview":"max-video-preview:-1"},"canonical":"https:\/\/vog.com.tn\/?product=veste-femme-300043-vog","og_locale":"fr_FR","og_type":"article","og_title":"Veste femme-300043-VOG - Vog Tunisie","og_description":"Vente en ligne Veste pour femme.   Type de veste : Doudoune courte et matelass\u00e9e.  Couleur : Couleur\u00a0uni avec d\u00e9tails en denim bleu clair.  Style : Urbain et tendance, effet bi-mati\u00e8re (noir + denim).  Col : Col montant pour une meilleure protection contre le froid.  Poignets : Finitions en denim avec boutons-pression apparents.  Fermeture : Boutons-pression argent\u00e9s sur le devant.  Coupe : Oversize et courte pour un style d\u00e9contract\u00e9 et moderne.  Livraison \u00e0 domicile : 8 TND  D\u00e9lai de livraison : 2 \u00e0 3 jours  \u00c9change possible : Vous ne payez que les frais de livraison pour le second colis.  D\u00e9lai d\u2019\u00e9change : Maximum 1 jour","og_url":"https:\/\/vog.com.tn\/?product=veste-femme-300043-vog","og_site_name":"Vog Tunisie","article_modified_time":"2026-04-09T10:12:13+00:00","og_image":[{"width":572,"height":800,"url":"https:\/\/vog.com.tn\/wp-content\/uploads\/2025\/01\/300043-noir-Vog.jpg","type":"image\/jpeg"}],"twitter_card":"summary_large_image","twitter_misc":{"Dur\u00e9e de lecture estim\u00e9e":"1 minute"},"schema":{"@context":"https:\/\/schema.org","@graph":[{"@type":"WebPage","@id":"https:\/\/vog.com.tn\/?product=veste-femme-300043-vog","url":"https:\/\/vog.com.tn\/?product=veste-femme-300043-vog","name":"Veste femme-300043-VOG - Vog Tunisie","isPartOf":{"@id":"https:\/\/vog.com.tn\/#website"},"primaryImageOfPage":{"@id":"https:\/\/vog.com.tn\/?product=veste-femme-300043-vog#primaryimage"},"image":{"@id":"https:\/\/vog.com.tn\/?product=veste-femme-300043-vog#primaryimage"},"thumbnailUrl":"https:\/\/vog.com.tn\/wp-content\/uploads\/2025\/01\/300043-noir-Vog.jpg","datePublished":"2024-12-18T15:49:11+00:00","dateModified":"2026-04-09T10:12:13+00:00","breadcrumb":{"@id":"https:\/\/vog.com.tn\/?product=veste-femme-300043-vog#breadcrumb"},"inLanguage":"fr-FR","potentialAction":[{"@type":"ReadAction","target":["https:\/\/vog.com.tn\/?product=veste-femme-300043-vog"]}]},{"@type":"ImageObject","inLanguage":"fr-FR","@id":"https:\/\/vog.com.tn\/?product=veste-femme-300043-vog#primaryimage","url":"https:\/\/vog.com.tn\/wp-content\/uploads\/2025\/01\/300043-noir-Vog.jpg","contentUrl":"https:\/\/vog.com.tn\/wp-content\/uploads\/2025\/01\/300043-noir-Vog.jpg","width":572,"height":800},{"@type":"BreadcrumbList","@id":"https:\/\/vog.com.tn\/?product=veste-femme-300043-vog#breadcrumb","itemListElement":[{"@type":"ListItem","position":1,"name":"Home","item":"https:\/\/vog.com.tn\/"},{"@type":"ListItem","position":2,"name":"Produits","item":"https:\/\/vog.com.tn\/?page_id=8"},{"@type":"ListItem","position":3,"name":"Veste femme-300043-VOG"}]},{"@type":"WebSite","@id":"https:\/\/vog.com.tn\/#website","url":"https:\/\/vog.com.tn\/","name":"Vog Tunisie","description":"Pr\u00eat-\u00e0-porter","potentialAction":[{"@type":"SearchAction","target":{"@type":"EntryPoint","urlTemplate":"https:\/\/vog.com.tn\/?s={search_term_string}"},"query-input":{"@type":"PropertyValueSpecification","valueRequired":true,"valueName":"search_term_string"}}],"inLanguage":"fr-FR"}]}},"_links":{"self":[{"href":"https:\/\/vog.com.tn\/index.php?rest_route=\/wp\/v2\/product\/83665","targetHints":{"allow":["GET"]}}],"collection":[{"href":"https:\/\/vog.com.tn\/index.php?rest_route=\/wp\/v2\/product"}],"about":[{"href":"https:\/\/vog.com.tn\/index.php?rest_route=\/wp\/v2\/types\/product"}],"wp:featuredmedia":[{"embeddable":true,"href":"https:\/\/vog.com.tn\/index.php?rest_route=\/wp\/v2\/media\/102956"}],"wp:attachment":[{"href":"https:\/\/vog.com.tn\/index.php?rest_route=%2Fwp%2Fv2%2Fmedia&parent=83665"}],"wp:term":[{"taxonomy":"product_brand","embeddable":true,"href":"https:\/\/vog.com.tn\/index.php?rest_route=%2Fwp%2Fv2%2Fproduct_brand&post=83665"},{"taxonomy":"product_cat","embeddable":true,"href":"https:\/\/vog.com.tn\/index.php?rest_route=%2Fwp%2Fv2%2Fproduct_cat&post=83665"},{"taxonomy":"product_tag","embeddable":true,"href":"https:\/\/vog.com.tn\/index.php?rest_route=%2Fwp%2Fv2%2Fproduct_tag&post=83665"}],"curies":[{"name":"wp","href":"https:\/\/api.w.org\/{rel}","templated":true}]}}