{"id":83721,"date":"2024-12-19T11:01:03","date_gmt":"2024-12-19T10:01:03","guid":{"rendered":"https:\/\/vog.com.tn\/?post_type=product&#038;p=83721"},"modified":"2026-03-24T11:11:48","modified_gmt":"2026-03-24T10:11:48","slug":"83721","status":"publish","type":"product","link":"https:\/\/vog.com.tn\/?product=83721","title":{"rendered":"Veste Femme-300552-VOG"},"content":{"rendered":"<p>Vog met en vente en ligne doudoune en Tunisie. Apportez une note tendance et sophistiqu\u00e9e \u00e0 vos tenues avec cette veste courte incontournable. Son design minimaliste et sa coupe l\u00e9g\u00e8rement cintr\u00e9e soulignent la silhouette avec \u00e9l\u00e9gance. Dot\u00e9e de manches longues et de finitions soign\u00e9es, elle se distingue par sa polyvalence : parfaite pour une journ\u00e9e au bureau ou une soir\u00e9e entre amis. Facile \u00e0 assortir, elle compl\u00e9tera \u00e0 merveille vos jeans, jupes ou robes pr\u00e9f\u00e9r\u00e9es. Un essentiel mode pour un style raffin\u00e9 au quotidien.<\/p>\n","protected":false},"excerpt":{"rendered":"<p>Vente en ligne veste pour femme.<\/p>\n<ul>\n<li>Veste matelass\u00e9e au style moderne, adapt\u00e9e \u00e0 diff\u00e9rentes morphologies et occasions.<\/li>\n<li>Rembourrage g\u00e9n\u00e9reux pour garantir chaleur et confort par temps froid.<\/li>\n<li>Col montant avec fourrure pour se prot\u00e9ger contre le vent et les intemp\u00e9ries.<\/li>\n<li>Zip central renforc\u00e9 par des boutons-pression pour une isolation optimale.<\/li>\n<li>Longues des manches , souvent avec des poignets \u00e9lastiques pour \u00e9viter les infiltrations d\u2019air.<\/li>\n<li>Pratiques et discr\u00e8tes pour garder les mains au chaud ou ranger des objets essentiels.<\/li>\n<li>Tissu ext\u00e9rieur d\u00e9perlant ou imperm\u00e9able pour affronter la pluie l\u00e9g\u00e8re.<\/li>\n<li><strong>\u00a0<\/strong>Design\u00a0sobre et moderne qui s\u2019adapte facilement \u00e0 des tenues d\u00e9contract\u00e9es ou plus habill\u00e9es.<\/li>\n<li><strong>\u00a0<\/strong>Parfaite\u00a0pour le quotidien en ville ou pour des activit\u00e9s ext\u00e9rieures en saison froide.<\/li>\n<li>Livraison \u00e0 domicile : 8 TND<\/li>\n<li>D\u00e9lai de livraison : 2 \u00e0 3 jours<\/li>\n<li>\u00c9change possible : Vous ne payez que les frais de livraison pour le second colis.<\/li>\n<li>D\u00e9lai d\u2019\u00e9change : Maximum 1 jour<\/li>\n<\/ul>\n","protected":false},"featured_media":113109,"template":"","meta":[],"product_brand":[],"product_cat":[317,137,360,46],"product_tag":[],"class_list":{"0":"post-83721","1":"product","2":"type-product","3":"status-publish","4":"has-post-thumbnail","6":"product_cat-veste-et-blousons","7":"product_cat-mode-femme","8":"product_cat-nouvelle-collection","9":"product_cat-vestes-blousons","10":"pa_couleurs-noir","11":"pa_couleurs-taupe","12":"pa_taille-large","13":"pa_taille-moyenne","14":"pa_taille-small","17":"first","18":"instock","19":"sale","20":"taxable","21":"shipping-taxable","22":"purchasable","23":"product-type-variable"},"yoast_head":"<!-- This site is optimized with the Yoast SEO plugin v27.5 - https:\/\/yoast.com\/product\/yoast-seo-wordpress\/ -->\n<title>Veste Femme-300552-VOG - Vog Tunisie<\/title>\n<meta name=\"robots\" content=\"index, follow, max-snippet:-1, max-image-preview:large, max-video-preview:-1\" \/>\n<link rel=\"canonical\" href=\"https:\/\/vog.com.tn\/?product=83721\" \/>\n<meta property=\"og:locale\" content=\"fr_FR\" \/>\n<meta property=\"og:type\" content=\"article\" \/>\n<meta property=\"og:title\" content=\"Veste Femme-300552-VOG - Vog Tunisie\" \/>\n<meta property=\"og:description\" content=\"Vente en ligne veste pour femme.   Veste matelass\u00e9e au style moderne, adapt\u00e9e \u00e0 diff\u00e9rentes morphologies et occasions.  Rembourrage g\u00e9n\u00e9reux pour garantir chaleur et confort par temps froid.  Col montant avec fourrure pour se prot\u00e9ger contre le vent et les intemp\u00e9ries.  Zip central renforc\u00e9 par des boutons-pression pour une isolation optimale.  Longues des manches , souvent avec des poignets \u00e9lastiques pour \u00e9viter les infiltrations d\u2019air.  Pratiques et discr\u00e8tes pour garder les mains au chaud ou ranger des objets essentiels.  Tissu ext\u00e9rieur d\u00e9perlant ou imperm\u00e9able pour affronter la pluie l\u00e9g\u00e8re.  \u00a0Design\u00a0sobre et moderne qui s\u2019adapte facilement \u00e0 des tenues d\u00e9contract\u00e9es ou plus habill\u00e9es.  \u00a0Parfaite\u00a0pour le quotidien en ville ou pour des activit\u00e9s ext\u00e9rieures en saison froide.  Livraison \u00e0 domicile : 8 TND  D\u00e9lai de livraison : 2 \u00e0 3 jours  \u00c9change possible : Vous ne payez que les frais de livraison pour le second colis.  D\u00e9lai d\u2019\u00e9change : Maximum 1 jour\" \/>\n<meta property=\"og:url\" content=\"https:\/\/vog.com.tn\/?product=83721\" \/>\n<meta property=\"og:site_name\" content=\"Vog Tunisie\" \/>\n<meta property=\"article:modified_time\" content=\"2026-03-24T10:11:48+00:00\" \/>\n<meta property=\"og:image\" content=\"https:\/\/vog.com.tn\/wp-content\/uploads\/2024\/12\/300552-noir-VOG.jpg\" \/>\n\t<meta property=\"og:image:width\" content=\"572\" \/>\n\t<meta property=\"og:image:height\" content=\"800\" \/>\n\t<meta property=\"og:image:type\" content=\"image\/jpeg\" \/>\n<meta name=\"twitter:card\" content=\"summary_large_image\" \/>\n<meta name=\"twitter:label1\" content=\"Dur\u00e9e de lecture estim\u00e9e\" \/>\n\t<meta name=\"twitter:data1\" content=\"1 minute\" \/>\n<script type=\"application\/ld+json\" class=\"yoast-schema-graph\">{\"@context\":\"https:\\\/\\\/schema.org\",\"@graph\":[{\"@type\":\"WebPage\",\"@id\":\"https:\\\/\\\/vog.com.tn\\\/?product=83721\",\"url\":\"https:\\\/\\\/vog.com.tn\\\/?product=83721\",\"name\":\"Veste Femme-300552-VOG - Vog Tunisie\",\"isPartOf\":{\"@id\":\"https:\\\/\\\/vog.com.tn\\\/#website\"},\"primaryImageOfPage\":{\"@id\":\"https:\\\/\\\/vog.com.tn\\\/?product=83721#primaryimage\"},\"image\":{\"@id\":\"https:\\\/\\\/vog.com.tn\\\/?product=83721#primaryimage\"},\"thumbnailUrl\":\"https:\\\/\\\/vog.com.tn\\\/wp-content\\\/uploads\\\/2024\\\/12\\\/300552-noir-VOG.jpg\",\"datePublished\":\"2024-12-19T10:01:03+00:00\",\"dateModified\":\"2026-03-24T10:11:48+00:00\",\"breadcrumb\":{\"@id\":\"https:\\\/\\\/vog.com.tn\\\/?product=83721#breadcrumb\"},\"inLanguage\":\"fr-FR\",\"potentialAction\":[{\"@type\":\"ReadAction\",\"target\":[\"https:\\\/\\\/vog.com.tn\\\/?product=83721\"]}]},{\"@type\":\"ImageObject\",\"inLanguage\":\"fr-FR\",\"@id\":\"https:\\\/\\\/vog.com.tn\\\/?product=83721#primaryimage\",\"url\":\"https:\\\/\\\/vog.com.tn\\\/wp-content\\\/uploads\\\/2024\\\/12\\\/300552-noir-VOG.jpg\",\"contentUrl\":\"https:\\\/\\\/vog.com.tn\\\/wp-content\\\/uploads\\\/2024\\\/12\\\/300552-noir-VOG.jpg\",\"width\":572,\"height\":800},{\"@type\":\"BreadcrumbList\",\"@id\":\"https:\\\/\\\/vog.com.tn\\\/?product=83721#breadcrumb\",\"itemListElement\":[{\"@type\":\"ListItem\",\"position\":1,\"name\":\"Home\",\"item\":\"https:\\\/\\\/vog.com.tn\\\/\"},{\"@type\":\"ListItem\",\"position\":2,\"name\":\"Produits\",\"item\":\"https:\\\/\\\/vog.com.tn\\\/?page_id=8\"},{\"@type\":\"ListItem\",\"position\":3,\"name\":\"Veste Femme-300552-VOG\"}]},{\"@type\":\"WebSite\",\"@id\":\"https:\\\/\\\/vog.com.tn\\\/#website\",\"url\":\"https:\\\/\\\/vog.com.tn\\\/\",\"name\":\"Vog Tunisie\",\"description\":\"Pr\u00eat-\u00e0-porter\",\"potentialAction\":[{\"@type\":\"SearchAction\",\"target\":{\"@type\":\"EntryPoint\",\"urlTemplate\":\"https:\\\/\\\/vog.com.tn\\\/?s={search_term_string}\"},\"query-input\":{\"@type\":\"PropertyValueSpecification\",\"valueRequired\":true,\"valueName\":\"search_term_string\"}}],\"inLanguage\":\"fr-FR\"}]}<\/script>\n<!-- \/ Yoast SEO plugin. -->","yoast_head_json":{"title":"Veste Femme-300552-VOG - Vog Tunisie","robots":{"index":"index","follow":"follow","max-snippet":"max-snippet:-1","max-image-preview":"max-image-preview:large","max-video-preview":"max-video-preview:-1"},"canonical":"https:\/\/vog.com.tn\/?product=83721","og_locale":"fr_FR","og_type":"article","og_title":"Veste Femme-300552-VOG - Vog Tunisie","og_description":"Vente en ligne veste pour femme.   Veste matelass\u00e9e au style moderne, adapt\u00e9e \u00e0 diff\u00e9rentes morphologies et occasions.  Rembourrage g\u00e9n\u00e9reux pour garantir chaleur et confort par temps froid.  Col montant avec fourrure pour se prot\u00e9ger contre le vent et les intemp\u00e9ries.  Zip central renforc\u00e9 par des boutons-pression pour une isolation optimale.  Longues des manches , souvent avec des poignets \u00e9lastiques pour \u00e9viter les infiltrations d\u2019air.  Pratiques et discr\u00e8tes pour garder les mains au chaud ou ranger des objets essentiels.  Tissu ext\u00e9rieur d\u00e9perlant ou imperm\u00e9able pour affronter la pluie l\u00e9g\u00e8re.  \u00a0Design\u00a0sobre et moderne qui s\u2019adapte facilement \u00e0 des tenues d\u00e9contract\u00e9es ou plus habill\u00e9es.  \u00a0Parfaite\u00a0pour le quotidien en ville ou pour des activit\u00e9s ext\u00e9rieures en saison froide.  Livraison \u00e0 domicile : 8 TND  D\u00e9lai de livraison : 2 \u00e0 3 jours  \u00c9change possible : Vous ne payez que les frais de livraison pour le second colis.  D\u00e9lai d\u2019\u00e9change : Maximum 1 jour","og_url":"https:\/\/vog.com.tn\/?product=83721","og_site_name":"Vog Tunisie","article_modified_time":"2026-03-24T10:11:48+00:00","og_image":[{"width":572,"height":800,"url":"https:\/\/vog.com.tn\/wp-content\/uploads\/2024\/12\/300552-noir-VOG.jpg","type":"image\/jpeg"}],"twitter_card":"summary_large_image","twitter_misc":{"Dur\u00e9e de lecture estim\u00e9e":"1 minute"},"schema":{"@context":"https:\/\/schema.org","@graph":[{"@type":"WebPage","@id":"https:\/\/vog.com.tn\/?product=83721","url":"https:\/\/vog.com.tn\/?product=83721","name":"Veste Femme-300552-VOG - Vog Tunisie","isPartOf":{"@id":"https:\/\/vog.com.tn\/#website"},"primaryImageOfPage":{"@id":"https:\/\/vog.com.tn\/?product=83721#primaryimage"},"image":{"@id":"https:\/\/vog.com.tn\/?product=83721#primaryimage"},"thumbnailUrl":"https:\/\/vog.com.tn\/wp-content\/uploads\/2024\/12\/300552-noir-VOG.jpg","datePublished":"2024-12-19T10:01:03+00:00","dateModified":"2026-03-24T10:11:48+00:00","breadcrumb":{"@id":"https:\/\/vog.com.tn\/?product=83721#breadcrumb"},"inLanguage":"fr-FR","potentialAction":[{"@type":"ReadAction","target":["https:\/\/vog.com.tn\/?product=83721"]}]},{"@type":"ImageObject","inLanguage":"fr-FR","@id":"https:\/\/vog.com.tn\/?product=83721#primaryimage","url":"https:\/\/vog.com.tn\/wp-content\/uploads\/2024\/12\/300552-noir-VOG.jpg","contentUrl":"https:\/\/vog.com.tn\/wp-content\/uploads\/2024\/12\/300552-noir-VOG.jpg","width":572,"height":800},{"@type":"BreadcrumbList","@id":"https:\/\/vog.com.tn\/?product=83721#breadcrumb","itemListElement":[{"@type":"ListItem","position":1,"name":"Home","item":"https:\/\/vog.com.tn\/"},{"@type":"ListItem","position":2,"name":"Produits","item":"https:\/\/vog.com.tn\/?page_id=8"},{"@type":"ListItem","position":3,"name":"Veste Femme-300552-VOG"}]},{"@type":"WebSite","@id":"https:\/\/vog.com.tn\/#website","url":"https:\/\/vog.com.tn\/","name":"Vog Tunisie","description":"Pr\u00eat-\u00e0-porter","potentialAction":[{"@type":"SearchAction","target":{"@type":"EntryPoint","urlTemplate":"https:\/\/vog.com.tn\/?s={search_term_string}"},"query-input":{"@type":"PropertyValueSpecification","valueRequired":true,"valueName":"search_term_string"}}],"inLanguage":"fr-FR"}]}},"_links":{"self":[{"href":"https:\/\/vog.com.tn\/index.php?rest_route=\/wp\/v2\/product\/83721","targetHints":{"allow":["GET"]}}],"collection":[{"href":"https:\/\/vog.com.tn\/index.php?rest_route=\/wp\/v2\/product"}],"about":[{"href":"https:\/\/vog.com.tn\/index.php?rest_route=\/wp\/v2\/types\/product"}],"wp:featuredmedia":[{"embeddable":true,"href":"https:\/\/vog.com.tn\/index.php?rest_route=\/wp\/v2\/media\/113109"}],"wp:attachment":[{"href":"https:\/\/vog.com.tn\/index.php?rest_route=%2Fwp%2Fv2%2Fmedia&parent=83721"}],"wp:term":[{"taxonomy":"product_brand","embeddable":true,"href":"https:\/\/vog.com.tn\/index.php?rest_route=%2Fwp%2Fv2%2Fproduct_brand&post=83721"},{"taxonomy":"product_cat","embeddable":true,"href":"https:\/\/vog.com.tn\/index.php?rest_route=%2Fwp%2Fv2%2Fproduct_cat&post=83721"},{"taxonomy":"product_tag","embeddable":true,"href":"https:\/\/vog.com.tn\/index.php?rest_route=%2Fwp%2Fv2%2Fproduct_tag&post=83721"}],"curies":[{"name":"wp","href":"https:\/\/api.w.org\/{rel}","templated":true}]}}