{"id":84157,"date":"2024-12-24T13:18:39","date_gmt":"2024-12-24T12:18:39","guid":{"rendered":"https:\/\/vog.com.tn\/?post_type=product&#038;p=84157"},"modified":"2026-03-19T11:12:30","modified_gmt":"2026-03-19T10:12:30","slug":"manteau-long-femme-300303-vog-2","status":"publish","type":"product","link":"https:\/\/vog.com.tn\/?product=manteau-long-femme-300303-vog-2","title":{"rendered":"Manteau Long Femme-300407-VOG"},"content":{"rendered":"<p>Vog met en vente en ligne Manteaux longs en Tunisie. Les manteaux sont des pi\u00e8ces phares pour l\u2019hiver. Notre s\u00e9lection de manteaux pour femmes offre tout ce dont vous avez besoin : des anoraks confortables aux manteaux de laine \u00e9l\u00e9gants. Vous trouverez \u00e9galement une vari\u00e9t\u00e9 de manteaux de fourrure, de parka, en cuir, cachemires . On craque pour ces manteaux polyvalents qui rehaussent la simplicit\u00e9 d\u2019un jean et temp\u00e8rent l\u2019extr\u00eame f\u00e9minit\u00e9 d\u2019une robe.<\/p>\n","protected":false},"excerpt":{"rendered":"<div class=\"flex max-w-full flex-col flex-grow\">\n<div class=\"min-h-8 text-message flex w-full flex-col items-end gap-2 whitespace-normal break-words text-start [.text-message+&amp;]:mt-5\" dir=\"auto\" data-message-author-role=\"assistant\" data-message-id=\"b3c802cf-9843-40f7-a1a3-605604ee41ee\" data-message-model-slug=\"gpt-4o\">\n<div class=\"flex w-full flex-col gap-1 empty:hidden first:pt-[3px]\">\n<div class=\"markdown prose w-full break-words dark:prose-invert light\">\n<p>Vente en ligne manteaux pour femme.<\/p>\n<ul>\n<li>Manteau \u00e9l\u00e9gant .<\/li>\n<li>Fermeture \u00e0 double boutonnage.<\/li>\n<li>Boutons dor\u00e9s pour une touche sophistiqu\u00e9e.<\/li>\n<li>Col classique pour un style intemporel.<\/li>\n<li>Mati\u00e8re douce et textur\u00e9e, parfaite pour l&rsquo;hiver.<\/li>\n<li><strong>Livraison \u00e0 domicile<\/strong>\u00a0: 8 TND<\/li>\n<li><strong>D\u00e9lai de livraison<\/strong>\u00a0: 2 \u00e0 3 jours<\/li>\n<li><strong>\u00c9change possible<\/strong>\u00a0: Vous ne payez que les frais de livraison pour le second colis.<\/li>\n<li><strong>D\u00e9lai d\u2019\u00e9change<\/strong>\u00a0: Maximum 1 jour.\n<div class=\"woocommerce-product-details__short-description\"><\/div>\n<div data-product_id=\"84132\" data-threshold_min=\"30\" data-threshold_max=\"100\" data-total=\"9\"><\/div>\n<\/li>\n<\/ul>\n<\/div>\n<\/div>\n<\/div>\n<\/div>\n<div class=\"mb-2 flex gap-3 empty:hidden -ml-2\">\n<div class=\"items-center justify-start rounded-xl p-1 flex\"><\/div>\n<\/div>\n","protected":false},"featured_media":113228,"template":"","meta":[],"product_brand":[],"product_cat":[48,269,137,360],"product_tag":[],"class_list":{"0":"post-84157","1":"product","2":"type-product","3":"status-publish","4":"has-post-thumbnail","6":"product_cat-manteaux-femme","7":"product_cat-manteaux-femme-longs","8":"product_cat-mode-femme","9":"product_cat-nouvelle-collection","10":"pa_couleurs-beige","11":"pa_couleurs-choco","12":"pa_taille-large","13":"pa_taille-moyenne","14":"pa_taille-small","17":"first","18":"outofstock","19":"taxable","20":"shipping-taxable","21":"product-type-variable"},"yoast_head":"<!-- This site is optimized with the Yoast SEO plugin v27.5 - https:\/\/yoast.com\/product\/yoast-seo-wordpress\/ -->\n<title>Manteau Long Femme-300407-VOG - Vog Tunisie<\/title>\n<meta name=\"robots\" content=\"index, follow, max-snippet:-1, max-image-preview:large, max-video-preview:-1\" \/>\n<link rel=\"canonical\" href=\"https:\/\/vog.com.tn\/?product=manteau-long-femme-300303-vog-2\" \/>\n<meta property=\"og:locale\" content=\"fr_FR\" \/>\n<meta property=\"og:type\" content=\"article\" \/>\n<meta property=\"og:title\" content=\"Manteau Long Femme-300407-VOG - Vog Tunisie\" \/>\n<meta property=\"og:description\" content=\"Vente en ligne manteaux pour femme.   Manteau \u00e9l\u00e9gant .  Fermeture \u00e0 double boutonnage.  Boutons dor\u00e9s pour une touche sophistiqu\u00e9e.  Col classique pour un style intemporel.  Mati\u00e8re douce et textur\u00e9e, parfaite pour l&#039;hiver.  Livraison \u00e0 domicile\u00a0: 8 TND  D\u00e9lai de livraison\u00a0: 2 \u00e0 3 jours  \u00c9change possible\u00a0: Vous ne payez que les frais de livraison pour le second colis.  D\u00e9lai d\u2019\u00e9change\u00a0: Maximum 1 jour.\" \/>\n<meta property=\"og:url\" content=\"https:\/\/vog.com.tn\/?product=manteau-long-femme-300303-vog-2\" \/>\n<meta property=\"og:site_name\" content=\"Vog Tunisie\" \/>\n<meta property=\"article:modified_time\" content=\"2026-03-19T10:12:30+00:00\" \/>\n<meta property=\"og:image\" content=\"https:\/\/vog.com.tn\/wp-content\/uploads\/2024\/12\/300407-CHOCO-VOG-3.png\" \/>\n\t<meta property=\"og:image:width\" content=\"572\" \/>\n\t<meta property=\"og:image:height\" content=\"800\" \/>\n\t<meta property=\"og:image:type\" content=\"image\/png\" \/>\n<meta name=\"twitter:card\" content=\"summary_large_image\" \/>\n<meta name=\"twitter:label1\" content=\"Dur\u00e9e de lecture estim\u00e9e\" \/>\n\t<meta name=\"twitter:data1\" content=\"1 minute\" \/>\n<script type=\"application\/ld+json\" class=\"yoast-schema-graph\">{\"@context\":\"https:\\\/\\\/schema.org\",\"@graph\":[{\"@type\":\"WebPage\",\"@id\":\"https:\\\/\\\/vog.com.tn\\\/?product=manteau-long-femme-300303-vog-2\",\"url\":\"https:\\\/\\\/vog.com.tn\\\/?product=manteau-long-femme-300303-vog-2\",\"name\":\"Manteau Long Femme-300407-VOG - Vog Tunisie\",\"isPartOf\":{\"@id\":\"https:\\\/\\\/vog.com.tn\\\/#website\"},\"primaryImageOfPage\":{\"@id\":\"https:\\\/\\\/vog.com.tn\\\/?product=manteau-long-femme-300303-vog-2#primaryimage\"},\"image\":{\"@id\":\"https:\\\/\\\/vog.com.tn\\\/?product=manteau-long-femme-300303-vog-2#primaryimage\"},\"thumbnailUrl\":\"https:\\\/\\\/vog.com.tn\\\/wp-content\\\/uploads\\\/2024\\\/12\\\/300407-CHOCO-VOG-3.png\",\"datePublished\":\"2024-12-24T12:18:39+00:00\",\"dateModified\":\"2026-03-19T10:12:30+00:00\",\"breadcrumb\":{\"@id\":\"https:\\\/\\\/vog.com.tn\\\/?product=manteau-long-femme-300303-vog-2#breadcrumb\"},\"inLanguage\":\"fr-FR\",\"potentialAction\":[{\"@type\":\"ReadAction\",\"target\":[\"https:\\\/\\\/vog.com.tn\\\/?product=manteau-long-femme-300303-vog-2\"]}]},{\"@type\":\"ImageObject\",\"inLanguage\":\"fr-FR\",\"@id\":\"https:\\\/\\\/vog.com.tn\\\/?product=manteau-long-femme-300303-vog-2#primaryimage\",\"url\":\"https:\\\/\\\/vog.com.tn\\\/wp-content\\\/uploads\\\/2024\\\/12\\\/300407-CHOCO-VOG-3.png\",\"contentUrl\":\"https:\\\/\\\/vog.com.tn\\\/wp-content\\\/uploads\\\/2024\\\/12\\\/300407-CHOCO-VOG-3.png\",\"width\":572,\"height\":800},{\"@type\":\"BreadcrumbList\",\"@id\":\"https:\\\/\\\/vog.com.tn\\\/?product=manteau-long-femme-300303-vog-2#breadcrumb\",\"itemListElement\":[{\"@type\":\"ListItem\",\"position\":1,\"name\":\"Home\",\"item\":\"https:\\\/\\\/vog.com.tn\\\/\"},{\"@type\":\"ListItem\",\"position\":2,\"name\":\"Produits\",\"item\":\"https:\\\/\\\/vog.com.tn\\\/?page_id=8\"},{\"@type\":\"ListItem\",\"position\":3,\"name\":\"Manteau Long Femme-300407-VOG\"}]},{\"@type\":\"WebSite\",\"@id\":\"https:\\\/\\\/vog.com.tn\\\/#website\",\"url\":\"https:\\\/\\\/vog.com.tn\\\/\",\"name\":\"Vog Tunisie\",\"description\":\"Pr\u00eat-\u00e0-porter\",\"potentialAction\":[{\"@type\":\"SearchAction\",\"target\":{\"@type\":\"EntryPoint\",\"urlTemplate\":\"https:\\\/\\\/vog.com.tn\\\/?s={search_term_string}\"},\"query-input\":{\"@type\":\"PropertyValueSpecification\",\"valueRequired\":true,\"valueName\":\"search_term_string\"}}],\"inLanguage\":\"fr-FR\"}]}<\/script>\n<!-- \/ Yoast SEO plugin. -->","yoast_head_json":{"title":"Manteau Long Femme-300407-VOG - Vog Tunisie","robots":{"index":"index","follow":"follow","max-snippet":"max-snippet:-1","max-image-preview":"max-image-preview:large","max-video-preview":"max-video-preview:-1"},"canonical":"https:\/\/vog.com.tn\/?product=manteau-long-femme-300303-vog-2","og_locale":"fr_FR","og_type":"article","og_title":"Manteau Long Femme-300407-VOG - Vog Tunisie","og_description":"Vente en ligne manteaux pour femme.   Manteau \u00e9l\u00e9gant .  Fermeture \u00e0 double boutonnage.  Boutons dor\u00e9s pour une touche sophistiqu\u00e9e.  Col classique pour un style intemporel.  Mati\u00e8re douce et textur\u00e9e, parfaite pour l'hiver.  Livraison \u00e0 domicile\u00a0: 8 TND  D\u00e9lai de livraison\u00a0: 2 \u00e0 3 jours  \u00c9change possible\u00a0: Vous ne payez que les frais de livraison pour le second colis.  D\u00e9lai d\u2019\u00e9change\u00a0: Maximum 1 jour.","og_url":"https:\/\/vog.com.tn\/?product=manteau-long-femme-300303-vog-2","og_site_name":"Vog Tunisie","article_modified_time":"2026-03-19T10:12:30+00:00","og_image":[{"width":572,"height":800,"url":"https:\/\/vog.com.tn\/wp-content\/uploads\/2024\/12\/300407-CHOCO-VOG-3.png","type":"image\/png"}],"twitter_card":"summary_large_image","twitter_misc":{"Dur\u00e9e de lecture estim\u00e9e":"1 minute"},"schema":{"@context":"https:\/\/schema.org","@graph":[{"@type":"WebPage","@id":"https:\/\/vog.com.tn\/?product=manteau-long-femme-300303-vog-2","url":"https:\/\/vog.com.tn\/?product=manteau-long-femme-300303-vog-2","name":"Manteau Long Femme-300407-VOG - Vog Tunisie","isPartOf":{"@id":"https:\/\/vog.com.tn\/#website"},"primaryImageOfPage":{"@id":"https:\/\/vog.com.tn\/?product=manteau-long-femme-300303-vog-2#primaryimage"},"image":{"@id":"https:\/\/vog.com.tn\/?product=manteau-long-femme-300303-vog-2#primaryimage"},"thumbnailUrl":"https:\/\/vog.com.tn\/wp-content\/uploads\/2024\/12\/300407-CHOCO-VOG-3.png","datePublished":"2024-12-24T12:18:39+00:00","dateModified":"2026-03-19T10:12:30+00:00","breadcrumb":{"@id":"https:\/\/vog.com.tn\/?product=manteau-long-femme-300303-vog-2#breadcrumb"},"inLanguage":"fr-FR","potentialAction":[{"@type":"ReadAction","target":["https:\/\/vog.com.tn\/?product=manteau-long-femme-300303-vog-2"]}]},{"@type":"ImageObject","inLanguage":"fr-FR","@id":"https:\/\/vog.com.tn\/?product=manteau-long-femme-300303-vog-2#primaryimage","url":"https:\/\/vog.com.tn\/wp-content\/uploads\/2024\/12\/300407-CHOCO-VOG-3.png","contentUrl":"https:\/\/vog.com.tn\/wp-content\/uploads\/2024\/12\/300407-CHOCO-VOG-3.png","width":572,"height":800},{"@type":"BreadcrumbList","@id":"https:\/\/vog.com.tn\/?product=manteau-long-femme-300303-vog-2#breadcrumb","itemListElement":[{"@type":"ListItem","position":1,"name":"Home","item":"https:\/\/vog.com.tn\/"},{"@type":"ListItem","position":2,"name":"Produits","item":"https:\/\/vog.com.tn\/?page_id=8"},{"@type":"ListItem","position":3,"name":"Manteau Long Femme-300407-VOG"}]},{"@type":"WebSite","@id":"https:\/\/vog.com.tn\/#website","url":"https:\/\/vog.com.tn\/","name":"Vog Tunisie","description":"Pr\u00eat-\u00e0-porter","potentialAction":[{"@type":"SearchAction","target":{"@type":"EntryPoint","urlTemplate":"https:\/\/vog.com.tn\/?s={search_term_string}"},"query-input":{"@type":"PropertyValueSpecification","valueRequired":true,"valueName":"search_term_string"}}],"inLanguage":"fr-FR"}]}},"_links":{"self":[{"href":"https:\/\/vog.com.tn\/index.php?rest_route=\/wp\/v2\/product\/84157","targetHints":{"allow":["GET"]}}],"collection":[{"href":"https:\/\/vog.com.tn\/index.php?rest_route=\/wp\/v2\/product"}],"about":[{"href":"https:\/\/vog.com.tn\/index.php?rest_route=\/wp\/v2\/types\/product"}],"wp:featuredmedia":[{"embeddable":true,"href":"https:\/\/vog.com.tn\/index.php?rest_route=\/wp\/v2\/media\/113228"}],"wp:attachment":[{"href":"https:\/\/vog.com.tn\/index.php?rest_route=%2Fwp%2Fv2%2Fmedia&parent=84157"}],"wp:term":[{"taxonomy":"product_brand","embeddable":true,"href":"https:\/\/vog.com.tn\/index.php?rest_route=%2Fwp%2Fv2%2Fproduct_brand&post=84157"},{"taxonomy":"product_cat","embeddable":true,"href":"https:\/\/vog.com.tn\/index.php?rest_route=%2Fwp%2Fv2%2Fproduct_cat&post=84157"},{"taxonomy":"product_tag","embeddable":true,"href":"https:\/\/vog.com.tn\/index.php?rest_route=%2Fwp%2Fv2%2Fproduct_tag&post=84157"}],"curies":[{"name":"wp","href":"https:\/\/api.w.org\/{rel}","templated":true}]}}