{"id":84484,"date":"2025-01-03T11:37:54","date_gmt":"2025-01-03T10:37:54","guid":{"rendered":"https:\/\/vog.com.tn\/?post_type=product&#038;p=84484"},"modified":"2026-03-23T10:47:40","modified_gmt":"2026-03-23T09:47:40","slug":"ensemble-gilet-sans-manche-et-pantalon-158445-vog","status":"publish","type":"product","link":"https:\/\/vog.com.tn\/?product=ensemble-gilet-sans-manche-et-pantalon-158445-vog","title":{"rendered":"ENSEMBLE GILET SANS MANCHE ET PANTALON-158445-VOG"},"content":{"rendered":"<p>Vog met en vente en ligne Ensemble veste et pantalon en Tunisie. Cet ensemble est parfait pour des \u00e9v\u00e9nements formels, tels que des r\u00e9unions d\u2019affaires, des conf\u00e9rences ou des d\u00eeners professionnels, tout en offrant une touche d\u2019\u00e9l\u00e9gance intemporelle. Sa coupe structur\u00e9e et ses finitions soign\u00e9es permettent de composer une tenue raffin\u00e9e et sophistiqu\u00e9e, adapt\u00e9e aussi bien \u00e0 un cadre corporate qu\u2019\u00e0 des occasions n\u00e9cessitant un dress code \u00e9l\u00e9gant.<\/p>\n<p>&nbsp;<\/p>\n","protected":false},"excerpt":{"rendered":"<p>Vente en ligne Ensemble pour femme.<\/p>\n<ul>\n<li>Pantalon droit, l\u00e9g\u00e8rement ample pour un confort optimal.<\/li>\n<li>Gilet sans manche.<\/li>\n<li><strong>Livraison \u00e0 domicile<\/strong>\u00a0: 8 TND<\/li>\n<li><strong>D\u00e9lai de livraison<\/strong>\u00a0: 2 \u00e0 3 jours<\/li>\n<li><strong>\u00c9change possible<\/strong>\u00a0: Vous ne payez que les frais de livraison pour le second colis.<\/li>\n<li><strong>D\u00e9lai d\u2019\u00e9change<\/strong>\u00a0: Maximum 1 jour.<\/li>\n<\/ul>\n","protected":false},"featured_media":84501,"comment_status":"open","ping_status":"closed","template":"","meta":[],"product_brand":[],"product_cat":[252,239,441,137,360,71],"product_tag":[],"class_list":{"0":"post-84484","1":"product","2":"type-product","3":"status-publish","4":"has-post-thumbnail","6":"product_cat-ensemble-pantalon","7":"product_cat-ensembles","8":"product_cat-ensembles-dete","9":"product_cat-mode-femme","10":"product_cat-nouvelle-collection","11":"product_cat-vetements-femme","12":"pa_couleurs-choco","13":"pa_couleurs-gris","14":"pa_couleurs-noir","15":"pa_couleurs-taupe","16":"pa_taille-large","17":"pa_taille-moyenne","18":"pa_taille-small","19":"pa_taille-xl","22":"first","23":"instock","24":"taxable","25":"shipping-taxable","26":"purchasable","27":"product-type-variable"},"yoast_head":"<!-- This site is optimized with the Yoast SEO plugin v27.3 - https:\/\/yoast.com\/product\/yoast-seo-wordpress\/ -->\n<title>ENSEMBLE GILET SANS MANCHE ET PANTALON-158445-VOG - Vog Tunisie<\/title>\n<meta name=\"robots\" content=\"index, follow, max-snippet:-1, max-image-preview:large, max-video-preview:-1\" \/>\n<link rel=\"canonical\" href=\"https:\/\/vog.com.tn\/?product=ensemble-gilet-sans-manche-et-pantalon-158445-vog\" \/>\n<meta property=\"og:locale\" content=\"fr_FR\" \/>\n<meta property=\"og:type\" content=\"article\" \/>\n<meta property=\"og:title\" content=\"ENSEMBLE GILET SANS MANCHE ET PANTALON-158445-VOG - Vog Tunisie\" \/>\n<meta property=\"og:description\" content=\"Vente en ligne Ensemble pour femme.   Pantalon droit, l\u00e9g\u00e8rement ample pour un confort optimal.  Gilet sans manche.  Livraison \u00e0 domicile\u00a0: 8 TND  D\u00e9lai de livraison\u00a0: 2 \u00e0 3 jours  \u00c9change possible\u00a0: Vous ne payez que les frais de livraison pour le second colis.  D\u00e9lai d\u2019\u00e9change\u00a0: Maximum 1 jour.\" \/>\n<meta property=\"og:url\" content=\"https:\/\/vog.com.tn\/?product=ensemble-gilet-sans-manche-et-pantalon-158445-vog\" \/>\n<meta property=\"og:site_name\" content=\"Vog Tunisie\" \/>\n<meta property=\"article:modified_time\" content=\"2026-03-23T09:47:40+00:00\" \/>\n<meta property=\"og:image\" content=\"https:\/\/vog.com.tn\/wp-content\/uploads\/2025\/01\/158445-noir-vog.png\" \/>\n\t<meta property=\"og:image:width\" content=\"572\" \/>\n\t<meta property=\"og:image:height\" content=\"800\" \/>\n\t<meta property=\"og:image:type\" content=\"image\/png\" \/>\n<meta name=\"twitter:card\" content=\"summary_large_image\" \/>\n<meta name=\"twitter:label1\" content=\"Dur\u00e9e de lecture estim\u00e9e\" \/>\n\t<meta name=\"twitter:data1\" content=\"1 minute\" \/>\n<script type=\"application\/ld+json\" class=\"yoast-schema-graph\">{\"@context\":\"https:\\\/\\\/schema.org\",\"@graph\":[{\"@type\":\"WebPage\",\"@id\":\"https:\\\/\\\/vog.com.tn\\\/?product=ensemble-gilet-sans-manche-et-pantalon-158445-vog\",\"url\":\"https:\\\/\\\/vog.com.tn\\\/?product=ensemble-gilet-sans-manche-et-pantalon-158445-vog\",\"name\":\"ENSEMBLE GILET SANS MANCHE ET PANTALON-158445-VOG - Vog Tunisie\",\"isPartOf\":{\"@id\":\"https:\\\/\\\/vog.com.tn\\\/#website\"},\"primaryImageOfPage\":{\"@id\":\"https:\\\/\\\/vog.com.tn\\\/?product=ensemble-gilet-sans-manche-et-pantalon-158445-vog#primaryimage\"},\"image\":{\"@id\":\"https:\\\/\\\/vog.com.tn\\\/?product=ensemble-gilet-sans-manche-et-pantalon-158445-vog#primaryimage\"},\"thumbnailUrl\":\"https:\\\/\\\/vog.com.tn\\\/wp-content\\\/uploads\\\/2025\\\/01\\\/158445-noir-vog.png\",\"datePublished\":\"2025-01-03T10:37:54+00:00\",\"dateModified\":\"2026-03-23T09:47:40+00:00\",\"breadcrumb\":{\"@id\":\"https:\\\/\\\/vog.com.tn\\\/?product=ensemble-gilet-sans-manche-et-pantalon-158445-vog#breadcrumb\"},\"inLanguage\":\"fr-FR\",\"potentialAction\":[{\"@type\":\"ReadAction\",\"target\":[\"https:\\\/\\\/vog.com.tn\\\/?product=ensemble-gilet-sans-manche-et-pantalon-158445-vog\"]}]},{\"@type\":\"ImageObject\",\"inLanguage\":\"fr-FR\",\"@id\":\"https:\\\/\\\/vog.com.tn\\\/?product=ensemble-gilet-sans-manche-et-pantalon-158445-vog#primaryimage\",\"url\":\"https:\\\/\\\/vog.com.tn\\\/wp-content\\\/uploads\\\/2025\\\/01\\\/158445-noir-vog.png\",\"contentUrl\":\"https:\\\/\\\/vog.com.tn\\\/wp-content\\\/uploads\\\/2025\\\/01\\\/158445-noir-vog.png\",\"width\":572,\"height\":800},{\"@type\":\"BreadcrumbList\",\"@id\":\"https:\\\/\\\/vog.com.tn\\\/?product=ensemble-gilet-sans-manche-et-pantalon-158445-vog#breadcrumb\",\"itemListElement\":[{\"@type\":\"ListItem\",\"position\":1,\"name\":\"Home\",\"item\":\"https:\\\/\\\/vog.com.tn\\\/\"},{\"@type\":\"ListItem\",\"position\":2,\"name\":\"Produits\",\"item\":\"https:\\\/\\\/vog.com.tn\\\/?page_id=8\"},{\"@type\":\"ListItem\",\"position\":3,\"name\":\"ENSEMBLE GILET SANS MANCHE ET PANTALON-158445-VOG\"}]},{\"@type\":\"WebSite\",\"@id\":\"https:\\\/\\\/vog.com.tn\\\/#website\",\"url\":\"https:\\\/\\\/vog.com.tn\\\/\",\"name\":\"Vog Tunisie\",\"description\":\"Pr\u00eat-\u00e0-porter\",\"potentialAction\":[{\"@type\":\"SearchAction\",\"target\":{\"@type\":\"EntryPoint\",\"urlTemplate\":\"https:\\\/\\\/vog.com.tn\\\/?s={search_term_string}\"},\"query-input\":{\"@type\":\"PropertyValueSpecification\",\"valueRequired\":true,\"valueName\":\"search_term_string\"}}],\"inLanguage\":\"fr-FR\"}]}<\/script>\n<!-- \/ Yoast SEO plugin. -->","yoast_head_json":{"title":"ENSEMBLE GILET SANS MANCHE ET PANTALON-158445-VOG - Vog Tunisie","robots":{"index":"index","follow":"follow","max-snippet":"max-snippet:-1","max-image-preview":"max-image-preview:large","max-video-preview":"max-video-preview:-1"},"canonical":"https:\/\/vog.com.tn\/?product=ensemble-gilet-sans-manche-et-pantalon-158445-vog","og_locale":"fr_FR","og_type":"article","og_title":"ENSEMBLE GILET SANS MANCHE ET PANTALON-158445-VOG - Vog Tunisie","og_description":"Vente en ligne Ensemble pour femme.   Pantalon droit, l\u00e9g\u00e8rement ample pour un confort optimal.  Gilet sans manche.  Livraison \u00e0 domicile\u00a0: 8 TND  D\u00e9lai de livraison\u00a0: 2 \u00e0 3 jours  \u00c9change possible\u00a0: Vous ne payez que les frais de livraison pour le second colis.  D\u00e9lai d\u2019\u00e9change\u00a0: Maximum 1 jour.","og_url":"https:\/\/vog.com.tn\/?product=ensemble-gilet-sans-manche-et-pantalon-158445-vog","og_site_name":"Vog Tunisie","article_modified_time":"2026-03-23T09:47:40+00:00","og_image":[{"width":572,"height":800,"url":"https:\/\/vog.com.tn\/wp-content\/uploads\/2025\/01\/158445-noir-vog.png","type":"image\/png"}],"twitter_card":"summary_large_image","twitter_misc":{"Dur\u00e9e de lecture estim\u00e9e":"1 minute"},"schema":{"@context":"https:\/\/schema.org","@graph":[{"@type":"WebPage","@id":"https:\/\/vog.com.tn\/?product=ensemble-gilet-sans-manche-et-pantalon-158445-vog","url":"https:\/\/vog.com.tn\/?product=ensemble-gilet-sans-manche-et-pantalon-158445-vog","name":"ENSEMBLE GILET SANS MANCHE ET PANTALON-158445-VOG - Vog Tunisie","isPartOf":{"@id":"https:\/\/vog.com.tn\/#website"},"primaryImageOfPage":{"@id":"https:\/\/vog.com.tn\/?product=ensemble-gilet-sans-manche-et-pantalon-158445-vog#primaryimage"},"image":{"@id":"https:\/\/vog.com.tn\/?product=ensemble-gilet-sans-manche-et-pantalon-158445-vog#primaryimage"},"thumbnailUrl":"https:\/\/vog.com.tn\/wp-content\/uploads\/2025\/01\/158445-noir-vog.png","datePublished":"2025-01-03T10:37:54+00:00","dateModified":"2026-03-23T09:47:40+00:00","breadcrumb":{"@id":"https:\/\/vog.com.tn\/?product=ensemble-gilet-sans-manche-et-pantalon-158445-vog#breadcrumb"},"inLanguage":"fr-FR","potentialAction":[{"@type":"ReadAction","target":["https:\/\/vog.com.tn\/?product=ensemble-gilet-sans-manche-et-pantalon-158445-vog"]}]},{"@type":"ImageObject","inLanguage":"fr-FR","@id":"https:\/\/vog.com.tn\/?product=ensemble-gilet-sans-manche-et-pantalon-158445-vog#primaryimage","url":"https:\/\/vog.com.tn\/wp-content\/uploads\/2025\/01\/158445-noir-vog.png","contentUrl":"https:\/\/vog.com.tn\/wp-content\/uploads\/2025\/01\/158445-noir-vog.png","width":572,"height":800},{"@type":"BreadcrumbList","@id":"https:\/\/vog.com.tn\/?product=ensemble-gilet-sans-manche-et-pantalon-158445-vog#breadcrumb","itemListElement":[{"@type":"ListItem","position":1,"name":"Home","item":"https:\/\/vog.com.tn\/"},{"@type":"ListItem","position":2,"name":"Produits","item":"https:\/\/vog.com.tn\/?page_id=8"},{"@type":"ListItem","position":3,"name":"ENSEMBLE GILET SANS MANCHE ET PANTALON-158445-VOG"}]},{"@type":"WebSite","@id":"https:\/\/vog.com.tn\/#website","url":"https:\/\/vog.com.tn\/","name":"Vog Tunisie","description":"Pr\u00eat-\u00e0-porter","potentialAction":[{"@type":"SearchAction","target":{"@type":"EntryPoint","urlTemplate":"https:\/\/vog.com.tn\/?s={search_term_string}"},"query-input":{"@type":"PropertyValueSpecification","valueRequired":true,"valueName":"search_term_string"}}],"inLanguage":"fr-FR"}]}},"_links":{"self":[{"href":"https:\/\/vog.com.tn\/index.php?rest_route=\/wp\/v2\/product\/84484","targetHints":{"allow":["GET"]}}],"collection":[{"href":"https:\/\/vog.com.tn\/index.php?rest_route=\/wp\/v2\/product"}],"about":[{"href":"https:\/\/vog.com.tn\/index.php?rest_route=\/wp\/v2\/types\/product"}],"replies":[{"embeddable":true,"href":"https:\/\/vog.com.tn\/index.php?rest_route=%2Fwp%2Fv2%2Fcomments&post=84484"}],"wp:featuredmedia":[{"embeddable":true,"href":"https:\/\/vog.com.tn\/index.php?rest_route=\/wp\/v2\/media\/84501"}],"wp:attachment":[{"href":"https:\/\/vog.com.tn\/index.php?rest_route=%2Fwp%2Fv2%2Fmedia&parent=84484"}],"wp:term":[{"taxonomy":"product_brand","embeddable":true,"href":"https:\/\/vog.com.tn\/index.php?rest_route=%2Fwp%2Fv2%2Fproduct_brand&post=84484"},{"taxonomy":"product_cat","embeddable":true,"href":"https:\/\/vog.com.tn\/index.php?rest_route=%2Fwp%2Fv2%2Fproduct_cat&post=84484"},{"taxonomy":"product_tag","embeddable":true,"href":"https:\/\/vog.com.tn\/index.php?rest_route=%2Fwp%2Fv2%2Fproduct_tag&post=84484"}],"curies":[{"name":"wp","href":"https:\/\/api.w.org\/{rel}","templated":true}]}}