{"id":84529,"date":"2025-01-03T12:25:09","date_gmt":"2025-01-03T11:25:09","guid":{"rendered":"https:\/\/vog.com.tn\/?post_type=product&#038;p=84529"},"modified":"2025-04-02T13:31:06","modified_gmt":"2025-04-02T11:31:06","slug":"ensemble-femme-300710-vog","status":"publish","type":"product","link":"https:\/\/vog.com.tn\/?product=ensemble-femme-300710-vog","title":{"rendered":"Ensemble Femme-300710-VOG"},"content":{"rendered":"<p>VOG met en vente en ligne ensemble Femme en Tunisie. Des ensembles confortable pour femme tendances pour accueillir la nouvelle saison d\u2019hiver ! Notre s\u00e9lection comprend des ensembles \u00e9l\u00e9gants.<\/p>\n","protected":false},"excerpt":{"rendered":"<div class=\"woocommerce-product-details__short-description\">\n<p>Vente en ligne ensemble pour femme.<\/p>\n<ul>\n<li>Ensemble trois pi\u00e8ces : haut, pantalon et pull sans manche.<\/li>\n<li>Haut ajust\u00e9 avec manches longues et col montant.<\/li>\n<li>Pantalon droit offrant une allure chic et confortable.<\/li>\n<li>Mati\u00e8re douce et agr\u00e9able, id\u00e9ale pour un usage quotidien ou \u00e9v\u00e9nementiel.<\/li>\n<li>Livraison \u00e0 domicile : 8 TND.<\/li>\n<li>D\u00e9lai de livraison : 2 \u00e0 3 jours.<\/li>\n<li>\u00c9change possible : Vous ne payez que les frais de livraison pour le second colis.<\/li>\n<li>D\u00e9lai d\u2019\u00e9change : Maximum 1 jour.<\/li>\n<\/ul>\n<\/div>\n<div data-product_id=\"79239\" data-threshold_min=\"30\" data-threshold_max=\"100\" data-total=\"10\"><\/div>\n","protected":false},"featured_media":84547,"template":"","meta":[],"product_brand":[],"product_cat":[252,239,137,360,71],"product_tag":[],"class_list":{"0":"post-84529","1":"product","2":"type-product","3":"status-publish","4":"has-post-thumbnail","6":"product_cat-ensemble-pantalon","7":"product_cat-ensembles","8":"product_cat-mode-femme","9":"product_cat-nouvelle-collection","10":"product_cat-vetements-femme","11":"pa_couleurs-beige","12":"pa_couleurs-choco","13":"pa_couleurs-ecru","14":"pa_couleurs-gris","15":"pa_couleurs-noir","16":"pa_couleurs-taupe","17":"pa_taille-tu","20":"first","21":"outofstock","22":"taxable","23":"shipping-taxable","24":"product-type-variable"},"yoast_head":"<!-- This site is optimized with the Yoast SEO plugin v27.5 - https:\/\/yoast.com\/product\/yoast-seo-wordpress\/ -->\n<title>Ensemble Femme-300710-VOG - Vog Tunisie<\/title>\n<meta name=\"robots\" content=\"index, follow, max-snippet:-1, max-image-preview:large, max-video-preview:-1\" \/>\n<link rel=\"canonical\" href=\"https:\/\/vog.com.tn\/?product=ensemble-femme-300710-vog\" \/>\n<meta property=\"og:locale\" content=\"fr_FR\" \/>\n<meta property=\"og:type\" content=\"article\" \/>\n<meta property=\"og:title\" content=\"Ensemble Femme-300710-VOG - Vog Tunisie\" \/>\n<meta property=\"og:description\" content=\"Vente en ligne ensemble pour femme.   Ensemble trois pi\u00e8ces : haut, pantalon et pull sans manche.  Haut ajust\u00e9 avec manches longues et col montant.  Pantalon droit offrant une allure chic et confortable.  Mati\u00e8re douce et agr\u00e9able, id\u00e9ale pour un usage quotidien ou \u00e9v\u00e9nementiel.  Livraison \u00e0 domicile : 8 TND.  D\u00e9lai de livraison : 2 \u00e0 3 jours.  \u00c9change possible : Vous ne payez que les frais de livraison pour le second colis.  D\u00e9lai d\u2019\u00e9change : Maximum 1 jour.\" \/>\n<meta property=\"og:url\" content=\"https:\/\/vog.com.tn\/?product=ensemble-femme-300710-vog\" \/>\n<meta property=\"og:site_name\" content=\"Vog Tunisie\" \/>\n<meta property=\"article:modified_time\" content=\"2025-04-02T11:31:06+00:00\" \/>\n<meta property=\"og:image\" content=\"https:\/\/vog.com.tn\/wp-content\/uploads\/2025\/01\/300710-gris-vog-.png\" \/>\n\t<meta property=\"og:image:width\" content=\"572\" \/>\n\t<meta property=\"og:image:height\" content=\"800\" \/>\n\t<meta property=\"og:image:type\" content=\"image\/png\" \/>\n<meta name=\"twitter:card\" content=\"summary_large_image\" \/>\n<meta name=\"twitter:label1\" content=\"Dur\u00e9e de lecture estim\u00e9e\" \/>\n\t<meta name=\"twitter:data1\" content=\"1 minute\" \/>\n<script type=\"application\/ld+json\" class=\"yoast-schema-graph\">{\"@context\":\"https:\\\/\\\/schema.org\",\"@graph\":[{\"@type\":\"WebPage\",\"@id\":\"https:\\\/\\\/vog.com.tn\\\/?product=ensemble-femme-300710-vog\",\"url\":\"https:\\\/\\\/vog.com.tn\\\/?product=ensemble-femme-300710-vog\",\"name\":\"Ensemble Femme-300710-VOG - Vog Tunisie\",\"isPartOf\":{\"@id\":\"https:\\\/\\\/vog.com.tn\\\/#website\"},\"primaryImageOfPage\":{\"@id\":\"https:\\\/\\\/vog.com.tn\\\/?product=ensemble-femme-300710-vog#primaryimage\"},\"image\":{\"@id\":\"https:\\\/\\\/vog.com.tn\\\/?product=ensemble-femme-300710-vog#primaryimage\"},\"thumbnailUrl\":\"https:\\\/\\\/vog.com.tn\\\/wp-content\\\/uploads\\\/2025\\\/01\\\/300710-gris-vog-.png\",\"datePublished\":\"2025-01-03T11:25:09+00:00\",\"dateModified\":\"2025-04-02T11:31:06+00:00\",\"breadcrumb\":{\"@id\":\"https:\\\/\\\/vog.com.tn\\\/?product=ensemble-femme-300710-vog#breadcrumb\"},\"inLanguage\":\"fr-FR\",\"potentialAction\":[{\"@type\":\"ReadAction\",\"target\":[\"https:\\\/\\\/vog.com.tn\\\/?product=ensemble-femme-300710-vog\"]}]},{\"@type\":\"ImageObject\",\"inLanguage\":\"fr-FR\",\"@id\":\"https:\\\/\\\/vog.com.tn\\\/?product=ensemble-femme-300710-vog#primaryimage\",\"url\":\"https:\\\/\\\/vog.com.tn\\\/wp-content\\\/uploads\\\/2025\\\/01\\\/300710-gris-vog-.png\",\"contentUrl\":\"https:\\\/\\\/vog.com.tn\\\/wp-content\\\/uploads\\\/2025\\\/01\\\/300710-gris-vog-.png\",\"width\":572,\"height\":800},{\"@type\":\"BreadcrumbList\",\"@id\":\"https:\\\/\\\/vog.com.tn\\\/?product=ensemble-femme-300710-vog#breadcrumb\",\"itemListElement\":[{\"@type\":\"ListItem\",\"position\":1,\"name\":\"Home\",\"item\":\"https:\\\/\\\/vog.com.tn\\\/\"},{\"@type\":\"ListItem\",\"position\":2,\"name\":\"Produits\",\"item\":\"https:\\\/\\\/vog.com.tn\\\/?page_id=8\"},{\"@type\":\"ListItem\",\"position\":3,\"name\":\"Ensemble Femme-300710-VOG\"}]},{\"@type\":\"WebSite\",\"@id\":\"https:\\\/\\\/vog.com.tn\\\/#website\",\"url\":\"https:\\\/\\\/vog.com.tn\\\/\",\"name\":\"Vog Tunisie\",\"description\":\"Pr\u00eat-\u00e0-porter\",\"potentialAction\":[{\"@type\":\"SearchAction\",\"target\":{\"@type\":\"EntryPoint\",\"urlTemplate\":\"https:\\\/\\\/vog.com.tn\\\/?s={search_term_string}\"},\"query-input\":{\"@type\":\"PropertyValueSpecification\",\"valueRequired\":true,\"valueName\":\"search_term_string\"}}],\"inLanguage\":\"fr-FR\"}]}<\/script>\n<!-- \/ Yoast SEO plugin. -->","yoast_head_json":{"title":"Ensemble Femme-300710-VOG - Vog Tunisie","robots":{"index":"index","follow":"follow","max-snippet":"max-snippet:-1","max-image-preview":"max-image-preview:large","max-video-preview":"max-video-preview:-1"},"canonical":"https:\/\/vog.com.tn\/?product=ensemble-femme-300710-vog","og_locale":"fr_FR","og_type":"article","og_title":"Ensemble Femme-300710-VOG - Vog Tunisie","og_description":"Vente en ligne ensemble pour femme.   Ensemble trois pi\u00e8ces : haut, pantalon et pull sans manche.  Haut ajust\u00e9 avec manches longues et col montant.  Pantalon droit offrant une allure chic et confortable.  Mati\u00e8re douce et agr\u00e9able, id\u00e9ale pour un usage quotidien ou \u00e9v\u00e9nementiel.  Livraison \u00e0 domicile : 8 TND.  D\u00e9lai de livraison : 2 \u00e0 3 jours.  \u00c9change possible : Vous ne payez que les frais de livraison pour le second colis.  D\u00e9lai d\u2019\u00e9change : Maximum 1 jour.","og_url":"https:\/\/vog.com.tn\/?product=ensemble-femme-300710-vog","og_site_name":"Vog Tunisie","article_modified_time":"2025-04-02T11:31:06+00:00","og_image":[{"width":572,"height":800,"url":"https:\/\/vog.com.tn\/wp-content\/uploads\/2025\/01\/300710-gris-vog-.png","type":"image\/png"}],"twitter_card":"summary_large_image","twitter_misc":{"Dur\u00e9e de lecture estim\u00e9e":"1 minute"},"schema":{"@context":"https:\/\/schema.org","@graph":[{"@type":"WebPage","@id":"https:\/\/vog.com.tn\/?product=ensemble-femme-300710-vog","url":"https:\/\/vog.com.tn\/?product=ensemble-femme-300710-vog","name":"Ensemble Femme-300710-VOG - Vog Tunisie","isPartOf":{"@id":"https:\/\/vog.com.tn\/#website"},"primaryImageOfPage":{"@id":"https:\/\/vog.com.tn\/?product=ensemble-femme-300710-vog#primaryimage"},"image":{"@id":"https:\/\/vog.com.tn\/?product=ensemble-femme-300710-vog#primaryimage"},"thumbnailUrl":"https:\/\/vog.com.tn\/wp-content\/uploads\/2025\/01\/300710-gris-vog-.png","datePublished":"2025-01-03T11:25:09+00:00","dateModified":"2025-04-02T11:31:06+00:00","breadcrumb":{"@id":"https:\/\/vog.com.tn\/?product=ensemble-femme-300710-vog#breadcrumb"},"inLanguage":"fr-FR","potentialAction":[{"@type":"ReadAction","target":["https:\/\/vog.com.tn\/?product=ensemble-femme-300710-vog"]}]},{"@type":"ImageObject","inLanguage":"fr-FR","@id":"https:\/\/vog.com.tn\/?product=ensemble-femme-300710-vog#primaryimage","url":"https:\/\/vog.com.tn\/wp-content\/uploads\/2025\/01\/300710-gris-vog-.png","contentUrl":"https:\/\/vog.com.tn\/wp-content\/uploads\/2025\/01\/300710-gris-vog-.png","width":572,"height":800},{"@type":"BreadcrumbList","@id":"https:\/\/vog.com.tn\/?product=ensemble-femme-300710-vog#breadcrumb","itemListElement":[{"@type":"ListItem","position":1,"name":"Home","item":"https:\/\/vog.com.tn\/"},{"@type":"ListItem","position":2,"name":"Produits","item":"https:\/\/vog.com.tn\/?page_id=8"},{"@type":"ListItem","position":3,"name":"Ensemble Femme-300710-VOG"}]},{"@type":"WebSite","@id":"https:\/\/vog.com.tn\/#website","url":"https:\/\/vog.com.tn\/","name":"Vog Tunisie","description":"Pr\u00eat-\u00e0-porter","potentialAction":[{"@type":"SearchAction","target":{"@type":"EntryPoint","urlTemplate":"https:\/\/vog.com.tn\/?s={search_term_string}"},"query-input":{"@type":"PropertyValueSpecification","valueRequired":true,"valueName":"search_term_string"}}],"inLanguage":"fr-FR"}]}},"_links":{"self":[{"href":"https:\/\/vog.com.tn\/index.php?rest_route=\/wp\/v2\/product\/84529","targetHints":{"allow":["GET"]}}],"collection":[{"href":"https:\/\/vog.com.tn\/index.php?rest_route=\/wp\/v2\/product"}],"about":[{"href":"https:\/\/vog.com.tn\/index.php?rest_route=\/wp\/v2\/types\/product"}],"wp:featuredmedia":[{"embeddable":true,"href":"https:\/\/vog.com.tn\/index.php?rest_route=\/wp\/v2\/media\/84547"}],"wp:attachment":[{"href":"https:\/\/vog.com.tn\/index.php?rest_route=%2Fwp%2Fv2%2Fmedia&parent=84529"}],"wp:term":[{"taxonomy":"product_brand","embeddable":true,"href":"https:\/\/vog.com.tn\/index.php?rest_route=%2Fwp%2Fv2%2Fproduct_brand&post=84529"},{"taxonomy":"product_cat","embeddable":true,"href":"https:\/\/vog.com.tn\/index.php?rest_route=%2Fwp%2Fv2%2Fproduct_cat&post=84529"},{"taxonomy":"product_tag","embeddable":true,"href":"https:\/\/vog.com.tn\/index.php?rest_route=%2Fwp%2Fv2%2Fproduct_tag&post=84529"}],"curies":[{"name":"wp","href":"https:\/\/api.w.org\/{rel}","templated":true}]}}