{"id":84639,"date":"2025-01-03T16:05:55","date_gmt":"2025-01-03T15:05:55","guid":{"rendered":"https:\/\/vog.com.tn\/?post_type=product&#038;p=84639"},"modified":"2025-03-10T11:24:21","modified_gmt":"2025-03-10T10:24:21","slug":"84639","status":"publish","type":"product","link":"https:\/\/vog.com.tn\/?product=84639","title":{"rendered":"Gilet Femme-301301-VOG"},"content":{"rendered":"<p>Vog met en vente en ligne des gilets pour femme en Tunisie<strong>.\u00a0<\/strong>Pr\u00e9parez-vous au froid tout en restant \u00e9l\u00e9gante gr\u00e2ce \u00e0 nos gilets modernes et confortables. Parfaits pour affronter l\u2019automne et l\u2019hiver, ils sont con\u00e7us pour vous tenir bien au chaud tout en ajoutant une touche tendance \u00e0 vos tenues. Adoptez ce gilet chic et pratique pour traverser la saison avec style et confort.<\/p>\n","protected":false},"excerpt":{"rendered":"<p><strong>Vente en ligne gilet pour femme.<\/strong><\/p>\n<ul>\n<li>Gilet long avec col large.<\/li>\n<li>Ceinture noire fine avec boucle dor\u00e9e \u00e0 la taille.<\/li>\n<li><strong>Livraison \u00e0 domicile :<\/strong>\u00a08 TND.<\/li>\n<li><strong>D\u00e9lai de livraison :<\/strong>\u00a02 \u00e0 3 jours.<\/li>\n<li><strong>\u00c9change possible :<\/strong>\u00a0Vous ne payez que les frais de livraison pour le second colis.<\/li>\n<li><strong>D\u00e9lai d\u2019\u00e9change<\/strong>\u00a0: Maximum 1 jour.\n<div class=\"woocommerce-product-details__short-description\"><\/div>\n<div data-product_id=\"82075\" data-threshold_min=\"30\" data-threshold_max=\"100\" data-total=\"5\"><\/div>\n<\/li>\n<\/ul>\n","protected":false},"featured_media":84652,"template":"","meta":[],"product_brand":[],"product_cat":[397,137,360,71],"product_tag":[],"class_list":{"0":"post-84639","1":"product","2":"type-product","3":"status-publish","4":"has-post-thumbnail","6":"product_cat-gilet","7":"product_cat-mode-femme","8":"product_cat-nouvelle-collection","9":"product_cat-vetements-femme","10":"pa_couleurs-beige","11":"pa_couleurs-gris","12":"pa_couleurs-noir","13":"pa_couleurs-taupe","14":"pa_taille-l-xl","15":"pa_taille-s-m","18":"first","19":"outofstock","20":"taxable","21":"shipping-taxable","22":"product-type-variable"},"yoast_head":"<!-- This site is optimized with the Yoast SEO plugin v27.5 - https:\/\/yoast.com\/product\/yoast-seo-wordpress\/ -->\n<title>Gilet Femme-301301-VOG - Vog Tunisie<\/title>\n<meta name=\"robots\" content=\"index, follow, max-snippet:-1, max-image-preview:large, max-video-preview:-1\" \/>\n<link rel=\"canonical\" href=\"https:\/\/vog.com.tn\/?product=84639\" \/>\n<meta property=\"og:locale\" content=\"fr_FR\" \/>\n<meta property=\"og:type\" content=\"article\" \/>\n<meta property=\"og:title\" content=\"Gilet Femme-301301-VOG - Vog Tunisie\" \/>\n<meta property=\"og:description\" content=\"Vente en ligne gilet pour femme.   Gilet long avec col large.  Ceinture noire fine avec boucle dor\u00e9e \u00e0 la taille.  Livraison \u00e0 domicile :\u00a08 TND.  D\u00e9lai de livraison :\u00a02 \u00e0 3 jours.  \u00c9change possible :\u00a0Vous ne payez que les frais de livraison pour le second colis.  D\u00e9lai d\u2019\u00e9change\u00a0: Maximum 1 jour.\" \/>\n<meta property=\"og:url\" content=\"https:\/\/vog.com.tn\/?product=84639\" \/>\n<meta property=\"og:site_name\" content=\"Vog Tunisie\" \/>\n<meta property=\"article:modified_time\" content=\"2025-03-10T10:24:21+00:00\" \/>\n<meta property=\"og:image\" content=\"https:\/\/vog.com.tn\/wp-content\/uploads\/2025\/01\/301301-beige-vog-.png\" \/>\n\t<meta property=\"og:image:width\" content=\"572\" \/>\n\t<meta property=\"og:image:height\" content=\"800\" \/>\n\t<meta property=\"og:image:type\" content=\"image\/png\" \/>\n<meta name=\"twitter:card\" content=\"summary_large_image\" \/>\n<meta name=\"twitter:label1\" content=\"Dur\u00e9e de lecture estim\u00e9e\" \/>\n\t<meta name=\"twitter:data1\" content=\"1 minute\" \/>\n<script type=\"application\/ld+json\" class=\"yoast-schema-graph\">{\"@context\":\"https:\\\/\\\/schema.org\",\"@graph\":[{\"@type\":\"WebPage\",\"@id\":\"https:\\\/\\\/vog.com.tn\\\/?product=84639\",\"url\":\"https:\\\/\\\/vog.com.tn\\\/?product=84639\",\"name\":\"Gilet Femme-301301-VOG - Vog Tunisie\",\"isPartOf\":{\"@id\":\"https:\\\/\\\/vog.com.tn\\\/#website\"},\"primaryImageOfPage\":{\"@id\":\"https:\\\/\\\/vog.com.tn\\\/?product=84639#primaryimage\"},\"image\":{\"@id\":\"https:\\\/\\\/vog.com.tn\\\/?product=84639#primaryimage\"},\"thumbnailUrl\":\"https:\\\/\\\/vog.com.tn\\\/wp-content\\\/uploads\\\/2025\\\/01\\\/301301-beige-vog-.png\",\"datePublished\":\"2025-01-03T15:05:55+00:00\",\"dateModified\":\"2025-03-10T10:24:21+00:00\",\"breadcrumb\":{\"@id\":\"https:\\\/\\\/vog.com.tn\\\/?product=84639#breadcrumb\"},\"inLanguage\":\"fr-FR\",\"potentialAction\":[{\"@type\":\"ReadAction\",\"target\":[\"https:\\\/\\\/vog.com.tn\\\/?product=84639\"]}]},{\"@type\":\"ImageObject\",\"inLanguage\":\"fr-FR\",\"@id\":\"https:\\\/\\\/vog.com.tn\\\/?product=84639#primaryimage\",\"url\":\"https:\\\/\\\/vog.com.tn\\\/wp-content\\\/uploads\\\/2025\\\/01\\\/301301-beige-vog-.png\",\"contentUrl\":\"https:\\\/\\\/vog.com.tn\\\/wp-content\\\/uploads\\\/2025\\\/01\\\/301301-beige-vog-.png\",\"width\":572,\"height\":800},{\"@type\":\"BreadcrumbList\",\"@id\":\"https:\\\/\\\/vog.com.tn\\\/?product=84639#breadcrumb\",\"itemListElement\":[{\"@type\":\"ListItem\",\"position\":1,\"name\":\"Home\",\"item\":\"https:\\\/\\\/vog.com.tn\\\/\"},{\"@type\":\"ListItem\",\"position\":2,\"name\":\"Produits\",\"item\":\"https:\\\/\\\/vog.com.tn\\\/?page_id=8\"},{\"@type\":\"ListItem\",\"position\":3,\"name\":\"Gilet Femme-301301-VOG\"}]},{\"@type\":\"WebSite\",\"@id\":\"https:\\\/\\\/vog.com.tn\\\/#website\",\"url\":\"https:\\\/\\\/vog.com.tn\\\/\",\"name\":\"Vog Tunisie\",\"description\":\"Pr\u00eat-\u00e0-porter\",\"potentialAction\":[{\"@type\":\"SearchAction\",\"target\":{\"@type\":\"EntryPoint\",\"urlTemplate\":\"https:\\\/\\\/vog.com.tn\\\/?s={search_term_string}\"},\"query-input\":{\"@type\":\"PropertyValueSpecification\",\"valueRequired\":true,\"valueName\":\"search_term_string\"}}],\"inLanguage\":\"fr-FR\"}]}<\/script>\n<!-- \/ Yoast SEO plugin. -->","yoast_head_json":{"title":"Gilet Femme-301301-VOG - Vog Tunisie","robots":{"index":"index","follow":"follow","max-snippet":"max-snippet:-1","max-image-preview":"max-image-preview:large","max-video-preview":"max-video-preview:-1"},"canonical":"https:\/\/vog.com.tn\/?product=84639","og_locale":"fr_FR","og_type":"article","og_title":"Gilet Femme-301301-VOG - Vog Tunisie","og_description":"Vente en ligne gilet pour femme.   Gilet long avec col large.  Ceinture noire fine avec boucle dor\u00e9e \u00e0 la taille.  Livraison \u00e0 domicile :\u00a08 TND.  D\u00e9lai de livraison :\u00a02 \u00e0 3 jours.  \u00c9change possible :\u00a0Vous ne payez que les frais de livraison pour le second colis.  D\u00e9lai d\u2019\u00e9change\u00a0: Maximum 1 jour.","og_url":"https:\/\/vog.com.tn\/?product=84639","og_site_name":"Vog Tunisie","article_modified_time":"2025-03-10T10:24:21+00:00","og_image":[{"width":572,"height":800,"url":"https:\/\/vog.com.tn\/wp-content\/uploads\/2025\/01\/301301-beige-vog-.png","type":"image\/png"}],"twitter_card":"summary_large_image","twitter_misc":{"Dur\u00e9e de lecture estim\u00e9e":"1 minute"},"schema":{"@context":"https:\/\/schema.org","@graph":[{"@type":"WebPage","@id":"https:\/\/vog.com.tn\/?product=84639","url":"https:\/\/vog.com.tn\/?product=84639","name":"Gilet Femme-301301-VOG - Vog Tunisie","isPartOf":{"@id":"https:\/\/vog.com.tn\/#website"},"primaryImageOfPage":{"@id":"https:\/\/vog.com.tn\/?product=84639#primaryimage"},"image":{"@id":"https:\/\/vog.com.tn\/?product=84639#primaryimage"},"thumbnailUrl":"https:\/\/vog.com.tn\/wp-content\/uploads\/2025\/01\/301301-beige-vog-.png","datePublished":"2025-01-03T15:05:55+00:00","dateModified":"2025-03-10T10:24:21+00:00","breadcrumb":{"@id":"https:\/\/vog.com.tn\/?product=84639#breadcrumb"},"inLanguage":"fr-FR","potentialAction":[{"@type":"ReadAction","target":["https:\/\/vog.com.tn\/?product=84639"]}]},{"@type":"ImageObject","inLanguage":"fr-FR","@id":"https:\/\/vog.com.tn\/?product=84639#primaryimage","url":"https:\/\/vog.com.tn\/wp-content\/uploads\/2025\/01\/301301-beige-vog-.png","contentUrl":"https:\/\/vog.com.tn\/wp-content\/uploads\/2025\/01\/301301-beige-vog-.png","width":572,"height":800},{"@type":"BreadcrumbList","@id":"https:\/\/vog.com.tn\/?product=84639#breadcrumb","itemListElement":[{"@type":"ListItem","position":1,"name":"Home","item":"https:\/\/vog.com.tn\/"},{"@type":"ListItem","position":2,"name":"Produits","item":"https:\/\/vog.com.tn\/?page_id=8"},{"@type":"ListItem","position":3,"name":"Gilet Femme-301301-VOG"}]},{"@type":"WebSite","@id":"https:\/\/vog.com.tn\/#website","url":"https:\/\/vog.com.tn\/","name":"Vog Tunisie","description":"Pr\u00eat-\u00e0-porter","potentialAction":[{"@type":"SearchAction","target":{"@type":"EntryPoint","urlTemplate":"https:\/\/vog.com.tn\/?s={search_term_string}"},"query-input":{"@type":"PropertyValueSpecification","valueRequired":true,"valueName":"search_term_string"}}],"inLanguage":"fr-FR"}]}},"_links":{"self":[{"href":"https:\/\/vog.com.tn\/index.php?rest_route=\/wp\/v2\/product\/84639","targetHints":{"allow":["GET"]}}],"collection":[{"href":"https:\/\/vog.com.tn\/index.php?rest_route=\/wp\/v2\/product"}],"about":[{"href":"https:\/\/vog.com.tn\/index.php?rest_route=\/wp\/v2\/types\/product"}],"wp:featuredmedia":[{"embeddable":true,"href":"https:\/\/vog.com.tn\/index.php?rest_route=\/wp\/v2\/media\/84652"}],"wp:attachment":[{"href":"https:\/\/vog.com.tn\/index.php?rest_route=%2Fwp%2Fv2%2Fmedia&parent=84639"}],"wp:term":[{"taxonomy":"product_brand","embeddable":true,"href":"https:\/\/vog.com.tn\/index.php?rest_route=%2Fwp%2Fv2%2Fproduct_brand&post=84639"},{"taxonomy":"product_cat","embeddable":true,"href":"https:\/\/vog.com.tn\/index.php?rest_route=%2Fwp%2Fv2%2Fproduct_cat&post=84639"},{"taxonomy":"product_tag","embeddable":true,"href":"https:\/\/vog.com.tn\/index.php?rest_route=%2Fwp%2Fv2%2Fproduct_tag&post=84639"}],"curies":[{"name":"wp","href":"https:\/\/api.w.org\/{rel}","templated":true}]}}