{"id":84842,"date":"2025-01-05T12:53:25","date_gmt":"2025-01-05T11:53:25","guid":{"rendered":"https:\/\/vog.com.tn\/?post_type=product&#038;p=84842"},"modified":"2026-03-17T11:11:51","modified_gmt":"2026-03-17T10:11:51","slug":"blazer-femme-145520-vog","status":"publish","type":"product","link":"https:\/\/vog.com.tn\/?product=blazer-femme-145520-vog","title":{"rendered":"Blazer Femme-145520-VOG"},"content":{"rendered":"<p>Vog propose \u00e0 la vente en ligne des blazers pour femme en Tunisie. Indispensable dans toute garde-robe, le blazer est une pi\u00e8ce intemporelle. Il sublime les tenues unies et se pr\u00eate parfaitement aux saisons interm\u00e9diaires. Que ce soit pour les fra\u00eeches journ\u00e9es printani\u00e8res ou les douces journ\u00e9es d\u2019automne, le blazer apporte une touche de style tout en offrant un peu de chaleur.<\/p>\n","protected":false},"excerpt":{"rendered":"<p>Vente en ligne veste blazer pour femme.<\/p>\n<ul>\n<li>Fermeture \u00e0 double bouton pour une \u00e9l\u00e9gance assur\u00e9e.<\/li>\n<li>Dot\u00e9e d\u2019une coupe structur\u00e9e avec \u00e9paules l\u00e9g\u00e8rement renforc\u00e9es.<\/li>\n<li>Doublure int\u00e9rieure satin\u00e9e pour un confort optimal.<\/li>\n<li>Manches longues et finition soign\u00e9e.<\/li>\n<li>Parfait pour un style chic et audacieux.<\/li>\n<li><strong>Livraison \u00e0 domicile<\/strong>\u00a0: 8 TND<\/li>\n<li><strong>D\u00e9lai de livraison<\/strong>\u00a0: 2 \u00e0 3 jours<\/li>\n<li><strong>\u00c9change possible<\/strong>\u00a0: Vous ne payez que les frais de livraison pour le second colis.<\/li>\n<li><strong>D\u00e9lai d\u2019\u00e9change<\/strong>\u00a0: Maximum 1 jour.<\/li>\n<\/ul>\n","protected":false},"featured_media":113246,"template":"","meta":[],"product_brand":[],"product_cat":[272,137,360,71],"product_tag":[],"class_list":{"0":"post-84842","1":"product","2":"type-product","3":"status-publish","4":"has-post-thumbnail","6":"product_cat-blazer","7":"product_cat-mode-femme","8":"product_cat-nouvelle-collection","9":"product_cat-vetements-femme","10":"pa_couleurs-bordeaux","11":"pa_couleurs-choco","12":"pa_couleurs-noir","13":"pa_couleurs-taupe","14":"pa_taille-large","15":"pa_taille-moyenne","16":"pa_taille-small","19":"first","20":"instock","21":"taxable","22":"shipping-taxable","23":"purchasable","24":"product-type-variable"},"yoast_head":"<!-- This site is optimized with the Yoast SEO plugin v27.5 - https:\/\/yoast.com\/product\/yoast-seo-wordpress\/ -->\n<title>Blazer Femme-145520-VOG - Vog Tunisie<\/title>\n<meta name=\"robots\" content=\"index, follow, max-snippet:-1, max-image-preview:large, max-video-preview:-1\" \/>\n<link rel=\"canonical\" href=\"https:\/\/vog.com.tn\/?product=blazer-femme-145520-vog\" \/>\n<meta property=\"og:locale\" content=\"fr_FR\" \/>\n<meta property=\"og:type\" content=\"article\" \/>\n<meta property=\"og:title\" content=\"Blazer Femme-145520-VOG - Vog Tunisie\" \/>\n<meta property=\"og:description\" content=\"Vente en ligne veste blazer pour femme.   Fermeture \u00e0 double bouton pour une \u00e9l\u00e9gance assur\u00e9e.  Dot\u00e9e d\u2019une coupe structur\u00e9e avec \u00e9paules l\u00e9g\u00e8rement renforc\u00e9es.  Doublure int\u00e9rieure satin\u00e9e pour un confort optimal.  Manches longues et finition soign\u00e9e.  Parfait pour un style chic et audacieux.  Livraison \u00e0 domicile\u00a0: 8 TND  D\u00e9lai de livraison\u00a0: 2 \u00e0 3 jours  \u00c9change possible\u00a0: Vous ne payez que les frais de livraison pour le second colis.  D\u00e9lai d\u2019\u00e9change\u00a0: Maximum 1 jour.\" \/>\n<meta property=\"og:url\" content=\"https:\/\/vog.com.tn\/?product=blazer-femme-145520-vog\" \/>\n<meta property=\"og:site_name\" content=\"Vog Tunisie\" \/>\n<meta property=\"article:modified_time\" content=\"2026-03-17T10:11:51+00:00\" \/>\n<meta property=\"og:image\" content=\"https:\/\/vog.com.tn\/wp-content\/uploads\/2025\/01\/145520-taupe-vog.jpg\" \/>\n\t<meta property=\"og:image:width\" content=\"572\" \/>\n\t<meta property=\"og:image:height\" content=\"800\" \/>\n\t<meta property=\"og:image:type\" content=\"image\/jpeg\" \/>\n<meta name=\"twitter:card\" content=\"summary_large_image\" \/>\n<meta name=\"twitter:label1\" content=\"Dur\u00e9e de lecture estim\u00e9e\" \/>\n\t<meta name=\"twitter:data1\" content=\"1 minute\" \/>\n<script type=\"application\/ld+json\" class=\"yoast-schema-graph\">{\"@context\":\"https:\\\/\\\/schema.org\",\"@graph\":[{\"@type\":\"WebPage\",\"@id\":\"https:\\\/\\\/vog.com.tn\\\/?product=blazer-femme-145520-vog\",\"url\":\"https:\\\/\\\/vog.com.tn\\\/?product=blazer-femme-145520-vog\",\"name\":\"Blazer Femme-145520-VOG - Vog Tunisie\",\"isPartOf\":{\"@id\":\"https:\\\/\\\/vog.com.tn\\\/#website\"},\"primaryImageOfPage\":{\"@id\":\"https:\\\/\\\/vog.com.tn\\\/?product=blazer-femme-145520-vog#primaryimage\"},\"image\":{\"@id\":\"https:\\\/\\\/vog.com.tn\\\/?product=blazer-femme-145520-vog#primaryimage\"},\"thumbnailUrl\":\"https:\\\/\\\/vog.com.tn\\\/wp-content\\\/uploads\\\/2025\\\/01\\\/145520-taupe-vog.jpg\",\"datePublished\":\"2025-01-05T11:53:25+00:00\",\"dateModified\":\"2026-03-17T10:11:51+00:00\",\"breadcrumb\":{\"@id\":\"https:\\\/\\\/vog.com.tn\\\/?product=blazer-femme-145520-vog#breadcrumb\"},\"inLanguage\":\"fr-FR\",\"potentialAction\":[{\"@type\":\"ReadAction\",\"target\":[\"https:\\\/\\\/vog.com.tn\\\/?product=blazer-femme-145520-vog\"]}]},{\"@type\":\"ImageObject\",\"inLanguage\":\"fr-FR\",\"@id\":\"https:\\\/\\\/vog.com.tn\\\/?product=blazer-femme-145520-vog#primaryimage\",\"url\":\"https:\\\/\\\/vog.com.tn\\\/wp-content\\\/uploads\\\/2025\\\/01\\\/145520-taupe-vog.jpg\",\"contentUrl\":\"https:\\\/\\\/vog.com.tn\\\/wp-content\\\/uploads\\\/2025\\\/01\\\/145520-taupe-vog.jpg\",\"width\":572,\"height\":800},{\"@type\":\"BreadcrumbList\",\"@id\":\"https:\\\/\\\/vog.com.tn\\\/?product=blazer-femme-145520-vog#breadcrumb\",\"itemListElement\":[{\"@type\":\"ListItem\",\"position\":1,\"name\":\"Home\",\"item\":\"https:\\\/\\\/vog.com.tn\\\/\"},{\"@type\":\"ListItem\",\"position\":2,\"name\":\"Produits\",\"item\":\"https:\\\/\\\/vog.com.tn\\\/?page_id=8\"},{\"@type\":\"ListItem\",\"position\":3,\"name\":\"Blazer Femme-145520-VOG\"}]},{\"@type\":\"WebSite\",\"@id\":\"https:\\\/\\\/vog.com.tn\\\/#website\",\"url\":\"https:\\\/\\\/vog.com.tn\\\/\",\"name\":\"Vog Tunisie\",\"description\":\"Pr\u00eat-\u00e0-porter\",\"potentialAction\":[{\"@type\":\"SearchAction\",\"target\":{\"@type\":\"EntryPoint\",\"urlTemplate\":\"https:\\\/\\\/vog.com.tn\\\/?s={search_term_string}\"},\"query-input\":{\"@type\":\"PropertyValueSpecification\",\"valueRequired\":true,\"valueName\":\"search_term_string\"}}],\"inLanguage\":\"fr-FR\"}]}<\/script>\n<!-- \/ Yoast SEO plugin. -->","yoast_head_json":{"title":"Blazer Femme-145520-VOG - Vog Tunisie","robots":{"index":"index","follow":"follow","max-snippet":"max-snippet:-1","max-image-preview":"max-image-preview:large","max-video-preview":"max-video-preview:-1"},"canonical":"https:\/\/vog.com.tn\/?product=blazer-femme-145520-vog","og_locale":"fr_FR","og_type":"article","og_title":"Blazer Femme-145520-VOG - Vog Tunisie","og_description":"Vente en ligne veste blazer pour femme.   Fermeture \u00e0 double bouton pour une \u00e9l\u00e9gance assur\u00e9e.  Dot\u00e9e d\u2019une coupe structur\u00e9e avec \u00e9paules l\u00e9g\u00e8rement renforc\u00e9es.  Doublure int\u00e9rieure satin\u00e9e pour un confort optimal.  Manches longues et finition soign\u00e9e.  Parfait pour un style chic et audacieux.  Livraison \u00e0 domicile\u00a0: 8 TND  D\u00e9lai de livraison\u00a0: 2 \u00e0 3 jours  \u00c9change possible\u00a0: Vous ne payez que les frais de livraison pour le second colis.  D\u00e9lai d\u2019\u00e9change\u00a0: Maximum 1 jour.","og_url":"https:\/\/vog.com.tn\/?product=blazer-femme-145520-vog","og_site_name":"Vog Tunisie","article_modified_time":"2026-03-17T10:11:51+00:00","og_image":[{"width":572,"height":800,"url":"https:\/\/vog.com.tn\/wp-content\/uploads\/2025\/01\/145520-taupe-vog.jpg","type":"image\/jpeg"}],"twitter_card":"summary_large_image","twitter_misc":{"Dur\u00e9e de lecture estim\u00e9e":"1 minute"},"schema":{"@context":"https:\/\/schema.org","@graph":[{"@type":"WebPage","@id":"https:\/\/vog.com.tn\/?product=blazer-femme-145520-vog","url":"https:\/\/vog.com.tn\/?product=blazer-femme-145520-vog","name":"Blazer Femme-145520-VOG - Vog Tunisie","isPartOf":{"@id":"https:\/\/vog.com.tn\/#website"},"primaryImageOfPage":{"@id":"https:\/\/vog.com.tn\/?product=blazer-femme-145520-vog#primaryimage"},"image":{"@id":"https:\/\/vog.com.tn\/?product=blazer-femme-145520-vog#primaryimage"},"thumbnailUrl":"https:\/\/vog.com.tn\/wp-content\/uploads\/2025\/01\/145520-taupe-vog.jpg","datePublished":"2025-01-05T11:53:25+00:00","dateModified":"2026-03-17T10:11:51+00:00","breadcrumb":{"@id":"https:\/\/vog.com.tn\/?product=blazer-femme-145520-vog#breadcrumb"},"inLanguage":"fr-FR","potentialAction":[{"@type":"ReadAction","target":["https:\/\/vog.com.tn\/?product=blazer-femme-145520-vog"]}]},{"@type":"ImageObject","inLanguage":"fr-FR","@id":"https:\/\/vog.com.tn\/?product=blazer-femme-145520-vog#primaryimage","url":"https:\/\/vog.com.tn\/wp-content\/uploads\/2025\/01\/145520-taupe-vog.jpg","contentUrl":"https:\/\/vog.com.tn\/wp-content\/uploads\/2025\/01\/145520-taupe-vog.jpg","width":572,"height":800},{"@type":"BreadcrumbList","@id":"https:\/\/vog.com.tn\/?product=blazer-femme-145520-vog#breadcrumb","itemListElement":[{"@type":"ListItem","position":1,"name":"Home","item":"https:\/\/vog.com.tn\/"},{"@type":"ListItem","position":2,"name":"Produits","item":"https:\/\/vog.com.tn\/?page_id=8"},{"@type":"ListItem","position":3,"name":"Blazer Femme-145520-VOG"}]},{"@type":"WebSite","@id":"https:\/\/vog.com.tn\/#website","url":"https:\/\/vog.com.tn\/","name":"Vog Tunisie","description":"Pr\u00eat-\u00e0-porter","potentialAction":[{"@type":"SearchAction","target":{"@type":"EntryPoint","urlTemplate":"https:\/\/vog.com.tn\/?s={search_term_string}"},"query-input":{"@type":"PropertyValueSpecification","valueRequired":true,"valueName":"search_term_string"}}],"inLanguage":"fr-FR"}]}},"_links":{"self":[{"href":"https:\/\/vog.com.tn\/index.php?rest_route=\/wp\/v2\/product\/84842","targetHints":{"allow":["GET"]}}],"collection":[{"href":"https:\/\/vog.com.tn\/index.php?rest_route=\/wp\/v2\/product"}],"about":[{"href":"https:\/\/vog.com.tn\/index.php?rest_route=\/wp\/v2\/types\/product"}],"wp:featuredmedia":[{"embeddable":true,"href":"https:\/\/vog.com.tn\/index.php?rest_route=\/wp\/v2\/media\/113246"}],"wp:attachment":[{"href":"https:\/\/vog.com.tn\/index.php?rest_route=%2Fwp%2Fv2%2Fmedia&parent=84842"}],"wp:term":[{"taxonomy":"product_brand","embeddable":true,"href":"https:\/\/vog.com.tn\/index.php?rest_route=%2Fwp%2Fv2%2Fproduct_brand&post=84842"},{"taxonomy":"product_cat","embeddable":true,"href":"https:\/\/vog.com.tn\/index.php?rest_route=%2Fwp%2Fv2%2Fproduct_cat&post=84842"},{"taxonomy":"product_tag","embeddable":true,"href":"https:\/\/vog.com.tn\/index.php?rest_route=%2Fwp%2Fv2%2Fproduct_tag&post=84842"}],"curies":[{"name":"wp","href":"https:\/\/api.w.org\/{rel}","templated":true}]}}