{"id":84922,"date":"2025-01-05T16:22:42","date_gmt":"2025-01-05T15:22:42","guid":{"rendered":"https:\/\/vog.com.tn\/?post_type=product&#038;p=84922"},"modified":"2026-05-05T12:11:29","modified_gmt":"2026-05-05T10:11:29","slug":"chemise-femme-301505-vog","status":"publish","type":"product","link":"https:\/\/vog.com.tn\/?product=chemise-femme-301505-vog","title":{"rendered":"Chemise Femme \u2013 301505 \u2013 VOG"},"content":{"rendered":"<p>VOG met en vente en ligne des jupes en Tunisie.V\u00e9ritable pi\u00e8ce ma\u00eetresse dans votre garde-robe, le chemise pour femme est un v\u00eatement f\u00e9minin par excellence. C\u2019est un parfait alli\u00e9 soit pour vos journ\u00e9es de travail ou vos escapades. Laissez-vous tenter par notre chemise avec sa coupe fluide et sa composition l\u00e9g\u00e8re. Rien de mieux pour passer une journ\u00e9e au travail ou pour sortir, vous pouvez l\u2019associer avec des baskets et une paire de jeans ou avec une jupe droite et des escarpins pour un look plus professionnel.<\/p>\n","protected":false},"excerpt":{"rendered":"<p>Vente en ligne Chemise pour femme.<\/p>\n<p>Chemise au design \u00e9l\u00e9gant et moderne.<br \/>\nCoupe droite et confortable, parfaite pour toutes les morphologies.<br \/>\nManches longues avec poignets ajust\u00e9s, id\u00e9ales pour un style intemporel.<br \/>\nCol classique avec patte de boutonnage soign\u00e9e.<br \/>\nTissu l\u00e9ger et agr\u00e9able \u00e0 porter, adapt\u00e9 \u00e0 toutes les saisons.<\/p>\n<p><strong>Livraison \u00e0 domicile<\/strong>\u00a0: 8 TND<\/p>\n<p><strong>D\u00e9lai de livraison<\/strong>\u00a0: 2 \u00e0 3 jours<\/p>\n<p><strong>\u00c9change possible<\/strong>\u00a0: Vous ne payez que les frais de livraison pour le second colis.<\/p>\n<p><strong>D\u00e9lai d\u2019\u00e9change<\/strong>\u00a0: Maximum 1 jour.<\/p>\n","protected":false},"featured_media":113259,"template":"","meta":[],"product_brand":[],"product_cat":[416,137,360,71],"product_tag":[],"class_list":{"0":"post-84922","1":"product","2":"type-product","3":"status-publish","4":"has-post-thumbnail","6":"product_cat-chemise","7":"product_cat-mode-femme","8":"product_cat-nouvelle-collection","9":"product_cat-vetements-femme","10":"pa_couleurs-camel","11":"pa_couleurs-taupe","12":"pa_taille-large","13":"pa_taille-moyenne","14":"pa_taille-small","17":"first","18":"instock","19":"taxable","20":"shipping-taxable","21":"purchasable","22":"product-type-variable"},"yoast_head":"<!-- This site is optimized with the Yoast SEO plugin v27.5 - https:\/\/yoast.com\/product\/yoast-seo-wordpress\/ -->\n<title>Chemise Femme \u2013 301505 \u2013 VOG - Vog Tunisie<\/title>\n<meta name=\"robots\" content=\"index, follow, max-snippet:-1, max-image-preview:large, max-video-preview:-1\" \/>\n<link rel=\"canonical\" href=\"https:\/\/vog.com.tn\/?product=chemise-femme-301505-vog\" \/>\n<meta property=\"og:locale\" content=\"fr_FR\" \/>\n<meta property=\"og:type\" content=\"article\" \/>\n<meta property=\"og:title\" content=\"Chemise Femme \u2013 301505 \u2013 VOG - Vog Tunisie\" \/>\n<meta property=\"og:description\" content=\"Vente en ligne Chemise pour femme.  Chemise au design \u00e9l\u00e9gant et moderne. Coupe droite et confortable, parfaite pour toutes les morphologies. Manches longues avec poignets ajust\u00e9s, id\u00e9ales pour un style intemporel. Col classique avec patte de boutonnage soign\u00e9e. Tissu l\u00e9ger et agr\u00e9able \u00e0 porter, adapt\u00e9 \u00e0 toutes les saisons.  Livraison \u00e0 domicile\u00a0: 8 TND  D\u00e9lai de livraison\u00a0: 2 \u00e0 3 jours  \u00c9change possible\u00a0: Vous ne payez que les frais de livraison pour le second colis.  D\u00e9lai d\u2019\u00e9change\u00a0: Maximum 1 jour.\" \/>\n<meta property=\"og:url\" content=\"https:\/\/vog.com.tn\/?product=chemise-femme-301505-vog\" \/>\n<meta property=\"og:site_name\" content=\"Vog Tunisie\" \/>\n<meta property=\"article:modified_time\" content=\"2026-05-05T10:11:29+00:00\" \/>\n<meta property=\"og:image\" content=\"https:\/\/vog.com.tn\/wp-content\/uploads\/2025\/01\/301505-camel-vog-1.png\" \/>\n\t<meta property=\"og:image:width\" content=\"572\" \/>\n\t<meta property=\"og:image:height\" content=\"800\" \/>\n\t<meta property=\"og:image:type\" content=\"image\/png\" \/>\n<meta name=\"twitter:card\" content=\"summary_large_image\" \/>\n<meta name=\"twitter:label1\" content=\"Dur\u00e9e de lecture estim\u00e9e\" \/>\n\t<meta name=\"twitter:data1\" content=\"1 minute\" \/>\n<script type=\"application\/ld+json\" class=\"yoast-schema-graph\">{\"@context\":\"https:\\\/\\\/schema.org\",\"@graph\":[{\"@type\":\"WebPage\",\"@id\":\"https:\\\/\\\/vog.com.tn\\\/?product=chemise-femme-301505-vog\",\"url\":\"https:\\\/\\\/vog.com.tn\\\/?product=chemise-femme-301505-vog\",\"name\":\"Chemise Femme \u2013 301505 \u2013 VOG - Vog Tunisie\",\"isPartOf\":{\"@id\":\"https:\\\/\\\/vog.com.tn\\\/#website\"},\"primaryImageOfPage\":{\"@id\":\"https:\\\/\\\/vog.com.tn\\\/?product=chemise-femme-301505-vog#primaryimage\"},\"image\":{\"@id\":\"https:\\\/\\\/vog.com.tn\\\/?product=chemise-femme-301505-vog#primaryimage\"},\"thumbnailUrl\":\"https:\\\/\\\/vog.com.tn\\\/wp-content\\\/uploads\\\/2025\\\/01\\\/301505-camel-vog-1.png\",\"datePublished\":\"2025-01-05T15:22:42+00:00\",\"dateModified\":\"2026-05-05T10:11:29+00:00\",\"breadcrumb\":{\"@id\":\"https:\\\/\\\/vog.com.tn\\\/?product=chemise-femme-301505-vog#breadcrumb\"},\"inLanguage\":\"fr-FR\",\"potentialAction\":[{\"@type\":\"ReadAction\",\"target\":[\"https:\\\/\\\/vog.com.tn\\\/?product=chemise-femme-301505-vog\"]}]},{\"@type\":\"ImageObject\",\"inLanguage\":\"fr-FR\",\"@id\":\"https:\\\/\\\/vog.com.tn\\\/?product=chemise-femme-301505-vog#primaryimage\",\"url\":\"https:\\\/\\\/vog.com.tn\\\/wp-content\\\/uploads\\\/2025\\\/01\\\/301505-camel-vog-1.png\",\"contentUrl\":\"https:\\\/\\\/vog.com.tn\\\/wp-content\\\/uploads\\\/2025\\\/01\\\/301505-camel-vog-1.png\",\"width\":572,\"height\":800},{\"@type\":\"BreadcrumbList\",\"@id\":\"https:\\\/\\\/vog.com.tn\\\/?product=chemise-femme-301505-vog#breadcrumb\",\"itemListElement\":[{\"@type\":\"ListItem\",\"position\":1,\"name\":\"Home\",\"item\":\"https:\\\/\\\/vog.com.tn\\\/\"},{\"@type\":\"ListItem\",\"position\":2,\"name\":\"Produits\",\"item\":\"https:\\\/\\\/vog.com.tn\\\/?page_id=8\"},{\"@type\":\"ListItem\",\"position\":3,\"name\":\"Chemise Femme \u2013 301505 \u2013 VOG\"}]},{\"@type\":\"WebSite\",\"@id\":\"https:\\\/\\\/vog.com.tn\\\/#website\",\"url\":\"https:\\\/\\\/vog.com.tn\\\/\",\"name\":\"Vog Tunisie\",\"description\":\"Pr\u00eat-\u00e0-porter\",\"potentialAction\":[{\"@type\":\"SearchAction\",\"target\":{\"@type\":\"EntryPoint\",\"urlTemplate\":\"https:\\\/\\\/vog.com.tn\\\/?s={search_term_string}\"},\"query-input\":{\"@type\":\"PropertyValueSpecification\",\"valueRequired\":true,\"valueName\":\"search_term_string\"}}],\"inLanguage\":\"fr-FR\"}]}<\/script>\n<!-- \/ Yoast SEO plugin. -->","yoast_head_json":{"title":"Chemise Femme \u2013 301505 \u2013 VOG - Vog Tunisie","robots":{"index":"index","follow":"follow","max-snippet":"max-snippet:-1","max-image-preview":"max-image-preview:large","max-video-preview":"max-video-preview:-1"},"canonical":"https:\/\/vog.com.tn\/?product=chemise-femme-301505-vog","og_locale":"fr_FR","og_type":"article","og_title":"Chemise Femme \u2013 301505 \u2013 VOG - Vog Tunisie","og_description":"Vente en ligne Chemise pour femme.  Chemise au design \u00e9l\u00e9gant et moderne. Coupe droite et confortable, parfaite pour toutes les morphologies. Manches longues avec poignets ajust\u00e9s, id\u00e9ales pour un style intemporel. Col classique avec patte de boutonnage soign\u00e9e. Tissu l\u00e9ger et agr\u00e9able \u00e0 porter, adapt\u00e9 \u00e0 toutes les saisons.  Livraison \u00e0 domicile\u00a0: 8 TND  D\u00e9lai de livraison\u00a0: 2 \u00e0 3 jours  \u00c9change possible\u00a0: Vous ne payez que les frais de livraison pour le second colis.  D\u00e9lai d\u2019\u00e9change\u00a0: Maximum 1 jour.","og_url":"https:\/\/vog.com.tn\/?product=chemise-femme-301505-vog","og_site_name":"Vog Tunisie","article_modified_time":"2026-05-05T10:11:29+00:00","og_image":[{"width":572,"height":800,"url":"https:\/\/vog.com.tn\/wp-content\/uploads\/2025\/01\/301505-camel-vog-1.png","type":"image\/png"}],"twitter_card":"summary_large_image","twitter_misc":{"Dur\u00e9e de lecture estim\u00e9e":"1 minute"},"schema":{"@context":"https:\/\/schema.org","@graph":[{"@type":"WebPage","@id":"https:\/\/vog.com.tn\/?product=chemise-femme-301505-vog","url":"https:\/\/vog.com.tn\/?product=chemise-femme-301505-vog","name":"Chemise Femme \u2013 301505 \u2013 VOG - Vog Tunisie","isPartOf":{"@id":"https:\/\/vog.com.tn\/#website"},"primaryImageOfPage":{"@id":"https:\/\/vog.com.tn\/?product=chemise-femme-301505-vog#primaryimage"},"image":{"@id":"https:\/\/vog.com.tn\/?product=chemise-femme-301505-vog#primaryimage"},"thumbnailUrl":"https:\/\/vog.com.tn\/wp-content\/uploads\/2025\/01\/301505-camel-vog-1.png","datePublished":"2025-01-05T15:22:42+00:00","dateModified":"2026-05-05T10:11:29+00:00","breadcrumb":{"@id":"https:\/\/vog.com.tn\/?product=chemise-femme-301505-vog#breadcrumb"},"inLanguage":"fr-FR","potentialAction":[{"@type":"ReadAction","target":["https:\/\/vog.com.tn\/?product=chemise-femme-301505-vog"]}]},{"@type":"ImageObject","inLanguage":"fr-FR","@id":"https:\/\/vog.com.tn\/?product=chemise-femme-301505-vog#primaryimage","url":"https:\/\/vog.com.tn\/wp-content\/uploads\/2025\/01\/301505-camel-vog-1.png","contentUrl":"https:\/\/vog.com.tn\/wp-content\/uploads\/2025\/01\/301505-camel-vog-1.png","width":572,"height":800},{"@type":"BreadcrumbList","@id":"https:\/\/vog.com.tn\/?product=chemise-femme-301505-vog#breadcrumb","itemListElement":[{"@type":"ListItem","position":1,"name":"Home","item":"https:\/\/vog.com.tn\/"},{"@type":"ListItem","position":2,"name":"Produits","item":"https:\/\/vog.com.tn\/?page_id=8"},{"@type":"ListItem","position":3,"name":"Chemise Femme \u2013 301505 \u2013 VOG"}]},{"@type":"WebSite","@id":"https:\/\/vog.com.tn\/#website","url":"https:\/\/vog.com.tn\/","name":"Vog Tunisie","description":"Pr\u00eat-\u00e0-porter","potentialAction":[{"@type":"SearchAction","target":{"@type":"EntryPoint","urlTemplate":"https:\/\/vog.com.tn\/?s={search_term_string}"},"query-input":{"@type":"PropertyValueSpecification","valueRequired":true,"valueName":"search_term_string"}}],"inLanguage":"fr-FR"}]}},"_links":{"self":[{"href":"https:\/\/vog.com.tn\/index.php?rest_route=\/wp\/v2\/product\/84922","targetHints":{"allow":["GET"]}}],"collection":[{"href":"https:\/\/vog.com.tn\/index.php?rest_route=\/wp\/v2\/product"}],"about":[{"href":"https:\/\/vog.com.tn\/index.php?rest_route=\/wp\/v2\/types\/product"}],"wp:featuredmedia":[{"embeddable":true,"href":"https:\/\/vog.com.tn\/index.php?rest_route=\/wp\/v2\/media\/113259"}],"wp:attachment":[{"href":"https:\/\/vog.com.tn\/index.php?rest_route=%2Fwp%2Fv2%2Fmedia&parent=84922"}],"wp:term":[{"taxonomy":"product_brand","embeddable":true,"href":"https:\/\/vog.com.tn\/index.php?rest_route=%2Fwp%2Fv2%2Fproduct_brand&post=84922"},{"taxonomy":"product_cat","embeddable":true,"href":"https:\/\/vog.com.tn\/index.php?rest_route=%2Fwp%2Fv2%2Fproduct_cat&post=84922"},{"taxonomy":"product_tag","embeddable":true,"href":"https:\/\/vog.com.tn\/index.php?rest_route=%2Fwp%2Fv2%2Fproduct_tag&post=84922"}],"curies":[{"name":"wp","href":"https:\/\/api.w.org\/{rel}","templated":true}]}}