{"id":85244,"date":"2025-01-07T11:55:07","date_gmt":"2025-01-07T10:55:07","guid":{"rendered":"https:\/\/vog.com.tn\/?post_type=product&#038;p=85244"},"modified":"2026-04-12T12:11:36","modified_gmt":"2026-04-12T10:11:36","slug":"85244","status":"publish","type":"product","link":"https:\/\/vog.com.tn\/?product=85244","title":{"rendered":"Short Femme-302550-Vog"},"content":{"rendered":"<p>Les shorts sont des v\u00eatements polyvalents, disponibles en diff\u00e9rentes longueurs, coupes et mati\u00e8res comme le denim, le coton ou le satin. Ils s&rsquo;adaptent \u00e0 divers styles, allant du casual au chic, avec des d\u00e9tails comme poches, ceintures ou motifs. Selon les occasions, ils peuvent \u00eatre d\u00e9contract\u00e9s, sportifs ou \u00e9l\u00e9gants, et sont parfaits pour les p\u00e9riodes chaudes ou les looks estivaux.<\/p>\n","protected":false},"excerpt":{"rendered":"<p>Vente en ligne Short pour femme.<\/p>\n<ul>\n<li>Short imprim\u00e9 l\u00e9opard.<\/li>\n<li>Couleurs principales : beige, noir et nuances de brun.<\/li>\n<li>Taille haute avec une ceinture int\u00e9gr\u00e9e.<\/li>\n<li>Coupe l\u00e9g\u00e8rement ample avec plis sur le devant.<\/li>\n<li>Finition fluide et l\u00e9g\u00e8re.<\/li>\n<li>Style audacieux et tendance.<\/li>\n<li><strong>Livraison \u00e0 domicile<\/strong>\u00a0: 8 TND<\/li>\n<li><strong>D\u00e9lai de livraison<\/strong>\u00a0: 2 \u00e0 3 jours<\/li>\n<li><strong>\u00c9change possible<\/strong>\u00a0: Vous ne payez que les frais de livraison pour le second colis.<\/li>\n<li><strong>D\u00e9lai d\u2019\u00e9change<\/strong>\u00a0: Maximum 1 jour.<\/li>\n<\/ul>\n","protected":false},"featured_media":85250,"template":"","meta":[],"product_brand":[],"product_cat":[137,360,417,71],"product_tag":[],"class_list":{"0":"post-85244","1":"product","2":"type-product","3":"status-publish","4":"has-post-thumbnail","6":"product_cat-mode-femme","7":"product_cat-nouvelle-collection","8":"product_cat-short-femme-tunisievog-pret-a-porter-tunisie","9":"product_cat-vetements-femme","10":"pa_couleurs-leopard","11":"pa_taille-large","12":"pa_taille-moyenne","13":"pa_taille-small","16":"first","17":"outofstock","18":"taxable","19":"shipping-taxable","20":"product-type-variable"},"yoast_head":"<!-- This site is optimized with the Yoast SEO plugin v27.5 - https:\/\/yoast.com\/product\/yoast-seo-wordpress\/ -->\n<title>Short Femme-302550-Vog - Vog Tunisie<\/title>\n<meta name=\"robots\" content=\"index, follow, max-snippet:-1, max-image-preview:large, max-video-preview:-1\" \/>\n<link rel=\"canonical\" href=\"https:\/\/vog.com.tn\/?product=85244\" \/>\n<meta property=\"og:locale\" content=\"fr_FR\" \/>\n<meta property=\"og:type\" content=\"article\" \/>\n<meta property=\"og:title\" content=\"Short Femme-302550-Vog - Vog Tunisie\" \/>\n<meta property=\"og:description\" content=\"Vente en ligne Short pour femme.   Short imprim\u00e9 l\u00e9opard.  Couleurs principales : beige, noir et nuances de brun.  Taille haute avec une ceinture int\u00e9gr\u00e9e.  Coupe l\u00e9g\u00e8rement ample avec plis sur le devant.  Finition fluide et l\u00e9g\u00e8re.  Style audacieux et tendance.  Livraison \u00e0 domicile\u00a0: 8 TND  D\u00e9lai de livraison\u00a0: 2 \u00e0 3 jours  \u00c9change possible\u00a0: Vous ne payez que les frais de livraison pour le second colis.  D\u00e9lai d\u2019\u00e9change\u00a0: Maximum 1 jour.\" \/>\n<meta property=\"og:url\" content=\"https:\/\/vog.com.tn\/?product=85244\" \/>\n<meta property=\"og:site_name\" content=\"Vog Tunisie\" \/>\n<meta property=\"article:modified_time\" content=\"2026-04-12T10:11:36+00:00\" \/>\n<meta property=\"og:image\" content=\"https:\/\/vog.com.tn\/wp-content\/uploads\/2025\/01\/ensemble-leopard-4.png\" \/>\n\t<meta property=\"og:image:width\" content=\"572\" \/>\n\t<meta property=\"og:image:height\" content=\"800\" \/>\n\t<meta property=\"og:image:type\" content=\"image\/png\" \/>\n<meta name=\"twitter:card\" content=\"summary_large_image\" \/>\n<meta name=\"twitter:label1\" content=\"Dur\u00e9e de lecture estim\u00e9e\" \/>\n\t<meta name=\"twitter:data1\" content=\"1 minute\" \/>\n<script type=\"application\/ld+json\" class=\"yoast-schema-graph\">{\"@context\":\"https:\\\/\\\/schema.org\",\"@graph\":[{\"@type\":\"WebPage\",\"@id\":\"https:\\\/\\\/vog.com.tn\\\/?product=85244\",\"url\":\"https:\\\/\\\/vog.com.tn\\\/?product=85244\",\"name\":\"Short Femme-302550-Vog - Vog Tunisie\",\"isPartOf\":{\"@id\":\"https:\\\/\\\/vog.com.tn\\\/#website\"},\"primaryImageOfPage\":{\"@id\":\"https:\\\/\\\/vog.com.tn\\\/?product=85244#primaryimage\"},\"image\":{\"@id\":\"https:\\\/\\\/vog.com.tn\\\/?product=85244#primaryimage\"},\"thumbnailUrl\":\"https:\\\/\\\/vog.com.tn\\\/wp-content\\\/uploads\\\/2025\\\/01\\\/ensemble-leopard-4.png\",\"datePublished\":\"2025-01-07T10:55:07+00:00\",\"dateModified\":\"2026-04-12T10:11:36+00:00\",\"breadcrumb\":{\"@id\":\"https:\\\/\\\/vog.com.tn\\\/?product=85244#breadcrumb\"},\"inLanguage\":\"fr-FR\",\"potentialAction\":[{\"@type\":\"ReadAction\",\"target\":[\"https:\\\/\\\/vog.com.tn\\\/?product=85244\"]}]},{\"@type\":\"ImageObject\",\"inLanguage\":\"fr-FR\",\"@id\":\"https:\\\/\\\/vog.com.tn\\\/?product=85244#primaryimage\",\"url\":\"https:\\\/\\\/vog.com.tn\\\/wp-content\\\/uploads\\\/2025\\\/01\\\/ensemble-leopard-4.png\",\"contentUrl\":\"https:\\\/\\\/vog.com.tn\\\/wp-content\\\/uploads\\\/2025\\\/01\\\/ensemble-leopard-4.png\",\"width\":572,\"height\":800},{\"@type\":\"BreadcrumbList\",\"@id\":\"https:\\\/\\\/vog.com.tn\\\/?product=85244#breadcrumb\",\"itemListElement\":[{\"@type\":\"ListItem\",\"position\":1,\"name\":\"Home\",\"item\":\"https:\\\/\\\/vog.com.tn\\\/\"},{\"@type\":\"ListItem\",\"position\":2,\"name\":\"Produits\",\"item\":\"https:\\\/\\\/vog.com.tn\\\/?page_id=8\"},{\"@type\":\"ListItem\",\"position\":3,\"name\":\"Short Femme-302550-Vog\"}]},{\"@type\":\"WebSite\",\"@id\":\"https:\\\/\\\/vog.com.tn\\\/#website\",\"url\":\"https:\\\/\\\/vog.com.tn\\\/\",\"name\":\"Vog Tunisie\",\"description\":\"Pr\u00eat-\u00e0-porter\",\"potentialAction\":[{\"@type\":\"SearchAction\",\"target\":{\"@type\":\"EntryPoint\",\"urlTemplate\":\"https:\\\/\\\/vog.com.tn\\\/?s={search_term_string}\"},\"query-input\":{\"@type\":\"PropertyValueSpecification\",\"valueRequired\":true,\"valueName\":\"search_term_string\"}}],\"inLanguage\":\"fr-FR\"}]}<\/script>\n<!-- \/ Yoast SEO plugin. -->","yoast_head_json":{"title":"Short Femme-302550-Vog - Vog Tunisie","robots":{"index":"index","follow":"follow","max-snippet":"max-snippet:-1","max-image-preview":"max-image-preview:large","max-video-preview":"max-video-preview:-1"},"canonical":"https:\/\/vog.com.tn\/?product=85244","og_locale":"fr_FR","og_type":"article","og_title":"Short Femme-302550-Vog - Vog Tunisie","og_description":"Vente en ligne Short pour femme.   Short imprim\u00e9 l\u00e9opard.  Couleurs principales : beige, noir et nuances de brun.  Taille haute avec une ceinture int\u00e9gr\u00e9e.  Coupe l\u00e9g\u00e8rement ample avec plis sur le devant.  Finition fluide et l\u00e9g\u00e8re.  Style audacieux et tendance.  Livraison \u00e0 domicile\u00a0: 8 TND  D\u00e9lai de livraison\u00a0: 2 \u00e0 3 jours  \u00c9change possible\u00a0: Vous ne payez que les frais de livraison pour le second colis.  D\u00e9lai d\u2019\u00e9change\u00a0: Maximum 1 jour.","og_url":"https:\/\/vog.com.tn\/?product=85244","og_site_name":"Vog Tunisie","article_modified_time":"2026-04-12T10:11:36+00:00","og_image":[{"width":572,"height":800,"url":"https:\/\/vog.com.tn\/wp-content\/uploads\/2025\/01\/ensemble-leopard-4.png","type":"image\/png"}],"twitter_card":"summary_large_image","twitter_misc":{"Dur\u00e9e de lecture estim\u00e9e":"1 minute"},"schema":{"@context":"https:\/\/schema.org","@graph":[{"@type":"WebPage","@id":"https:\/\/vog.com.tn\/?product=85244","url":"https:\/\/vog.com.tn\/?product=85244","name":"Short Femme-302550-Vog - Vog Tunisie","isPartOf":{"@id":"https:\/\/vog.com.tn\/#website"},"primaryImageOfPage":{"@id":"https:\/\/vog.com.tn\/?product=85244#primaryimage"},"image":{"@id":"https:\/\/vog.com.tn\/?product=85244#primaryimage"},"thumbnailUrl":"https:\/\/vog.com.tn\/wp-content\/uploads\/2025\/01\/ensemble-leopard-4.png","datePublished":"2025-01-07T10:55:07+00:00","dateModified":"2026-04-12T10:11:36+00:00","breadcrumb":{"@id":"https:\/\/vog.com.tn\/?product=85244#breadcrumb"},"inLanguage":"fr-FR","potentialAction":[{"@type":"ReadAction","target":["https:\/\/vog.com.tn\/?product=85244"]}]},{"@type":"ImageObject","inLanguage":"fr-FR","@id":"https:\/\/vog.com.tn\/?product=85244#primaryimage","url":"https:\/\/vog.com.tn\/wp-content\/uploads\/2025\/01\/ensemble-leopard-4.png","contentUrl":"https:\/\/vog.com.tn\/wp-content\/uploads\/2025\/01\/ensemble-leopard-4.png","width":572,"height":800},{"@type":"BreadcrumbList","@id":"https:\/\/vog.com.tn\/?product=85244#breadcrumb","itemListElement":[{"@type":"ListItem","position":1,"name":"Home","item":"https:\/\/vog.com.tn\/"},{"@type":"ListItem","position":2,"name":"Produits","item":"https:\/\/vog.com.tn\/?page_id=8"},{"@type":"ListItem","position":3,"name":"Short Femme-302550-Vog"}]},{"@type":"WebSite","@id":"https:\/\/vog.com.tn\/#website","url":"https:\/\/vog.com.tn\/","name":"Vog Tunisie","description":"Pr\u00eat-\u00e0-porter","potentialAction":[{"@type":"SearchAction","target":{"@type":"EntryPoint","urlTemplate":"https:\/\/vog.com.tn\/?s={search_term_string}"},"query-input":{"@type":"PropertyValueSpecification","valueRequired":true,"valueName":"search_term_string"}}],"inLanguage":"fr-FR"}]}},"_links":{"self":[{"href":"https:\/\/vog.com.tn\/index.php?rest_route=\/wp\/v2\/product\/85244","targetHints":{"allow":["GET"]}}],"collection":[{"href":"https:\/\/vog.com.tn\/index.php?rest_route=\/wp\/v2\/product"}],"about":[{"href":"https:\/\/vog.com.tn\/index.php?rest_route=\/wp\/v2\/types\/product"}],"wp:featuredmedia":[{"embeddable":true,"href":"https:\/\/vog.com.tn\/index.php?rest_route=\/wp\/v2\/media\/85250"}],"wp:attachment":[{"href":"https:\/\/vog.com.tn\/index.php?rest_route=%2Fwp%2Fv2%2Fmedia&parent=85244"}],"wp:term":[{"taxonomy":"product_brand","embeddable":true,"href":"https:\/\/vog.com.tn\/index.php?rest_route=%2Fwp%2Fv2%2Fproduct_brand&post=85244"},{"taxonomy":"product_cat","embeddable":true,"href":"https:\/\/vog.com.tn\/index.php?rest_route=%2Fwp%2Fv2%2Fproduct_cat&post=85244"},{"taxonomy":"product_tag","embeddable":true,"href":"https:\/\/vog.com.tn\/index.php?rest_route=%2Fwp%2Fv2%2Fproduct_tag&post=85244"}],"curies":[{"name":"wp","href":"https:\/\/api.w.org\/{rel}","templated":true}]}}