{"id":89232,"date":"2025-03-01T13:53:04","date_gmt":"2025-03-01T12:53:04","guid":{"rendered":"https:\/\/vog.com.tn\/?post_type=product&#038;p=89232"},"modified":"2025-03-12T21:38:53","modified_gmt":"2025-03-12T20:38:53","slug":"bracelet-femme-7325-2-vog","status":"publish","type":"product","link":"https:\/\/vog.com.tn\/?product=bracelet-femme-7325-2-vog","title":{"rendered":"Bracelet Femme-7325-2-VOG"},"content":{"rendered":"<p>Ajoutez une touche d\u2019\u00e9l\u00e9gance \u00e0 votre tenue avec nos bracelets en acier inoxydable, alliant style, durabilit\u00e9 et \u00e9clat intemporel. Con\u00e7us pour r\u00e9sister \u00e0 l\u2019oxydation et \u00e0 l\u2019usure, nos bracelets conservent toute leur brillance au fil du temps. Qu\u2019il s\u2019agisse d\u2019un design minimaliste, d\u2019un charm d\u00e9licat ou d\u2019un bracelet raffin\u00e9, trouvez le bijou parfait pour chaque occasion.<\/p>\n","protected":false},"excerpt":{"rendered":"<p>Vente en ligne bracelet pour femme.<\/p>\n<ul>\n<li data-start=\"0\" data-end=\"43\">Bracelet en cha\u00eene dor\u00e9e \u00e0 double rang.<\/li>\n<li data-start=\"44\" data-end=\"94\">Fermoir mousqueton avec cha\u00eenette d\u2019extension.<\/li>\n<li data-start=\"95\" data-end=\"151\">Barre d\u00e9corative orn\u00e9e de petits cristaux brillants.<\/li>\n<li data-start=\"152\" data-end=\"210\">Petit pendentif en forme de c\u0153ur suspendu sur le c\u00f4t\u00e9.<\/li>\n<li data-start=\"211\" data-end=\"272\" data-is-last-node=\"\">Style d\u00e9licat et raffin\u00e9, parfait pour une touche \u00e9l\u00e9gante.<\/li>\n<li><strong>Livraison \u00e0 domicile :<\/strong>\u00a08 TND.<\/li>\n<li><strong>D\u00e9lai de livraison :<\/strong>\u00a02 \u00e0 3 jours.<\/li>\n<\/ul>\n","protected":false},"featured_media":89236,"template":"","meta":[],"product_brand":[],"product_cat":[408,407,137,360],"product_tag":[],"class_list":{"0":"post-89232","1":"product","2":"type-product","3":"status-publish","4":"has-post-thumbnail","6":"product_cat-bijoux","7":"product_cat-bracelet","8":"product_cat-mode-femme","9":"product_cat-nouvelle-collection","10":"pa_couleurs-gold","13":"first","14":"outofstock","15":"taxable","16":"shipping-taxable","17":"product-type-variable"},"yoast_head":"<!-- This site is optimized with the Yoast SEO plugin v27.5 - https:\/\/yoast.com\/product\/yoast-seo-wordpress\/ -->\n<title>Bracelet Femme-7325-2-VOG - Vog Tunisie<\/title>\n<meta name=\"robots\" content=\"index, follow, max-snippet:-1, max-image-preview:large, max-video-preview:-1\" \/>\n<link rel=\"canonical\" href=\"https:\/\/vog.com.tn\/?product=bracelet-femme-7325-2-vog\" \/>\n<meta property=\"og:locale\" content=\"fr_FR\" \/>\n<meta property=\"og:type\" content=\"article\" \/>\n<meta property=\"og:title\" content=\"Bracelet Femme-7325-2-VOG - Vog Tunisie\" \/>\n<meta property=\"og:description\" content=\"Vente en ligne bracelet pour femme.   Bracelet en cha\u00eene dor\u00e9e \u00e0 double rang.  Fermoir mousqueton avec cha\u00eenette d\u2019extension.  Barre d\u00e9corative orn\u00e9e de petits cristaux brillants.  Petit pendentif en forme de c\u0153ur suspendu sur le c\u00f4t\u00e9.  Style d\u00e9licat et raffin\u00e9, parfait pour une touche \u00e9l\u00e9gante.  Livraison \u00e0 domicile :\u00a08 TND.  D\u00e9lai de livraison :\u00a02 \u00e0 3 jours.\" \/>\n<meta property=\"og:url\" content=\"https:\/\/vog.com.tn\/?product=bracelet-femme-7325-2-vog\" \/>\n<meta property=\"og:site_name\" content=\"Vog Tunisie\" \/>\n<meta property=\"article:modified_time\" content=\"2025-03-12T20:38:53+00:00\" \/>\n<meta property=\"og:image\" content=\"https:\/\/vog.com.tn\/wp-content\/uploads\/2025\/03\/7325-2-vog-2.png\" \/>\n\t<meta property=\"og:image:width\" content=\"572\" \/>\n\t<meta property=\"og:image:height\" content=\"800\" \/>\n\t<meta property=\"og:image:type\" content=\"image\/png\" \/>\n<meta name=\"twitter:card\" content=\"summary_large_image\" \/>\n<meta name=\"twitter:label1\" content=\"Dur\u00e9e de lecture estim\u00e9e\" \/>\n\t<meta name=\"twitter:data1\" content=\"1 minute\" \/>\n<script type=\"application\/ld+json\" class=\"yoast-schema-graph\">{\"@context\":\"https:\\\/\\\/schema.org\",\"@graph\":[{\"@type\":\"WebPage\",\"@id\":\"https:\\\/\\\/vog.com.tn\\\/?product=bracelet-femme-7325-2-vog\",\"url\":\"https:\\\/\\\/vog.com.tn\\\/?product=bracelet-femme-7325-2-vog\",\"name\":\"Bracelet Femme-7325-2-VOG - Vog Tunisie\",\"isPartOf\":{\"@id\":\"https:\\\/\\\/vog.com.tn\\\/#website\"},\"primaryImageOfPage\":{\"@id\":\"https:\\\/\\\/vog.com.tn\\\/?product=bracelet-femme-7325-2-vog#primaryimage\"},\"image\":{\"@id\":\"https:\\\/\\\/vog.com.tn\\\/?product=bracelet-femme-7325-2-vog#primaryimage\"},\"thumbnailUrl\":\"https:\\\/\\\/vog.com.tn\\\/wp-content\\\/uploads\\\/2025\\\/03\\\/7325-2-vog-2.png\",\"datePublished\":\"2025-03-01T12:53:04+00:00\",\"dateModified\":\"2025-03-12T20:38:53+00:00\",\"breadcrumb\":{\"@id\":\"https:\\\/\\\/vog.com.tn\\\/?product=bracelet-femme-7325-2-vog#breadcrumb\"},\"inLanguage\":\"fr-FR\",\"potentialAction\":[{\"@type\":\"ReadAction\",\"target\":[\"https:\\\/\\\/vog.com.tn\\\/?product=bracelet-femme-7325-2-vog\"]}]},{\"@type\":\"ImageObject\",\"inLanguage\":\"fr-FR\",\"@id\":\"https:\\\/\\\/vog.com.tn\\\/?product=bracelet-femme-7325-2-vog#primaryimage\",\"url\":\"https:\\\/\\\/vog.com.tn\\\/wp-content\\\/uploads\\\/2025\\\/03\\\/7325-2-vog-2.png\",\"contentUrl\":\"https:\\\/\\\/vog.com.tn\\\/wp-content\\\/uploads\\\/2025\\\/03\\\/7325-2-vog-2.png\",\"width\":572,\"height\":800},{\"@type\":\"BreadcrumbList\",\"@id\":\"https:\\\/\\\/vog.com.tn\\\/?product=bracelet-femme-7325-2-vog#breadcrumb\",\"itemListElement\":[{\"@type\":\"ListItem\",\"position\":1,\"name\":\"Home\",\"item\":\"https:\\\/\\\/vog.com.tn\\\/\"},{\"@type\":\"ListItem\",\"position\":2,\"name\":\"Produits\",\"item\":\"https:\\\/\\\/vog.com.tn\\\/?page_id=8\"},{\"@type\":\"ListItem\",\"position\":3,\"name\":\"Bracelet Femme-7325-2-VOG\"}]},{\"@type\":\"WebSite\",\"@id\":\"https:\\\/\\\/vog.com.tn\\\/#website\",\"url\":\"https:\\\/\\\/vog.com.tn\\\/\",\"name\":\"Vog Tunisie\",\"description\":\"Pr\u00eat-\u00e0-porter\",\"potentialAction\":[{\"@type\":\"SearchAction\",\"target\":{\"@type\":\"EntryPoint\",\"urlTemplate\":\"https:\\\/\\\/vog.com.tn\\\/?s={search_term_string}\"},\"query-input\":{\"@type\":\"PropertyValueSpecification\",\"valueRequired\":true,\"valueName\":\"search_term_string\"}}],\"inLanguage\":\"fr-FR\"}]}<\/script>\n<!-- \/ Yoast SEO plugin. -->","yoast_head_json":{"title":"Bracelet Femme-7325-2-VOG - Vog Tunisie","robots":{"index":"index","follow":"follow","max-snippet":"max-snippet:-1","max-image-preview":"max-image-preview:large","max-video-preview":"max-video-preview:-1"},"canonical":"https:\/\/vog.com.tn\/?product=bracelet-femme-7325-2-vog","og_locale":"fr_FR","og_type":"article","og_title":"Bracelet Femme-7325-2-VOG - Vog Tunisie","og_description":"Vente en ligne bracelet pour femme.   Bracelet en cha\u00eene dor\u00e9e \u00e0 double rang.  Fermoir mousqueton avec cha\u00eenette d\u2019extension.  Barre d\u00e9corative orn\u00e9e de petits cristaux brillants.  Petit pendentif en forme de c\u0153ur suspendu sur le c\u00f4t\u00e9.  Style d\u00e9licat et raffin\u00e9, parfait pour une touche \u00e9l\u00e9gante.  Livraison \u00e0 domicile :\u00a08 TND.  D\u00e9lai de livraison :\u00a02 \u00e0 3 jours.","og_url":"https:\/\/vog.com.tn\/?product=bracelet-femme-7325-2-vog","og_site_name":"Vog Tunisie","article_modified_time":"2025-03-12T20:38:53+00:00","og_image":[{"width":572,"height":800,"url":"https:\/\/vog.com.tn\/wp-content\/uploads\/2025\/03\/7325-2-vog-2.png","type":"image\/png"}],"twitter_card":"summary_large_image","twitter_misc":{"Dur\u00e9e de lecture estim\u00e9e":"1 minute"},"schema":{"@context":"https:\/\/schema.org","@graph":[{"@type":"WebPage","@id":"https:\/\/vog.com.tn\/?product=bracelet-femme-7325-2-vog","url":"https:\/\/vog.com.tn\/?product=bracelet-femme-7325-2-vog","name":"Bracelet Femme-7325-2-VOG - Vog Tunisie","isPartOf":{"@id":"https:\/\/vog.com.tn\/#website"},"primaryImageOfPage":{"@id":"https:\/\/vog.com.tn\/?product=bracelet-femme-7325-2-vog#primaryimage"},"image":{"@id":"https:\/\/vog.com.tn\/?product=bracelet-femme-7325-2-vog#primaryimage"},"thumbnailUrl":"https:\/\/vog.com.tn\/wp-content\/uploads\/2025\/03\/7325-2-vog-2.png","datePublished":"2025-03-01T12:53:04+00:00","dateModified":"2025-03-12T20:38:53+00:00","breadcrumb":{"@id":"https:\/\/vog.com.tn\/?product=bracelet-femme-7325-2-vog#breadcrumb"},"inLanguage":"fr-FR","potentialAction":[{"@type":"ReadAction","target":["https:\/\/vog.com.tn\/?product=bracelet-femme-7325-2-vog"]}]},{"@type":"ImageObject","inLanguage":"fr-FR","@id":"https:\/\/vog.com.tn\/?product=bracelet-femme-7325-2-vog#primaryimage","url":"https:\/\/vog.com.tn\/wp-content\/uploads\/2025\/03\/7325-2-vog-2.png","contentUrl":"https:\/\/vog.com.tn\/wp-content\/uploads\/2025\/03\/7325-2-vog-2.png","width":572,"height":800},{"@type":"BreadcrumbList","@id":"https:\/\/vog.com.tn\/?product=bracelet-femme-7325-2-vog#breadcrumb","itemListElement":[{"@type":"ListItem","position":1,"name":"Home","item":"https:\/\/vog.com.tn\/"},{"@type":"ListItem","position":2,"name":"Produits","item":"https:\/\/vog.com.tn\/?page_id=8"},{"@type":"ListItem","position":3,"name":"Bracelet Femme-7325-2-VOG"}]},{"@type":"WebSite","@id":"https:\/\/vog.com.tn\/#website","url":"https:\/\/vog.com.tn\/","name":"Vog Tunisie","description":"Pr\u00eat-\u00e0-porter","potentialAction":[{"@type":"SearchAction","target":{"@type":"EntryPoint","urlTemplate":"https:\/\/vog.com.tn\/?s={search_term_string}"},"query-input":{"@type":"PropertyValueSpecification","valueRequired":true,"valueName":"search_term_string"}}],"inLanguage":"fr-FR"}]}},"_links":{"self":[{"href":"https:\/\/vog.com.tn\/index.php?rest_route=\/wp\/v2\/product\/89232","targetHints":{"allow":["GET"]}}],"collection":[{"href":"https:\/\/vog.com.tn\/index.php?rest_route=\/wp\/v2\/product"}],"about":[{"href":"https:\/\/vog.com.tn\/index.php?rest_route=\/wp\/v2\/types\/product"}],"wp:featuredmedia":[{"embeddable":true,"href":"https:\/\/vog.com.tn\/index.php?rest_route=\/wp\/v2\/media\/89236"}],"wp:attachment":[{"href":"https:\/\/vog.com.tn\/index.php?rest_route=%2Fwp%2Fv2%2Fmedia&parent=89232"}],"wp:term":[{"taxonomy":"product_brand","embeddable":true,"href":"https:\/\/vog.com.tn\/index.php?rest_route=%2Fwp%2Fv2%2Fproduct_brand&post=89232"},{"taxonomy":"product_cat","embeddable":true,"href":"https:\/\/vog.com.tn\/index.php?rest_route=%2Fwp%2Fv2%2Fproduct_cat&post=89232"},{"taxonomy":"product_tag","embeddable":true,"href":"https:\/\/vog.com.tn\/index.php?rest_route=%2Fwp%2Fv2%2Fproduct_tag&post=89232"}],"curies":[{"name":"wp","href":"https:\/\/api.w.org\/{rel}","templated":true}]}}