{"id":89893,"date":"2025-03-12T14:44:49","date_gmt":"2025-03-12T13:44:49","guid":{"rendered":"https:\/\/vog.com.tn\/?post_type=product&#038;p=89893"},"modified":"2026-04-26T12:12:21","modified_gmt":"2026-04-26T10:12:21","slug":"mules-a-talon-femme-305051-vog","status":"publish","type":"product","link":"https:\/\/vog.com.tn\/?product=mules-a-talon-femme-305051-vog","title":{"rendered":"Mules Compens\u00e9es Femme-305051-VOG"},"content":{"rendered":"<p>Une Mule \u00e0 talon qui accentuera votre f\u00e9minit\u00e9 avec son mod\u00e8le fait de simili cuir, souple et qui assure un confort maximal \u00e0 vos pieds. C\u2019est un mod\u00e8le classique avec une touche moderne qui va tr\u00e8s bien avec vos habits, parfait pour tous les occasions et incontournable de cette saison!<\/p>\n","protected":false},"excerpt":{"rendered":"<div class=\"woocommerce-product-details__short-description\">\n<p>Vente en ligne mules \u00e0 talon pour femme<\/p>\n<ul>\n<li>Type : Mule compens\u00e9e<\/li>\n<li>Semelle ext\u00e9rieure : Antid\u00e9rapante en caoutchouc<\/li>\n<li>Rev\u00eatement de la plateforme : Corde tress\u00e9e fa\u00e7on espadrille<\/li>\n<li>Bride : Large, en PVC transparent<\/li>\n<li>Ornement : Boucles rectangulaires beiges<\/li>\n<li>Style : \u00c9l\u00e9gant et estival<\/li>\n<li>Occasions : Casual, plage, sortie estivale<\/li>\n<li>Avantage : L\u00e9ger et facile \u00e0 enfiler<\/li>\n<li>Livraison \u00e0 domicile : 8 TND.<\/li>\n<li>D\u00e9lai de livraison : 2 \u00e0 3 jours.<\/li>\n<li>\u00c9change possible : Vous ne payez que les frais de livraison pour le second colis.<\/li>\n<li>D\u00e9lai d\u2019\u00e9change : Maximum 1 jour.<\/li>\n<\/ul>\n<\/div>\n<div data-product_id=\"89877\" data-threshold_min=\"30\" data-threshold_max=\"100\" data-total=\"12\"><\/div>\n","protected":false},"featured_media":89913,"template":"","meta":[],"product_brand":[],"product_cat":[96,137,246,360],"product_tag":[],"class_list":{"0":"post-89893","1":"product","2":"type-product","3":"status-publish","4":"has-post-thumbnail","6":"product_cat-chaussures-femme","7":"product_cat-mode-femme","8":"product_cat-mules-talon","9":"product_cat-nouvelle-collection","10":"pa_couleurs-beige","11":"pa_couleurs-noir","12":"pa_couleurs-nude","13":"pa_pointure-105","14":"pa_pointure-106","15":"pa_pointure-107","16":"pa_pointure-108","17":"pa_pointure-109","18":"pa_pointure-110","21":"first","22":"instock","23":"sale","24":"taxable","25":"shipping-taxable","26":"purchasable","27":"product-type-variable"},"yoast_head":"<!-- This site is optimized with the Yoast SEO plugin v27.5 - https:\/\/yoast.com\/product\/yoast-seo-wordpress\/ -->\n<title>Mules Compens\u00e9es Femme-305051-VOG - Vog Tunisie<\/title>\n<meta name=\"robots\" content=\"index, follow, max-snippet:-1, max-image-preview:large, max-video-preview:-1\" \/>\n<link rel=\"canonical\" href=\"https:\/\/vog.com.tn\/?product=mules-a-talon-femme-305051-vog\" \/>\n<meta property=\"og:locale\" content=\"fr_FR\" \/>\n<meta property=\"og:type\" content=\"article\" \/>\n<meta property=\"og:title\" content=\"Mules Compens\u00e9es Femme-305051-VOG - Vog Tunisie\" \/>\n<meta property=\"og:description\" content=\"Vente en ligne mules \u00e0 talon pour femme   Type : Mule compens\u00e9e  Semelle ext\u00e9rieure : Antid\u00e9rapante en caoutchouc  Rev\u00eatement de la plateforme : Corde tress\u00e9e fa\u00e7on espadrille  Bride : Large, en PVC transparent  Ornement : Boucles rectangulaires beiges  Style : \u00c9l\u00e9gant et estival  Occasions : Casual, plage, sortie estivale  Avantage : L\u00e9ger et facile \u00e0 enfiler  Livraison \u00e0 domicile : 8 TND.  D\u00e9lai de livraison : 2 \u00e0 3 jours.  \u00c9change possible : Vous ne payez que les frais de livraison pour le second colis.  D\u00e9lai d\u2019\u00e9change : Maximum 1 jour.\" \/>\n<meta property=\"og:url\" content=\"https:\/\/vog.com.tn\/?product=mules-a-talon-femme-305051-vog\" \/>\n<meta property=\"og:site_name\" content=\"Vog Tunisie\" \/>\n<meta property=\"article:modified_time\" content=\"2026-04-26T10:12:21+00:00\" \/>\n<meta property=\"og:image\" content=\"https:\/\/vog.com.tn\/wp-content\/uploads\/2025\/03\/305-051.jpg\" \/>\n\t<meta property=\"og:image:width\" content=\"1066\" \/>\n\t<meta property=\"og:image:height\" content=\"1600\" \/>\n\t<meta property=\"og:image:type\" content=\"image\/jpeg\" \/>\n<meta name=\"twitter:card\" content=\"summary_large_image\" \/>\n<meta name=\"twitter:label1\" content=\"Dur\u00e9e de lecture estim\u00e9e\" \/>\n\t<meta name=\"twitter:data1\" content=\"1 minute\" \/>\n<script type=\"application\/ld+json\" class=\"yoast-schema-graph\">{\"@context\":\"https:\\\/\\\/schema.org\",\"@graph\":[{\"@type\":\"WebPage\",\"@id\":\"https:\\\/\\\/vog.com.tn\\\/?product=mules-a-talon-femme-305051-vog\",\"url\":\"https:\\\/\\\/vog.com.tn\\\/?product=mules-a-talon-femme-305051-vog\",\"name\":\"Mules Compens\u00e9es Femme-305051-VOG - Vog Tunisie\",\"isPartOf\":{\"@id\":\"https:\\\/\\\/vog.com.tn\\\/#website\"},\"primaryImageOfPage\":{\"@id\":\"https:\\\/\\\/vog.com.tn\\\/?product=mules-a-talon-femme-305051-vog#primaryimage\"},\"image\":{\"@id\":\"https:\\\/\\\/vog.com.tn\\\/?product=mules-a-talon-femme-305051-vog#primaryimage\"},\"thumbnailUrl\":\"https:\\\/\\\/vog.com.tn\\\/wp-content\\\/uploads\\\/2025\\\/03\\\/305-051.jpg\",\"datePublished\":\"2025-03-12T13:44:49+00:00\",\"dateModified\":\"2026-04-26T10:12:21+00:00\",\"breadcrumb\":{\"@id\":\"https:\\\/\\\/vog.com.tn\\\/?product=mules-a-talon-femme-305051-vog#breadcrumb\"},\"inLanguage\":\"fr-FR\",\"potentialAction\":[{\"@type\":\"ReadAction\",\"target\":[\"https:\\\/\\\/vog.com.tn\\\/?product=mules-a-talon-femme-305051-vog\"]}]},{\"@type\":\"ImageObject\",\"inLanguage\":\"fr-FR\",\"@id\":\"https:\\\/\\\/vog.com.tn\\\/?product=mules-a-talon-femme-305051-vog#primaryimage\",\"url\":\"https:\\\/\\\/vog.com.tn\\\/wp-content\\\/uploads\\\/2025\\\/03\\\/305-051.jpg\",\"contentUrl\":\"https:\\\/\\\/vog.com.tn\\\/wp-content\\\/uploads\\\/2025\\\/03\\\/305-051.jpg\",\"width\":1066,\"height\":1600},{\"@type\":\"BreadcrumbList\",\"@id\":\"https:\\\/\\\/vog.com.tn\\\/?product=mules-a-talon-femme-305051-vog#breadcrumb\",\"itemListElement\":[{\"@type\":\"ListItem\",\"position\":1,\"name\":\"Home\",\"item\":\"https:\\\/\\\/vog.com.tn\\\/\"},{\"@type\":\"ListItem\",\"position\":2,\"name\":\"Produits\",\"item\":\"https:\\\/\\\/vog.com.tn\\\/?page_id=8\"},{\"@type\":\"ListItem\",\"position\":3,\"name\":\"Mules Compens\u00e9es Femme-305051-VOG\"}]},{\"@type\":\"WebSite\",\"@id\":\"https:\\\/\\\/vog.com.tn\\\/#website\",\"url\":\"https:\\\/\\\/vog.com.tn\\\/\",\"name\":\"Vog Tunisie\",\"description\":\"Pr\u00eat-\u00e0-porter\",\"potentialAction\":[{\"@type\":\"SearchAction\",\"target\":{\"@type\":\"EntryPoint\",\"urlTemplate\":\"https:\\\/\\\/vog.com.tn\\\/?s={search_term_string}\"},\"query-input\":{\"@type\":\"PropertyValueSpecification\",\"valueRequired\":true,\"valueName\":\"search_term_string\"}}],\"inLanguage\":\"fr-FR\"}]}<\/script>\n<!-- \/ Yoast SEO plugin. -->","yoast_head_json":{"title":"Mules Compens\u00e9es Femme-305051-VOG - Vog Tunisie","robots":{"index":"index","follow":"follow","max-snippet":"max-snippet:-1","max-image-preview":"max-image-preview:large","max-video-preview":"max-video-preview:-1"},"canonical":"https:\/\/vog.com.tn\/?product=mules-a-talon-femme-305051-vog","og_locale":"fr_FR","og_type":"article","og_title":"Mules Compens\u00e9es Femme-305051-VOG - Vog Tunisie","og_description":"Vente en ligne mules \u00e0 talon pour femme   Type : Mule compens\u00e9e  Semelle ext\u00e9rieure : Antid\u00e9rapante en caoutchouc  Rev\u00eatement de la plateforme : Corde tress\u00e9e fa\u00e7on espadrille  Bride : Large, en PVC transparent  Ornement : Boucles rectangulaires beiges  Style : \u00c9l\u00e9gant et estival  Occasions : Casual, plage, sortie estivale  Avantage : L\u00e9ger et facile \u00e0 enfiler  Livraison \u00e0 domicile : 8 TND.  D\u00e9lai de livraison : 2 \u00e0 3 jours.  \u00c9change possible : Vous ne payez que les frais de livraison pour le second colis.  D\u00e9lai d\u2019\u00e9change : Maximum 1 jour.","og_url":"https:\/\/vog.com.tn\/?product=mules-a-talon-femme-305051-vog","og_site_name":"Vog Tunisie","article_modified_time":"2026-04-26T10:12:21+00:00","og_image":[{"width":1066,"height":1600,"url":"https:\/\/vog.com.tn\/wp-content\/uploads\/2025\/03\/305-051.jpg","type":"image\/jpeg"}],"twitter_card":"summary_large_image","twitter_misc":{"Dur\u00e9e de lecture estim\u00e9e":"1 minute"},"schema":{"@context":"https:\/\/schema.org","@graph":[{"@type":"WebPage","@id":"https:\/\/vog.com.tn\/?product=mules-a-talon-femme-305051-vog","url":"https:\/\/vog.com.tn\/?product=mules-a-talon-femme-305051-vog","name":"Mules Compens\u00e9es Femme-305051-VOG - Vog Tunisie","isPartOf":{"@id":"https:\/\/vog.com.tn\/#website"},"primaryImageOfPage":{"@id":"https:\/\/vog.com.tn\/?product=mules-a-talon-femme-305051-vog#primaryimage"},"image":{"@id":"https:\/\/vog.com.tn\/?product=mules-a-talon-femme-305051-vog#primaryimage"},"thumbnailUrl":"https:\/\/vog.com.tn\/wp-content\/uploads\/2025\/03\/305-051.jpg","datePublished":"2025-03-12T13:44:49+00:00","dateModified":"2026-04-26T10:12:21+00:00","breadcrumb":{"@id":"https:\/\/vog.com.tn\/?product=mules-a-talon-femme-305051-vog#breadcrumb"},"inLanguage":"fr-FR","potentialAction":[{"@type":"ReadAction","target":["https:\/\/vog.com.tn\/?product=mules-a-talon-femme-305051-vog"]}]},{"@type":"ImageObject","inLanguage":"fr-FR","@id":"https:\/\/vog.com.tn\/?product=mules-a-talon-femme-305051-vog#primaryimage","url":"https:\/\/vog.com.tn\/wp-content\/uploads\/2025\/03\/305-051.jpg","contentUrl":"https:\/\/vog.com.tn\/wp-content\/uploads\/2025\/03\/305-051.jpg","width":1066,"height":1600},{"@type":"BreadcrumbList","@id":"https:\/\/vog.com.tn\/?product=mules-a-talon-femme-305051-vog#breadcrumb","itemListElement":[{"@type":"ListItem","position":1,"name":"Home","item":"https:\/\/vog.com.tn\/"},{"@type":"ListItem","position":2,"name":"Produits","item":"https:\/\/vog.com.tn\/?page_id=8"},{"@type":"ListItem","position":3,"name":"Mules Compens\u00e9es Femme-305051-VOG"}]},{"@type":"WebSite","@id":"https:\/\/vog.com.tn\/#website","url":"https:\/\/vog.com.tn\/","name":"Vog Tunisie","description":"Pr\u00eat-\u00e0-porter","potentialAction":[{"@type":"SearchAction","target":{"@type":"EntryPoint","urlTemplate":"https:\/\/vog.com.tn\/?s={search_term_string}"},"query-input":{"@type":"PropertyValueSpecification","valueRequired":true,"valueName":"search_term_string"}}],"inLanguage":"fr-FR"}]}},"_links":{"self":[{"href":"https:\/\/vog.com.tn\/index.php?rest_route=\/wp\/v2\/product\/89893","targetHints":{"allow":["GET"]}}],"collection":[{"href":"https:\/\/vog.com.tn\/index.php?rest_route=\/wp\/v2\/product"}],"about":[{"href":"https:\/\/vog.com.tn\/index.php?rest_route=\/wp\/v2\/types\/product"}],"wp:featuredmedia":[{"embeddable":true,"href":"https:\/\/vog.com.tn\/index.php?rest_route=\/wp\/v2\/media\/89913"}],"wp:attachment":[{"href":"https:\/\/vog.com.tn\/index.php?rest_route=%2Fwp%2Fv2%2Fmedia&parent=89893"}],"wp:term":[{"taxonomy":"product_brand","embeddable":true,"href":"https:\/\/vog.com.tn\/index.php?rest_route=%2Fwp%2Fv2%2Fproduct_brand&post=89893"},{"taxonomy":"product_cat","embeddable":true,"href":"https:\/\/vog.com.tn\/index.php?rest_route=%2Fwp%2Fv2%2Fproduct_cat&post=89893"},{"taxonomy":"product_tag","embeddable":true,"href":"https:\/\/vog.com.tn\/index.php?rest_route=%2Fwp%2Fv2%2Fproduct_tag&post=89893"}],"curies":[{"name":"wp","href":"https:\/\/api.w.org\/{rel}","templated":true}]}}