{"id":93954,"date":"2025-06-09T18:21:08","date_gmt":"2025-06-09T16:21:08","guid":{"rendered":"https:\/\/vog.com.tn\/?post_type=product&#038;p=93954"},"modified":"2026-04-26T13:54:00","modified_gmt":"2026-04-26T11:54:00","slug":"ensemble-femme-306901-vog","status":"publish","type":"product","link":"https:\/\/vog.com.tn\/?product=ensemble-femme-306901-vog","title":{"rendered":"Ensemble Femme-306901-Vog"},"content":{"rendered":"<p>VOG met en vente en ligne ensemble Femme en Tunisie. Des ensembles confortable pour femme tendances pour accueillir la nouvelle saison d\u2019\u00e9t\u00e9 ! Notre s\u00e9lection comprend des ensembles \u00e9l\u00e9gants.<\/p>\n","protected":false},"excerpt":{"rendered":"<ul>\n<li data-start=\"350\" data-end=\"523\"><strong data-start=\"350\" data-end=\"379\">T-shirt \u00e0 manches courtes<\/strong>\u00a0avec message imprim\u00e9 \u00ab\u00a0EXPECT NOTHING, APPRECIATE\u00a0\u00bb, coupe droite l\u00e9g\u00e8rement courte avec un lien de serrage \u00e0 la taille pour une touche tendance.<\/li>\n<li data-start=\"350\" data-end=\"523\"><strong data-start=\"526\" data-end=\"548\">Shorte longue fluide<\/strong>\u00a0avec taille \u00e9lastique \u00e0 cordon ajustable, fente discr\u00e8te sur le c\u00f4t\u00e9 et poches plaqu\u00e9es pour un style pratique et f\u00e9minin.<\/li>\n<li data-start=\"350\" data-end=\"523\"><strong data-start=\"674\" data-end=\"697\">Couleur\u00a0 douce<\/strong>, facile \u00e0 associer avec vos accessoires pr\u00e9f\u00e9r\u00e9s.<\/li>\n<li data-start=\"350\" data-end=\"523\"><strong data-start=\"750\" data-end=\"773\">Mati\u00e8re confortable<\/strong>, id\u00e9ale pour une utilisation quotidienne.<\/li>\n<li><strong data-start=\"817\" data-end=\"843\">Livraison \u00e0 domicile :<\/strong>\u00a08 TND<\/li>\n<li><strong data-start=\"852\" data-end=\"876\">D\u00e9lai de livraison :<\/strong>\u00a02 \u00e0 3 jours<\/li>\n<li><strong data-start=\"891\" data-end=\"913\">\u00c9change possible :<\/strong>\u00a0vous ne payez que les frais de livraison pour le second colis<\/li>\n<li><strong data-start=\"978\" data-end=\"999\">D\u00e9lai d\u2019\u00e9change :<\/strong>\u00a0maximum 1 jour apr\u00e8s r\u00e9ception<\/li>\n<\/ul>\n","protected":false},"featured_media":104917,"template":"","meta":[],"product_brand":[],"product_cat":[239,441,137,360,71],"product_tag":[],"class_list":{"0":"post-93954","1":"product","2":"type-product","3":"status-publish","4":"has-post-thumbnail","6":"product_cat-ensembles","7":"product_cat-ensembles-dete","8":"product_cat-mode-femme","9":"product_cat-nouvelle-collection","10":"product_cat-vetements-femme","11":"pa_couleurs-beige","12":"pa_couleurs-gris","13":"pa_couleurs-kaki","14":"pa_couleurs-noir","15":"pa_couleurs-rose","16":"pa_taille-tu","19":"first","20":"instock","21":"taxable","22":"shipping-taxable","23":"purchasable","24":"product-type-variable"},"yoast_head":"<!-- This site is optimized with the Yoast SEO plugin v27.5 - https:\/\/yoast.com\/product\/yoast-seo-wordpress\/ -->\n<title>Ensemble Femme-306901-Vog - Vog Tunisie<\/title>\n<meta name=\"robots\" content=\"index, follow, max-snippet:-1, max-image-preview:large, max-video-preview:-1\" \/>\n<link rel=\"canonical\" href=\"https:\/\/vog.com.tn\/?product=ensemble-femme-306901-vog\" \/>\n<meta property=\"og:locale\" content=\"fr_FR\" \/>\n<meta property=\"og:type\" content=\"article\" \/>\n<meta property=\"og:title\" content=\"Ensemble Femme-306901-Vog - Vog Tunisie\" \/>\n<meta property=\"og:description\" content=\"T-shirt \u00e0 manches courtes\u00a0avec message imprim\u00e9 \u00ab\u00a0EXPECT NOTHING, APPRECIATE\u00a0\u00bb, coupe droite l\u00e9g\u00e8rement courte avec un lien de serrage \u00e0 la taille pour une touche tendance.  Shorte longue fluide\u00a0avec taille \u00e9lastique \u00e0 cordon ajustable, fente discr\u00e8te sur le c\u00f4t\u00e9 et poches plaqu\u00e9es pour un style pratique et f\u00e9minin.  Couleur\u00a0 douce, facile \u00e0 associer avec vos accessoires pr\u00e9f\u00e9r\u00e9s.  Mati\u00e8re confortable, id\u00e9ale pour une utilisation quotidienne.  Livraison \u00e0 domicile :\u00a08 TND  D\u00e9lai de livraison :\u00a02 \u00e0 3 jours  \u00c9change possible :\u00a0vous ne payez que les frais de livraison pour le second colis  D\u00e9lai d\u2019\u00e9change :\u00a0maximum 1 jour apr\u00e8s r\u00e9ception\" \/>\n<meta property=\"og:url\" content=\"https:\/\/vog.com.tn\/?product=ensemble-femme-306901-vog\" \/>\n<meta property=\"og:site_name\" content=\"Vog Tunisie\" \/>\n<meta property=\"article:modified_time\" content=\"2026-04-26T11:54:00+00:00\" \/>\n<meta property=\"og:image\" content=\"https:\/\/vog.com.tn\/wp-content\/uploads\/2025\/06\/306901-KAKI-VOG-572x858-1.jpg\" \/>\n\t<meta property=\"og:image:width\" content=\"572\" \/>\n\t<meta property=\"og:image:height\" content=\"858\" \/>\n\t<meta property=\"og:image:type\" content=\"image\/jpeg\" \/>\n<meta name=\"twitter:card\" content=\"summary_large_image\" \/>\n<meta name=\"twitter:label1\" content=\"Dur\u00e9e de lecture estim\u00e9e\" \/>\n\t<meta name=\"twitter:data1\" content=\"1 minute\" \/>\n<script type=\"application\/ld+json\" class=\"yoast-schema-graph\">{\"@context\":\"https:\\\/\\\/schema.org\",\"@graph\":[{\"@type\":\"WebPage\",\"@id\":\"https:\\\/\\\/vog.com.tn\\\/?product=ensemble-femme-306901-vog\",\"url\":\"https:\\\/\\\/vog.com.tn\\\/?product=ensemble-femme-306901-vog\",\"name\":\"Ensemble Femme-306901-Vog - Vog Tunisie\",\"isPartOf\":{\"@id\":\"https:\\\/\\\/vog.com.tn\\\/#website\"},\"primaryImageOfPage\":{\"@id\":\"https:\\\/\\\/vog.com.tn\\\/?product=ensemble-femme-306901-vog#primaryimage\"},\"image\":{\"@id\":\"https:\\\/\\\/vog.com.tn\\\/?product=ensemble-femme-306901-vog#primaryimage\"},\"thumbnailUrl\":\"https:\\\/\\\/vog.com.tn\\\/wp-content\\\/uploads\\\/2025\\\/06\\\/306901-KAKI-VOG-572x858-1.jpg\",\"datePublished\":\"2025-06-09T16:21:08+00:00\",\"dateModified\":\"2026-04-26T11:54:00+00:00\",\"breadcrumb\":{\"@id\":\"https:\\\/\\\/vog.com.tn\\\/?product=ensemble-femme-306901-vog#breadcrumb\"},\"inLanguage\":\"fr-FR\",\"potentialAction\":[{\"@type\":\"ReadAction\",\"target\":[\"https:\\\/\\\/vog.com.tn\\\/?product=ensemble-femme-306901-vog\"]}]},{\"@type\":\"ImageObject\",\"inLanguage\":\"fr-FR\",\"@id\":\"https:\\\/\\\/vog.com.tn\\\/?product=ensemble-femme-306901-vog#primaryimage\",\"url\":\"https:\\\/\\\/vog.com.tn\\\/wp-content\\\/uploads\\\/2025\\\/06\\\/306901-KAKI-VOG-572x858-1.jpg\",\"contentUrl\":\"https:\\\/\\\/vog.com.tn\\\/wp-content\\\/uploads\\\/2025\\\/06\\\/306901-KAKI-VOG-572x858-1.jpg\",\"width\":572,\"height\":858},{\"@type\":\"BreadcrumbList\",\"@id\":\"https:\\\/\\\/vog.com.tn\\\/?product=ensemble-femme-306901-vog#breadcrumb\",\"itemListElement\":[{\"@type\":\"ListItem\",\"position\":1,\"name\":\"Home\",\"item\":\"https:\\\/\\\/vog.com.tn\\\/\"},{\"@type\":\"ListItem\",\"position\":2,\"name\":\"Produits\",\"item\":\"https:\\\/\\\/vog.com.tn\\\/?page_id=8\"},{\"@type\":\"ListItem\",\"position\":3,\"name\":\"Ensemble Femme-306901-Vog\"}]},{\"@type\":\"WebSite\",\"@id\":\"https:\\\/\\\/vog.com.tn\\\/#website\",\"url\":\"https:\\\/\\\/vog.com.tn\\\/\",\"name\":\"Vog Tunisie\",\"description\":\"Pr\u00eat-\u00e0-porter\",\"potentialAction\":[{\"@type\":\"SearchAction\",\"target\":{\"@type\":\"EntryPoint\",\"urlTemplate\":\"https:\\\/\\\/vog.com.tn\\\/?s={search_term_string}\"},\"query-input\":{\"@type\":\"PropertyValueSpecification\",\"valueRequired\":true,\"valueName\":\"search_term_string\"}}],\"inLanguage\":\"fr-FR\"}]}<\/script>\n<!-- \/ Yoast SEO plugin. -->","yoast_head_json":{"title":"Ensemble Femme-306901-Vog - Vog Tunisie","robots":{"index":"index","follow":"follow","max-snippet":"max-snippet:-1","max-image-preview":"max-image-preview:large","max-video-preview":"max-video-preview:-1"},"canonical":"https:\/\/vog.com.tn\/?product=ensemble-femme-306901-vog","og_locale":"fr_FR","og_type":"article","og_title":"Ensemble Femme-306901-Vog - Vog Tunisie","og_description":"T-shirt \u00e0 manches courtes\u00a0avec message imprim\u00e9 \u00ab\u00a0EXPECT NOTHING, APPRECIATE\u00a0\u00bb, coupe droite l\u00e9g\u00e8rement courte avec un lien de serrage \u00e0 la taille pour une touche tendance.  Shorte longue fluide\u00a0avec taille \u00e9lastique \u00e0 cordon ajustable, fente discr\u00e8te sur le c\u00f4t\u00e9 et poches plaqu\u00e9es pour un style pratique et f\u00e9minin.  Couleur\u00a0 douce, facile \u00e0 associer avec vos accessoires pr\u00e9f\u00e9r\u00e9s.  Mati\u00e8re confortable, id\u00e9ale pour une utilisation quotidienne.  Livraison \u00e0 domicile :\u00a08 TND  D\u00e9lai de livraison :\u00a02 \u00e0 3 jours  \u00c9change possible :\u00a0vous ne payez que les frais de livraison pour le second colis  D\u00e9lai d\u2019\u00e9change :\u00a0maximum 1 jour apr\u00e8s r\u00e9ception","og_url":"https:\/\/vog.com.tn\/?product=ensemble-femme-306901-vog","og_site_name":"Vog Tunisie","article_modified_time":"2026-04-26T11:54:00+00:00","og_image":[{"width":572,"height":858,"url":"https:\/\/vog.com.tn\/wp-content\/uploads\/2025\/06\/306901-KAKI-VOG-572x858-1.jpg","type":"image\/jpeg"}],"twitter_card":"summary_large_image","twitter_misc":{"Dur\u00e9e de lecture estim\u00e9e":"1 minute"},"schema":{"@context":"https:\/\/schema.org","@graph":[{"@type":"WebPage","@id":"https:\/\/vog.com.tn\/?product=ensemble-femme-306901-vog","url":"https:\/\/vog.com.tn\/?product=ensemble-femme-306901-vog","name":"Ensemble Femme-306901-Vog - Vog Tunisie","isPartOf":{"@id":"https:\/\/vog.com.tn\/#website"},"primaryImageOfPage":{"@id":"https:\/\/vog.com.tn\/?product=ensemble-femme-306901-vog#primaryimage"},"image":{"@id":"https:\/\/vog.com.tn\/?product=ensemble-femme-306901-vog#primaryimage"},"thumbnailUrl":"https:\/\/vog.com.tn\/wp-content\/uploads\/2025\/06\/306901-KAKI-VOG-572x858-1.jpg","datePublished":"2025-06-09T16:21:08+00:00","dateModified":"2026-04-26T11:54:00+00:00","breadcrumb":{"@id":"https:\/\/vog.com.tn\/?product=ensemble-femme-306901-vog#breadcrumb"},"inLanguage":"fr-FR","potentialAction":[{"@type":"ReadAction","target":["https:\/\/vog.com.tn\/?product=ensemble-femme-306901-vog"]}]},{"@type":"ImageObject","inLanguage":"fr-FR","@id":"https:\/\/vog.com.tn\/?product=ensemble-femme-306901-vog#primaryimage","url":"https:\/\/vog.com.tn\/wp-content\/uploads\/2025\/06\/306901-KAKI-VOG-572x858-1.jpg","contentUrl":"https:\/\/vog.com.tn\/wp-content\/uploads\/2025\/06\/306901-KAKI-VOG-572x858-1.jpg","width":572,"height":858},{"@type":"BreadcrumbList","@id":"https:\/\/vog.com.tn\/?product=ensemble-femme-306901-vog#breadcrumb","itemListElement":[{"@type":"ListItem","position":1,"name":"Home","item":"https:\/\/vog.com.tn\/"},{"@type":"ListItem","position":2,"name":"Produits","item":"https:\/\/vog.com.tn\/?page_id=8"},{"@type":"ListItem","position":3,"name":"Ensemble Femme-306901-Vog"}]},{"@type":"WebSite","@id":"https:\/\/vog.com.tn\/#website","url":"https:\/\/vog.com.tn\/","name":"Vog Tunisie","description":"Pr\u00eat-\u00e0-porter","potentialAction":[{"@type":"SearchAction","target":{"@type":"EntryPoint","urlTemplate":"https:\/\/vog.com.tn\/?s={search_term_string}"},"query-input":{"@type":"PropertyValueSpecification","valueRequired":true,"valueName":"search_term_string"}}],"inLanguage":"fr-FR"}]}},"_links":{"self":[{"href":"https:\/\/vog.com.tn\/index.php?rest_route=\/wp\/v2\/product\/93954","targetHints":{"allow":["GET"]}}],"collection":[{"href":"https:\/\/vog.com.tn\/index.php?rest_route=\/wp\/v2\/product"}],"about":[{"href":"https:\/\/vog.com.tn\/index.php?rest_route=\/wp\/v2\/types\/product"}],"wp:featuredmedia":[{"embeddable":true,"href":"https:\/\/vog.com.tn\/index.php?rest_route=\/wp\/v2\/media\/104917"}],"wp:attachment":[{"href":"https:\/\/vog.com.tn\/index.php?rest_route=%2Fwp%2Fv2%2Fmedia&parent=93954"}],"wp:term":[{"taxonomy":"product_brand","embeddable":true,"href":"https:\/\/vog.com.tn\/index.php?rest_route=%2Fwp%2Fv2%2Fproduct_brand&post=93954"},{"taxonomy":"product_cat","embeddable":true,"href":"https:\/\/vog.com.tn\/index.php?rest_route=%2Fwp%2Fv2%2Fproduct_cat&post=93954"},{"taxonomy":"product_tag","embeddable":true,"href":"https:\/\/vog.com.tn\/index.php?rest_route=%2Fwp%2Fv2%2Fproduct_tag&post=93954"}],"curies":[{"name":"wp","href":"https:\/\/api.w.org\/{rel}","templated":true}]}}