{"id":94882,"date":"2025-06-18T11:00:55","date_gmt":"2025-06-18T09:00:55","guid":{"rendered":"https:\/\/vog.com.tn\/?post_type=product&#038;p=94882"},"modified":"2026-05-03T11:51:24","modified_gmt":"2026-05-03T09:51:24","slug":"robe-femme-307309-vog","status":"publish","type":"product","link":"https:\/\/vog.com.tn\/?product=robe-femme-307309-vog","title":{"rendered":"Robe Femme \u2013307309\u2013 VOG"},"content":{"rendered":"<p>Vog met en vente en ligne Robe\u00a0 en Tunisie. Qu\u2019il s\u2019agisse de mod\u00e8les portefeuille ou ajust\u00e9s , nous vous proposons tous les styles, couleurs et imprim\u00e9s pour<strong>\u00a0les robes<\/strong>\u00a0de la saison. Que vous cherchiez une robe chemise classique pour le travail ou une robe en maille pour \u00eatre \u00e0 l\u2019aise le week-end, trouvez la robe id\u00e9ale pour chaque occasion dans notre collection.<\/p>\n","protected":false},"excerpt":{"rendered":"<ul>\n<li><strong data-start=\"327\" data-end=\"349\">Robe longue fluide<\/strong>, coupe \u00e9vas\u00e9e avec finition pliss\u00e9e pour un tomb\u00e9 \u00e9l\u00e9gant et une belle libert\u00e9 de mouvement.<\/li>\n<li><strong data-start=\"559\" data-end=\"576\">Col en V doux<\/strong>\u00a0avec une\u00a0<strong>d\u00e9signe d\u00e9coratifs<\/strong>, ajoutant du charme \u00e0 l\u2019ensemble.<\/li>\n<li><strong data-start=\"765\" data-end=\"788\">Couleur\u00a0<\/strong>\u00a0facile \u00e0 assortir avec tous types d\u2019accessoires.<\/li>\n<li><strong data-start=\"877\" data-end=\"903\">Livraison \u00e0 domicile :<\/strong>\u00a08 TND<\/li>\n<li><strong data-start=\"912\" data-end=\"936\">D\u00e9lai de livraison :<\/strong>\u00a02 \u00e0 3 jours<\/li>\n<li><strong data-start=\"951\" data-end=\"973\">\u00c9change possible :<\/strong>\u00a0Vous ne payez que les frais de livraison pour le second colis<\/li>\n<li><strong data-start=\"1038\" data-end=\"1059\">D\u00e9lai d\u2019\u00e9change :<\/strong>\u00a0maximum 1 jour apr\u00e8s r\u00e9ception<\/li>\n<\/ul>\n","protected":false},"featured_media":105079,"template":"","meta":[],"product_brand":[],"product_cat":[137,360,282,44,71],"product_tag":[],"class_list":{"0":"post-94882","1":"product","2":"type-product","3":"status-publish","4":"has-post-thumbnail","6":"product_cat-mode-femme","7":"product_cat-nouvelle-collection","8":"product_cat-robe-robe-dete","9":"product_cat-robes-femme","10":"product_cat-vetements-femme","11":"pa_couleurs-beige","12":"pa_couleurs-blanc","13":"pa_couleurs-noir","14":"pa_taille-large","15":"pa_taille-moyenne","16":"pa_taille-small","19":"first","20":"instock","21":"taxable","22":"shipping-taxable","23":"purchasable","24":"product-type-variable"},"yoast_head":"<!-- This site is optimized with the Yoast SEO plugin v27.5 - https:\/\/yoast.com\/product\/yoast-seo-wordpress\/ -->\n<title>Robe Femme \u2013307309\u2013 VOG - Vog Tunisie<\/title>\n<meta name=\"robots\" content=\"index, follow, max-snippet:-1, max-image-preview:large, max-video-preview:-1\" \/>\n<link rel=\"canonical\" href=\"https:\/\/vog.com.tn\/?product=robe-femme-307309-vog\" \/>\n<meta property=\"og:locale\" content=\"fr_FR\" \/>\n<meta property=\"og:type\" content=\"article\" \/>\n<meta property=\"og:title\" content=\"Robe Femme \u2013307309\u2013 VOG - Vog Tunisie\" \/>\n<meta property=\"og:description\" content=\"Robe longue fluide, coupe \u00e9vas\u00e9e avec finition pliss\u00e9e pour un tomb\u00e9 \u00e9l\u00e9gant et une belle libert\u00e9 de mouvement.  Col en V doux\u00a0avec une\u00a0d\u00e9signe d\u00e9coratifs, ajoutant du charme \u00e0 l\u2019ensemble.  Couleur\u00a0\u00a0facile \u00e0 assortir avec tous types d\u2019accessoires.  Livraison \u00e0 domicile :\u00a08 TND  D\u00e9lai de livraison :\u00a02 \u00e0 3 jours  \u00c9change possible :\u00a0Vous ne payez que les frais de livraison pour le second colis  D\u00e9lai d\u2019\u00e9change :\u00a0maximum 1 jour apr\u00e8s r\u00e9ception\" \/>\n<meta property=\"og:url\" content=\"https:\/\/vog.com.tn\/?product=robe-femme-307309-vog\" \/>\n<meta property=\"og:site_name\" content=\"Vog Tunisie\" \/>\n<meta property=\"article:modified_time\" content=\"2026-05-03T09:51:24+00:00\" \/>\n<meta property=\"og:image\" content=\"https:\/\/vog.com.tn\/wp-content\/uploads\/2025\/06\/307309-beige-vog-1-scaled.jpg\" \/>\n\t<meta property=\"og:image:width\" content=\"1706\" \/>\n\t<meta property=\"og:image:height\" content=\"2560\" \/>\n\t<meta property=\"og:image:type\" content=\"image\/jpeg\" \/>\n<meta name=\"twitter:card\" content=\"summary_large_image\" \/>\n<meta name=\"twitter:label1\" content=\"Dur\u00e9e de lecture estim\u00e9e\" \/>\n\t<meta name=\"twitter:data1\" content=\"1 minute\" \/>\n<script type=\"application\/ld+json\" class=\"yoast-schema-graph\">{\"@context\":\"https:\\\/\\\/schema.org\",\"@graph\":[{\"@type\":\"WebPage\",\"@id\":\"https:\\\/\\\/vog.com.tn\\\/?product=robe-femme-307309-vog\",\"url\":\"https:\\\/\\\/vog.com.tn\\\/?product=robe-femme-307309-vog\",\"name\":\"Robe Femme \u2013307309\u2013 VOG - Vog Tunisie\",\"isPartOf\":{\"@id\":\"https:\\\/\\\/vog.com.tn\\\/#website\"},\"primaryImageOfPage\":{\"@id\":\"https:\\\/\\\/vog.com.tn\\\/?product=robe-femme-307309-vog#primaryimage\"},\"image\":{\"@id\":\"https:\\\/\\\/vog.com.tn\\\/?product=robe-femme-307309-vog#primaryimage\"},\"thumbnailUrl\":\"https:\\\/\\\/vog.com.tn\\\/wp-content\\\/uploads\\\/2025\\\/06\\\/307309-beige-vog-1-scaled.jpg\",\"datePublished\":\"2025-06-18T09:00:55+00:00\",\"dateModified\":\"2026-05-03T09:51:24+00:00\",\"breadcrumb\":{\"@id\":\"https:\\\/\\\/vog.com.tn\\\/?product=robe-femme-307309-vog#breadcrumb\"},\"inLanguage\":\"fr-FR\",\"potentialAction\":[{\"@type\":\"ReadAction\",\"target\":[\"https:\\\/\\\/vog.com.tn\\\/?product=robe-femme-307309-vog\"]}]},{\"@type\":\"ImageObject\",\"inLanguage\":\"fr-FR\",\"@id\":\"https:\\\/\\\/vog.com.tn\\\/?product=robe-femme-307309-vog#primaryimage\",\"url\":\"https:\\\/\\\/vog.com.tn\\\/wp-content\\\/uploads\\\/2025\\\/06\\\/307309-beige-vog-1-scaled.jpg\",\"contentUrl\":\"https:\\\/\\\/vog.com.tn\\\/wp-content\\\/uploads\\\/2025\\\/06\\\/307309-beige-vog-1-scaled.jpg\",\"width\":1706,\"height\":2560},{\"@type\":\"BreadcrumbList\",\"@id\":\"https:\\\/\\\/vog.com.tn\\\/?product=robe-femme-307309-vog#breadcrumb\",\"itemListElement\":[{\"@type\":\"ListItem\",\"position\":1,\"name\":\"Home\",\"item\":\"https:\\\/\\\/vog.com.tn\\\/\"},{\"@type\":\"ListItem\",\"position\":2,\"name\":\"Produits\",\"item\":\"https:\\\/\\\/vog.com.tn\\\/?page_id=8\"},{\"@type\":\"ListItem\",\"position\":3,\"name\":\"Robe Femme \u2013307309\u2013 VOG\"}]},{\"@type\":\"WebSite\",\"@id\":\"https:\\\/\\\/vog.com.tn\\\/#website\",\"url\":\"https:\\\/\\\/vog.com.tn\\\/\",\"name\":\"Vog Tunisie\",\"description\":\"Pr\u00eat-\u00e0-porter\",\"potentialAction\":[{\"@type\":\"SearchAction\",\"target\":{\"@type\":\"EntryPoint\",\"urlTemplate\":\"https:\\\/\\\/vog.com.tn\\\/?s={search_term_string}\"},\"query-input\":{\"@type\":\"PropertyValueSpecification\",\"valueRequired\":true,\"valueName\":\"search_term_string\"}}],\"inLanguage\":\"fr-FR\"}]}<\/script>\n<!-- \/ Yoast SEO plugin. -->","yoast_head_json":{"title":"Robe Femme \u2013307309\u2013 VOG - Vog Tunisie","robots":{"index":"index","follow":"follow","max-snippet":"max-snippet:-1","max-image-preview":"max-image-preview:large","max-video-preview":"max-video-preview:-1"},"canonical":"https:\/\/vog.com.tn\/?product=robe-femme-307309-vog","og_locale":"fr_FR","og_type":"article","og_title":"Robe Femme \u2013307309\u2013 VOG - Vog Tunisie","og_description":"Robe longue fluide, coupe \u00e9vas\u00e9e avec finition pliss\u00e9e pour un tomb\u00e9 \u00e9l\u00e9gant et une belle libert\u00e9 de mouvement.  Col en V doux\u00a0avec une\u00a0d\u00e9signe d\u00e9coratifs, ajoutant du charme \u00e0 l\u2019ensemble.  Couleur\u00a0\u00a0facile \u00e0 assortir avec tous types d\u2019accessoires.  Livraison \u00e0 domicile :\u00a08 TND  D\u00e9lai de livraison :\u00a02 \u00e0 3 jours  \u00c9change possible :\u00a0Vous ne payez que les frais de livraison pour le second colis  D\u00e9lai d\u2019\u00e9change :\u00a0maximum 1 jour apr\u00e8s r\u00e9ception","og_url":"https:\/\/vog.com.tn\/?product=robe-femme-307309-vog","og_site_name":"Vog Tunisie","article_modified_time":"2026-05-03T09:51:24+00:00","og_image":[{"width":1706,"height":2560,"url":"https:\/\/vog.com.tn\/wp-content\/uploads\/2025\/06\/307309-beige-vog-1-scaled.jpg","type":"image\/jpeg"}],"twitter_card":"summary_large_image","twitter_misc":{"Dur\u00e9e de lecture estim\u00e9e":"1 minute"},"schema":{"@context":"https:\/\/schema.org","@graph":[{"@type":"WebPage","@id":"https:\/\/vog.com.tn\/?product=robe-femme-307309-vog","url":"https:\/\/vog.com.tn\/?product=robe-femme-307309-vog","name":"Robe Femme \u2013307309\u2013 VOG - Vog Tunisie","isPartOf":{"@id":"https:\/\/vog.com.tn\/#website"},"primaryImageOfPage":{"@id":"https:\/\/vog.com.tn\/?product=robe-femme-307309-vog#primaryimage"},"image":{"@id":"https:\/\/vog.com.tn\/?product=robe-femme-307309-vog#primaryimage"},"thumbnailUrl":"https:\/\/vog.com.tn\/wp-content\/uploads\/2025\/06\/307309-beige-vog-1-scaled.jpg","datePublished":"2025-06-18T09:00:55+00:00","dateModified":"2026-05-03T09:51:24+00:00","breadcrumb":{"@id":"https:\/\/vog.com.tn\/?product=robe-femme-307309-vog#breadcrumb"},"inLanguage":"fr-FR","potentialAction":[{"@type":"ReadAction","target":["https:\/\/vog.com.tn\/?product=robe-femme-307309-vog"]}]},{"@type":"ImageObject","inLanguage":"fr-FR","@id":"https:\/\/vog.com.tn\/?product=robe-femme-307309-vog#primaryimage","url":"https:\/\/vog.com.tn\/wp-content\/uploads\/2025\/06\/307309-beige-vog-1-scaled.jpg","contentUrl":"https:\/\/vog.com.tn\/wp-content\/uploads\/2025\/06\/307309-beige-vog-1-scaled.jpg","width":1706,"height":2560},{"@type":"BreadcrumbList","@id":"https:\/\/vog.com.tn\/?product=robe-femme-307309-vog#breadcrumb","itemListElement":[{"@type":"ListItem","position":1,"name":"Home","item":"https:\/\/vog.com.tn\/"},{"@type":"ListItem","position":2,"name":"Produits","item":"https:\/\/vog.com.tn\/?page_id=8"},{"@type":"ListItem","position":3,"name":"Robe Femme \u2013307309\u2013 VOG"}]},{"@type":"WebSite","@id":"https:\/\/vog.com.tn\/#website","url":"https:\/\/vog.com.tn\/","name":"Vog Tunisie","description":"Pr\u00eat-\u00e0-porter","potentialAction":[{"@type":"SearchAction","target":{"@type":"EntryPoint","urlTemplate":"https:\/\/vog.com.tn\/?s={search_term_string}"},"query-input":{"@type":"PropertyValueSpecification","valueRequired":true,"valueName":"search_term_string"}}],"inLanguage":"fr-FR"}]}},"_links":{"self":[{"href":"https:\/\/vog.com.tn\/index.php?rest_route=\/wp\/v2\/product\/94882","targetHints":{"allow":["GET"]}}],"collection":[{"href":"https:\/\/vog.com.tn\/index.php?rest_route=\/wp\/v2\/product"}],"about":[{"href":"https:\/\/vog.com.tn\/index.php?rest_route=\/wp\/v2\/types\/product"}],"wp:featuredmedia":[{"embeddable":true,"href":"https:\/\/vog.com.tn\/index.php?rest_route=\/wp\/v2\/media\/105079"}],"wp:attachment":[{"href":"https:\/\/vog.com.tn\/index.php?rest_route=%2Fwp%2Fv2%2Fmedia&parent=94882"}],"wp:term":[{"taxonomy":"product_brand","embeddable":true,"href":"https:\/\/vog.com.tn\/index.php?rest_route=%2Fwp%2Fv2%2Fproduct_brand&post=94882"},{"taxonomy":"product_cat","embeddable":true,"href":"https:\/\/vog.com.tn\/index.php?rest_route=%2Fwp%2Fv2%2Fproduct_cat&post=94882"},{"taxonomy":"product_tag","embeddable":true,"href":"https:\/\/vog.com.tn\/index.php?rest_route=%2Fwp%2Fv2%2Fproduct_tag&post=94882"}],"curies":[{"name":"wp","href":"https:\/\/api.w.org\/{rel}","templated":true}]}}