{"id":95011,"date":"2025-06-20T10:48:48","date_gmt":"2025-06-20T08:48:48","guid":{"rendered":"https:\/\/vog.com.tn\/?post_type=product&#038;p=95011"},"modified":"2026-05-04T12:11:33","modified_gmt":"2026-05-04T10:11:33","slug":"ensemble-femme-306515-vog","status":"publish","type":"product","link":"https:\/\/vog.com.tn\/?product=ensemble-femme-306515-vog","title":{"rendered":"Ensemble Femme-306515-Vog"},"content":{"rendered":"<p>VOG met en vente en ligne ensemble Femme en Tunisie. Des ensembles confortable pour femme tendances pour accueillir la nouvelle saison d\u2019\u00e9t\u00e9 ! Notre s\u00e9lection comprend des ensembles \u00e9l\u00e9gants.<\/p>\n","protected":false},"excerpt":{"rendered":"<p>Vente en linge ensemble pour femme .<\/p>\n<ul>\n<li>Haut ample sans manches , coupe droite avec un col rond classique, pour un confort optimal tout au long de la journ\u00e9e.<\/li>\n<li>Pantalon fluide et droit, id\u00e9al pour une silhouette allong\u00e9e et une grande libert\u00e9 de mouvement.<\/li>\n<li>Mati\u00e8re douce et confortable, parfaitement adapt\u00e9e \u00e0 un usage quotidien, m\u00eame prolong\u00e9.<\/li>\n<li>Style casual chic, facile \u00e0 accessoiriser pour un look simple ou plus sophistiqu\u00e9 selon l\u2019occasion.<\/li>\n<li>Livraison \u00e0 domicile : 8 TND<\/li>\n<li>D\u00e9lai de livraison : 2 \u00e0 3 jours<\/li>\n<li>\u00c9change possible : vous ne payez que les frais de livraison pour le second colis<\/li>\n<li>D\u00e9lai d\u2019\u00e9change : maximum 1 jour apr\u00e8s r\u00e9ception<\/li>\n<\/ul>\n","protected":false},"featured_media":104724,"template":"","meta":[],"product_brand":[],"product_cat":[239,441,137,360,71],"product_tag":[],"class_list":{"0":"post-95011","1":"product","2":"type-product","3":"status-publish","4":"has-post-thumbnail","6":"product_cat-ensembles","7":"product_cat-ensembles-dete","8":"product_cat-mode-femme","9":"product_cat-nouvelle-collection","10":"product_cat-vetements-femme","11":"pa_couleurs-blanc","12":"pa_couleurs-noir","13":"pa_couleurs-taupe","14":"pa_taille-m-l","15":"pa_taille-s-m","18":"first","19":"instock","20":"taxable","21":"shipping-taxable","22":"purchasable","23":"product-type-variable"},"yoast_head":"<!-- This site is optimized with the Yoast SEO plugin v27.5 - https:\/\/yoast.com\/product\/yoast-seo-wordpress\/ -->\n<title>Ensemble Femme-306515-Vog - Vog Tunisie<\/title>\n<meta name=\"robots\" content=\"index, follow, max-snippet:-1, max-image-preview:large, max-video-preview:-1\" \/>\n<link rel=\"canonical\" href=\"https:\/\/vog.com.tn\/?product=ensemble-femme-306515-vog\" \/>\n<meta property=\"og:locale\" content=\"fr_FR\" \/>\n<meta property=\"og:type\" content=\"article\" \/>\n<meta property=\"og:title\" content=\"Ensemble Femme-306515-Vog - Vog Tunisie\" \/>\n<meta property=\"og:description\" content=\"Vente en linge ensemble pour femme .   Haut ample sans manches , coupe droite avec un col rond classique, pour un confort optimal tout au long de la journ\u00e9e.  Pantalon fluide et droit, id\u00e9al pour une silhouette allong\u00e9e et une grande libert\u00e9 de mouvement.  Mati\u00e8re douce et confortable, parfaitement adapt\u00e9e \u00e0 un usage quotidien, m\u00eame prolong\u00e9.  Style casual chic, facile \u00e0 accessoiriser pour un look simple ou plus sophistiqu\u00e9 selon l\u2019occasion.  Livraison \u00e0 domicile : 8 TND  D\u00e9lai de livraison : 2 \u00e0 3 jours  \u00c9change possible : vous ne payez que les frais de livraison pour le second colis  D\u00e9lai d\u2019\u00e9change : maximum 1 jour apr\u00e8s r\u00e9ception\" \/>\n<meta property=\"og:url\" content=\"https:\/\/vog.com.tn\/?product=ensemble-femme-306515-vog\" \/>\n<meta property=\"og:site_name\" content=\"Vog Tunisie\" \/>\n<meta property=\"article:modified_time\" content=\"2026-05-04T10:11:33+00:00\" \/>\n<meta property=\"og:image\" content=\"https:\/\/vog.com.tn\/wp-content\/uploads\/2025\/06\/306515-TAUPE-VOG-scaled-1.jpg\" \/>\n\t<meta property=\"og:image:width\" content=\"1706\" \/>\n\t<meta property=\"og:image:height\" content=\"2560\" \/>\n\t<meta property=\"og:image:type\" content=\"image\/jpeg\" \/>\n<meta name=\"twitter:card\" content=\"summary_large_image\" \/>\n<meta name=\"twitter:label1\" content=\"Dur\u00e9e de lecture estim\u00e9e\" \/>\n\t<meta name=\"twitter:data1\" content=\"1 minute\" \/>\n<script type=\"application\/ld+json\" class=\"yoast-schema-graph\">{\"@context\":\"https:\\\/\\\/schema.org\",\"@graph\":[{\"@type\":\"WebPage\",\"@id\":\"https:\\\/\\\/vog.com.tn\\\/?product=ensemble-femme-306515-vog\",\"url\":\"https:\\\/\\\/vog.com.tn\\\/?product=ensemble-femme-306515-vog\",\"name\":\"Ensemble Femme-306515-Vog - Vog Tunisie\",\"isPartOf\":{\"@id\":\"https:\\\/\\\/vog.com.tn\\\/#website\"},\"primaryImageOfPage\":{\"@id\":\"https:\\\/\\\/vog.com.tn\\\/?product=ensemble-femme-306515-vog#primaryimage\"},\"image\":{\"@id\":\"https:\\\/\\\/vog.com.tn\\\/?product=ensemble-femme-306515-vog#primaryimage\"},\"thumbnailUrl\":\"https:\\\/\\\/vog.com.tn\\\/wp-content\\\/uploads\\\/2025\\\/06\\\/306515-TAUPE-VOG-scaled-1.jpg\",\"datePublished\":\"2025-06-20T08:48:48+00:00\",\"dateModified\":\"2026-05-04T10:11:33+00:00\",\"breadcrumb\":{\"@id\":\"https:\\\/\\\/vog.com.tn\\\/?product=ensemble-femme-306515-vog#breadcrumb\"},\"inLanguage\":\"fr-FR\",\"potentialAction\":[{\"@type\":\"ReadAction\",\"target\":[\"https:\\\/\\\/vog.com.tn\\\/?product=ensemble-femme-306515-vog\"]}]},{\"@type\":\"ImageObject\",\"inLanguage\":\"fr-FR\",\"@id\":\"https:\\\/\\\/vog.com.tn\\\/?product=ensemble-femme-306515-vog#primaryimage\",\"url\":\"https:\\\/\\\/vog.com.tn\\\/wp-content\\\/uploads\\\/2025\\\/06\\\/306515-TAUPE-VOG-scaled-1.jpg\",\"contentUrl\":\"https:\\\/\\\/vog.com.tn\\\/wp-content\\\/uploads\\\/2025\\\/06\\\/306515-TAUPE-VOG-scaled-1.jpg\",\"width\":1706,\"height\":2560},{\"@type\":\"BreadcrumbList\",\"@id\":\"https:\\\/\\\/vog.com.tn\\\/?product=ensemble-femme-306515-vog#breadcrumb\",\"itemListElement\":[{\"@type\":\"ListItem\",\"position\":1,\"name\":\"Home\",\"item\":\"https:\\\/\\\/vog.com.tn\\\/\"},{\"@type\":\"ListItem\",\"position\":2,\"name\":\"Produits\",\"item\":\"https:\\\/\\\/vog.com.tn\\\/?page_id=8\"},{\"@type\":\"ListItem\",\"position\":3,\"name\":\"Ensemble Femme-306515-Vog\"}]},{\"@type\":\"WebSite\",\"@id\":\"https:\\\/\\\/vog.com.tn\\\/#website\",\"url\":\"https:\\\/\\\/vog.com.tn\\\/\",\"name\":\"Vog Tunisie\",\"description\":\"Pr\u00eat-\u00e0-porter\",\"potentialAction\":[{\"@type\":\"SearchAction\",\"target\":{\"@type\":\"EntryPoint\",\"urlTemplate\":\"https:\\\/\\\/vog.com.tn\\\/?s={search_term_string}\"},\"query-input\":{\"@type\":\"PropertyValueSpecification\",\"valueRequired\":true,\"valueName\":\"search_term_string\"}}],\"inLanguage\":\"fr-FR\"}]}<\/script>\n<!-- \/ Yoast SEO plugin. -->","yoast_head_json":{"title":"Ensemble Femme-306515-Vog - Vog Tunisie","robots":{"index":"index","follow":"follow","max-snippet":"max-snippet:-1","max-image-preview":"max-image-preview:large","max-video-preview":"max-video-preview:-1"},"canonical":"https:\/\/vog.com.tn\/?product=ensemble-femme-306515-vog","og_locale":"fr_FR","og_type":"article","og_title":"Ensemble Femme-306515-Vog - Vog Tunisie","og_description":"Vente en linge ensemble pour femme .   Haut ample sans manches , coupe droite avec un col rond classique, pour un confort optimal tout au long de la journ\u00e9e.  Pantalon fluide et droit, id\u00e9al pour une silhouette allong\u00e9e et une grande libert\u00e9 de mouvement.  Mati\u00e8re douce et confortable, parfaitement adapt\u00e9e \u00e0 un usage quotidien, m\u00eame prolong\u00e9.  Style casual chic, facile \u00e0 accessoiriser pour un look simple ou plus sophistiqu\u00e9 selon l\u2019occasion.  Livraison \u00e0 domicile : 8 TND  D\u00e9lai de livraison : 2 \u00e0 3 jours  \u00c9change possible : vous ne payez que les frais de livraison pour le second colis  D\u00e9lai d\u2019\u00e9change : maximum 1 jour apr\u00e8s r\u00e9ception","og_url":"https:\/\/vog.com.tn\/?product=ensemble-femme-306515-vog","og_site_name":"Vog Tunisie","article_modified_time":"2026-05-04T10:11:33+00:00","og_image":[{"width":1706,"height":2560,"url":"https:\/\/vog.com.tn\/wp-content\/uploads\/2025\/06\/306515-TAUPE-VOG-scaled-1.jpg","type":"image\/jpeg"}],"twitter_card":"summary_large_image","twitter_misc":{"Dur\u00e9e de lecture estim\u00e9e":"1 minute"},"schema":{"@context":"https:\/\/schema.org","@graph":[{"@type":"WebPage","@id":"https:\/\/vog.com.tn\/?product=ensemble-femme-306515-vog","url":"https:\/\/vog.com.tn\/?product=ensemble-femme-306515-vog","name":"Ensemble Femme-306515-Vog - Vog Tunisie","isPartOf":{"@id":"https:\/\/vog.com.tn\/#website"},"primaryImageOfPage":{"@id":"https:\/\/vog.com.tn\/?product=ensemble-femme-306515-vog#primaryimage"},"image":{"@id":"https:\/\/vog.com.tn\/?product=ensemble-femme-306515-vog#primaryimage"},"thumbnailUrl":"https:\/\/vog.com.tn\/wp-content\/uploads\/2025\/06\/306515-TAUPE-VOG-scaled-1.jpg","datePublished":"2025-06-20T08:48:48+00:00","dateModified":"2026-05-04T10:11:33+00:00","breadcrumb":{"@id":"https:\/\/vog.com.tn\/?product=ensemble-femme-306515-vog#breadcrumb"},"inLanguage":"fr-FR","potentialAction":[{"@type":"ReadAction","target":["https:\/\/vog.com.tn\/?product=ensemble-femme-306515-vog"]}]},{"@type":"ImageObject","inLanguage":"fr-FR","@id":"https:\/\/vog.com.tn\/?product=ensemble-femme-306515-vog#primaryimage","url":"https:\/\/vog.com.tn\/wp-content\/uploads\/2025\/06\/306515-TAUPE-VOG-scaled-1.jpg","contentUrl":"https:\/\/vog.com.tn\/wp-content\/uploads\/2025\/06\/306515-TAUPE-VOG-scaled-1.jpg","width":1706,"height":2560},{"@type":"BreadcrumbList","@id":"https:\/\/vog.com.tn\/?product=ensemble-femme-306515-vog#breadcrumb","itemListElement":[{"@type":"ListItem","position":1,"name":"Home","item":"https:\/\/vog.com.tn\/"},{"@type":"ListItem","position":2,"name":"Produits","item":"https:\/\/vog.com.tn\/?page_id=8"},{"@type":"ListItem","position":3,"name":"Ensemble Femme-306515-Vog"}]},{"@type":"WebSite","@id":"https:\/\/vog.com.tn\/#website","url":"https:\/\/vog.com.tn\/","name":"Vog Tunisie","description":"Pr\u00eat-\u00e0-porter","potentialAction":[{"@type":"SearchAction","target":{"@type":"EntryPoint","urlTemplate":"https:\/\/vog.com.tn\/?s={search_term_string}"},"query-input":{"@type":"PropertyValueSpecification","valueRequired":true,"valueName":"search_term_string"}}],"inLanguage":"fr-FR"}]}},"_links":{"self":[{"href":"https:\/\/vog.com.tn\/index.php?rest_route=\/wp\/v2\/product\/95011","targetHints":{"allow":["GET"]}}],"collection":[{"href":"https:\/\/vog.com.tn\/index.php?rest_route=\/wp\/v2\/product"}],"about":[{"href":"https:\/\/vog.com.tn\/index.php?rest_route=\/wp\/v2\/types\/product"}],"wp:featuredmedia":[{"embeddable":true,"href":"https:\/\/vog.com.tn\/index.php?rest_route=\/wp\/v2\/media\/104724"}],"wp:attachment":[{"href":"https:\/\/vog.com.tn\/index.php?rest_route=%2Fwp%2Fv2%2Fmedia&parent=95011"}],"wp:term":[{"taxonomy":"product_brand","embeddable":true,"href":"https:\/\/vog.com.tn\/index.php?rest_route=%2Fwp%2Fv2%2Fproduct_brand&post=95011"},{"taxonomy":"product_cat","embeddable":true,"href":"https:\/\/vog.com.tn\/index.php?rest_route=%2Fwp%2Fv2%2Fproduct_cat&post=95011"},{"taxonomy":"product_tag","embeddable":true,"href":"https:\/\/vog.com.tn\/index.php?rest_route=%2Fwp%2Fv2%2Fproduct_tag&post=95011"}],"curies":[{"name":"wp","href":"https:\/\/api.w.org\/{rel}","templated":true}]}}