{"id":97649,"date":"2025-06-29T17:58:16","date_gmt":"2025-06-29T15:58:16","guid":{"rendered":"https:\/\/vog.com.tn\/?post_type=product&#038;p=97649"},"modified":"2026-04-09T12:12:06","modified_gmt":"2026-04-09T10:12:06","slug":"gilet-femme-307901-vog","status":"publish","type":"product","link":"https:\/\/vog.com.tn\/?product=gilet-femme-307901-vog","title":{"rendered":"Gilet Femme-307901-VOG"},"content":{"rendered":"<p>Ajoutez une touche originale et raffin\u00e9e \u00e0 vos tenues avec nos gilets en denim \u00e0 broderies. L\u00e9gers mais styl\u00e9s, ils sont parfaits pour la mi-saison ou pour superposer sur un t-shirt ou une chemise. Leur coupe ouverte et les d\u00e9tails brod\u00e9s apportent un charme boh\u00e8me et moderne \u00e0 votre look. Adoptez un style chic et d\u00e9contract\u00e9 avec les gilets Vog, l\u2019\u00e9l\u00e9ment mode \u00e0 ne pas manquer cette saison !<\/p>\n","protected":false},"excerpt":{"rendered":"<p>Vente en ligne gilet pour femme.<\/p>\n<ul>\n<li>Fermeture par boutons\u00a0 sur le devant.<\/li>\n<li>Coupe ajust\u00e9e pour un style moderne.<\/li>\n<li>Bords l\u00e9g\u00e8rement effiloch\u00e9s pour un look d\u00e9contract\u00e9.<\/li>\n<li>Id\u00e9al pour compl\u00e9ter un haut basique.<\/li>\n<li>Livraison \u00e0 domicile : 8 TND<\/li>\n<li>\u00a0D\u00e9lai de livraison : 2 \u00e0 3 jours.<\/li>\n<li>\u00a0\u00c9change possible : Vous ne payez que les frais de livraison pour le second colis.<\/li>\n<li>\u00a0D\u00e9lai d\u2019\u00e9change : Maximum 1 jour.<\/li>\n<\/ul>\n","protected":false},"featured_media":104517,"template":"","meta":[],"product_brand":[],"product_cat":[503,397,398,137,360,71],"product_tag":[],"class_list":{"0":"post-97649","1":"product","2":"type-product","3":"status-publish","4":"has-post-thumbnail","6":"product_cat-debardeurs","7":"product_cat-gilet","8":"product_cat-gilet-mode-femme","9":"product_cat-mode-femme","10":"product_cat-nouvelle-collection","11":"product_cat-vetements-femme","12":"pa_couleurs-beige","13":"pa_taille-large","14":"pa_taille-moyenne","15":"pa_taille-small","18":"first","19":"instock","20":"taxable","21":"shipping-taxable","22":"purchasable","23":"product-type-variable"},"yoast_head":"<!-- This site is optimized with the Yoast SEO plugin v27.5 - https:\/\/yoast.com\/product\/yoast-seo-wordpress\/ -->\n<title>Gilet Femme-307901-VOG - Vog Tunisie<\/title>\n<meta name=\"robots\" content=\"index, follow, max-snippet:-1, max-image-preview:large, max-video-preview:-1\" \/>\n<link rel=\"canonical\" href=\"https:\/\/vog.com.tn\/?product=gilet-femme-307901-vog\" \/>\n<meta property=\"og:locale\" content=\"fr_FR\" \/>\n<meta property=\"og:type\" content=\"article\" \/>\n<meta property=\"og:title\" content=\"Gilet Femme-307901-VOG - Vog Tunisie\" \/>\n<meta property=\"og:description\" content=\"Vente en ligne gilet pour femme.   Fermeture par boutons\u00a0 sur le devant.  Coupe ajust\u00e9e pour un style moderne.  Bords l\u00e9g\u00e8rement effiloch\u00e9s pour un look d\u00e9contract\u00e9.  Id\u00e9al pour compl\u00e9ter un haut basique.  Livraison \u00e0 domicile : 8 TND  \u00a0D\u00e9lai de livraison : 2 \u00e0 3 jours.  \u00a0\u00c9change possible : Vous ne payez que les frais de livraison pour le second colis.  \u00a0D\u00e9lai d\u2019\u00e9change : Maximum 1 jour.\" \/>\n<meta property=\"og:url\" content=\"https:\/\/vog.com.tn\/?product=gilet-femme-307901-vog\" \/>\n<meta property=\"og:site_name\" content=\"Vog Tunisie\" \/>\n<meta property=\"article:modified_time\" content=\"2026-04-09T10:12:06+00:00\" \/>\n<meta property=\"og:image\" content=\"https:\/\/vog.com.tn\/wp-content\/uploads\/2025\/06\/307901-beige-3-1.png\" \/>\n\t<meta property=\"og:image:width\" content=\"572\" \/>\n\t<meta property=\"og:image:height\" content=\"800\" \/>\n\t<meta property=\"og:image:type\" content=\"image\/png\" \/>\n<meta name=\"twitter:card\" content=\"summary_large_image\" \/>\n<meta name=\"twitter:label1\" content=\"Dur\u00e9e de lecture estim\u00e9e\" \/>\n\t<meta name=\"twitter:data1\" content=\"1 minute\" \/>\n<script type=\"application\/ld+json\" class=\"yoast-schema-graph\">{\"@context\":\"https:\\\/\\\/schema.org\",\"@graph\":[{\"@type\":\"WebPage\",\"@id\":\"https:\\\/\\\/vog.com.tn\\\/?product=gilet-femme-307901-vog\",\"url\":\"https:\\\/\\\/vog.com.tn\\\/?product=gilet-femme-307901-vog\",\"name\":\"Gilet Femme-307901-VOG - Vog Tunisie\",\"isPartOf\":{\"@id\":\"https:\\\/\\\/vog.com.tn\\\/#website\"},\"primaryImageOfPage\":{\"@id\":\"https:\\\/\\\/vog.com.tn\\\/?product=gilet-femme-307901-vog#primaryimage\"},\"image\":{\"@id\":\"https:\\\/\\\/vog.com.tn\\\/?product=gilet-femme-307901-vog#primaryimage\"},\"thumbnailUrl\":\"https:\\\/\\\/vog.com.tn\\\/wp-content\\\/uploads\\\/2025\\\/06\\\/307901-beige-3-1.png\",\"datePublished\":\"2025-06-29T15:58:16+00:00\",\"dateModified\":\"2026-04-09T10:12:06+00:00\",\"breadcrumb\":{\"@id\":\"https:\\\/\\\/vog.com.tn\\\/?product=gilet-femme-307901-vog#breadcrumb\"},\"inLanguage\":\"fr-FR\",\"potentialAction\":[{\"@type\":\"ReadAction\",\"target\":[\"https:\\\/\\\/vog.com.tn\\\/?product=gilet-femme-307901-vog\"]}]},{\"@type\":\"ImageObject\",\"inLanguage\":\"fr-FR\",\"@id\":\"https:\\\/\\\/vog.com.tn\\\/?product=gilet-femme-307901-vog#primaryimage\",\"url\":\"https:\\\/\\\/vog.com.tn\\\/wp-content\\\/uploads\\\/2025\\\/06\\\/307901-beige-3-1.png\",\"contentUrl\":\"https:\\\/\\\/vog.com.tn\\\/wp-content\\\/uploads\\\/2025\\\/06\\\/307901-beige-3-1.png\",\"width\":572,\"height\":800},{\"@type\":\"BreadcrumbList\",\"@id\":\"https:\\\/\\\/vog.com.tn\\\/?product=gilet-femme-307901-vog#breadcrumb\",\"itemListElement\":[{\"@type\":\"ListItem\",\"position\":1,\"name\":\"Home\",\"item\":\"https:\\\/\\\/vog.com.tn\\\/\"},{\"@type\":\"ListItem\",\"position\":2,\"name\":\"Produits\",\"item\":\"https:\\\/\\\/vog.com.tn\\\/?page_id=8\"},{\"@type\":\"ListItem\",\"position\":3,\"name\":\"Gilet Femme-307901-VOG\"}]},{\"@type\":\"WebSite\",\"@id\":\"https:\\\/\\\/vog.com.tn\\\/#website\",\"url\":\"https:\\\/\\\/vog.com.tn\\\/\",\"name\":\"Vog Tunisie\",\"description\":\"Pr\u00eat-\u00e0-porter\",\"potentialAction\":[{\"@type\":\"SearchAction\",\"target\":{\"@type\":\"EntryPoint\",\"urlTemplate\":\"https:\\\/\\\/vog.com.tn\\\/?s={search_term_string}\"},\"query-input\":{\"@type\":\"PropertyValueSpecification\",\"valueRequired\":true,\"valueName\":\"search_term_string\"}}],\"inLanguage\":\"fr-FR\"}]}<\/script>\n<!-- \/ Yoast SEO plugin. -->","yoast_head_json":{"title":"Gilet Femme-307901-VOG - Vog Tunisie","robots":{"index":"index","follow":"follow","max-snippet":"max-snippet:-1","max-image-preview":"max-image-preview:large","max-video-preview":"max-video-preview:-1"},"canonical":"https:\/\/vog.com.tn\/?product=gilet-femme-307901-vog","og_locale":"fr_FR","og_type":"article","og_title":"Gilet Femme-307901-VOG - Vog Tunisie","og_description":"Vente en ligne gilet pour femme.   Fermeture par boutons\u00a0 sur le devant.  Coupe ajust\u00e9e pour un style moderne.  Bords l\u00e9g\u00e8rement effiloch\u00e9s pour un look d\u00e9contract\u00e9.  Id\u00e9al pour compl\u00e9ter un haut basique.  Livraison \u00e0 domicile : 8 TND  \u00a0D\u00e9lai de livraison : 2 \u00e0 3 jours.  \u00a0\u00c9change possible : Vous ne payez que les frais de livraison pour le second colis.  \u00a0D\u00e9lai d\u2019\u00e9change : Maximum 1 jour.","og_url":"https:\/\/vog.com.tn\/?product=gilet-femme-307901-vog","og_site_name":"Vog Tunisie","article_modified_time":"2026-04-09T10:12:06+00:00","og_image":[{"width":572,"height":800,"url":"https:\/\/vog.com.tn\/wp-content\/uploads\/2025\/06\/307901-beige-3-1.png","type":"image\/png"}],"twitter_card":"summary_large_image","twitter_misc":{"Dur\u00e9e de lecture estim\u00e9e":"1 minute"},"schema":{"@context":"https:\/\/schema.org","@graph":[{"@type":"WebPage","@id":"https:\/\/vog.com.tn\/?product=gilet-femme-307901-vog","url":"https:\/\/vog.com.tn\/?product=gilet-femme-307901-vog","name":"Gilet Femme-307901-VOG - Vog Tunisie","isPartOf":{"@id":"https:\/\/vog.com.tn\/#website"},"primaryImageOfPage":{"@id":"https:\/\/vog.com.tn\/?product=gilet-femme-307901-vog#primaryimage"},"image":{"@id":"https:\/\/vog.com.tn\/?product=gilet-femme-307901-vog#primaryimage"},"thumbnailUrl":"https:\/\/vog.com.tn\/wp-content\/uploads\/2025\/06\/307901-beige-3-1.png","datePublished":"2025-06-29T15:58:16+00:00","dateModified":"2026-04-09T10:12:06+00:00","breadcrumb":{"@id":"https:\/\/vog.com.tn\/?product=gilet-femme-307901-vog#breadcrumb"},"inLanguage":"fr-FR","potentialAction":[{"@type":"ReadAction","target":["https:\/\/vog.com.tn\/?product=gilet-femme-307901-vog"]}]},{"@type":"ImageObject","inLanguage":"fr-FR","@id":"https:\/\/vog.com.tn\/?product=gilet-femme-307901-vog#primaryimage","url":"https:\/\/vog.com.tn\/wp-content\/uploads\/2025\/06\/307901-beige-3-1.png","contentUrl":"https:\/\/vog.com.tn\/wp-content\/uploads\/2025\/06\/307901-beige-3-1.png","width":572,"height":800},{"@type":"BreadcrumbList","@id":"https:\/\/vog.com.tn\/?product=gilet-femme-307901-vog#breadcrumb","itemListElement":[{"@type":"ListItem","position":1,"name":"Home","item":"https:\/\/vog.com.tn\/"},{"@type":"ListItem","position":2,"name":"Produits","item":"https:\/\/vog.com.tn\/?page_id=8"},{"@type":"ListItem","position":3,"name":"Gilet Femme-307901-VOG"}]},{"@type":"WebSite","@id":"https:\/\/vog.com.tn\/#website","url":"https:\/\/vog.com.tn\/","name":"Vog Tunisie","description":"Pr\u00eat-\u00e0-porter","potentialAction":[{"@type":"SearchAction","target":{"@type":"EntryPoint","urlTemplate":"https:\/\/vog.com.tn\/?s={search_term_string}"},"query-input":{"@type":"PropertyValueSpecification","valueRequired":true,"valueName":"search_term_string"}}],"inLanguage":"fr-FR"}]}},"_links":{"self":[{"href":"https:\/\/vog.com.tn\/index.php?rest_route=\/wp\/v2\/product\/97649","targetHints":{"allow":["GET"]}}],"collection":[{"href":"https:\/\/vog.com.tn\/index.php?rest_route=\/wp\/v2\/product"}],"about":[{"href":"https:\/\/vog.com.tn\/index.php?rest_route=\/wp\/v2\/types\/product"}],"wp:featuredmedia":[{"embeddable":true,"href":"https:\/\/vog.com.tn\/index.php?rest_route=\/wp\/v2\/media\/104517"}],"wp:attachment":[{"href":"https:\/\/vog.com.tn\/index.php?rest_route=%2Fwp%2Fv2%2Fmedia&parent=97649"}],"wp:term":[{"taxonomy":"product_brand","embeddable":true,"href":"https:\/\/vog.com.tn\/index.php?rest_route=%2Fwp%2Fv2%2Fproduct_brand&post=97649"},{"taxonomy":"product_cat","embeddable":true,"href":"https:\/\/vog.com.tn\/index.php?rest_route=%2Fwp%2Fv2%2Fproduct_cat&post=97649"},{"taxonomy":"product_tag","embeddable":true,"href":"https:\/\/vog.com.tn\/index.php?rest_route=%2Fwp%2Fv2%2Fproduct_tag&post=97649"}],"curies":[{"name":"wp","href":"https:\/\/api.w.org\/{rel}","templated":true}]}}