{"id":98208,"date":"2025-07-01T12:12:49","date_gmt":"2025-07-01T10:12:49","guid":{"rendered":"https:\/\/vog.com.tn\/?post_type=product&#038;p=98208"},"modified":"2025-10-13T18:01:21","modified_gmt":"2025-10-13T16:01:21","slug":"robe-soiree-310200-vog","status":"publish","type":"product","link":"https:\/\/vog.com.tn\/?product=robe-soiree-310200-vog","title":{"rendered":"Robe Soir\u00e9e \u2013 310200\u2013 VOG"},"content":{"rendered":"<p>Vog met en vente en ligne Robe Soir\u00e9e en Tunisie. Trouver une robe de c\u00e9r\u00e9monie \u00e0 la mesure de l\u2019\u00e9v\u00e9nement auquel on assiste peut parfois relever du v\u00e9ritable casse-t\u00eate. S\u2019il y a un code vestimentaire \u00e0 respecter pour chaque type d\u2019\u00e9v\u00e9nement, certains d\u00e9tails peuvent n\u00e9anmoins apporter leur lot d\u2019interrogations. Faut-il opter pour une robe longue ou cela donne-t-il l\u2019impression d\u2019\u00eatre trop habill\u00e9e ? Porter du blanc \u00e0 un mariage est-il irrespectueux envers la mari\u00e9e ou s\u2019agit-il d\u2019une r\u00e8gle de courtoisie ringarde ? Loin du clich\u00e9 de la robe un tantinet guind\u00e9, la robe de cocktail s\u2019impose alors comme l\u2019alli\u00e9e id\u00e9ale des c\u00e9r\u00e9monies et soir\u00e9es chics de la saison.<\/p>\n","protected":false},"excerpt":{"rendered":"<p>Vente en ligne robe soir\u00e9e.<\/p>\n<ul>\n<li>Robe \u00e9l\u00e9gante avec d\u00e9collet\u00e9 crois\u00e9 et manches fendues.<\/li>\n<li>Ceinture \u00e0 la taille pour une silhouette affin\u00e9e.<\/li>\n<li>Tissu l\u00e9ger et fluide, parfait pour les occasions sp\u00e9ciales.<\/li>\n<li>Style chic et f\u00e9minin.<\/li>\n<li><strong data-start=\"557\" data-end=\"581\">Livraison \u00e0 domicile<\/strong> : 8 TND<\/li>\n<li><strong data-start=\"592\" data-end=\"614\">D\u00e9lai de livraison<\/strong> : 2 \u00e0 3 jours<\/li>\n<li><strong data-start=\"631\" data-end=\"651\">\u00c9change possible<\/strong> : Vous ne payez que les frais de livraison pour le second colis.<\/li>\n<li><strong data-start=\"719\" data-end=\"738\">D\u00e9lai d\u2019\u00e9change<\/strong> : Maximum 1 jour<\/li>\n<\/ul>\n","protected":false},"featured_media":98256,"template":"","meta":[],"product_brand":[],"product_cat":[137,360,283,44,71],"product_tag":[],"class_list":{"0":"post-98208","1":"product","2":"type-product","3":"status-publish","4":"has-post-thumbnail","6":"product_cat-mode-femme","7":"product_cat-nouvelle-collection","8":"product_cat-robe-robe-de-soiree","9":"product_cat-robes-femme","10":"product_cat-vetements-femme","11":"pa_couleurs-blanc","12":"pa_couleurs-bleu-gf","13":"pa_couleurs-noir","14":"pa_couleurs-rose","15":"pa_couleurs-vert-c","16":"pa_taille-xxl","17":"pa_taille-3xl","18":"pa_taille-4xl","19":"pa_taille-xl","22":"first","23":"instock","24":"taxable","25":"shipping-taxable","26":"purchasable","27":"product-type-variable"},"yoast_head":"<!-- This site is optimized with the Yoast SEO plugin v27.5 - https:\/\/yoast.com\/product\/yoast-seo-wordpress\/ -->\n<title>Robe Soir\u00e9e \u2013 310200\u2013 VOG - Vog Tunisie<\/title>\n<meta name=\"robots\" content=\"index, follow, max-snippet:-1, max-image-preview:large, max-video-preview:-1\" \/>\n<link rel=\"canonical\" href=\"https:\/\/vog.com.tn\/?product=robe-soiree-310200-vog\" \/>\n<meta property=\"og:locale\" content=\"fr_FR\" \/>\n<meta property=\"og:type\" content=\"article\" \/>\n<meta property=\"og:title\" content=\"Robe Soir\u00e9e \u2013 310200\u2013 VOG - Vog Tunisie\" \/>\n<meta property=\"og:description\" content=\"Vente en ligne robe soir\u00e9e.   Robe \u00e9l\u00e9gante avec d\u00e9collet\u00e9 crois\u00e9 et manches fendues.  Ceinture \u00e0 la taille pour une silhouette affin\u00e9e.  Tissu l\u00e9ger et fluide, parfait pour les occasions sp\u00e9ciales.  Style chic et f\u00e9minin.  Livraison \u00e0 domicile : 8 TND  D\u00e9lai de livraison : 2 \u00e0 3 jours  \u00c9change possible : Vous ne payez que les frais de livraison pour le second colis.  D\u00e9lai d\u2019\u00e9change : Maximum 1 jour\" \/>\n<meta property=\"og:url\" content=\"https:\/\/vog.com.tn\/?product=robe-soiree-310200-vog\" \/>\n<meta property=\"og:site_name\" content=\"Vog Tunisie\" \/>\n<meta property=\"article:modified_time\" content=\"2025-10-13T16:01:21+00:00\" \/>\n<meta property=\"og:image\" content=\"https:\/\/vog.com.tn\/wp-content\/uploads\/2025\/07\/310200-VERT-C-6-scaled.jpg\" \/>\n\t<meta property=\"og:image:width\" content=\"1707\" \/>\n\t<meta property=\"og:image:height\" content=\"2560\" \/>\n\t<meta property=\"og:image:type\" content=\"image\/jpeg\" \/>\n<meta name=\"twitter:card\" content=\"summary_large_image\" \/>\n<meta name=\"twitter:label1\" content=\"Dur\u00e9e de lecture estim\u00e9e\" \/>\n\t<meta name=\"twitter:data1\" content=\"1 minute\" \/>\n<script type=\"application\/ld+json\" class=\"yoast-schema-graph\">{\"@context\":\"https:\\\/\\\/schema.org\",\"@graph\":[{\"@type\":\"WebPage\",\"@id\":\"https:\\\/\\\/vog.com.tn\\\/?product=robe-soiree-310200-vog\",\"url\":\"https:\\\/\\\/vog.com.tn\\\/?product=robe-soiree-310200-vog\",\"name\":\"Robe Soir\u00e9e \u2013 310200\u2013 VOG - Vog Tunisie\",\"isPartOf\":{\"@id\":\"https:\\\/\\\/vog.com.tn\\\/#website\"},\"primaryImageOfPage\":{\"@id\":\"https:\\\/\\\/vog.com.tn\\\/?product=robe-soiree-310200-vog#primaryimage\"},\"image\":{\"@id\":\"https:\\\/\\\/vog.com.tn\\\/?product=robe-soiree-310200-vog#primaryimage\"},\"thumbnailUrl\":\"https:\\\/\\\/vog.com.tn\\\/wp-content\\\/uploads\\\/2025\\\/07\\\/310200-VERT-C-6-scaled.jpg\",\"datePublished\":\"2025-07-01T10:12:49+00:00\",\"dateModified\":\"2025-10-13T16:01:21+00:00\",\"breadcrumb\":{\"@id\":\"https:\\\/\\\/vog.com.tn\\\/?product=robe-soiree-310200-vog#breadcrumb\"},\"inLanguage\":\"fr-FR\",\"potentialAction\":[{\"@type\":\"ReadAction\",\"target\":[\"https:\\\/\\\/vog.com.tn\\\/?product=robe-soiree-310200-vog\"]}]},{\"@type\":\"ImageObject\",\"inLanguage\":\"fr-FR\",\"@id\":\"https:\\\/\\\/vog.com.tn\\\/?product=robe-soiree-310200-vog#primaryimage\",\"url\":\"https:\\\/\\\/vog.com.tn\\\/wp-content\\\/uploads\\\/2025\\\/07\\\/310200-VERT-C-6-scaled.jpg\",\"contentUrl\":\"https:\\\/\\\/vog.com.tn\\\/wp-content\\\/uploads\\\/2025\\\/07\\\/310200-VERT-C-6-scaled.jpg\",\"width\":1707,\"height\":2560},{\"@type\":\"BreadcrumbList\",\"@id\":\"https:\\\/\\\/vog.com.tn\\\/?product=robe-soiree-310200-vog#breadcrumb\",\"itemListElement\":[{\"@type\":\"ListItem\",\"position\":1,\"name\":\"Home\",\"item\":\"https:\\\/\\\/vog.com.tn\\\/\"},{\"@type\":\"ListItem\",\"position\":2,\"name\":\"Produits\",\"item\":\"https:\\\/\\\/vog.com.tn\\\/?page_id=8\"},{\"@type\":\"ListItem\",\"position\":3,\"name\":\"Robe Soir\u00e9e \u2013 310200\u2013 VOG\"}]},{\"@type\":\"WebSite\",\"@id\":\"https:\\\/\\\/vog.com.tn\\\/#website\",\"url\":\"https:\\\/\\\/vog.com.tn\\\/\",\"name\":\"Vog Tunisie\",\"description\":\"Pr\u00eat-\u00e0-porter\",\"potentialAction\":[{\"@type\":\"SearchAction\",\"target\":{\"@type\":\"EntryPoint\",\"urlTemplate\":\"https:\\\/\\\/vog.com.tn\\\/?s={search_term_string}\"},\"query-input\":{\"@type\":\"PropertyValueSpecification\",\"valueRequired\":true,\"valueName\":\"search_term_string\"}}],\"inLanguage\":\"fr-FR\"}]}<\/script>\n<!-- \/ Yoast SEO plugin. -->","yoast_head_json":{"title":"Robe Soir\u00e9e \u2013 310200\u2013 VOG - Vog Tunisie","robots":{"index":"index","follow":"follow","max-snippet":"max-snippet:-1","max-image-preview":"max-image-preview:large","max-video-preview":"max-video-preview:-1"},"canonical":"https:\/\/vog.com.tn\/?product=robe-soiree-310200-vog","og_locale":"fr_FR","og_type":"article","og_title":"Robe Soir\u00e9e \u2013 310200\u2013 VOG - Vog Tunisie","og_description":"Vente en ligne robe soir\u00e9e.   Robe \u00e9l\u00e9gante avec d\u00e9collet\u00e9 crois\u00e9 et manches fendues.  Ceinture \u00e0 la taille pour une silhouette affin\u00e9e.  Tissu l\u00e9ger et fluide, parfait pour les occasions sp\u00e9ciales.  Style chic et f\u00e9minin.  Livraison \u00e0 domicile : 8 TND  D\u00e9lai de livraison : 2 \u00e0 3 jours  \u00c9change possible : Vous ne payez que les frais de livraison pour le second colis.  D\u00e9lai d\u2019\u00e9change : Maximum 1 jour","og_url":"https:\/\/vog.com.tn\/?product=robe-soiree-310200-vog","og_site_name":"Vog Tunisie","article_modified_time":"2025-10-13T16:01:21+00:00","og_image":[{"width":1707,"height":2560,"url":"https:\/\/vog.com.tn\/wp-content\/uploads\/2025\/07\/310200-VERT-C-6-scaled.jpg","type":"image\/jpeg"}],"twitter_card":"summary_large_image","twitter_misc":{"Dur\u00e9e de lecture estim\u00e9e":"1 minute"},"schema":{"@context":"https:\/\/schema.org","@graph":[{"@type":"WebPage","@id":"https:\/\/vog.com.tn\/?product=robe-soiree-310200-vog","url":"https:\/\/vog.com.tn\/?product=robe-soiree-310200-vog","name":"Robe Soir\u00e9e \u2013 310200\u2013 VOG - Vog Tunisie","isPartOf":{"@id":"https:\/\/vog.com.tn\/#website"},"primaryImageOfPage":{"@id":"https:\/\/vog.com.tn\/?product=robe-soiree-310200-vog#primaryimage"},"image":{"@id":"https:\/\/vog.com.tn\/?product=robe-soiree-310200-vog#primaryimage"},"thumbnailUrl":"https:\/\/vog.com.tn\/wp-content\/uploads\/2025\/07\/310200-VERT-C-6-scaled.jpg","datePublished":"2025-07-01T10:12:49+00:00","dateModified":"2025-10-13T16:01:21+00:00","breadcrumb":{"@id":"https:\/\/vog.com.tn\/?product=robe-soiree-310200-vog#breadcrumb"},"inLanguage":"fr-FR","potentialAction":[{"@type":"ReadAction","target":["https:\/\/vog.com.tn\/?product=robe-soiree-310200-vog"]}]},{"@type":"ImageObject","inLanguage":"fr-FR","@id":"https:\/\/vog.com.tn\/?product=robe-soiree-310200-vog#primaryimage","url":"https:\/\/vog.com.tn\/wp-content\/uploads\/2025\/07\/310200-VERT-C-6-scaled.jpg","contentUrl":"https:\/\/vog.com.tn\/wp-content\/uploads\/2025\/07\/310200-VERT-C-6-scaled.jpg","width":1707,"height":2560},{"@type":"BreadcrumbList","@id":"https:\/\/vog.com.tn\/?product=robe-soiree-310200-vog#breadcrumb","itemListElement":[{"@type":"ListItem","position":1,"name":"Home","item":"https:\/\/vog.com.tn\/"},{"@type":"ListItem","position":2,"name":"Produits","item":"https:\/\/vog.com.tn\/?page_id=8"},{"@type":"ListItem","position":3,"name":"Robe Soir\u00e9e \u2013 310200\u2013 VOG"}]},{"@type":"WebSite","@id":"https:\/\/vog.com.tn\/#website","url":"https:\/\/vog.com.tn\/","name":"Vog Tunisie","description":"Pr\u00eat-\u00e0-porter","potentialAction":[{"@type":"SearchAction","target":{"@type":"EntryPoint","urlTemplate":"https:\/\/vog.com.tn\/?s={search_term_string}"},"query-input":{"@type":"PropertyValueSpecification","valueRequired":true,"valueName":"search_term_string"}}],"inLanguage":"fr-FR"}]}},"_links":{"self":[{"href":"https:\/\/vog.com.tn\/index.php?rest_route=\/wp\/v2\/product\/98208","targetHints":{"allow":["GET"]}}],"collection":[{"href":"https:\/\/vog.com.tn\/index.php?rest_route=\/wp\/v2\/product"}],"about":[{"href":"https:\/\/vog.com.tn\/index.php?rest_route=\/wp\/v2\/types\/product"}],"wp:featuredmedia":[{"embeddable":true,"href":"https:\/\/vog.com.tn\/index.php?rest_route=\/wp\/v2\/media\/98256"}],"wp:attachment":[{"href":"https:\/\/vog.com.tn\/index.php?rest_route=%2Fwp%2Fv2%2Fmedia&parent=98208"}],"wp:term":[{"taxonomy":"product_brand","embeddable":true,"href":"https:\/\/vog.com.tn\/index.php?rest_route=%2Fwp%2Fv2%2Fproduct_brand&post=98208"},{"taxonomy":"product_cat","embeddable":true,"href":"https:\/\/vog.com.tn\/index.php?rest_route=%2Fwp%2Fv2%2Fproduct_cat&post=98208"},{"taxonomy":"product_tag","embeddable":true,"href":"https:\/\/vog.com.tn\/index.php?rest_route=%2Fwp%2Fv2%2Fproduct_tag&post=98208"}],"curies":[{"name":"wp","href":"https:\/\/api.w.org\/{rel}","templated":true}]}}