{"id":99067,"date":"2025-07-04T13:34:38","date_gmt":"2025-07-04T11:34:38","guid":{"rendered":"https:\/\/vog.com.tn\/?post_type=product&#038;p=99067"},"modified":"2026-04-28T12:12:24","modified_gmt":"2026-04-28T10:12:24","slug":"chemise-femme-309135-vog","status":"publish","type":"product","link":"https:\/\/vog.com.tn\/?product=chemise-femme-309135-vog","title":{"rendered":"Chemise Femme \u2013 309135\u2013 VOG"},"content":{"rendered":"<p>V\u00e9ritable pi\u00e8ce ma\u00eetresse dans votre garde-robe, le chemise pour femme est un v\u00eatement f\u00e9minin par excellence. C\u2019est un parfait alli\u00e9 soit pour vos journ\u00e9es de travail ou vos escapades. Laissez-vous tenter par notre chemise avec sa coupe fluide et sa composition l\u00e9g\u00e8re. Rien de mieux pour passer une journ\u00e9e au travail ou pour sortir, vous pouvez l\u2019associer avec des baskets et une paire de jeans ou avec une jupe droite et des escarpins pour un look plus professionnel.<\/p>\n","protected":false},"excerpt":{"rendered":"<p>Vente en ligne Chemise pour femme.<\/p>\n<ul>\n<li data-start=\"131\" data-end=\"569\">Blouse \u00e9l\u00e9gante \u00e0 manches longues avec finition boutonn\u00e9e aux poignets.<\/li>\n<li data-start=\"131\" data-end=\"569\">Coupe crois\u00e9e \u00e0 nouer sur le c\u00f4t\u00e9 pour un effet f\u00e9minin et tendance.<\/li>\n<li data-start=\"131\" data-end=\"569\">D\u00e9collet\u00e9 en V flatteur, parfait pour une silhouette raffin\u00e9e.<\/li>\n<li data-start=\"131\" data-end=\"569\">Tissu fluide et l\u00e9ger, agr\u00e9able \u00e0 porter en toute saison.<\/li>\n<li data-start=\"131\" data-end=\"569\">Manches l\u00e9g\u00e8rement bouffantes pour une touche romantique.<\/li>\n<li data-start=\"131\" data-end=\"569\">Livraison \u00e0 domicile : 8 TND<\/li>\n<li data-start=\"131\" data-end=\"569\">\u00a0D\u00e9lai de livraison : 2 \u00e0 3 jours<\/li>\n<li data-start=\"131\" data-end=\"569\">\u00a0\u00c9change possible : seuls les frais de livraison du second colis sont \u00e0 votre charge<\/li>\n<li data-start=\"131\" data-end=\"569\">D\u00e9lai d\u2019\u00e9change : Maximum 1 jour<\/li>\n<\/ul>\n<p data-start=\"131\" data-end=\"569\">\n","protected":false},"featured_media":115055,"template":"","meta":[],"product_brand":[],"product_cat":[416,137,360],"product_tag":[],"class_list":{"0":"post-99067","1":"product","2":"type-product","3":"status-publish","4":"has-post-thumbnail","6":"product_cat-chemise","7":"product_cat-mode-femme","8":"product_cat-nouvelle-collection","9":"pa_couleurs-beige","10":"pa_couleurs-jaune","11":"pa_taille-large","12":"pa_taille-moyenne","13":"pa_taille-small","16":"first","17":"instock","18":"taxable","19":"shipping-taxable","20":"purchasable","21":"product-type-variable"},"yoast_head":"<!-- This site is optimized with the Yoast SEO plugin v27.5 - https:\/\/yoast.com\/product\/yoast-seo-wordpress\/ -->\n<title>Chemise Femme \u2013 309135\u2013 VOG - Vog Tunisie<\/title>\n<meta name=\"robots\" content=\"index, follow, max-snippet:-1, max-image-preview:large, max-video-preview:-1\" \/>\n<link rel=\"canonical\" href=\"https:\/\/vog.com.tn\/?product=chemise-femme-309135-vog\" \/>\n<meta property=\"og:locale\" content=\"fr_FR\" \/>\n<meta property=\"og:type\" content=\"article\" \/>\n<meta property=\"og:title\" content=\"Chemise Femme \u2013 309135\u2013 VOG - Vog Tunisie\" \/>\n<meta property=\"og:description\" content=\"Vente en ligne Chemise pour femme.   Blouse \u00e9l\u00e9gante \u00e0 manches longues avec finition boutonn\u00e9e aux poignets.  Coupe crois\u00e9e \u00e0 nouer sur le c\u00f4t\u00e9 pour un effet f\u00e9minin et tendance.  D\u00e9collet\u00e9 en V flatteur, parfait pour une silhouette raffin\u00e9e.  Tissu fluide et l\u00e9ger, agr\u00e9able \u00e0 porter en toute saison.  Manches l\u00e9g\u00e8rement bouffantes pour une touche romantique.  Livraison \u00e0 domicile : 8 TND  \u00a0D\u00e9lai de livraison : 2 \u00e0 3 jours  \u00a0\u00c9change possible : seuls les frais de livraison du second colis sont \u00e0 votre charge  D\u00e9lai d\u2019\u00e9change : Maximum 1 jour\" \/>\n<meta property=\"og:url\" content=\"https:\/\/vog.com.tn\/?product=chemise-femme-309135-vog\" \/>\n<meta property=\"og:site_name\" content=\"Vog Tunisie\" \/>\n<meta property=\"article:modified_time\" content=\"2026-04-28T10:12:24+00:00\" \/>\n<meta property=\"og:image\" content=\"https:\/\/vog.com.tn\/wp-content\/uploads\/2025\/07\/309135-jaune-1-scaled.jpg\" \/>\n\t<meta property=\"og:image:width\" content=\"1706\" \/>\n\t<meta property=\"og:image:height\" content=\"2560\" \/>\n\t<meta property=\"og:image:type\" content=\"image\/jpeg\" \/>\n<meta name=\"twitter:card\" content=\"summary_large_image\" \/>\n<meta name=\"twitter:label1\" content=\"Dur\u00e9e de lecture estim\u00e9e\" \/>\n\t<meta name=\"twitter:data1\" content=\"1 minute\" \/>\n<script type=\"application\/ld+json\" class=\"yoast-schema-graph\">{\"@context\":\"https:\\\/\\\/schema.org\",\"@graph\":[{\"@type\":\"WebPage\",\"@id\":\"https:\\\/\\\/vog.com.tn\\\/?product=chemise-femme-309135-vog\",\"url\":\"https:\\\/\\\/vog.com.tn\\\/?product=chemise-femme-309135-vog\",\"name\":\"Chemise Femme \u2013 309135\u2013 VOG - Vog Tunisie\",\"isPartOf\":{\"@id\":\"https:\\\/\\\/vog.com.tn\\\/#website\"},\"primaryImageOfPage\":{\"@id\":\"https:\\\/\\\/vog.com.tn\\\/?product=chemise-femme-309135-vog#primaryimage\"},\"image\":{\"@id\":\"https:\\\/\\\/vog.com.tn\\\/?product=chemise-femme-309135-vog#primaryimage\"},\"thumbnailUrl\":\"https:\\\/\\\/vog.com.tn\\\/wp-content\\\/uploads\\\/2025\\\/07\\\/309135-jaune-1-scaled.jpg\",\"datePublished\":\"2025-07-04T11:34:38+00:00\",\"dateModified\":\"2026-04-28T10:12:24+00:00\",\"breadcrumb\":{\"@id\":\"https:\\\/\\\/vog.com.tn\\\/?product=chemise-femme-309135-vog#breadcrumb\"},\"inLanguage\":\"fr-FR\",\"potentialAction\":[{\"@type\":\"ReadAction\",\"target\":[\"https:\\\/\\\/vog.com.tn\\\/?product=chemise-femme-309135-vog\"]}]},{\"@type\":\"ImageObject\",\"inLanguage\":\"fr-FR\",\"@id\":\"https:\\\/\\\/vog.com.tn\\\/?product=chemise-femme-309135-vog#primaryimage\",\"url\":\"https:\\\/\\\/vog.com.tn\\\/wp-content\\\/uploads\\\/2025\\\/07\\\/309135-jaune-1-scaled.jpg\",\"contentUrl\":\"https:\\\/\\\/vog.com.tn\\\/wp-content\\\/uploads\\\/2025\\\/07\\\/309135-jaune-1-scaled.jpg\",\"width\":1706,\"height\":2560},{\"@type\":\"BreadcrumbList\",\"@id\":\"https:\\\/\\\/vog.com.tn\\\/?product=chemise-femme-309135-vog#breadcrumb\",\"itemListElement\":[{\"@type\":\"ListItem\",\"position\":1,\"name\":\"Home\",\"item\":\"https:\\\/\\\/vog.com.tn\\\/\"},{\"@type\":\"ListItem\",\"position\":2,\"name\":\"Produits\",\"item\":\"https:\\\/\\\/vog.com.tn\\\/?page_id=8\"},{\"@type\":\"ListItem\",\"position\":3,\"name\":\"Chemise Femme \u2013 309135\u2013 VOG\"}]},{\"@type\":\"WebSite\",\"@id\":\"https:\\\/\\\/vog.com.tn\\\/#website\",\"url\":\"https:\\\/\\\/vog.com.tn\\\/\",\"name\":\"Vog Tunisie\",\"description\":\"Pr\u00eat-\u00e0-porter\",\"potentialAction\":[{\"@type\":\"SearchAction\",\"target\":{\"@type\":\"EntryPoint\",\"urlTemplate\":\"https:\\\/\\\/vog.com.tn\\\/?s={search_term_string}\"},\"query-input\":{\"@type\":\"PropertyValueSpecification\",\"valueRequired\":true,\"valueName\":\"search_term_string\"}}],\"inLanguage\":\"fr-FR\"}]}<\/script>\n<!-- \/ Yoast SEO plugin. -->","yoast_head_json":{"title":"Chemise Femme \u2013 309135\u2013 VOG - Vog Tunisie","robots":{"index":"index","follow":"follow","max-snippet":"max-snippet:-1","max-image-preview":"max-image-preview:large","max-video-preview":"max-video-preview:-1"},"canonical":"https:\/\/vog.com.tn\/?product=chemise-femme-309135-vog","og_locale":"fr_FR","og_type":"article","og_title":"Chemise Femme \u2013 309135\u2013 VOG - Vog Tunisie","og_description":"Vente en ligne Chemise pour femme.   Blouse \u00e9l\u00e9gante \u00e0 manches longues avec finition boutonn\u00e9e aux poignets.  Coupe crois\u00e9e \u00e0 nouer sur le c\u00f4t\u00e9 pour un effet f\u00e9minin et tendance.  D\u00e9collet\u00e9 en V flatteur, parfait pour une silhouette raffin\u00e9e.  Tissu fluide et l\u00e9ger, agr\u00e9able \u00e0 porter en toute saison.  Manches l\u00e9g\u00e8rement bouffantes pour une touche romantique.  Livraison \u00e0 domicile : 8 TND  \u00a0D\u00e9lai de livraison : 2 \u00e0 3 jours  \u00a0\u00c9change possible : seuls les frais de livraison du second colis sont \u00e0 votre charge  D\u00e9lai d\u2019\u00e9change : Maximum 1 jour","og_url":"https:\/\/vog.com.tn\/?product=chemise-femme-309135-vog","og_site_name":"Vog Tunisie","article_modified_time":"2026-04-28T10:12:24+00:00","og_image":[{"width":1706,"height":2560,"url":"https:\/\/vog.com.tn\/wp-content\/uploads\/2025\/07\/309135-jaune-1-scaled.jpg","type":"image\/jpeg"}],"twitter_card":"summary_large_image","twitter_misc":{"Dur\u00e9e de lecture estim\u00e9e":"1 minute"},"schema":{"@context":"https:\/\/schema.org","@graph":[{"@type":"WebPage","@id":"https:\/\/vog.com.tn\/?product=chemise-femme-309135-vog","url":"https:\/\/vog.com.tn\/?product=chemise-femme-309135-vog","name":"Chemise Femme \u2013 309135\u2013 VOG - Vog Tunisie","isPartOf":{"@id":"https:\/\/vog.com.tn\/#website"},"primaryImageOfPage":{"@id":"https:\/\/vog.com.tn\/?product=chemise-femme-309135-vog#primaryimage"},"image":{"@id":"https:\/\/vog.com.tn\/?product=chemise-femme-309135-vog#primaryimage"},"thumbnailUrl":"https:\/\/vog.com.tn\/wp-content\/uploads\/2025\/07\/309135-jaune-1-scaled.jpg","datePublished":"2025-07-04T11:34:38+00:00","dateModified":"2026-04-28T10:12:24+00:00","breadcrumb":{"@id":"https:\/\/vog.com.tn\/?product=chemise-femme-309135-vog#breadcrumb"},"inLanguage":"fr-FR","potentialAction":[{"@type":"ReadAction","target":["https:\/\/vog.com.tn\/?product=chemise-femme-309135-vog"]}]},{"@type":"ImageObject","inLanguage":"fr-FR","@id":"https:\/\/vog.com.tn\/?product=chemise-femme-309135-vog#primaryimage","url":"https:\/\/vog.com.tn\/wp-content\/uploads\/2025\/07\/309135-jaune-1-scaled.jpg","contentUrl":"https:\/\/vog.com.tn\/wp-content\/uploads\/2025\/07\/309135-jaune-1-scaled.jpg","width":1706,"height":2560},{"@type":"BreadcrumbList","@id":"https:\/\/vog.com.tn\/?product=chemise-femme-309135-vog#breadcrumb","itemListElement":[{"@type":"ListItem","position":1,"name":"Home","item":"https:\/\/vog.com.tn\/"},{"@type":"ListItem","position":2,"name":"Produits","item":"https:\/\/vog.com.tn\/?page_id=8"},{"@type":"ListItem","position":3,"name":"Chemise Femme \u2013 309135\u2013 VOG"}]},{"@type":"WebSite","@id":"https:\/\/vog.com.tn\/#website","url":"https:\/\/vog.com.tn\/","name":"Vog Tunisie","description":"Pr\u00eat-\u00e0-porter","potentialAction":[{"@type":"SearchAction","target":{"@type":"EntryPoint","urlTemplate":"https:\/\/vog.com.tn\/?s={search_term_string}"},"query-input":{"@type":"PropertyValueSpecification","valueRequired":true,"valueName":"search_term_string"}}],"inLanguage":"fr-FR"}]}},"_links":{"self":[{"href":"https:\/\/vog.com.tn\/index.php?rest_route=\/wp\/v2\/product\/99067","targetHints":{"allow":["GET"]}}],"collection":[{"href":"https:\/\/vog.com.tn\/index.php?rest_route=\/wp\/v2\/product"}],"about":[{"href":"https:\/\/vog.com.tn\/index.php?rest_route=\/wp\/v2\/types\/product"}],"wp:featuredmedia":[{"embeddable":true,"href":"https:\/\/vog.com.tn\/index.php?rest_route=\/wp\/v2\/media\/115055"}],"wp:attachment":[{"href":"https:\/\/vog.com.tn\/index.php?rest_route=%2Fwp%2Fv2%2Fmedia&parent=99067"}],"wp:term":[{"taxonomy":"product_brand","embeddable":true,"href":"https:\/\/vog.com.tn\/index.php?rest_route=%2Fwp%2Fv2%2Fproduct_brand&post=99067"},{"taxonomy":"product_cat","embeddable":true,"href":"https:\/\/vog.com.tn\/index.php?rest_route=%2Fwp%2Fv2%2Fproduct_cat&post=99067"},{"taxonomy":"product_tag","embeddable":true,"href":"https:\/\/vog.com.tn\/index.php?rest_route=%2Fwp%2Fv2%2Fproduct_tag&post=99067"}],"curies":[{"name":"wp","href":"https:\/\/api.w.org\/{rel}","templated":true}]}}