{"id":9962,"date":"2021-04-24T13:49:59","date_gmt":"2021-04-24T11:49:59","guid":{"rendered":"https:\/\/vog.com.tn\/?post_type=product&#038;p=9962"},"modified":"2025-11-19T17:03:50","modified_gmt":"2025-11-19T16:03:50","slug":"espadrille-simili-cuir-noir-122061","status":"publish","type":"product","link":"https:\/\/vog.com.tn\/?product=espadrille-simili-cuir-noir-122061","title":{"rendered":"Espadrille \u2013 Simili cuir &#8211; Beige  &#8211; 122061"},"content":{"rendered":"<p>L&rsquo;espadrille, chaussure pr\u00e9f\u00e9r\u00e9e de l&rsquo;\u00e9t\u00e9, n&rsquo;a pas fini de vous surprendre. Les baskets\/Tennis en toile sont la meilleure option de chaussant pour la mi-saison. Ce mod\u00e8le \u00e0 tendance ethnique-chic, \u00e0 porter avec tous les styles : casual chic, working girl, romantico-champ\u00eatre,&#8230;<\/p>\n","protected":false},"excerpt":{"rendered":"<ul>\n<li>Mod\u00e8le fleurie<\/li>\n<li>Plateforme en cordage tress\u00e9<\/li>\n<li>Renforcement en corde sur le devant<\/li>\n<li>Semelle en gomme<\/li>\n<li>Hauteur de la plateforme : 2.5 cm<\/li>\n<li>Couleur : Beige<\/li>\n<\/ul>\n<hr \/>\n<p><strong><span style=\"color: #ff0000;\"><a style=\"color: #ff0000;\" href=\"https:\/\/vog.com.tn\/?s=122061&amp;post_type=product\" rel=\"noopener\">Voir les autres couleurs<\/a><\/span><\/strong><\/p>\n","protected":false},"featured_media":105042,"template":"","meta":[],"product_brand":[],"product_cat":[96,181,137],"product_tag":[182],"class_list":{"0":"post-9962","1":"product","2":"type-product","3":"status-publish","4":"has-post-thumbnail","6":"product_cat-chaussures-femme","7":"product_cat-espadrilles-femme","8":"product_cat-mode-femme","9":"product_tag-espadrille","10":"pa_couleurs-beige","11":"pa_couleurs-noir","12":"pa_pointure-107","13":"pa_pointure-108","16":"first","17":"instock","18":"purchasable","19":"product-type-variable"},"yoast_head":"<!-- This site is optimized with the Yoast SEO plugin v27.5 - https:\/\/yoast.com\/product\/yoast-seo-wordpress\/ -->\n<title>Espadrille \u2013 Simili cuir - Beige - 122061 - Vog Tunisie<\/title>\n<meta name=\"robots\" content=\"index, follow, max-snippet:-1, max-image-preview:large, max-video-preview:-1\" \/>\n<link rel=\"canonical\" href=\"https:\/\/vog.com.tn\/?product=espadrille-simili-cuir-noir-122061\" \/>\n<meta property=\"og:locale\" content=\"fr_FR\" \/>\n<meta property=\"og:type\" content=\"article\" \/>\n<meta property=\"og:title\" content=\"Espadrille \u2013 Simili cuir - Beige - 122061 - Vog Tunisie\" \/>\n<meta property=\"og:description\" content=\"Mod\u00e8le fleurie  Plateforme en cordage tress\u00e9  Renforcement en corde sur le devant  Semelle en gomme  Hauteur de la plateforme : 2.5 cm  Couleur : Beige     Voir les autres couleurs\" \/>\n<meta property=\"og:url\" content=\"https:\/\/vog.com.tn\/?product=espadrille-simili-cuir-noir-122061\" \/>\n<meta property=\"og:site_name\" content=\"Vog Tunisie\" \/>\n<meta property=\"article:modified_time\" content=\"2025-11-19T16:03:50+00:00\" \/>\n<meta property=\"og:image\" content=\"https:\/\/vog.com.tn\/wp-content\/uploads\/2021\/04\/Espadrille-122061-Beige-1-1.jpg\" \/>\n\t<meta property=\"og:image:width\" content=\"2000\" \/>\n\t<meta property=\"og:image:height\" content=\"2000\" \/>\n\t<meta property=\"og:image:type\" content=\"image\/jpeg\" \/>\n<meta name=\"twitter:card\" content=\"summary_large_image\" \/>\n<meta name=\"twitter:label1\" content=\"Dur\u00e9e de lecture estim\u00e9e\" \/>\n\t<meta name=\"twitter:data1\" content=\"1 minute\" \/>\n<script type=\"application\/ld+json\" class=\"yoast-schema-graph\">{\"@context\":\"https:\\\/\\\/schema.org\",\"@graph\":[{\"@type\":\"WebPage\",\"@id\":\"https:\\\/\\\/vog.com.tn\\\/?product=espadrille-simili-cuir-noir-122061\",\"url\":\"https:\\\/\\\/vog.com.tn\\\/?product=espadrille-simili-cuir-noir-122061\",\"name\":\"Espadrille \u2013 Simili cuir - Beige - 122061 - Vog Tunisie\",\"isPartOf\":{\"@id\":\"https:\\\/\\\/vog.com.tn\\\/#website\"},\"primaryImageOfPage\":{\"@id\":\"https:\\\/\\\/vog.com.tn\\\/?product=espadrille-simili-cuir-noir-122061#primaryimage\"},\"image\":{\"@id\":\"https:\\\/\\\/vog.com.tn\\\/?product=espadrille-simili-cuir-noir-122061#primaryimage\"},\"thumbnailUrl\":\"https:\\\/\\\/vog.com.tn\\\/wp-content\\\/uploads\\\/2021\\\/04\\\/Veste-cuir-115525-Noir-8-1-572x718-1.jpg\",\"datePublished\":\"2021-04-24T11:49:59+00:00\",\"dateModified\":\"2025-11-19T16:03:50+00:00\",\"breadcrumb\":{\"@id\":\"https:\\\/\\\/vog.com.tn\\\/?product=espadrille-simili-cuir-noir-122061#breadcrumb\"},\"inLanguage\":\"fr-FR\",\"potentialAction\":[{\"@type\":\"ReadAction\",\"target\":[\"https:\\\/\\\/vog.com.tn\\\/?product=espadrille-simili-cuir-noir-122061\"]}]},{\"@type\":\"ImageObject\",\"inLanguage\":\"fr-FR\",\"@id\":\"https:\\\/\\\/vog.com.tn\\\/?product=espadrille-simili-cuir-noir-122061#primaryimage\",\"url\":\"https:\\\/\\\/vog.com.tn\\\/wp-content\\\/uploads\\\/2021\\\/04\\\/Veste-cuir-115525-Noir-8-1-572x718-1.jpg\",\"contentUrl\":\"https:\\\/\\\/vog.com.tn\\\/wp-content\\\/uploads\\\/2021\\\/04\\\/Veste-cuir-115525-Noir-8-1-572x718-1.jpg\",\"width\":572,\"height\":718},{\"@type\":\"BreadcrumbList\",\"@id\":\"https:\\\/\\\/vog.com.tn\\\/?product=espadrille-simili-cuir-noir-122061#breadcrumb\",\"itemListElement\":[{\"@type\":\"ListItem\",\"position\":1,\"name\":\"Home\",\"item\":\"https:\\\/\\\/vog.com.tn\\\/\"},{\"@type\":\"ListItem\",\"position\":2,\"name\":\"Produits\",\"item\":\"https:\\\/\\\/vog.com.tn\\\/?page_id=8\"},{\"@type\":\"ListItem\",\"position\":3,\"name\":\"Espadrille \u2013 Simili cuir &#8211; Beige &#8211; 122061\"}]},{\"@type\":\"WebSite\",\"@id\":\"https:\\\/\\\/vog.com.tn\\\/#website\",\"url\":\"https:\\\/\\\/vog.com.tn\\\/\",\"name\":\"Vog Tunisie\",\"description\":\"Pr\u00eat-\u00e0-porter\",\"potentialAction\":[{\"@type\":\"SearchAction\",\"target\":{\"@type\":\"EntryPoint\",\"urlTemplate\":\"https:\\\/\\\/vog.com.tn\\\/?s={search_term_string}\"},\"query-input\":{\"@type\":\"PropertyValueSpecification\",\"valueRequired\":true,\"valueName\":\"search_term_string\"}}],\"inLanguage\":\"fr-FR\"}]}<\/script>\n<!-- \/ Yoast SEO plugin. -->","yoast_head_json":{"title":"Espadrille \u2013 Simili cuir - Beige - 122061 - Vog Tunisie","robots":{"index":"index","follow":"follow","max-snippet":"max-snippet:-1","max-image-preview":"max-image-preview:large","max-video-preview":"max-video-preview:-1"},"canonical":"https:\/\/vog.com.tn\/?product=espadrille-simili-cuir-noir-122061","og_locale":"fr_FR","og_type":"article","og_title":"Espadrille \u2013 Simili cuir - Beige - 122061 - Vog Tunisie","og_description":"Mod\u00e8le fleurie  Plateforme en cordage tress\u00e9  Renforcement en corde sur le devant  Semelle en gomme  Hauteur de la plateforme : 2.5 cm  Couleur : Beige     Voir les autres couleurs","og_url":"https:\/\/vog.com.tn\/?product=espadrille-simili-cuir-noir-122061","og_site_name":"Vog Tunisie","article_modified_time":"2025-11-19T16:03:50+00:00","og_image":[{"width":2000,"height":2000,"url":"https:\/\/vog.com.tn\/wp-content\/uploads\/2021\/04\/Espadrille-122061-Beige-1-1.jpg","type":"image\/jpeg"}],"twitter_card":"summary_large_image","twitter_misc":{"Dur\u00e9e de lecture estim\u00e9e":"1 minute"},"schema":{"@context":"https:\/\/schema.org","@graph":[{"@type":"WebPage","@id":"https:\/\/vog.com.tn\/?product=espadrille-simili-cuir-noir-122061","url":"https:\/\/vog.com.tn\/?product=espadrille-simili-cuir-noir-122061","name":"Espadrille \u2013 Simili cuir - Beige - 122061 - Vog Tunisie","isPartOf":{"@id":"https:\/\/vog.com.tn\/#website"},"primaryImageOfPage":{"@id":"https:\/\/vog.com.tn\/?product=espadrille-simili-cuir-noir-122061#primaryimage"},"image":{"@id":"https:\/\/vog.com.tn\/?product=espadrille-simili-cuir-noir-122061#primaryimage"},"thumbnailUrl":"https:\/\/vog.com.tn\/wp-content\/uploads\/2021\/04\/Veste-cuir-115525-Noir-8-1-572x718-1.jpg","datePublished":"2021-04-24T11:49:59+00:00","dateModified":"2025-11-19T16:03:50+00:00","breadcrumb":{"@id":"https:\/\/vog.com.tn\/?product=espadrille-simili-cuir-noir-122061#breadcrumb"},"inLanguage":"fr-FR","potentialAction":[{"@type":"ReadAction","target":["https:\/\/vog.com.tn\/?product=espadrille-simili-cuir-noir-122061"]}]},{"@type":"ImageObject","inLanguage":"fr-FR","@id":"https:\/\/vog.com.tn\/?product=espadrille-simili-cuir-noir-122061#primaryimage","url":"https:\/\/vog.com.tn\/wp-content\/uploads\/2021\/04\/Veste-cuir-115525-Noir-8-1-572x718-1.jpg","contentUrl":"https:\/\/vog.com.tn\/wp-content\/uploads\/2021\/04\/Veste-cuir-115525-Noir-8-1-572x718-1.jpg","width":572,"height":718},{"@type":"BreadcrumbList","@id":"https:\/\/vog.com.tn\/?product=espadrille-simili-cuir-noir-122061#breadcrumb","itemListElement":[{"@type":"ListItem","position":1,"name":"Home","item":"https:\/\/vog.com.tn\/"},{"@type":"ListItem","position":2,"name":"Produits","item":"https:\/\/vog.com.tn\/?page_id=8"},{"@type":"ListItem","position":3,"name":"Espadrille \u2013 Simili cuir &#8211; Beige &#8211; 122061"}]},{"@type":"WebSite","@id":"https:\/\/vog.com.tn\/#website","url":"https:\/\/vog.com.tn\/","name":"Vog Tunisie","description":"Pr\u00eat-\u00e0-porter","potentialAction":[{"@type":"SearchAction","target":{"@type":"EntryPoint","urlTemplate":"https:\/\/vog.com.tn\/?s={search_term_string}"},"query-input":{"@type":"PropertyValueSpecification","valueRequired":true,"valueName":"search_term_string"}}],"inLanguage":"fr-FR"}]}},"_links":{"self":[{"href":"https:\/\/vog.com.tn\/index.php?rest_route=\/wp\/v2\/product\/9962","targetHints":{"allow":["GET"]}}],"collection":[{"href":"https:\/\/vog.com.tn\/index.php?rest_route=\/wp\/v2\/product"}],"about":[{"href":"https:\/\/vog.com.tn\/index.php?rest_route=\/wp\/v2\/types\/product"}],"wp:featuredmedia":[{"embeddable":true,"href":"https:\/\/vog.com.tn\/index.php?rest_route=\/wp\/v2\/media\/105042"}],"wp:attachment":[{"href":"https:\/\/vog.com.tn\/index.php?rest_route=%2Fwp%2Fv2%2Fmedia&parent=9962"}],"wp:term":[{"taxonomy":"product_brand","embeddable":true,"href":"https:\/\/vog.com.tn\/index.php?rest_route=%2Fwp%2Fv2%2Fproduct_brand&post=9962"},{"taxonomy":"product_cat","embeddable":true,"href":"https:\/\/vog.com.tn\/index.php?rest_route=%2Fwp%2Fv2%2Fproduct_cat&post=9962"},{"taxonomy":"product_tag","embeddable":true,"href":"https:\/\/vog.com.tn\/index.php?rest_route=%2Fwp%2Fv2%2Fproduct_tag&post=9962"}],"curies":[{"name":"wp","href":"https:\/\/api.w.org\/{rel}","templated":true}]}}